{"id":2645,"date":"2015-06-12T09:39:29","date_gmt":"2015-06-12T09:39:29","guid":{"rendered":"https:\/\/www.travel-slovenia.si\/?page_id=2645"},"modified":"2015-08-01T15:43:03","modified_gmt":"2015-08-01T15:43:03","slug":"nove-objave","status":"publish","type":"page","link":"https:\/\/www.travel-slovenia.si\/slo\/nove-objave\/","title":{"rendered":"Prijavite se na na\u0161e nove objave"},"content":{"rendered":"<div class=\"emaillist\" id=\"es_form_f0-n1\"><form action=\"\/slo\/wp-json\/wp\/v2\/pages\/2645#es_form_f0-n1\" method=\"post\" class=\"es_subscription_form es_shortcode_form  es_ajax_subscription_form\" id=\"es_subscription_form_69dea99722b2e\" data-source=\"ig-es\" data-form-id=\"0\"><div class=\"es-field-wrap\"><label>Name<br \/><input type=\"text\" name=\"esfpx_name\" class=\"ig_es_form_field_name\" placeholder=\"\" value=\"\" \/><\/label><\/div><div class=\"es-field-wrap\"><label>Email*<br \/><input class=\"es_required_field es_txt_email ig_es_form_field_email\" type=\"email\" name=\"esfpx_email\" value=\"\" placeholder=\"\" required=\"required\" \/><\/label><\/div><input type=\"hidden\" name=\"esfpx_lists[]\" value=\"ea4923b518a6\" \/><input type=\"hidden\" name=\"esfpx_form_id\" value=\"0\" \/><input type=\"hidden\" name=\"es\" value=\"subscribe\" \/>\n\t\t\t<input type=\"hidden\" name=\"esfpx_es_form_identifier\" value=\"f0-n1\" \/>\n\t\t\t<input type=\"hidden\" name=\"esfpx_es_email_page\" value=\"2645\" \/>\n\t\t\t<input type=\"hidden\" name=\"esfpx_es_email_page_url\" value=\"https:\/\/www.travel-slovenia.si\/slo\/nove-objave\/\" \/>\n\t\t\t<input type=\"hidden\" name=\"esfpx_status\" value=\"Unconfirmed\" \/>\n\t\t\t<input type=\"hidden\" name=\"esfpx_es-subscribe\" id=\"es-subscribe-69dea99722b2e\" value=\"2f1edfa08f\" \/>\n\t\t\t<label style=\"position:absolute;top:-99999px;left:-99999px;z-index:-99;\" aria-hidden=\"true\"><span hidden>Please leave this field empty.<\/span><input type=\"email\" name=\"esfpx_es_hp_email\" class=\"es_required_field\" tabindex=\"-1\" autocomplete=\"-1\" value=\"\" \/><\/label><input type=\"submit\" name=\"submit\" class=\"es_subscription_form_submit es_submit_button es_textbox_button\" id=\"es_subscription_form_submit_69dea99722b2e\" value=\"Subscribe\" \/><span class=\"es_spinner_image\" id=\"spinner-image\"><img decoding=\"async\" src=\"https:\/\/www.travel-slovenia.si\/slo\/wp-content\/plugins\/email-subscribers\/lite\/public\/images\/spinner.gif\" alt=\"Loading\" \/><\/span><\/form><span class=\"es_subscription_message \" id=\"es_subscription_message_69dea99722b2e\" role=\"alert\" aria-live=\"assertive\"><\/span><\/div>\n","protected":false},"excerpt":{"rendered":"","protected":false},"author":111,"featured_media":0,"parent":0,"menu_order":0,"comment_status":"closed","ping_status":"closed","template":"","meta":{"footnotes":""},"class_list":["post-2645","page","type-page","status-publish","hentry"],"yoast_head":"<!-- This site is optimized with the Yoast SEO plugin v25.4 - https:\/\/yoast.com\/wordpress\/plugins\/seo\/ -->\n<title>Prijavite se na na\u0161e nove objave - Travel Slovenia - Sledite lepotam na\u0161e male dr\u017eavice<\/title>\n<meta name=\"robots\" content=\"index, follow, max-snippet:-1, max-image-preview:large, max-video-preview:-1\" \/>\n<link rel=\"canonical\" href=\"https:\/\/www.travel-slovenia.si\/slo\/nove-objave\/\" \/>\n<meta property=\"og:locale\" content=\"sl_SI\" \/>\n<meta property=\"og:type\" content=\"article\" \/>\n<meta property=\"og:title\" content=\"Prijavite se na na\u0161e nove objave - Travel Slovenia - Sledite lepotam na\u0161e male dr\u017eavice\" \/>\n<meta property=\"og:url\" content=\"https:\/\/www.travel-slovenia.si\/slo\/nove-objave\/\" \/>\n<meta property=\"og:site_name\" content=\"Travel Slovenia - Sledite lepotam na\u0161e male dr\u017eavice\" \/>\n<meta property=\"article:modified_time\" content=\"2015-08-01T15:43:03+00:00\" \/>\n<meta name=\"twitter:card\" content=\"summary_large_image\" \/>\n<script type=\"application\/ld+json\" class=\"yoast-schema-graph\">{\"@context\":\"https:\/\/schema.org\",\"@graph\":[{\"@type\":\"WebPage\",\"@id\":\"https:\/\/www.travel-slovenia.si\/slo\/nove-objave\/\",\"url\":\"https:\/\/www.travel-slovenia.si\/slo\/nove-objave\/\",\"name\":\"Prijavite se na na\u0161e nove objave - Travel Slovenia - Sledite lepotam na\u0161e male dr\u017eavice\",\"isPartOf\":{\"@id\":\"https:\/\/www.travel-slovenia.si\/slo\/#website\"},\"datePublished\":\"2015-06-12T09:39:29+00:00\",\"dateModified\":\"2015-08-01T15:43:03+00:00\",\"breadcrumb\":{\"@id\":\"https:\/\/www.travel-slovenia.si\/slo\/nove-objave\/#breadcrumb\"},\"inLanguage\":\"sl-SI\",\"potentialAction\":[{\"@type\":\"ReadAction\",\"target\":[\"https:\/\/www.travel-slovenia.si\/slo\/nove-objave\/\"]}]},{\"@type\":\"BreadcrumbList\",\"@id\":\"https:\/\/www.travel-slovenia.si\/slo\/nove-objave\/#breadcrumb\",\"itemListElement\":[{\"@type\":\"ListItem\",\"position\":1,\"name\":\"Home\",\"item\":\"https:\/\/www.travel-slovenia.si\/slo\/\"},{\"@type\":\"ListItem\",\"position\":2,\"name\":\"Prijavite se na na\u0161e nove objave\"}]},{\"@type\":\"WebSite\",\"@id\":\"https:\/\/www.travel-slovenia.si\/slo\/#website\",\"url\":\"https:\/\/www.travel-slovenia.si\/slo\/\",\"name\":\"Travel Slovenia - Sledite lepotam na\u0161e male dr\u017eavice\",\"description\":\"\",\"potentialAction\":[{\"@type\":\"SearchAction\",\"target\":{\"@type\":\"EntryPoint\",\"urlTemplate\":\"https:\/\/www.travel-slovenia.si\/slo\/?s={search_term_string}\"},\"query-input\":{\"@type\":\"PropertyValueSpecification\",\"valueRequired\":true,\"valueName\":\"search_term_string\"}}],\"inLanguage\":\"sl-SI\"}]}<\/script>\n<!-- \/ Yoast SEO plugin. -->","yoast_head_json":{"title":"Prijavite se na na\u0161e nove objave - Travel Slovenia - Sledite lepotam na\u0161e male dr\u017eavice","robots":{"index":"index","follow":"follow","max-snippet":"max-snippet:-1","max-image-preview":"max-image-preview:large","max-video-preview":"max-video-preview:-1"},"canonical":"https:\/\/www.travel-slovenia.si\/slo\/nove-objave\/","og_locale":"sl_SI","og_type":"article","og_title":"Prijavite se na na\u0161e nove objave - Travel Slovenia - Sledite lepotam na\u0161e male dr\u017eavice","og_url":"https:\/\/www.travel-slovenia.si\/slo\/nove-objave\/","og_site_name":"Travel Slovenia - Sledite lepotam na\u0161e male dr\u017eavice","article_modified_time":"2015-08-01T15:43:03+00:00","twitter_card":"summary_large_image","schema":{"@context":"https:\/\/schema.org","@graph":[{"@type":"WebPage","@id":"https:\/\/www.travel-slovenia.si\/slo\/nove-objave\/","url":"https:\/\/www.travel-slovenia.si\/slo\/nove-objave\/","name":"Prijavite se na na\u0161e nove objave - Travel Slovenia - Sledite lepotam na\u0161e male dr\u017eavice","isPartOf":{"@id":"https:\/\/www.travel-slovenia.si\/slo\/#website"},"datePublished":"2015-06-12T09:39:29+00:00","dateModified":"2015-08-01T15:43:03+00:00","breadcrumb":{"@id":"https:\/\/www.travel-slovenia.si\/slo\/nove-objave\/#breadcrumb"},"inLanguage":"sl-SI","potentialAction":[{"@type":"ReadAction","target":["https:\/\/www.travel-slovenia.si\/slo\/nove-objave\/"]}]},{"@type":"BreadcrumbList","@id":"https:\/\/www.travel-slovenia.si\/slo\/nove-objave\/#breadcrumb","itemListElement":[{"@type":"ListItem","position":1,"name":"Home","item":"https:\/\/www.travel-slovenia.si\/slo\/"},{"@type":"ListItem","position":2,"name":"Prijavite se na na\u0161e nove objave"}]},{"@type":"WebSite","@id":"https:\/\/www.travel-slovenia.si\/slo\/#website","url":"https:\/\/www.travel-slovenia.si\/slo\/","name":"Travel Slovenia - Sledite lepotam na\u0161e male dr\u017eavice","description":"","potentialAction":[{"@type":"SearchAction","target":{"@type":"EntryPoint","urlTemplate":"https:\/\/www.travel-slovenia.si\/slo\/?s={search_term_string}"},"query-input":{"@type":"PropertyValueSpecification","valueRequired":true,"valueName":"search_term_string"}}],"inLanguage":"sl-SI"}]}},"post_mailing_queue_ids":[],"_links":{"self":[{"href":"https:\/\/www.travel-slovenia.si\/slo\/wp-json\/wp\/v2\/pages\/2645","targetHints":{"allow":["GET"]}}],"collection":[{"href":"https:\/\/www.travel-slovenia.si\/slo\/wp-json\/wp\/v2\/pages"}],"about":[{"href":"https:\/\/www.travel-slovenia.si\/slo\/wp-json\/wp\/v2\/types\/page"}],"author":[{"embeddable":true,"href":"https:\/\/www.travel-slovenia.si\/slo\/wp-json\/wp\/v2\/users\/111"}],"replies":[{"embeddable":true,"href":"https:\/\/www.travel-slovenia.si\/slo\/wp-json\/wp\/v2\/comments?post=2645"}],"version-history":[{"count":7,"href":"https:\/\/www.travel-slovenia.si\/slo\/wp-json\/wp\/v2\/pages\/2645\/revisions"}],"predecessor-version":[{"id":3429,"href":"https:\/\/www.travel-slovenia.si\/slo\/wp-json\/wp\/v2\/pages\/2645\/revisions\/3429"}],"wp:attachment":[{"href":"https:\/\/www.travel-slovenia.si\/slo\/wp-json\/wp\/v2\/media?parent=2645"}],"curies":[{"name":"wp","href":"https:\/\/api.w.org\/{rel}","templated":true}]}}