{"id":2211,"date":"2014-10-02T21:33:47","date_gmt":"2014-10-02T21:33:47","guid":{"rendered":"https:\/\/www.travel-slovenia.si\/?page_id=2211"},"modified":"2015-10-31T13:40:37","modified_gmt":"2015-10-31T11:40:37","slug":"gradovi-in-dvorci","status":"publish","type":"page","link":"https:\/\/www.travel-slovenia.si\/slo\/gradovi-in-dvorci\/","title":{"rendered":"Gradovi in dvorci"},"content":{"rendered":"<p style=\"text-align: justify;\">Slovenija ima na ducate gradov, od razli\u010dnih ru\u0161evin do tistih obnovljenih in nekateri od njih so bili spremenjeni v muzeje ali so uporabljeni za druge aktivnosti. Gradovi so bili navadno zgrajeni na vzpetini, ki je nudila lep razlged. Obenem pa se lahko Slovenija pohvali s \u0161tevilnimi dvorci, med katerimi je ve\u010dina iz baro\u010dnega obdobja. Nekateri izmed njih so bili tudi spremenjeni v muzeje ali galerije, ampak so lahko uporabljeni tudi za druge aktivnosti.<\/p>\n<p style=\"text-align: justify;\"><strong><em><img loading=\"lazy\" decoding=\"async\" class=\"alignleft size-full wp-image-4237\" src=\"https:\/\/www.travel-slovenia.si\/slo\/wp-content\/uploads\/2014\/10\/travel-slovenia-gradovi1.jpg\" alt=\"travel-slovenia-gradovi\" width=\"150\" height=\"150\" srcset=\"https:\/\/www.travel-slovenia.si\/slo\/wp-content\/uploads\/2014\/10\/travel-slovenia-gradovi1.jpg 150w, https:\/\/www.travel-slovenia.si\/slo\/wp-content\/uploads\/2014\/10\/travel-slovenia-gradovi1-83x83.jpg 83w, https:\/\/www.travel-slovenia.si\/slo\/wp-content\/uploads\/2014\/10\/travel-slovenia-gradovi1-55x55.jpg 55w, https:\/\/www.travel-slovenia.si\/slo\/wp-content\/uploads\/2014\/10\/travel-slovenia-gradovi1-24x24.jpg 24w, https:\/\/www.travel-slovenia.si\/slo\/wp-content\/uploads\/2014\/10\/travel-slovenia-gradovi1-36x36.jpg 36w, https:\/\/www.travel-slovenia.si\/slo\/wp-content\/uploads\/2014\/10\/travel-slovenia-gradovi1-48x48.jpg 48w\" sizes=\"auto, (max-width: 150px) 100vw, 150px\" \/>Gradovi<br \/>\n<\/em><\/strong>Grad je oblika utrdbe, zna\u010dilna za obdobje srednjega veka. Navadno zgrajeni na strate\u0161ko pomembnem in te\u017eko dostopnem terenu, kot so vzpetine, ob mostovih ali pomembnih poteh. Je utrjeno bivali\u0161\u010de fevdalca, kot prikaz njegove mo\u010di. Mo\u010dno in dobro grajeni gradovi so prestali napade ali upore.\u00a0[<a href=\"https:\/\/www.travel-slovenia.si\/slo\/gradovi\/\">_Obi\u0161\u010dite lokacije_<\/a>]\n<p style=\"text-align: justify;\"><strong><em><img loading=\"lazy\" decoding=\"async\" class=\"alignleft size-full wp-image-4236\" src=\"https:\/\/www.travel-slovenia.si\/slo\/wp-content\/uploads\/2014\/10\/travel-slovenia-dvorci.jpg\" alt=\"travel-slovenia-dvorci\" width=\"150\" height=\"150\" srcset=\"https:\/\/www.travel-slovenia.si\/slo\/wp-content\/uploads\/2014\/10\/travel-slovenia-dvorci.jpg 150w, https:\/\/www.travel-slovenia.si\/slo\/wp-content\/uploads\/2014\/10\/travel-slovenia-dvorci-83x83.jpg 83w, https:\/\/www.travel-slovenia.si\/slo\/wp-content\/uploads\/2014\/10\/travel-slovenia-dvorci-55x55.jpg 55w, https:\/\/www.travel-slovenia.si\/slo\/wp-content\/uploads\/2014\/10\/travel-slovenia-dvorci-24x24.jpg 24w, https:\/\/www.travel-slovenia.si\/slo\/wp-content\/uploads\/2014\/10\/travel-slovenia-dvorci-36x36.jpg 36w, https:\/\/www.travel-slovenia.si\/slo\/wp-content\/uploads\/2014\/10\/travel-slovenia-dvorci-48x48.jpg 48w\" sizes=\"auto, (max-width: 150px) 100vw, 150px\" \/>Dvorci<br \/>\n<\/em><\/strong>Dvorec je poslopje fevdalca, ki je ve\u010dje in razko\u0161neje grajeno, postavljeno na izbrani lokaciji njegovega posestva. Je neutrjena in stanovanjsko udobna zgradba na pode\u017eelju, postavljena na ravnini. Dvorec je ponavadi obdan z vrtovi in parkom ter drugimi objekti, ki skupaj ustvarjajo kompozicijsko celoto. [<a href=\"https:\/\/www.travel-slovenia.si\/slo\/dvorci\/\">_Obi\u0161\u010dite lokacije_<\/a>]\n","protected":false},"excerpt":{"rendered":"<p>Slovenija ima na ducate gradov, od razli\u010dnih ru\u0161evin do tistih obnovljenih in nekateri od njih so bili spremenjeni v muzeje ali so uporabljeni za druge aktivnosti. Gradovi so bili navadno zgrajeni na vzpetini, ki je nudila lep razlged. Obenem pa se lahko Slovenija pohvali s \u0161tevilnimi dvorci, med katerimi je ve\u010dina iz baro\u010dnega obdobja. Nekateri [&hellip;]<\/p>\n","protected":false},"author":111,"featured_media":0,"parent":0,"menu_order":0,"comment_status":"closed","ping_status":"closed","template":"","meta":{"footnotes":""},"class_list":["post-2211","page","type-page","status-publish","hentry"],"yoast_head":"<!-- This site is optimized with the Yoast SEO plugin v25.4 - https:\/\/yoast.com\/wordpress\/plugins\/seo\/ -->\n<title>Gradovi in dvorci : Travel-Slovenia<\/title>\n<meta name=\"description\" content=\"Slovenija ima veliko gradov in dvorcev, od ru\u0161evin do tistih obnovljenih, nekateri so bili spremenjeni v muzeje ali so uporabljeni za druge aktivnosti.\" \/>\n<meta name=\"robots\" content=\"index, follow, max-snippet:-1, max-image-preview:large, max-video-preview:-1\" \/>\n<link rel=\"canonical\" href=\"https:\/\/www.travel-slovenia.si\/slo\/gradovi-in-dvorci\/\" \/>\n<meta property=\"og:locale\" content=\"sl_SI\" \/>\n<meta property=\"og:type\" content=\"article\" \/>\n<meta property=\"og:title\" content=\"Gradovi in dvorci : Travel-Slovenia\" \/>\n<meta property=\"og:description\" content=\"Slovenija ima veliko gradov in dvorcev, od ru\u0161evin do tistih obnovljenih, nekateri so bili spremenjeni v muzeje ali so uporabljeni za druge aktivnosti.\" \/>\n<meta property=\"og:url\" content=\"https:\/\/www.travel-slovenia.si\/slo\/gradovi-in-dvorci\/\" \/>\n<meta property=\"og:site_name\" content=\"Travel Slovenia - Sledite lepotam na\u0161e male dr\u017eavice\" \/>\n<meta property=\"article:modified_time\" content=\"2015-10-31T11:40:37+00:00\" \/>\n<meta name=\"twitter:card\" content=\"summary_large_image\" \/>\n<meta name=\"twitter:title\" content=\"Gradovi in dvorci : Travel-Slovenia\" \/>\n<meta name=\"twitter:description\" content=\"Slovenija ima veliko gradov in dvorcev, od ru\u0161evin do tistih obnovljenih, nekateri so bili spremenjeni v muzeje ali so uporabljeni za druge aktivnosti.\" \/>\n<meta name=\"twitter:image\" content=\"https:\/\/www.travel-slovenia.si\/slo\/wp-content\/uploads\/2014\/10\/travel-slovenia-gradovi-in-dvorci.jpg\" \/>\n<meta name=\"twitter:label1\" content=\"Est. reading time\" \/>\n\t<meta name=\"twitter:data1\" content=\"1 minuta\" \/>\n<script type=\"application\/ld+json\" class=\"yoast-schema-graph\">{\"@context\":\"https:\/\/schema.org\",\"@graph\":[{\"@type\":\"WebPage\",\"@id\":\"https:\/\/www.travel-slovenia.si\/slo\/gradovi-in-dvorci\/\",\"url\":\"https:\/\/www.travel-slovenia.si\/slo\/gradovi-in-dvorci\/\",\"name\":\"Gradovi in dvorci : Travel-Slovenia\",\"isPartOf\":{\"@id\":\"https:\/\/www.travel-slovenia.si\/slo\/#website\"},\"primaryImageOfPage\":{\"@id\":\"https:\/\/www.travel-slovenia.si\/slo\/gradovi-in-dvorci\/#primaryimage\"},\"image\":{\"@id\":\"https:\/\/www.travel-slovenia.si\/slo\/gradovi-in-dvorci\/#primaryimage\"},\"thumbnailUrl\":\"https:\/\/www.travel-slovenia.si\/slo\/wp-content\/uploads\/2014\/10\/travel-slovenia-gradovi1.jpg\",\"datePublished\":\"2014-10-02T21:33:47+00:00\",\"dateModified\":\"2015-10-31T11:40:37+00:00\",\"description\":\"Slovenija ima veliko gradov in dvorcev, od ru\u0161evin do tistih obnovljenih, nekateri so bili spremenjeni v muzeje ali so uporabljeni za druge aktivnosti.\",\"breadcrumb\":{\"@id\":\"https:\/\/www.travel-slovenia.si\/slo\/gradovi-in-dvorci\/#breadcrumb\"},\"inLanguage\":\"sl-SI\",\"potentialAction\":[{\"@type\":\"ReadAction\",\"target\":[\"https:\/\/www.travel-slovenia.si\/slo\/gradovi-in-dvorci\/\"]}]},{\"@type\":\"ImageObject\",\"inLanguage\":\"sl-SI\",\"@id\":\"https:\/\/www.travel-slovenia.si\/slo\/gradovi-in-dvorci\/#primaryimage\",\"url\":\"https:\/\/www.travel-slovenia.si\/slo\/wp-content\/uploads\/2014\/10\/travel-slovenia-gradovi1.jpg\",\"contentUrl\":\"https:\/\/www.travel-slovenia.si\/slo\/wp-content\/uploads\/2014\/10\/travel-slovenia-gradovi1.jpg\",\"width\":150,\"height\":150},{\"@type\":\"BreadcrumbList\",\"@id\":\"https:\/\/www.travel-slovenia.si\/slo\/gradovi-in-dvorci\/#breadcrumb\",\"itemListElement\":[{\"@type\":\"ListItem\",\"position\":1,\"name\":\"Home\",\"item\":\"https:\/\/www.travel-slovenia.si\/slo\/\"},{\"@type\":\"ListItem\",\"position\":2,\"name\":\"Gradovi in dvorci\"}]},{\"@type\":\"WebSite\",\"@id\":\"https:\/\/www.travel-slovenia.si\/slo\/#website\",\"url\":\"https:\/\/www.travel-slovenia.si\/slo\/\",\"name\":\"Travel Slovenia - Sledite lepotam na\u0161e male dr\u017eavice\",\"description\":\"\",\"potentialAction\":[{\"@type\":\"SearchAction\",\"target\":{\"@type\":\"EntryPoint\",\"urlTemplate\":\"https:\/\/www.travel-slovenia.si\/slo\/?s={search_term_string}\"},\"query-input\":{\"@type\":\"PropertyValueSpecification\",\"valueRequired\":true,\"valueName\":\"search_term_string\"}}],\"inLanguage\":\"sl-SI\"}]}<\/script>\n<!-- \/ Yoast SEO plugin. -->","yoast_head_json":{"title":"Gradovi in dvorci : Travel-Slovenia","description":"Slovenija ima veliko gradov in dvorcev, od ru\u0161evin do tistih obnovljenih, nekateri so bili spremenjeni v muzeje ali so uporabljeni za druge aktivnosti.","robots":{"index":"index","follow":"follow","max-snippet":"max-snippet:-1","max-image-preview":"max-image-preview:large","max-video-preview":"max-video-preview:-1"},"canonical":"https:\/\/www.travel-slovenia.si\/slo\/gradovi-in-dvorci\/","og_locale":"sl_SI","og_type":"article","og_title":"Gradovi in dvorci : Travel-Slovenia","og_description":"Slovenija ima veliko gradov in dvorcev, od ru\u0161evin do tistih obnovljenih, nekateri so bili spremenjeni v muzeje ali so uporabljeni za druge aktivnosti.","og_url":"https:\/\/www.travel-slovenia.si\/slo\/gradovi-in-dvorci\/","og_site_name":"Travel Slovenia - Sledite lepotam na\u0161e male dr\u017eavice","article_modified_time":"2015-10-31T11:40:37+00:00","twitter_card":"summary_large_image","twitter_title":"Gradovi in dvorci : Travel-Slovenia","twitter_description":"Slovenija ima veliko gradov in dvorcev, od ru\u0161evin do tistih obnovljenih, nekateri so bili spremenjeni v muzeje ali so uporabljeni za druge aktivnosti.","twitter_image":"https:\/\/www.travel-slovenia.si\/slo\/wp-content\/uploads\/2014\/10\/travel-slovenia-gradovi-in-dvorci.jpg","twitter_misc":{"Est. reading time":"1 minuta"},"schema":{"@context":"https:\/\/schema.org","@graph":[{"@type":"WebPage","@id":"https:\/\/www.travel-slovenia.si\/slo\/gradovi-in-dvorci\/","url":"https:\/\/www.travel-slovenia.si\/slo\/gradovi-in-dvorci\/","name":"Gradovi in dvorci : Travel-Slovenia","isPartOf":{"@id":"https:\/\/www.travel-slovenia.si\/slo\/#website"},"primaryImageOfPage":{"@id":"https:\/\/www.travel-slovenia.si\/slo\/gradovi-in-dvorci\/#primaryimage"},"image":{"@id":"https:\/\/www.travel-slovenia.si\/slo\/gradovi-in-dvorci\/#primaryimage"},"thumbnailUrl":"https:\/\/www.travel-slovenia.si\/slo\/wp-content\/uploads\/2014\/10\/travel-slovenia-gradovi1.jpg","datePublished":"2014-10-02T21:33:47+00:00","dateModified":"2015-10-31T11:40:37+00:00","description":"Slovenija ima veliko gradov in dvorcev, od ru\u0161evin do tistih obnovljenih, nekateri so bili spremenjeni v muzeje ali so uporabljeni za druge aktivnosti.","breadcrumb":{"@id":"https:\/\/www.travel-slovenia.si\/slo\/gradovi-in-dvorci\/#breadcrumb"},"inLanguage":"sl-SI","potentialAction":[{"@type":"ReadAction","target":["https:\/\/www.travel-slovenia.si\/slo\/gradovi-in-dvorci\/"]}]},{"@type":"ImageObject","inLanguage":"sl-SI","@id":"https:\/\/www.travel-slovenia.si\/slo\/gradovi-in-dvorci\/#primaryimage","url":"https:\/\/www.travel-slovenia.si\/slo\/wp-content\/uploads\/2014\/10\/travel-slovenia-gradovi1.jpg","contentUrl":"https:\/\/www.travel-slovenia.si\/slo\/wp-content\/uploads\/2014\/10\/travel-slovenia-gradovi1.jpg","width":150,"height":150},{"@type":"BreadcrumbList","@id":"https:\/\/www.travel-slovenia.si\/slo\/gradovi-in-dvorci\/#breadcrumb","itemListElement":[{"@type":"ListItem","position":1,"name":"Home","item":"https:\/\/www.travel-slovenia.si\/slo\/"},{"@type":"ListItem","position":2,"name":"Gradovi in dvorci"}]},{"@type":"WebSite","@id":"https:\/\/www.travel-slovenia.si\/slo\/#website","url":"https:\/\/www.travel-slovenia.si\/slo\/","name":"Travel Slovenia - Sledite lepotam na\u0161e male dr\u017eavice","description":"","potentialAction":[{"@type":"SearchAction","target":{"@type":"EntryPoint","urlTemplate":"https:\/\/www.travel-slovenia.si\/slo\/?s={search_term_string}"},"query-input":{"@type":"PropertyValueSpecification","valueRequired":true,"valueName":"search_term_string"}}],"inLanguage":"sl-SI"}]}},"post_mailing_queue_ids":[],"_links":{"self":[{"href":"https:\/\/www.travel-slovenia.si\/slo\/wp-json\/wp\/v2\/pages\/2211","targetHints":{"allow":["GET"]}}],"collection":[{"href":"https:\/\/www.travel-slovenia.si\/slo\/wp-json\/wp\/v2\/pages"}],"about":[{"href":"https:\/\/www.travel-slovenia.si\/slo\/wp-json\/wp\/v2\/types\/page"}],"author":[{"embeddable":true,"href":"https:\/\/www.travel-slovenia.si\/slo\/wp-json\/wp\/v2\/users\/111"}],"replies":[{"embeddable":true,"href":"https:\/\/www.travel-slovenia.si\/slo\/wp-json\/wp\/v2\/comments?post=2211"}],"version-history":[{"count":37,"href":"https:\/\/www.travel-slovenia.si\/slo\/wp-json\/wp\/v2\/pages\/2211\/revisions"}],"predecessor-version":[{"id":4238,"href":"https:\/\/www.travel-slovenia.si\/slo\/wp-json\/wp\/v2\/pages\/2211\/revisions\/4238"}],"wp:attachment":[{"href":"https:\/\/www.travel-slovenia.si\/slo\/wp-json\/wp\/v2\/media?parent=2211"}],"curies":[{"name":"wp","href":"https:\/\/api.w.org\/{rel}","templated":true}]}}