{"id":207,"date":"2014-06-10T09:50:06","date_gmt":"2014-06-10T09:50:06","guid":{"rendered":"https:\/\/www.travel-slovenia.si\/?page_id=207"},"modified":"2015-09-16T15:14:14","modified_gmt":"2015-09-16T15:14:14","slug":"krasevec","status":"publish","type":"page","link":"https:\/\/www.travel-slovenia.si\/slo\/slovensko\/krasevec\/","title":{"rendered":"Kra\u0161evec"},"content":{"rendered":"<figure id=\"attachment_3536\" class=\"wp-caption alignleft\" style=\"max-width: 300px\"><img loading=\"lazy\" decoding=\"async\" class=\"size-medium wp-image-3536\" src=\"https:\/\/www.travel-slovenia.si\/slo\/wp-content\/uploads\/2014\/08\/travel-slovenia-kraski-ovcar2-300x211.jpg\" alt=\"Kra\u0161evec v naravi\" width=\"300\" height=\"211\" srcset=\"https:\/\/www.travel-slovenia.si\/slo\/wp-content\/uploads\/2014\/08\/travel-slovenia-kraski-ovcar2-300x211.jpg 300w, https:\/\/www.travel-slovenia.si\/slo\/wp-content\/uploads\/2014\/08\/travel-slovenia-kraski-ovcar2-24x17.jpg 24w, https:\/\/www.travel-slovenia.si\/slo\/wp-content\/uploads\/2014\/08\/travel-slovenia-kraski-ovcar2-36x25.jpg 36w, https:\/\/www.travel-slovenia.si\/slo\/wp-content\/uploads\/2014\/08\/travel-slovenia-kraski-ovcar2-48x34.jpg 48w, https:\/\/www.travel-slovenia.si\/slo\/wp-content\/uploads\/2014\/08\/travel-slovenia-kraski-ovcar2.jpg 600w\" sizes=\"auto, (max-width: 300px) 100vw, 300px\" \/><figcaption class=\"wp-caption-text\">Kra\u0161evec v naravi<\/figcaption><\/figure>\n<p style=\"text-align: justify;\">Slovenska naravna dedi\u0161\u010dina je pes kra\u0161evec. Je najstarej\u0161a slovenska avtohtona pasma psov, ki je bila mednarodno priznana leta 1939. Tisti \u010das je bil poznan pod imenom Ilirski ov\u010dar, ampak od leta 1968 ga imenujemo &#8221;Kra\u0161ki ov\u010dar&#8221;. Pasma je stara \u017ee nekaj stoletij in na obmo\u010dju slovenskega krasa je bila uporaljena kot ov\u010darski pes. Prednike Kra\u0161evca je v 19. Stoletju prvi\u010d omenil mednarodno priznani raziskovalni profesor Strebel, kot povezava med molosom in nem\u0161kim ov\u010darjem.<\/p>\n<h3>IZGLED<\/h3>\n<p style=\"text-align: justify;\">Kra\u0161evec je srednje velik mi\u0161i\u010dast pastoralen pes, z gosto in bogato \u017eelezno-sivo dlako, dolgo pribli\u017eno 10 centimetrov. Imajo prijazen in nekoliko potrt videz. Samice kra\u0161evca so visoke med 54 do 60 centimetri in samci med 57 do 63 centimetri. Dol\u017eina je med 67 do 71 centimetri, te\u017ea se giblje od 35 do 42 kilogramov. Dol\u017eina glave je pribli\u017eno 24 do 26 centimetrov, \u0161irina pa pribli\u017eno 13 centimetrov. Dol\u017eina gobca je od 11 do 12 centimetrov.<\/p>\n<h3 style=\"text-align: justify;\">IZVOR<\/h3>\n<figure id=\"attachment_3537\" class=\"wp-caption alignright\" style=\"max-width: 300px\"><img loading=\"lazy\" decoding=\"async\" class=\"size-medium wp-image-3537\" src=\"https:\/\/www.travel-slovenia.si\/slo\/wp-content\/uploads\/2014\/08\/travel-slovenia-kraski-ovcar3-300x239.jpg\" alt=\"Starej\u0161i kra\u0161evec\" width=\"300\" height=\"239\" srcset=\"https:\/\/www.travel-slovenia.si\/slo\/wp-content\/uploads\/2014\/08\/travel-slovenia-kraski-ovcar3-300x239.jpg 300w, https:\/\/www.travel-slovenia.si\/slo\/wp-content\/uploads\/2014\/08\/travel-slovenia-kraski-ovcar3-24x19.jpg 24w, https:\/\/www.travel-slovenia.si\/slo\/wp-content\/uploads\/2014\/08\/travel-slovenia-kraski-ovcar3-36x29.jpg 36w, https:\/\/www.travel-slovenia.si\/slo\/wp-content\/uploads\/2014\/08\/travel-slovenia-kraski-ovcar3-48x38.jpg 48w, https:\/\/www.travel-slovenia.si\/slo\/wp-content\/uploads\/2014\/08\/travel-slovenia-kraski-ovcar3.jpg 600w\" sizes=\"auto, (max-width: 300px) 100vw, 300px\" \/><figcaption class=\"wp-caption-text\">Starej\u0161i kra\u0161evec<\/figcaption><\/figure>\n<p style=\"text-align: justify;\">Od kje izhajajo predniki kra\u0161evca ni povsem znano. Ena vodilnih teorij je, da se je kra\u0161evec razvil iz pasme Canis molosus, ki pa se je najverjetneje razvila iz Azijskih psov, ki so jih v evropo pripeljali grki. Iz pasme Canis molosus, se je poleg Kra\u0161kega ov\u010darja, razvil tudi jugoslovanski ov\u010dar \u0161arplaninec, gr\u0161ki planinski pes in drugi. Neka druga teorija pravi, da so predniki dana\u0161njega kra\u0161evca pri\u0161li iz Apeninskega polotoka. A v Italiji prevladuje teorija, da je njihov ov\u010darski pes pri\u0161el z vzhoda. Najmanj raziskana teorija pravi, da so Kra\u0161kega ov\u010darja pripeljali slovani izza Urala.<\/p>\n<h3>ZGODOVINA<\/h3>\n<p style=\"text-align: justify;\">Kra\u0161evec je bil opisan \u017ee v knjigi Janeza Vajkarda Valvasorja z naslovom Slava vojvodine Kranjske. Opisan je bil kot mo\u010dan in neustra\u0161en pes, ki so go vzrejali ob reki Pivki. Ta zapis je najbolj trden dokaz, da so kra\u0161evci na na\u0161em ozemlju \u017eiveli \u017ee pred nekaj stoletji. Prvotno so jih imenovali Istrski ov\u010dar, ampak po prvi svetovni vojni je Istra pripadala Italiji, zato so slovenski kinologi pasmo preimenovali v Ilirski ov\u010dar. Po drugi svetovni vojni so ime Ilirski ov\u010dar uporabljali za dve pasmi: \u0161arplaninec in kra\u0161evec. \u010ceprav sta si pasmi podobni, sta danes prepoznani kot lo\u010deni pasmi psov. Po drugi svetovni vojni so slovenski kinologi na\u0161teli le 44 kra\u0161kih ov\u010darjev. Dana\u0161njo pasmo so kinologi priznali leta 1968 pod imenom kra\u0161evec.<\/p>\n<h3>KARAKTER<\/h3>\n<p style=\"text-align: justify;\">Kra\u0161evec je po zna\u010daju pastirski pes, ne ov\u010dar. Zato v Sloveniji uporabljamo ime kra\u0161evec, ampak mednarodni kinologi zanj uporabljajo ime kra\u0161ki ov\u010dar. Kra\u0161evec v celoti izpolnjuje kriterije pastirskega psa. Obna\u0161ajo se prijazno, umirjeno in so zelo navezani na njihovo dru\u017eino. Do tujcev se obna\u0161ajo sumljivo, ampak ko enkrat spoznajo krog rednih obiskovalcev in prijateljev bodo zelo prijazni. Zato, kot primer, le redko lajajo na po\u0161tarja, saj se ga \u010dez \u010das navadijo. Kra\u0161evec ima rad otroke. Je zelo inteligenten in suveren pes, zaradi svoje narave se ne bo nikoli popolnoma podredil \u010dloveku, vendar pa lahko postane zelo poslu\u0161en z dosledno vzgojo.<\/p>\n","protected":false},"excerpt":{"rendered":"<p>Slovenska naravna dedi\u0161\u010dina je pes kra\u0161evec. Je najstarej\u0161a slovenska avtohtona pasma psov, ki je bila mednarodno priznana leta 1939. Tisti \u010das je bil poznan pod imenom Ilirski ov\u010dar, ampak od leta 1968 ga imenujemo &#8221;Kra\u0161ki ov\u010dar&#8221;. Pasma je stara \u017ee nekaj stoletij in na obmo\u010dju slovenskega krasa je bila uporaljena kot ov\u010darski pes. Prednike Kra\u0161evca [&hellip;]<\/p>\n","protected":false},"author":111,"featured_media":0,"parent":10,"menu_order":0,"comment_status":"closed","ping_status":"closed","template":"","meta":{"footnotes":""},"class_list":["post-207","page","type-page","status-publish","hentry"],"yoast_head":"<!-- This site is optimized with the Yoast SEO plugin v25.4 - https:\/\/yoast.com\/wordpress\/plugins\/seo\/ -->\n<title>Kra\u0161evec : Travel-Slovenia<\/title>\n<meta name=\"description\" content=\"Slovenska naravna dedi\u0161\u010dina je pes kra\u0161evec. Je najstarej\u0161a slovenska avtohtona pasma psov, ki je bila mednarodno priznana leta 1939.\" \/>\n<meta name=\"robots\" content=\"index, follow, max-snippet:-1, max-image-preview:large, max-video-preview:-1\" \/>\n<link rel=\"canonical\" href=\"https:\/\/www.travel-slovenia.si\/slo\/slovensko\/krasevec\/\" \/>\n<meta property=\"og:locale\" content=\"sl_SI\" \/>\n<meta property=\"og:type\" content=\"article\" \/>\n<meta property=\"og:title\" content=\"Kra\u0161evec : Travel-Slovenia\" \/>\n<meta property=\"og:description\" content=\"Slovenska naravna dedi\u0161\u010dina je pes kra\u0161evec. Je najstarej\u0161a slovenska avtohtona pasma psov, ki je bila mednarodno priznana leta 1939.\" \/>\n<meta property=\"og:url\" content=\"https:\/\/www.travel-slovenia.si\/slo\/slovensko\/krasevec\/\" \/>\n<meta property=\"og:site_name\" content=\"Travel Slovenia - Sledite lepotam na\u0161e male dr\u017eavice\" \/>\n<meta property=\"article:modified_time\" content=\"2015-09-16T15:14:14+00:00\" \/>\n<meta property=\"og:image\" content=\"https:\/\/www.travel-slovenia.si\/slo\/wp-content\/uploads\/2014\/08\/travel-slovenia-kraski-ovcar2.jpg\" \/>\n\t<meta property=\"og:image:width\" content=\"600\" \/>\n\t<meta property=\"og:image:height\" content=\"422\" \/>\n\t<meta property=\"og:image:type\" content=\"image\/jpeg\" \/>\n<meta name=\"twitter:card\" content=\"summary_large_image\" \/>\n<meta name=\"twitter:title\" content=\"Kra\u0161evec : Travel-Slovenia\" \/>\n<meta name=\"twitter:description\" content=\"Slovenska naravna dedi\u0161\u010dina je pes kra\u0161evec. Je najstarej\u0161a slovenska avtohtona pasma psov, ki je bila mednarodno priznana leta 1939.\" \/>\n<meta name=\"twitter:image\" content=\"https:\/\/www.travel-slovenia.si\/slo\/wp-content\/uploads\/2014\/08\/travel-slovenia-kraski-ovcar2.jpg\" \/>\n<meta name=\"twitter:label1\" content=\"Est. reading time\" \/>\n\t<meta name=\"twitter:data1\" content=\"3 minute\" \/>\n<script type=\"application\/ld+json\" class=\"yoast-schema-graph\">{\"@context\":\"https:\/\/schema.org\",\"@graph\":[{\"@type\":\"WebPage\",\"@id\":\"https:\/\/www.travel-slovenia.si\/slo\/slovensko\/krasevec\/\",\"url\":\"https:\/\/www.travel-slovenia.si\/slo\/slovensko\/krasevec\/\",\"name\":\"Kra\u0161evec : Travel-Slovenia\",\"isPartOf\":{\"@id\":\"https:\/\/www.travel-slovenia.si\/slo\/#website\"},\"primaryImageOfPage\":{\"@id\":\"https:\/\/www.travel-slovenia.si\/slo\/slovensko\/krasevec\/#primaryimage\"},\"image\":{\"@id\":\"https:\/\/www.travel-slovenia.si\/slo\/slovensko\/krasevec\/#primaryimage\"},\"thumbnailUrl\":\"https:\/\/www.travel-slovenia.si\/slo\/wp-content\/uploads\/2014\/08\/travel-slovenia-kraski-ovcar2-300x211.jpg\",\"datePublished\":\"2014-06-10T09:50:06+00:00\",\"dateModified\":\"2015-09-16T15:14:14+00:00\",\"description\":\"Slovenska naravna dedi\u0161\u010dina je pes kra\u0161evec. Je najstarej\u0161a slovenska avtohtona pasma psov, ki je bila mednarodno priznana leta 1939.\",\"breadcrumb\":{\"@id\":\"https:\/\/www.travel-slovenia.si\/slo\/slovensko\/krasevec\/#breadcrumb\"},\"inLanguage\":\"sl-SI\",\"potentialAction\":[{\"@type\":\"ReadAction\",\"target\":[\"https:\/\/www.travel-slovenia.si\/slo\/slovensko\/krasevec\/\"]}]},{\"@type\":\"ImageObject\",\"inLanguage\":\"sl-SI\",\"@id\":\"https:\/\/www.travel-slovenia.si\/slo\/slovensko\/krasevec\/#primaryimage\",\"url\":\"https:\/\/www.travel-slovenia.si\/slo\/wp-content\/uploads\/2014\/08\/travel-slovenia-kraski-ovcar2.jpg\",\"contentUrl\":\"https:\/\/www.travel-slovenia.si\/slo\/wp-content\/uploads\/2014\/08\/travel-slovenia-kraski-ovcar2.jpg\",\"width\":600,\"height\":422,\"caption\":\"Kra\u0161evec v naravi\"},{\"@type\":\"BreadcrumbList\",\"@id\":\"https:\/\/www.travel-slovenia.si\/slo\/slovensko\/krasevec\/#breadcrumb\",\"itemListElement\":[{\"@type\":\"ListItem\",\"position\":1,\"name\":\"Home\",\"item\":\"https:\/\/www.travel-slovenia.si\/slo\/\"},{\"@type\":\"ListItem\",\"position\":2,\"name\":\"SLOVENSKO\",\"item\":\"https:\/\/www.travel-slovenia.si\/slo\/slovensko\/\"},{\"@type\":\"ListItem\",\"position\":3,\"name\":\"Kra\u0161evec\"}]},{\"@type\":\"WebSite\",\"@id\":\"https:\/\/www.travel-slovenia.si\/slo\/#website\",\"url\":\"https:\/\/www.travel-slovenia.si\/slo\/\",\"name\":\"Travel Slovenia - Sledite lepotam na\u0161e male dr\u017eavice\",\"description\":\"\",\"potentialAction\":[{\"@type\":\"SearchAction\",\"target\":{\"@type\":\"EntryPoint\",\"urlTemplate\":\"https:\/\/www.travel-slovenia.si\/slo\/?s={search_term_string}\"},\"query-input\":{\"@type\":\"PropertyValueSpecification\",\"valueRequired\":true,\"valueName\":\"search_term_string\"}}],\"inLanguage\":\"sl-SI\"}]}<\/script>\n<!-- \/ Yoast SEO plugin. -->","yoast_head_json":{"title":"Kra\u0161evec : Travel-Slovenia","description":"Slovenska naravna dedi\u0161\u010dina je pes kra\u0161evec. Je najstarej\u0161a slovenska avtohtona pasma psov, ki je bila mednarodno priznana leta 1939.","robots":{"index":"index","follow":"follow","max-snippet":"max-snippet:-1","max-image-preview":"max-image-preview:large","max-video-preview":"max-video-preview:-1"},"canonical":"https:\/\/www.travel-slovenia.si\/slo\/slovensko\/krasevec\/","og_locale":"sl_SI","og_type":"article","og_title":"Kra\u0161evec : Travel-Slovenia","og_description":"Slovenska naravna dedi\u0161\u010dina je pes kra\u0161evec. Je najstarej\u0161a slovenska avtohtona pasma psov, ki je bila mednarodno priznana leta 1939.","og_url":"https:\/\/www.travel-slovenia.si\/slo\/slovensko\/krasevec\/","og_site_name":"Travel Slovenia - Sledite lepotam na\u0161e male dr\u017eavice","article_modified_time":"2015-09-16T15:14:14+00:00","og_image":[{"width":600,"height":422,"url":"https:\/\/www.travel-slovenia.si\/slo\/wp-content\/uploads\/2014\/08\/travel-slovenia-kraski-ovcar2.jpg","type":"image\/jpeg"}],"twitter_card":"summary_large_image","twitter_title":"Kra\u0161evec : Travel-Slovenia","twitter_description":"Slovenska naravna dedi\u0161\u010dina je pes kra\u0161evec. Je najstarej\u0161a slovenska avtohtona pasma psov, ki je bila mednarodno priznana leta 1939.","twitter_image":"https:\/\/www.travel-slovenia.si\/slo\/wp-content\/uploads\/2014\/08\/travel-slovenia-kraski-ovcar2.jpg","twitter_misc":{"Est. reading time":"3 minute"},"schema":{"@context":"https:\/\/schema.org","@graph":[{"@type":"WebPage","@id":"https:\/\/www.travel-slovenia.si\/slo\/slovensko\/krasevec\/","url":"https:\/\/www.travel-slovenia.si\/slo\/slovensko\/krasevec\/","name":"Kra\u0161evec : Travel-Slovenia","isPartOf":{"@id":"https:\/\/www.travel-slovenia.si\/slo\/#website"},"primaryImageOfPage":{"@id":"https:\/\/www.travel-slovenia.si\/slo\/slovensko\/krasevec\/#primaryimage"},"image":{"@id":"https:\/\/www.travel-slovenia.si\/slo\/slovensko\/krasevec\/#primaryimage"},"thumbnailUrl":"https:\/\/www.travel-slovenia.si\/slo\/wp-content\/uploads\/2014\/08\/travel-slovenia-kraski-ovcar2-300x211.jpg","datePublished":"2014-06-10T09:50:06+00:00","dateModified":"2015-09-16T15:14:14+00:00","description":"Slovenska naravna dedi\u0161\u010dina je pes kra\u0161evec. Je najstarej\u0161a slovenska avtohtona pasma psov, ki je bila mednarodno priznana leta 1939.","breadcrumb":{"@id":"https:\/\/www.travel-slovenia.si\/slo\/slovensko\/krasevec\/#breadcrumb"},"inLanguage":"sl-SI","potentialAction":[{"@type":"ReadAction","target":["https:\/\/www.travel-slovenia.si\/slo\/slovensko\/krasevec\/"]}]},{"@type":"ImageObject","inLanguage":"sl-SI","@id":"https:\/\/www.travel-slovenia.si\/slo\/slovensko\/krasevec\/#primaryimage","url":"https:\/\/www.travel-slovenia.si\/slo\/wp-content\/uploads\/2014\/08\/travel-slovenia-kraski-ovcar2.jpg","contentUrl":"https:\/\/www.travel-slovenia.si\/slo\/wp-content\/uploads\/2014\/08\/travel-slovenia-kraski-ovcar2.jpg","width":600,"height":422,"caption":"Kra\u0161evec v naravi"},{"@type":"BreadcrumbList","@id":"https:\/\/www.travel-slovenia.si\/slo\/slovensko\/krasevec\/#breadcrumb","itemListElement":[{"@type":"ListItem","position":1,"name":"Home","item":"https:\/\/www.travel-slovenia.si\/slo\/"},{"@type":"ListItem","position":2,"name":"SLOVENSKO","item":"https:\/\/www.travel-slovenia.si\/slo\/slovensko\/"},{"@type":"ListItem","position":3,"name":"Kra\u0161evec"}]},{"@type":"WebSite","@id":"https:\/\/www.travel-slovenia.si\/slo\/#website","url":"https:\/\/www.travel-slovenia.si\/slo\/","name":"Travel Slovenia - Sledite lepotam na\u0161e male dr\u017eavice","description":"","potentialAction":[{"@type":"SearchAction","target":{"@type":"EntryPoint","urlTemplate":"https:\/\/www.travel-slovenia.si\/slo\/?s={search_term_string}"},"query-input":{"@type":"PropertyValueSpecification","valueRequired":true,"valueName":"search_term_string"}}],"inLanguage":"sl-SI"}]}},"post_mailing_queue_ids":[],"_links":{"self":[{"href":"https:\/\/www.travel-slovenia.si\/slo\/wp-json\/wp\/v2\/pages\/207","targetHints":{"allow":["GET"]}}],"collection":[{"href":"https:\/\/www.travel-slovenia.si\/slo\/wp-json\/wp\/v2\/pages"}],"about":[{"href":"https:\/\/www.travel-slovenia.si\/slo\/wp-json\/wp\/v2\/types\/page"}],"author":[{"embeddable":true,"href":"https:\/\/www.travel-slovenia.si\/slo\/wp-json\/wp\/v2\/users\/111"}],"replies":[{"embeddable":true,"href":"https:\/\/www.travel-slovenia.si\/slo\/wp-json\/wp\/v2\/comments?post=207"}],"version-history":[{"count":45,"href":"https:\/\/www.travel-slovenia.si\/slo\/wp-json\/wp\/v2\/pages\/207\/revisions"}],"predecessor-version":[{"id":3624,"href":"https:\/\/www.travel-slovenia.si\/slo\/wp-json\/wp\/v2\/pages\/207\/revisions\/3624"}],"up":[{"embeddable":true,"href":"https:\/\/www.travel-slovenia.si\/slo\/wp-json\/wp\/v2\/pages\/10"}],"wp:attachment":[{"href":"https:\/\/www.travel-slovenia.si\/slo\/wp-json\/wp\/v2\/media?parent=207"}],"curies":[{"name":"wp","href":"https:\/\/api.w.org\/{rel}","templated":true}]}}