{"id":2,"date":"2014-05-18T16:50:27","date_gmt":"2014-05-18T16:50:27","guid":{"rendered":"https:\/\/www.travel-slovenia.si\/?page_id=2"},"modified":"2015-09-13T21:20:08","modified_gmt":"2015-09-13T21:20:08","slug":"slovenija","status":"publish","type":"page","link":"https:\/\/www.travel-slovenia.si\/slo\/slovenija\/","title":{"rendered":"SLOVENIJA"},"content":{"rendered":"<p style=\"text-align: justify;\"><strong><img loading=\"lazy\" decoding=\"async\" class=\"alignleft size-medium wp-image-3444\" src=\"https:\/\/www.travel-slovenia.si\/slo\/wp-content\/uploads\/2014\/05\/travel-slovenia-slovenija-300x200.png\" alt=\"travel-slovenia-slovenija\" width=\"300\" height=\"200\" srcset=\"https:\/\/www.travel-slovenia.si\/slo\/wp-content\/uploads\/2014\/05\/travel-slovenia-slovenija-300x200.png 300w, https:\/\/www.travel-slovenia.si\/slo\/wp-content\/uploads\/2014\/05\/travel-slovenia-slovenija-24x16.png 24w, https:\/\/www.travel-slovenia.si\/slo\/wp-content\/uploads\/2014\/05\/travel-slovenia-slovenija-36x24.png 36w, https:\/\/www.travel-slovenia.si\/slo\/wp-content\/uploads\/2014\/05\/travel-slovenia-slovenija-48x32.png 48w, https:\/\/www.travel-slovenia.si\/slo\/wp-content\/uploads\/2014\/05\/travel-slovenia-slovenija.png 600w\" sizes=\"auto, (max-width: 300px) 100vw, 300px\" \/>Republika Slovenija<\/strong> je dr\u017eava v osrednji Evropi. Slovenija meji na Italijo na zahodu (280 km), Mad\u017earsko na severo-vzhodu (102 km), Avstrijo na severu (318 km) in Hrva\u0161ko na jugu in vzhodu (670 km). Ima tudi majhen dele\u017e obale na Jadranskem morju (46,6 km). Pokriva podro\u010dje 20.273 kvadratnih kilometrov in na njenem ozemlju \u017eivi 2.061.085 prebivalcev (po cenzusu z dne 1. januar 2014, kar je 0,1% ve\u010d kot leto poprej). Glavno in najve\u010dje mesto je Ljubljana, katero je ekonomski, kulturni in politi\u010dni center dr\u017eave. Uradni in narodni jezik je sloven\u0161\u010dina, v nekaterih predelih dr\u017eave tudi italijan\u0161\u010dina in mad\u017ear\u0161\u010dina, kjer se nahajajo narodne manj\u0161ine. Najvi\u0161ji vrh Slovenije je Triglav z 2.864 metri.<\/p>\n<p style=\"text-align: justify;\">Slovenija je svojo dr\u017eavnost dobila s Slovenskim plebiscitom o neodvisnosti dne 23. december 1998 in jo ubranila v 10 dnevni vojni za samostojnost, po 25. juniju 1991, ko je razglasila neodvisnost. Po politi\u010dni usmerjenosti ima Slovenija parlamentarno demokracijo.<\/p>\n<h3>GEOGRAFIJA SLOVENIJE<\/h3>\n<p style=\"text-align: justify;\">Geografi\u010dno Slovenija le\u017ei na severno-vzhodni Evropi na sti\u010di\u0161\u010du Alp, Dinarskega gorstva, Panonske planote in Mediterana. Podnebje je me\u0161anica vplivov Alp, mediterana in kontinentalnega podnebja. Polovica njenega podro\u010dja je pokritega z gozdovi, kar zna\u0161a 1.161.812 Ha (v Evropi imata samo Finska in Norve\u0161ka ve\u010d gozdov). Na severo-zahodnem delu dr\u017eave dominirajo Alpe, z najve\u010djim vrhom Triglav (2.864 m). V smeri proti morju se razprostira Kras. Njegov podzemni teren skriva najbolj neverjetne podzemne galerije v Evrope, s skrito lepoto stalaktitov in stalagmitov<\/p>\n<p style=\"text-align: justify;\">V Sloveniji je okoli 11% podro\u010dja naravno za\u0161\u010ditenega z zakonom. Triglavski narodni park zavzema najve\u010dje podro\u010dje, in sicer v velikosti 83.807 Ha. Raznolika geolo\u0161ka struktura, raznolikost terena (od vi\u0161ine morske gladine do vi\u0161ine 2.864 metrov) in dejstvo, da se Slovenija razprostira \u010dez \u0161tiri biogeografi\u010dne regije, so dopustile bogastvo rastlinstva in \u017eivalstva. V Sloveniji raste preko 3000 vrst praproti in cveto\u010dih rastlin ter 50.000 razli\u010dnih \u017eivalskih vrst. V smislu biolo\u0161ke raznolikosti, je Slovenija &#8220;vro\u010da to\u010dka&#8221; Evrope. Ima tudi veliko rastlinskih in \u017eivalskih endemij, od katerih izstopa \u017eivalstvo Kra\u0161kih jam s svetovno znano \u010dlove\u0161ko ribico (Proteus).<\/p>\n<p style=\"text-align: justify;\">Slovenija je tudi de\u017eela voda. Skupna dol\u017eina vodotokov, rek, stalnih in hudourni\u0161kih pritokov je 26.000 km. Po skupni koli\u010dini re\u010dne vode na prebivalca, je Slovenija med najbolj bogatimi Evropskimi dr\u017eavami, in ima skoraj \u0161tirikrat ve\u010d voda kot evropsko povpre\u010dje.<\/p>\n<h3>ADMINISTRATIVNA UREDITEV<\/h3>\n<p style=\"text-align: justify;\">Administrativno je Slovenija deljena na 210 ob\u010din, od katerih jih ima 11 status mestne ob\u010dine:<strong><em> Celje, Koper, Kranj, Ljubljana, Murska Sobota, Nova Gorica, Nove mesto, Ptuj, Slovenj Gradec, Velenje<\/em><\/strong>.<\/p>\n<p style=\"text-align: center;\"><img loading=\"lazy\" decoding=\"async\" class=\"aligncenter size-full wp-image-3441\" src=\"https:\/\/www.travel-slovenia.si\/slo\/wp-content\/uploads\/2014\/05\/travel-slovenia-mestne-ob\u010dine.jpg\" alt=\"travel-slovenia-mestne-ob\u010dine\" width=\"600\" height=\"411\" srcset=\"https:\/\/www.travel-slovenia.si\/slo\/wp-content\/uploads\/2014\/05\/travel-slovenia-mestne-ob\u010dine.jpg 600w, https:\/\/www.travel-slovenia.si\/slo\/wp-content\/uploads\/2014\/05\/travel-slovenia-mestne-ob\u010dine-300x206.jpg 300w, https:\/\/www.travel-slovenia.si\/slo\/wp-content\/uploads\/2014\/05\/travel-slovenia-mestne-ob\u010dine-24x16.jpg 24w, https:\/\/www.travel-slovenia.si\/slo\/wp-content\/uploads\/2014\/05\/travel-slovenia-mestne-ob\u010dine-36x25.jpg 36w, https:\/\/www.travel-slovenia.si\/slo\/wp-content\/uploads\/2014\/05\/travel-slovenia-mestne-ob\u010dine-48x33.jpg 48w\" sizes=\"auto, (max-width: 600px) 100vw, 600px\" \/><\/p>\n<p style=\"text-align: justify;\">Poleg delitve na pokrajine, obstaja \u0161e 12 razli\u010dnih regij: <em><strong>Centralno-Slovenska regija, Obalno-kra\u0161ka regija, Dravska regija, Gorenjska regija, Gori\u0161ka regija, Koro\u0161ka regija, Notranjsko-kra\u0161ka regija, Pomurska regija, Savinjska regija, Ju\u017eno-vzhodna Slovenija, Spodnjeposavska regija, Zasavska regija<\/strong><\/em>.<\/p>\n<p style=\"text-align: center;\"><img loading=\"lazy\" decoding=\"async\" class=\"aligncenter size-full wp-image-3586\" src=\"https:\/\/www.travel-slovenia.si\/slo\/wp-content\/uploads\/2014\/05\/travel-slovenia-regije.jpg\" alt=\"travel-slovenia-regije\" width=\"600\" height=\"411\" srcset=\"https:\/\/www.travel-slovenia.si\/slo\/wp-content\/uploads\/2014\/05\/travel-slovenia-regije.jpg 600w, https:\/\/www.travel-slovenia.si\/slo\/wp-content\/uploads\/2014\/05\/travel-slovenia-regije-300x206.jpg 300w, https:\/\/www.travel-slovenia.si\/slo\/wp-content\/uploads\/2014\/05\/travel-slovenia-regije-24x16.jpg 24w, https:\/\/www.travel-slovenia.si\/slo\/wp-content\/uploads\/2014\/05\/travel-slovenia-regije-36x25.jpg 36w, https:\/\/www.travel-slovenia.si\/slo\/wp-content\/uploads\/2014\/05\/travel-slovenia-regije-48x33.jpg 48w\" sizes=\"auto, (max-width: 600px) 100vw, 600px\" \/><\/p>\n<h3>NEKAJ DEJSTEV O SLOVENIJI<\/h3>\n<p><em><strong>&#8211; Glavno mesto:<\/strong> Ljubljana<\/em><br \/>\n<em><strong>&#8211; Himna:<\/strong> 7 kitica Zdravljice (napisal jo je France Pre\u0161eren)<\/em><br \/>\n<em><strong>&#8211; Jezik:<\/strong>\u00a0Slovenski<\/em><br \/>\n<em><strong>&#8211; Vlada:<\/strong>\u00a0Parlamentarna republika<\/em><br \/>\n<em><strong>&#8211;\u00a0Neodvisnost (od Jugoslavije):<\/strong> 25.6.1991<\/em><br \/>\n<em><strong>&#8211; Priznanost:<\/strong> 1992<\/em><br \/>\n<em><strong>&#8211; Vstop v Evropsko unijo:<\/strong> 1.5.2004<\/em><br \/>\n<em><strong>&#8211; Podro\u010dje:<\/strong> 20.273 km2<\/em><br \/>\n<em><strong>&#8211; Prebivalstvo:<\/strong> 2.061.085 (po cenzusu z dne 1 januar 2014, kar je 0,1% ve\u010d kot leto poprej)<\/em><br \/>\n<em><strong>&#8211; Valuta:<\/strong>\u00a0Evro<\/em><br \/>\n<em><strong>&#8211; \u010casovni pas:<\/strong> CET (UTC+1)<\/em><br \/>\n<em><strong>&#8211; Vozni pas:<\/strong>\u00a0Desni<\/em><br \/>\n<em><strong>&#8211; Klicna koda:<\/strong> +386<\/em><\/p>\n<table>\n<tbody>\n<tr>\n<td>\n<figure id=\"attachment_3437\" class=\"wp-caption alignleft\" style=\"max-width: 290px\"><img loading=\"lazy\" decoding=\"async\" class=\"wp-image-3437\" src=\"https:\/\/www.travel-slovenia.si\/slo\/wp-content\/uploads\/2014\/05\/travel-slovenia-grb-slovenije.png\" alt=\"Slovenski grb\" width=\"290\" height=\"290\" srcset=\"https:\/\/www.travel-slovenia.si\/slo\/wp-content\/uploads\/2014\/05\/travel-slovenia-grb-slovenije.png 383w, https:\/\/www.travel-slovenia.si\/slo\/wp-content\/uploads\/2014\/05\/travel-slovenia-grb-slovenije-150x150.png 150w, https:\/\/www.travel-slovenia.si\/slo\/wp-content\/uploads\/2014\/05\/travel-slovenia-grb-slovenije-300x300.png 300w, https:\/\/www.travel-slovenia.si\/slo\/wp-content\/uploads\/2014\/05\/travel-slovenia-grb-slovenije-83x83.png 83w, https:\/\/www.travel-slovenia.si\/slo\/wp-content\/uploads\/2014\/05\/travel-slovenia-grb-slovenije-55x55.png 55w, https:\/\/www.travel-slovenia.si\/slo\/wp-content\/uploads\/2014\/05\/travel-slovenia-grb-slovenije-24x24.png 24w, https:\/\/www.travel-slovenia.si\/slo\/wp-content\/uploads\/2014\/05\/travel-slovenia-grb-slovenije-36x36.png 36w, https:\/\/www.travel-slovenia.si\/slo\/wp-content\/uploads\/2014\/05\/travel-slovenia-grb-slovenije-48x48.png 48w\" sizes=\"auto, (max-width: 290px) 100vw, 290px\" \/><figcaption class=\"wp-caption-text\">Slovenski grb<\/figcaption><\/figure>\n<figure id=\"attachment_3438\" class=\"wp-caption alignright\" style=\"max-width: 290px\"><img loading=\"lazy\" decoding=\"async\" class=\"wp-image-3438\" src=\"https:\/\/www.travel-slovenia.si\/slo\/wp-content\/uploads\/2014\/05\/travel-slovenia-slovenska-zastava.jpg\" alt=\"Slovenska zastava\" width=\"290\" height=\"290\" srcset=\"https:\/\/www.travel-slovenia.si\/slo\/wp-content\/uploads\/2014\/05\/travel-slovenia-slovenska-zastava.jpg 383w, https:\/\/www.travel-slovenia.si\/slo\/wp-content\/uploads\/2014\/05\/travel-slovenia-slovenska-zastava-150x150.jpg 150w, https:\/\/www.travel-slovenia.si\/slo\/wp-content\/uploads\/2014\/05\/travel-slovenia-slovenska-zastava-300x300.jpg 300w, https:\/\/www.travel-slovenia.si\/slo\/wp-content\/uploads\/2014\/05\/travel-slovenia-slovenska-zastava-83x83.jpg 83w, https:\/\/www.travel-slovenia.si\/slo\/wp-content\/uploads\/2014\/05\/travel-slovenia-slovenska-zastava-55x55.jpg 55w, https:\/\/www.travel-slovenia.si\/slo\/wp-content\/uploads\/2014\/05\/travel-slovenia-slovenska-zastava-24x24.jpg 24w, https:\/\/www.travel-slovenia.si\/slo\/wp-content\/uploads\/2014\/05\/travel-slovenia-slovenska-zastava-36x36.jpg 36w, https:\/\/www.travel-slovenia.si\/slo\/wp-content\/uploads\/2014\/05\/travel-slovenia-slovenska-zastava-48x48.jpg 48w\" sizes=\"auto, (max-width: 290px) 100vw, 290px\" \/><figcaption class=\"wp-caption-text\">Slovenska zastava<\/figcaption><\/figure><\/td>\n<\/tr>\n<\/tbody>\n<\/table>\n","protected":false},"excerpt":{"rendered":"<p>Republika Slovenija je dr\u017eava v osrednji Evropi. Slovenija meji na Italijo na zahodu (280 km), Mad\u017earsko na severo-vzhodu (102 km), Avstrijo na severu (318 km) in Hrva\u0161ko na jugu in vzhodu (670 km). Ima tudi majhen dele\u017e obale na Jadranskem morju (46,6 km). Pokriva podro\u010dje 20.273 kvadratnih kilometrov in na njenem ozemlju \u017eivi 2.061.085 prebivalcev [&hellip;]<\/p>\n","protected":false},"author":111,"featured_media":0,"parent":0,"menu_order":1,"comment_status":"closed","ping_status":"closed","template":"","meta":{"footnotes":""},"class_list":["post-2","page","type-page","status-publish","hentry"],"yoast_head":"<!-- This site is optimized with the Yoast SEO plugin v25.4 - https:\/\/yoast.com\/wordpress\/plugins\/seo\/ -->\n<title>Slovenija : Travel-Slovenia.si<\/title>\n<meta name=\"description\" content=\"Republika Slovenija je dr\u017eava v osrednji Evropi, ki meji na Italijo, Mad\u017earsko, Avstrijo in Hrva\u0161ko. Pokriva 20.273 kvadradnih kilometrov ozemlja.\" \/>\n<meta name=\"robots\" content=\"index, follow, max-snippet:-1, max-image-preview:large, max-video-preview:-1\" \/>\n<link rel=\"canonical\" href=\"https:\/\/www.travel-slovenia.si\/slo\/slovenija\/\" \/>\n<meta property=\"og:locale\" content=\"sl_SI\" \/>\n<meta property=\"og:type\" content=\"article\" \/>\n<meta property=\"og:title\" content=\"Slovenija : Travel-Slovenia.si\" \/>\n<meta property=\"og:description\" content=\"Republika Slovenija je dr\u017eava v osrednji Evropi, ki meji na Italijo, Mad\u017earsko, Avstrijo in Hrva\u0161ko. Pokriva 20.273 kvadradnih kilometrov ozemlja.\" \/>\n<meta property=\"og:url\" content=\"https:\/\/www.travel-slovenia.si\/slo\/slovenija\/\" \/>\n<meta property=\"og:site_name\" content=\"Travel Slovenia - Sledite lepotam na\u0161e male dr\u017eavice\" \/>\n<meta property=\"article:modified_time\" content=\"2015-09-13T21:20:08+00:00\" \/>\n<meta property=\"og:image\" content=\"https:\/\/www.travel-slovenia.si\/slo\/wp-content\/uploads\/2014\/05\/travel-slovenia-slovenska-zastava.jpg\" \/>\n\t<meta property=\"og:image:width\" content=\"383\" \/>\n\t<meta property=\"og:image:height\" content=\"383\" \/>\n\t<meta property=\"og:image:type\" content=\"image\/jpeg\" \/>\n<meta name=\"twitter:card\" content=\"summary_large_image\" \/>\n<meta name=\"twitter:title\" content=\"Slovenija : Travel-Slovenia.si\" \/>\n<meta name=\"twitter:description\" content=\"Republika Slovenija je dr\u017eava v osrednji Evropi, ki meji na Italijo, Mad\u017earsko, Avstrijo in Hrva\u0161ko. Pokriva 20.273 kvadradnih kilometrov ozemlja.\" \/>\n<meta name=\"twitter:image\" content=\"https:\/\/www.travel-slovenia.si\/slo\/wp-content\/uploads\/2014\/05\/travel-slovenia-slovenska-zastava.jpg\" \/>\n<meta name=\"twitter:label1\" content=\"Est. reading time\" \/>\n\t<meta name=\"twitter:data1\" content=\"3 minute\" \/>\n<script type=\"application\/ld+json\" class=\"yoast-schema-graph\">{\"@context\":\"https:\/\/schema.org\",\"@graph\":[{\"@type\":\"WebPage\",\"@id\":\"https:\/\/www.travel-slovenia.si\/slo\/slovenija\/\",\"url\":\"https:\/\/www.travel-slovenia.si\/slo\/slovenija\/\",\"name\":\"Slovenija : Travel-Slovenia.si\",\"isPartOf\":{\"@id\":\"https:\/\/www.travel-slovenia.si\/slo\/#website\"},\"primaryImageOfPage\":{\"@id\":\"https:\/\/www.travel-slovenia.si\/slo\/slovenija\/#primaryimage\"},\"image\":{\"@id\":\"https:\/\/www.travel-slovenia.si\/slo\/slovenija\/#primaryimage\"},\"thumbnailUrl\":\"https:\/\/www.travel-slovenia.si\/slo\/wp-content\/uploads\/2014\/05\/travel-slovenia-slovenija-300x200.png\",\"datePublished\":\"2014-05-18T16:50:27+00:00\",\"dateModified\":\"2015-09-13T21:20:08+00:00\",\"description\":\"Republika Slovenija je dr\u017eava v osrednji Evropi, ki meji na Italijo, Mad\u017earsko, Avstrijo in Hrva\u0161ko. Pokriva 20.273 kvadradnih kilometrov ozemlja.\",\"breadcrumb\":{\"@id\":\"https:\/\/www.travel-slovenia.si\/slo\/slovenija\/#breadcrumb\"},\"inLanguage\":\"sl-SI\",\"potentialAction\":[{\"@type\":\"ReadAction\",\"target\":[\"https:\/\/www.travel-slovenia.si\/slo\/slovenija\/\"]}]},{\"@type\":\"ImageObject\",\"inLanguage\":\"sl-SI\",\"@id\":\"https:\/\/www.travel-slovenia.si\/slo\/slovenija\/#primaryimage\",\"url\":\"https:\/\/www.travel-slovenia.si\/slo\/wp-content\/uploads\/2014\/05\/travel-slovenia-slovenija.png\",\"contentUrl\":\"https:\/\/www.travel-slovenia.si\/slo\/wp-content\/uploads\/2014\/05\/travel-slovenia-slovenija.png\",\"width\":600,\"height\":399},{\"@type\":\"BreadcrumbList\",\"@id\":\"https:\/\/www.travel-slovenia.si\/slo\/slovenija\/#breadcrumb\",\"itemListElement\":[{\"@type\":\"ListItem\",\"position\":1,\"name\":\"Home\",\"item\":\"https:\/\/www.travel-slovenia.si\/slo\/\"},{\"@type\":\"ListItem\",\"position\":2,\"name\":\"SLOVENIJA\"}]},{\"@type\":\"WebSite\",\"@id\":\"https:\/\/www.travel-slovenia.si\/slo\/#website\",\"url\":\"https:\/\/www.travel-slovenia.si\/slo\/\",\"name\":\"Travel Slovenia - Sledite lepotam na\u0161e male dr\u017eavice\",\"description\":\"\",\"potentialAction\":[{\"@type\":\"SearchAction\",\"target\":{\"@type\":\"EntryPoint\",\"urlTemplate\":\"https:\/\/www.travel-slovenia.si\/slo\/?s={search_term_string}\"},\"query-input\":{\"@type\":\"PropertyValueSpecification\",\"valueRequired\":true,\"valueName\":\"search_term_string\"}}],\"inLanguage\":\"sl-SI\"}]}<\/script>\n<!-- \/ Yoast SEO plugin. -->","yoast_head_json":{"title":"Slovenija : Travel-Slovenia.si","description":"Republika Slovenija je dr\u017eava v osrednji Evropi, ki meji na Italijo, Mad\u017earsko, Avstrijo in Hrva\u0161ko. Pokriva 20.273 kvadradnih kilometrov ozemlja.","robots":{"index":"index","follow":"follow","max-snippet":"max-snippet:-1","max-image-preview":"max-image-preview:large","max-video-preview":"max-video-preview:-1"},"canonical":"https:\/\/www.travel-slovenia.si\/slo\/slovenija\/","og_locale":"sl_SI","og_type":"article","og_title":"Slovenija : Travel-Slovenia.si","og_description":"Republika Slovenija je dr\u017eava v osrednji Evropi, ki meji na Italijo, Mad\u017earsko, Avstrijo in Hrva\u0161ko. Pokriva 20.273 kvadradnih kilometrov ozemlja.","og_url":"https:\/\/www.travel-slovenia.si\/slo\/slovenija\/","og_site_name":"Travel Slovenia - Sledite lepotam na\u0161e male dr\u017eavice","article_modified_time":"2015-09-13T21:20:08+00:00","og_image":[{"width":383,"height":383,"url":"https:\/\/www.travel-slovenia.si\/slo\/wp-content\/uploads\/2014\/05\/travel-slovenia-slovenska-zastava.jpg","type":"image\/jpeg"}],"twitter_card":"summary_large_image","twitter_title":"Slovenija : Travel-Slovenia.si","twitter_description":"Republika Slovenija je dr\u017eava v osrednji Evropi, ki meji na Italijo, Mad\u017earsko, Avstrijo in Hrva\u0161ko. Pokriva 20.273 kvadradnih kilometrov ozemlja.","twitter_image":"https:\/\/www.travel-slovenia.si\/slo\/wp-content\/uploads\/2014\/05\/travel-slovenia-slovenska-zastava.jpg","twitter_misc":{"Est. reading time":"3 minute"},"schema":{"@context":"https:\/\/schema.org","@graph":[{"@type":"WebPage","@id":"https:\/\/www.travel-slovenia.si\/slo\/slovenija\/","url":"https:\/\/www.travel-slovenia.si\/slo\/slovenija\/","name":"Slovenija : Travel-Slovenia.si","isPartOf":{"@id":"https:\/\/www.travel-slovenia.si\/slo\/#website"},"primaryImageOfPage":{"@id":"https:\/\/www.travel-slovenia.si\/slo\/slovenija\/#primaryimage"},"image":{"@id":"https:\/\/www.travel-slovenia.si\/slo\/slovenija\/#primaryimage"},"thumbnailUrl":"https:\/\/www.travel-slovenia.si\/slo\/wp-content\/uploads\/2014\/05\/travel-slovenia-slovenija-300x200.png","datePublished":"2014-05-18T16:50:27+00:00","dateModified":"2015-09-13T21:20:08+00:00","description":"Republika Slovenija je dr\u017eava v osrednji Evropi, ki meji na Italijo, Mad\u017earsko, Avstrijo in Hrva\u0161ko. Pokriva 20.273 kvadradnih kilometrov ozemlja.","breadcrumb":{"@id":"https:\/\/www.travel-slovenia.si\/slo\/slovenija\/#breadcrumb"},"inLanguage":"sl-SI","potentialAction":[{"@type":"ReadAction","target":["https:\/\/www.travel-slovenia.si\/slo\/slovenija\/"]}]},{"@type":"ImageObject","inLanguage":"sl-SI","@id":"https:\/\/www.travel-slovenia.si\/slo\/slovenija\/#primaryimage","url":"https:\/\/www.travel-slovenia.si\/slo\/wp-content\/uploads\/2014\/05\/travel-slovenia-slovenija.png","contentUrl":"https:\/\/www.travel-slovenia.si\/slo\/wp-content\/uploads\/2014\/05\/travel-slovenia-slovenija.png","width":600,"height":399},{"@type":"BreadcrumbList","@id":"https:\/\/www.travel-slovenia.si\/slo\/slovenija\/#breadcrumb","itemListElement":[{"@type":"ListItem","position":1,"name":"Home","item":"https:\/\/www.travel-slovenia.si\/slo\/"},{"@type":"ListItem","position":2,"name":"SLOVENIJA"}]},{"@type":"WebSite","@id":"https:\/\/www.travel-slovenia.si\/slo\/#website","url":"https:\/\/www.travel-slovenia.si\/slo\/","name":"Travel Slovenia - Sledite lepotam na\u0161e male dr\u017eavice","description":"","potentialAction":[{"@type":"SearchAction","target":{"@type":"EntryPoint","urlTemplate":"https:\/\/www.travel-slovenia.si\/slo\/?s={search_term_string}"},"query-input":{"@type":"PropertyValueSpecification","valueRequired":true,"valueName":"search_term_string"}}],"inLanguage":"sl-SI"}]}},"post_mailing_queue_ids":[],"_links":{"self":[{"href":"https:\/\/www.travel-slovenia.si\/slo\/wp-json\/wp\/v2\/pages\/2","targetHints":{"allow":["GET"]}}],"collection":[{"href":"https:\/\/www.travel-slovenia.si\/slo\/wp-json\/wp\/v2\/pages"}],"about":[{"href":"https:\/\/www.travel-slovenia.si\/slo\/wp-json\/wp\/v2\/types\/page"}],"author":[{"embeddable":true,"href":"https:\/\/www.travel-slovenia.si\/slo\/wp-json\/wp\/v2\/users\/111"}],"replies":[{"embeddable":true,"href":"https:\/\/www.travel-slovenia.si\/slo\/wp-json\/wp\/v2\/comments?post=2"}],"version-history":[{"count":94,"href":"https:\/\/www.travel-slovenia.si\/slo\/wp-json\/wp\/v2\/pages\/2\/revisions"}],"predecessor-version":[{"id":3587,"href":"https:\/\/www.travel-slovenia.si\/slo\/wp-json\/wp\/v2\/pages\/2\/revisions\/3587"}],"wp:attachment":[{"href":"https:\/\/www.travel-slovenia.si\/slo\/wp-json\/wp\/v2\/media?parent=2"}],"curies":[{"name":"wp","href":"https:\/\/api.w.org\/{rel}","templated":true}]}}