{"id":1730,"date":"2014-08-29T13:56:48","date_gmt":"2014-08-29T13:56:48","guid":{"rendered":"https:\/\/www.travel-slovenia.si\/?page_id=1730"},"modified":"2015-11-02T14:16:48","modified_gmt":"2015-11-02T12:16:48","slug":"skotsko-govedo","status":"publish","type":"page","link":"https:\/\/www.travel-slovenia.si\/slo\/skotsko-govedo\/","title":{"rendered":"\u0160kotsko govedo"},"content":{"rendered":"<figure id=\"attachment_3889\" class=\"wp-caption alignleft\" style=\"max-width: 300px\"><img loading=\"lazy\" decoding=\"async\" class=\"wp-image-3889\" src=\"https:\/\/www.travel-slovenia.si\/slo\/wp-content\/uploads\/2014\/08\/travel-slovenia-skotsko-govedo1.jpg\" alt=\"\u0160kotsko govedo v gozdu\" width=\"300\" height=\"400\" srcset=\"https:\/\/www.travel-slovenia.si\/slo\/wp-content\/uploads\/2014\/08\/travel-slovenia-skotsko-govedo1.jpg 600w, https:\/\/www.travel-slovenia.si\/slo\/wp-content\/uploads\/2014\/08\/travel-slovenia-skotsko-govedo1-225x300.jpg 225w, https:\/\/www.travel-slovenia.si\/slo\/wp-content\/uploads\/2014\/08\/travel-slovenia-skotsko-govedo1-18x24.jpg 18w, https:\/\/www.travel-slovenia.si\/slo\/wp-content\/uploads\/2014\/08\/travel-slovenia-skotsko-govedo1-27x36.jpg 27w, https:\/\/www.travel-slovenia.si\/slo\/wp-content\/uploads\/2014\/08\/travel-slovenia-skotsko-govedo1-36x48.jpg 36w\" sizes=\"auto, (max-width: 300px) 100vw, 300px\" \/><figcaption class=\"wp-caption-text\">\u0160kotsko govedo v gozdu<\/figcaption><\/figure>\n<p style=\"text-align: justify;\">\u0160kotsko govedo je podobno doma\u010demu govedu, razlike so v dalj\u0161i dlaki in druga\u010de ukrivljenih rogovih. Odrasel samec tehta do 900 kg, samica do 600 kg. \u0160kotsko govedo je izjemno prilagodljivo na vremenske razmere, zato je v Alpah zelo priljubljeno.<\/p>\n<p style=\"text-align: justify;\">Visokogorsko \u0161kotsko govedo imajo za najstarej\u0161e registrirano govedo v Evropi. Prvi zapisi o \u017eivini segajo v 12. stoletje, arheolo\u0161ka najdi\u0161\u010da pa potrjujejo prisotnost goveda \u017ee v 6. stoletju. \u017dival je bila tipi\u010dna za \u0160kotsko Vi\u0161avje ter zahodni obalni predel \u0160kotske. Od tu so jo v 19. stoletju prepeljali v Avstralijo in Severno Ameriko, ter pozneje v druge dr\u017eave. \u0160kotsko govedo se hrani z rastlinjem, ki se ga ostalo govedo izogiba.\u00a0Zaradi goste in dolge dlake je dobro prilagojeno na veter, de\u017e in mraz. Govedo se z lahkoto prilagodi tudi na toplej\u0161e podnebje, tako da se mu dlaka red\u010di. \u010ceprav se pona\u0161ajo z dvema dolgima rogovoma, so znani kot ne\u017eno in miroljubno govedo.<\/p>\n<p style=\"text-align: justify;\">Ker je zelo odporno proti ekstremnim klimatskim razmeram, je za dane pogoje v dolini idealno, ker skrbi za urejanje krajine. Za \u017eival je zna\u010dilen gost ko\u017euh in obse\u017eno rogovje, kar jim daje prvinski in naravni videz. V su\u0161nih obdobjih, ko zelo primanjkuje krme, je \u017eival na pa\u0161i u\u010dinkovita in skromna. Na pa\u0161i so tudi pozimi, vendar imajo na voljo skedenj. Krave brez zapletov telijo zunaj, tudi ko so temperature okrog -20\u00b0C, imajo tudi zelo mo\u010dan materinski nagon.<\/p>\n<table>\n<tbody>\n<tr>\n<td>\n<figure id=\"attachment_3888\" class=\"wp-caption alignleft\" style=\"max-width: 291px\"><img loading=\"lazy\" decoding=\"async\" class=\"wp-image-3888\" src=\"https:\/\/www.travel-slovenia.si\/slo\/wp-content\/uploads\/2014\/08\/travel-slovenia-skotsko-govedo-300x225.jpg\" alt=\"\u010crno \u0161kotsko govedo\" width=\"291\" height=\"218\" srcset=\"https:\/\/www.travel-slovenia.si\/slo\/wp-content\/uploads\/2014\/08\/travel-slovenia-skotsko-govedo-300x225.jpg 300w, https:\/\/www.travel-slovenia.si\/slo\/wp-content\/uploads\/2014\/08\/travel-slovenia-skotsko-govedo-24x18.jpg 24w, https:\/\/www.travel-slovenia.si\/slo\/wp-content\/uploads\/2014\/08\/travel-slovenia-skotsko-govedo-36x27.jpg 36w, https:\/\/www.travel-slovenia.si\/slo\/wp-content\/uploads\/2014\/08\/travel-slovenia-skotsko-govedo-48x36.jpg 48w, https:\/\/www.travel-slovenia.si\/slo\/wp-content\/uploads\/2014\/08\/travel-slovenia-skotsko-govedo.jpg 600w\" sizes=\"auto, (max-width: 291px) 100vw, 291px\" \/><figcaption class=\"wp-caption-text\">\u010crno \u0161kotsko govedo<\/figcaption><\/figure>\n<figure id=\"attachment_3890\" class=\"wp-caption alignright\" style=\"max-width: 290px\"><img loading=\"lazy\" decoding=\"async\" class=\"wp-image-3890\" src=\"https:\/\/www.travel-slovenia.si\/slo\/wp-content\/uploads\/2014\/08\/travel-slovenia-skotsko-govedo2-300x225.jpg\" alt=\"Rjavo \u0161kotsko govedo\" width=\"290\" height=\"218\" srcset=\"https:\/\/www.travel-slovenia.si\/slo\/wp-content\/uploads\/2014\/08\/travel-slovenia-skotsko-govedo2-300x225.jpg 300w, https:\/\/www.travel-slovenia.si\/slo\/wp-content\/uploads\/2014\/08\/travel-slovenia-skotsko-govedo2-24x18.jpg 24w, https:\/\/www.travel-slovenia.si\/slo\/wp-content\/uploads\/2014\/08\/travel-slovenia-skotsko-govedo2-36x27.jpg 36w, https:\/\/www.travel-slovenia.si\/slo\/wp-content\/uploads\/2014\/08\/travel-slovenia-skotsko-govedo2-48x36.jpg 48w, https:\/\/www.travel-slovenia.si\/slo\/wp-content\/uploads\/2014\/08\/travel-slovenia-skotsko-govedo2.jpg 600w\" sizes=\"auto, (max-width: 290px) 100vw, 290px\" \/><figcaption class=\"wp-caption-text\">Rjavo \u0161kotsko govedo<\/figcaption><\/figure><\/td>\n<\/tr>\n<\/tbody>\n<\/table>\n<h3>ZNA\u010cILNOSTI GOVEDA<\/h3>\n<p style=\"text-align: justify;\">Za govedo je zna\u010dilna majhna do srednja postava z enakomerno razvitimi deli telesa.\u00a0 Skelet \u017eivali je mo\u010dan in dolg, hrbet pa raven in solidno mi\u0161i\u010dast.\u00a0Navadno simetri\u010dni rogovi pri biku rasejo horizontalno iz glave, na koncih so ukrivljeni naprej. Pri kravah so rogovi malce dalj\u0161i, pri korenu niso tako debeli, tudi usmerjeni so bolj navzgor. Za obrambo pred mrazom, de\u017ejem, vro\u010dino in paraziti je celotno telo pokrito z gostim ko\u017euhom iz spodnjih kratkih in zgornjih dolgih dlak.<\/p>\n<p>\u2013 dolga dlaka<br \/>\n\u2013 dobra plodnost<br \/>\n\u2013 \u017eivali se pasejo \u010dez celo leto<br \/>\n\u2013 \u017eivali ne potrebujejo hleva<br \/>\n\u2013 krave telijo brez te\u017eav in veterinarske pomo\u010di<br \/>\n\u2013 vzreja \u017eivali poteka gladko, brez prekomernega dela<br \/>\n\u2013 govedo je skromno, saj je zadovoljno \u017ee s krmo ni\u017eje kvalitete<br \/>\n\u2013 \u017eival se pase na neobdelanih povr\u0161inah, brez da bi uni\u010dila teren, navadno ga \u0161e izbolj\u0161a in zato pove\u010da ekonomsko vrednost pa\u0161nika<\/p>\n<hr \/>\n<p style=\"text-align: justify;\"><strong><em><img loading=\"lazy\" decoding=\"async\" class=\"alignleft size-full wp-image-3866\" src=\"https:\/\/www.travel-slovenia.si\/slo\/wp-content\/uploads\/2014\/08\/travel-slovenia-logarska-dolina-view.jpg\" alt=\"travel-slovenia-logarska-dolina-view\" width=\"150\" height=\"150\" srcset=\"https:\/\/www.travel-slovenia.si\/slo\/wp-content\/uploads\/2014\/08\/travel-slovenia-logarska-dolina-view.jpg 150w, https:\/\/www.travel-slovenia.si\/slo\/wp-content\/uploads\/2014\/08\/travel-slovenia-logarska-dolina-view-83x83.jpg 83w, https:\/\/www.travel-slovenia.si\/slo\/wp-content\/uploads\/2014\/08\/travel-slovenia-logarska-dolina-view-55x55.jpg 55w, https:\/\/www.travel-slovenia.si\/slo\/wp-content\/uploads\/2014\/08\/travel-slovenia-logarska-dolina-view-24x24.jpg 24w, https:\/\/www.travel-slovenia.si\/slo\/wp-content\/uploads\/2014\/08\/travel-slovenia-logarska-dolina-view-36x36.jpg 36w, https:\/\/www.travel-slovenia.si\/slo\/wp-content\/uploads\/2014\/08\/travel-slovenia-logarska-dolina-view-48x48.jpg 48w\" sizes=\"auto, (max-width: 150px) 100vw, 150px\" \/>Logarska dolina<br \/>\n<\/em><\/strong>Logarska dolina se nahaja v Kamni\u0161ko-Savinjskih Alpah in se glede na imena deli na spodnji del Log (moker, travnato glinasti svet), srednji del Plest (prete\u017eno gozdna svet) ter zgornji del Kot (gozdnat in kamnit svet). Dolina je bila 1987 zavarovana kot regijski park, ki se razprostira preko 24 kvadratnih km. [<a href=\"https:\/\/www.travel-slovenia.si\/slo\/location\/logarska-dolina\/\">_Preberite ve\u010d_<\/a>]\n","protected":false},"excerpt":{"rendered":"<p>\u0160kotsko govedo je podobno doma\u010demu govedu, razlike so v dalj\u0161i dlaki in druga\u010de ukrivljenih rogovih. Odrasel samec tehta do 900 kg, samica do 600 kg. \u0160kotsko govedo je izjemno prilagodljivo na vremenske razmere, zato je v Alpah zelo priljubljeno. Visokogorsko \u0161kotsko govedo imajo za najstarej\u0161e registrirano govedo v Evropi. Prvi zapisi o \u017eivini segajo v [&hellip;]<\/p>\n","protected":false},"author":111,"featured_media":0,"parent":0,"menu_order":0,"comment_status":"closed","ping_status":"closed","template":"","meta":{"footnotes":""},"class_list":["post-1730","page","type-page","status-publish","hentry"],"yoast_head":"<!-- This site is optimized with the Yoast SEO plugin v25.4 - https:\/\/yoast.com\/wordpress\/plugins\/seo\/ -->\n<title>\u0160kotsko govedo : Travel-Slovenia<\/title>\n<meta name=\"description\" content=\"\u0160kotsko govedo je podobno doma\u010demu govedu, razlike so v dalj\u0161i dlaki in druga\u010de ukrivljenimi rogovi.\" \/>\n<meta name=\"robots\" content=\"index, follow, max-snippet:-1, max-image-preview:large, max-video-preview:-1\" \/>\n<link rel=\"canonical\" href=\"https:\/\/www.travel-slovenia.si\/slo\/skotsko-govedo\/\" \/>\n<meta property=\"og:locale\" content=\"sl_SI\" \/>\n<meta property=\"og:type\" content=\"article\" \/>\n<meta property=\"og:title\" content=\"\u0160kotsko govedo : Travel-Slovenia\" \/>\n<meta property=\"og:description\" content=\"\u0160kotsko govedo je podobno doma\u010demu govedu, razlike so v dalj\u0161i dlaki in druga\u010de ukrivljenimi rogovi.\" \/>\n<meta property=\"og:url\" content=\"https:\/\/www.travel-slovenia.si\/slo\/skotsko-govedo\/\" \/>\n<meta property=\"og:site_name\" content=\"Travel Slovenia - Sledite lepotam na\u0161e male dr\u017eavice\" \/>\n<meta property=\"article:modified_time\" content=\"2015-11-02T12:16:48+00:00\" \/>\n<meta property=\"og:image\" content=\"https:\/\/www.travel-slovenia.si\/slo\/wp-content\/uploads\/2014\/08\/travel-slovenia-skotsko-govedo1.jpg\" \/>\n\t<meta property=\"og:image:width\" content=\"600\" \/>\n\t<meta property=\"og:image:height\" content=\"800\" \/>\n\t<meta property=\"og:image:type\" content=\"image\/jpeg\" \/>\n<meta name=\"twitter:card\" content=\"summary_large_image\" \/>\n<meta name=\"twitter:title\" content=\"\u0160kotsko govedo : Travel-Slovenia\" \/>\n<meta name=\"twitter:description\" content=\"\u0160kotsko govedo je podobno doma\u010demu govedu, razlike so v dalj\u0161i dlaki in druga\u010de ukrivljenimi rogovi.\" \/>\n<meta name=\"twitter:image\" content=\"https:\/\/www.travel-slovenia.si\/slo\/wp-content\/uploads\/2014\/08\/travel-slovenia-skotsko-govedo1.jpg\" \/>\n<meta name=\"twitter:label1\" content=\"Est. reading time\" \/>\n\t<meta name=\"twitter:data1\" content=\"2 minuti\" \/>\n<script type=\"application\/ld+json\" class=\"yoast-schema-graph\">{\"@context\":\"https:\/\/schema.org\",\"@graph\":[{\"@type\":\"WebPage\",\"@id\":\"https:\/\/www.travel-slovenia.si\/slo\/skotsko-govedo\/\",\"url\":\"https:\/\/www.travel-slovenia.si\/slo\/skotsko-govedo\/\",\"name\":\"\u0160kotsko govedo : Travel-Slovenia\",\"isPartOf\":{\"@id\":\"https:\/\/www.travel-slovenia.si\/slo\/#website\"},\"primaryImageOfPage\":{\"@id\":\"https:\/\/www.travel-slovenia.si\/slo\/skotsko-govedo\/#primaryimage\"},\"image\":{\"@id\":\"https:\/\/www.travel-slovenia.si\/slo\/skotsko-govedo\/#primaryimage\"},\"thumbnailUrl\":\"https:\/\/www.travel-slovenia.si\/slo\/wp-content\/uploads\/2014\/08\/travel-slovenia-skotsko-govedo1.jpg\",\"datePublished\":\"2014-08-29T13:56:48+00:00\",\"dateModified\":\"2015-11-02T12:16:48+00:00\",\"description\":\"\u0160kotsko govedo je podobno doma\u010demu govedu, razlike so v dalj\u0161i dlaki in druga\u010de ukrivljenimi rogovi.\",\"breadcrumb\":{\"@id\":\"https:\/\/www.travel-slovenia.si\/slo\/skotsko-govedo\/#breadcrumb\"},\"inLanguage\":\"sl-SI\",\"potentialAction\":[{\"@type\":\"ReadAction\",\"target\":[\"https:\/\/www.travel-slovenia.si\/slo\/skotsko-govedo\/\"]}]},{\"@type\":\"ImageObject\",\"inLanguage\":\"sl-SI\",\"@id\":\"https:\/\/www.travel-slovenia.si\/slo\/skotsko-govedo\/#primaryimage\",\"url\":\"https:\/\/www.travel-slovenia.si\/slo\/wp-content\/uploads\/2014\/08\/travel-slovenia-skotsko-govedo1.jpg\",\"contentUrl\":\"https:\/\/www.travel-slovenia.si\/slo\/wp-content\/uploads\/2014\/08\/travel-slovenia-skotsko-govedo1.jpg\",\"width\":600,\"height\":800,\"caption\":\"\u0160kotsko govedo v gozdu\"},{\"@type\":\"BreadcrumbList\",\"@id\":\"https:\/\/www.travel-slovenia.si\/slo\/skotsko-govedo\/#breadcrumb\",\"itemListElement\":[{\"@type\":\"ListItem\",\"position\":1,\"name\":\"Home\",\"item\":\"https:\/\/www.travel-slovenia.si\/slo\/\"},{\"@type\":\"ListItem\",\"position\":2,\"name\":\"\u0160kotsko govedo\"}]},{\"@type\":\"WebSite\",\"@id\":\"https:\/\/www.travel-slovenia.si\/slo\/#website\",\"url\":\"https:\/\/www.travel-slovenia.si\/slo\/\",\"name\":\"Travel Slovenia - Sledite lepotam na\u0161e male dr\u017eavice\",\"description\":\"\",\"potentialAction\":[{\"@type\":\"SearchAction\",\"target\":{\"@type\":\"EntryPoint\",\"urlTemplate\":\"https:\/\/www.travel-slovenia.si\/slo\/?s={search_term_string}\"},\"query-input\":{\"@type\":\"PropertyValueSpecification\",\"valueRequired\":true,\"valueName\":\"search_term_string\"}}],\"inLanguage\":\"sl-SI\"}]}<\/script>\n<!-- \/ Yoast SEO plugin. -->","yoast_head_json":{"title":"\u0160kotsko govedo : Travel-Slovenia","description":"\u0160kotsko govedo je podobno doma\u010demu govedu, razlike so v dalj\u0161i dlaki in druga\u010de ukrivljenimi rogovi.","robots":{"index":"index","follow":"follow","max-snippet":"max-snippet:-1","max-image-preview":"max-image-preview:large","max-video-preview":"max-video-preview:-1"},"canonical":"https:\/\/www.travel-slovenia.si\/slo\/skotsko-govedo\/","og_locale":"sl_SI","og_type":"article","og_title":"\u0160kotsko govedo : Travel-Slovenia","og_description":"\u0160kotsko govedo je podobno doma\u010demu govedu, razlike so v dalj\u0161i dlaki in druga\u010de ukrivljenimi rogovi.","og_url":"https:\/\/www.travel-slovenia.si\/slo\/skotsko-govedo\/","og_site_name":"Travel Slovenia - Sledite lepotam na\u0161e male dr\u017eavice","article_modified_time":"2015-11-02T12:16:48+00:00","og_image":[{"width":600,"height":800,"url":"https:\/\/www.travel-slovenia.si\/slo\/wp-content\/uploads\/2014\/08\/travel-slovenia-skotsko-govedo1.jpg","type":"image\/jpeg"}],"twitter_card":"summary_large_image","twitter_title":"\u0160kotsko govedo : Travel-Slovenia","twitter_description":"\u0160kotsko govedo je podobno doma\u010demu govedu, razlike so v dalj\u0161i dlaki in druga\u010de ukrivljenimi rogovi.","twitter_image":"https:\/\/www.travel-slovenia.si\/slo\/wp-content\/uploads\/2014\/08\/travel-slovenia-skotsko-govedo1.jpg","twitter_misc":{"Est. reading time":"2 minuti"},"schema":{"@context":"https:\/\/schema.org","@graph":[{"@type":"WebPage","@id":"https:\/\/www.travel-slovenia.si\/slo\/skotsko-govedo\/","url":"https:\/\/www.travel-slovenia.si\/slo\/skotsko-govedo\/","name":"\u0160kotsko govedo : Travel-Slovenia","isPartOf":{"@id":"https:\/\/www.travel-slovenia.si\/slo\/#website"},"primaryImageOfPage":{"@id":"https:\/\/www.travel-slovenia.si\/slo\/skotsko-govedo\/#primaryimage"},"image":{"@id":"https:\/\/www.travel-slovenia.si\/slo\/skotsko-govedo\/#primaryimage"},"thumbnailUrl":"https:\/\/www.travel-slovenia.si\/slo\/wp-content\/uploads\/2014\/08\/travel-slovenia-skotsko-govedo1.jpg","datePublished":"2014-08-29T13:56:48+00:00","dateModified":"2015-11-02T12:16:48+00:00","description":"\u0160kotsko govedo je podobno doma\u010demu govedu, razlike so v dalj\u0161i dlaki in druga\u010de ukrivljenimi rogovi.","breadcrumb":{"@id":"https:\/\/www.travel-slovenia.si\/slo\/skotsko-govedo\/#breadcrumb"},"inLanguage":"sl-SI","potentialAction":[{"@type":"ReadAction","target":["https:\/\/www.travel-slovenia.si\/slo\/skotsko-govedo\/"]}]},{"@type":"ImageObject","inLanguage":"sl-SI","@id":"https:\/\/www.travel-slovenia.si\/slo\/skotsko-govedo\/#primaryimage","url":"https:\/\/www.travel-slovenia.si\/slo\/wp-content\/uploads\/2014\/08\/travel-slovenia-skotsko-govedo1.jpg","contentUrl":"https:\/\/www.travel-slovenia.si\/slo\/wp-content\/uploads\/2014\/08\/travel-slovenia-skotsko-govedo1.jpg","width":600,"height":800,"caption":"\u0160kotsko govedo v gozdu"},{"@type":"BreadcrumbList","@id":"https:\/\/www.travel-slovenia.si\/slo\/skotsko-govedo\/#breadcrumb","itemListElement":[{"@type":"ListItem","position":1,"name":"Home","item":"https:\/\/www.travel-slovenia.si\/slo\/"},{"@type":"ListItem","position":2,"name":"\u0160kotsko govedo"}]},{"@type":"WebSite","@id":"https:\/\/www.travel-slovenia.si\/slo\/#website","url":"https:\/\/www.travel-slovenia.si\/slo\/","name":"Travel Slovenia - Sledite lepotam na\u0161e male dr\u017eavice","description":"","potentialAction":[{"@type":"SearchAction","target":{"@type":"EntryPoint","urlTemplate":"https:\/\/www.travel-slovenia.si\/slo\/?s={search_term_string}"},"query-input":{"@type":"PropertyValueSpecification","valueRequired":true,"valueName":"search_term_string"}}],"inLanguage":"sl-SI"}]}},"post_mailing_queue_ids":[],"_links":{"self":[{"href":"https:\/\/www.travel-slovenia.si\/slo\/wp-json\/wp\/v2\/pages\/1730","targetHints":{"allow":["GET"]}}],"collection":[{"href":"https:\/\/www.travel-slovenia.si\/slo\/wp-json\/wp\/v2\/pages"}],"about":[{"href":"https:\/\/www.travel-slovenia.si\/slo\/wp-json\/wp\/v2\/types\/page"}],"author":[{"embeddable":true,"href":"https:\/\/www.travel-slovenia.si\/slo\/wp-json\/wp\/v2\/users\/111"}],"replies":[{"embeddable":true,"href":"https:\/\/www.travel-slovenia.si\/slo\/wp-json\/wp\/v2\/comments?post=1730"}],"version-history":[{"count":6,"href":"https:\/\/www.travel-slovenia.si\/slo\/wp-json\/wp\/v2\/pages\/1730\/revisions"}],"predecessor-version":[{"id":4291,"href":"https:\/\/www.travel-slovenia.si\/slo\/wp-json\/wp\/v2\/pages\/1730\/revisions\/4291"}],"wp:attachment":[{"href":"https:\/\/www.travel-slovenia.si\/slo\/wp-json\/wp\/v2\/media?parent=1730"}],"curies":[{"name":"wp","href":"https:\/\/api.w.org\/{rel}","templated":true}]}}