{"id":169,"date":"2014-06-10T08:13:10","date_gmt":"2014-06-10T08:13:10","guid":{"rendered":"https:\/\/www.travel-slovenia.si\/?page_id=169"},"modified":"2015-12-25T23:26:06","modified_gmt":"2015-12-25T22:26:06","slug":"slovenska-narodna-himna","status":"publish","type":"page","link":"https:\/\/www.travel-slovenia.si\/slo\/v-besedi\/slovenska-narodna-himna\/","title":{"rendered":"Slovenska narodna himna"},"content":{"rendered":"<figure id=\"attachment_4630\" class=\"wp-caption alignleft\" style=\"max-width: 300px\"><img loading=\"lazy\" decoding=\"async\" class=\"size-medium wp-image-4630\" src=\"https:\/\/www.travel-slovenia.si\/slo\/wp-content\/uploads\/2014\/06\/travel-slovenia-slovenska-himna-300x223.jpg\" alt=\"Slovenska narodna himna\" width=\"300\" height=\"223\" srcset=\"https:\/\/www.travel-slovenia.si\/slo\/wp-content\/uploads\/2014\/06\/travel-slovenia-slovenska-himna-300x223.jpg 300w, https:\/\/www.travel-slovenia.si\/slo\/wp-content\/uploads\/2014\/06\/travel-slovenia-slovenska-himna-24x18.jpg 24w, https:\/\/www.travel-slovenia.si\/slo\/wp-content\/uploads\/2014\/06\/travel-slovenia-slovenska-himna-36x27.jpg 36w, https:\/\/www.travel-slovenia.si\/slo\/wp-content\/uploads\/2014\/06\/travel-slovenia-slovenska-himna-48x36.jpg 48w, https:\/\/www.travel-slovenia.si\/slo\/wp-content\/uploads\/2014\/06\/travel-slovenia-slovenska-himna.jpg 371w\" sizes=\"auto, (max-width: 300px) 100vw, 300px\" \/><figcaption class=\"wp-caption-text\">Slovenska narodna himna<\/figcaption><\/figure>\n<p style=\"text-align: justify;\">Zdravljica je pesem, ki jo je napisal France Pre\u0161eren novembra 1844. Objavo je morala po\u010dakati do leta 1848. Leta 1991 je Stanko Premrl pesem\u00a0uglasbil za zbor in njena 7. kitica je\u00a0postala Slovenska himna.<\/p>\n<p>&nbsp;<br \/>\n&nbsp;<br \/>\n&nbsp;<br \/>\n&nbsp;<br \/>\n&nbsp;<br \/>\n&nbsp;<\/p>\n<p style=\"text-align: center;\"><strong>SLOVENSKA NARODNA HIMNA<\/strong><br \/>\n<strong><em>France Pre\u0161eren: Zdravljica (7 kitica)<\/em><\/strong><\/p>\n<p style=\"text-align: center;\"><em>\u017div\u00e9 naj vsi nar\u00f3di,<br \/>\nki hrepen\u00e9 do\u010dakat&#8217; dan,<br \/>\nda, koder sonce hodi,<br \/>\nprepir iz sv\u00e9ta bo pregnan,<br \/>\nda rojak prost bo vsak,<br \/>\nne vrag, le sosed bo mejak!<\/em><\/p>\n<p>&nbsp;<\/p>\n<table>\n<tbody>\n<tr>\n<td style=\"text-align: center;\"><a href=\"https:\/\/www.travel-slovenia.si\/slo\/v-besedi\/\"><img loading=\"lazy\" decoding=\"async\" class=\"alignleft wp-image-4499 size-full\" src=\"https:\/\/www.travel-slovenia.si\/slo\/wp-content\/uploads\/2014\/09\/travel-slovenia-povezava-na-drugo.jpg\" alt=\"travel-slovenia-povezava-na-drugo\" width=\"128\" height=\"22\" srcset=\"https:\/\/www.travel-slovenia.si\/slo\/wp-content\/uploads\/2014\/09\/travel-slovenia-povezava-na-drugo.jpg 128w, https:\/\/www.travel-slovenia.si\/slo\/wp-content\/uploads\/2014\/09\/travel-slovenia-povezava-na-drugo-24x4.jpg 24w, https:\/\/www.travel-slovenia.si\/slo\/wp-content\/uploads\/2014\/09\/travel-slovenia-povezava-na-drugo-36x6.jpg 36w, https:\/\/www.travel-slovenia.si\/slo\/wp-content\/uploads\/2014\/09\/travel-slovenia-povezava-na-drugo-48x8.jpg 48w\" sizes=\"auto, (max-width: 128px) 100vw, 128px\" \/><\/a><a href=\"https:\/\/www.travel-slovenia.si\/slo\/v-besedi\/\">Poglejte \u0161e druga besedila o Sloveniji!<\/a><a href=\"https:\/\/www.travel-slovenia.si\/slo\/v-besedi\/\"><img loading=\"lazy\" decoding=\"async\" class=\"alignright wp-image-4500 size-full\" src=\"https:\/\/www.travel-slovenia.si\/slo\/wp-content\/uploads\/2014\/09\/travel-slovenia-povezava-na-drugo2.jpg\" alt=\"travel-slovenia-povezava-na-drugo2\" width=\"128\" height=\"22\" srcset=\"https:\/\/www.travel-slovenia.si\/slo\/wp-content\/uploads\/2014\/09\/travel-slovenia-povezava-na-drugo2.jpg 128w, https:\/\/www.travel-slovenia.si\/slo\/wp-content\/uploads\/2014\/09\/travel-slovenia-povezava-na-drugo2-24x4.jpg 24w, https:\/\/www.travel-slovenia.si\/slo\/wp-content\/uploads\/2014\/09\/travel-slovenia-povezava-na-drugo2-36x6.jpg 36w, https:\/\/www.travel-slovenia.si\/slo\/wp-content\/uploads\/2014\/09\/travel-slovenia-povezava-na-drugo2-48x8.jpg 48w\" sizes=\"auto, (max-width: 128px) 100vw, 128px\" \/><\/a><\/td>\n<\/tr>\n<\/tbody>\n<\/table>\n<p>&nbsp;<\/p>\n<hr \/>\n<p><img loading=\"lazy\" decoding=\"async\" class=\"alignleft wp-image-4636 size-full\" src=\"https:\/\/www.travel-slovenia.si\/slo\/wp-content\/uploads\/2015\/12\/travel-slovenia-france-preseren-view.jpg\" alt=\"\" width=\"150\" height=\"150\" srcset=\"https:\/\/www.travel-slovenia.si\/slo\/wp-content\/uploads\/2015\/12\/travel-slovenia-france-preseren-view.jpg 150w, https:\/\/www.travel-slovenia.si\/slo\/wp-content\/uploads\/2015\/12\/travel-slovenia-france-preseren-view-83x83.jpg 83w, https:\/\/www.travel-slovenia.si\/slo\/wp-content\/uploads\/2015\/12\/travel-slovenia-france-preseren-view-55x55.jpg 55w, https:\/\/www.travel-slovenia.si\/slo\/wp-content\/uploads\/2015\/12\/travel-slovenia-france-preseren-view-24x24.jpg 24w, https:\/\/www.travel-slovenia.si\/slo\/wp-content\/uploads\/2015\/12\/travel-slovenia-france-preseren-view-36x36.jpg 36w, https:\/\/www.travel-slovenia.si\/slo\/wp-content\/uploads\/2015\/12\/travel-slovenia-france-preseren-view-48x48.jpg 48w\" sizes=\"auto, (max-width: 150px) 100vw, 150px\" \/><\/p>\n<p style=\"text-align: justify;\"><strong><em>France Pre\u0161eren<\/em><\/strong><br \/>\nFrance Pre\u0161eren je najve\u010dji slovenski pesnik, ki se je rodil 3. decembra 1800 v vasi Vrba, umrl pa je 8. februarja 1849 v Kranju. France Pre\u0161eren je bil rojen v kme\u010dko dru\u017eino v Vrbi na Gorenjskem. Leta 1844 je napisal pesem Zdravljica, katere 7. kitica je danes slovenska himna.\u00a0[<a href=\"https:\/\/www.travel-slovenia.si\/slo\/france-preseren\/\">_Preberite ve\u010d_<\/a>]\n<p style=\"text-align: justify;\"><img loading=\"lazy\" decoding=\"async\" class=\"alignleft size-full wp-image-4643\" src=\"https:\/\/www.travel-slovenia.si\/slo\/wp-content\/uploads\/2015\/12\/travel-slovenia-zdravljica-view.jpg\" alt=\"travel-slovenia-zdravljica-view\" width=\"150\" height=\"150\" srcset=\"https:\/\/www.travel-slovenia.si\/slo\/wp-content\/uploads\/2015\/12\/travel-slovenia-zdravljica-view.jpg 150w, https:\/\/www.travel-slovenia.si\/slo\/wp-content\/uploads\/2015\/12\/travel-slovenia-zdravljica-view-83x83.jpg 83w, https:\/\/www.travel-slovenia.si\/slo\/wp-content\/uploads\/2015\/12\/travel-slovenia-zdravljica-view-55x55.jpg 55w, https:\/\/www.travel-slovenia.si\/slo\/wp-content\/uploads\/2015\/12\/travel-slovenia-zdravljica-view-24x24.jpg 24w, https:\/\/www.travel-slovenia.si\/slo\/wp-content\/uploads\/2015\/12\/travel-slovenia-zdravljica-view-36x36.jpg 36w, https:\/\/www.travel-slovenia.si\/slo\/wp-content\/uploads\/2015\/12\/travel-slovenia-zdravljica-view-48x48.jpg 48w\" sizes=\"auto, (max-width: 150px) 100vw, 150px\" \/><strong><em>France Pre\u0161eren &#8211; Zdravljica<\/em><\/strong><br \/>\nZdravljica je pesem, ki jo je napisal France Pre\u0161eren novembra 1844. Pesem je napisal kot napitnico, najverjetneje na pobudo Matije Vrtovca, znanega kot \u0161entvi\u0161kega vinogradnika. V njej je zdru\u017eil misel o prijateljstvu z \u017eeljo po enosti, svobodi, bratstvu in medsebojnem spo\u0161tovanju ljudi. [<a href=\"https:\/\/www.travel-slovenia.si\/slo\/france-preseren-zdravljica\/\">_Preberite ve\u010d_<\/a>]\n","protected":false},"excerpt":{"rendered":"<p>Zdravljica je pesem, ki jo je napisal France Pre\u0161eren novembra 1844. Objavo je morala po\u010dakati do leta 1848. Leta 1991 je Stanko Premrl pesem\u00a0uglasbil za zbor in njena 7. kitica je\u00a0postala Slovenska himna. &nbsp; &nbsp; &nbsp; &nbsp; &nbsp; &nbsp; SLOVENSKA NARODNA HIMNA France Pre\u0161eren: Zdravljica (7 kitica) \u017div\u00e9 naj vsi nar\u00f3di, ki hrepen\u00e9 do\u010dakat&#8217; dan, [&hellip;]<\/p>\n","protected":false},"author":111,"featured_media":0,"parent":14,"menu_order":0,"comment_status":"closed","ping_status":"closed","template":"","meta":{"footnotes":""},"class_list":["post-169","page","type-page","status-publish","hentry"],"yoast_head":"<!-- This site is optimized with the Yoast SEO plugin v25.4 - https:\/\/yoast.com\/wordpress\/plugins\/seo\/ -->\n<title>Slovenska narodna himna : Travel-Slovenia<\/title>\n<meta name=\"description\" content=\"Zdravljica je pesem, ki jo je napisal France Pre\u0161eren novembra 1844 in njena 7 kitica je postala slovenska narodna himna.\" \/>\n<meta name=\"robots\" content=\"index, follow, max-snippet:-1, max-image-preview:large, max-video-preview:-1\" \/>\n<link rel=\"canonical\" href=\"https:\/\/www.travel-slovenia.si\/slo\/v-besedi\/slovenska-narodna-himna\/\" \/>\n<meta property=\"og:locale\" content=\"sl_SI\" \/>\n<meta property=\"og:type\" content=\"article\" \/>\n<meta property=\"og:title\" content=\"Slovenska narodna himna : Travel-Slovenia\" \/>\n<meta property=\"og:description\" content=\"Zdravljica je pesem, ki jo je napisal France Pre\u0161eren novembra 1844 in njena 7 kitica je postala slovenska narodna himna.\" \/>\n<meta property=\"og:url\" content=\"https:\/\/www.travel-slovenia.si\/slo\/v-besedi\/slovenska-narodna-himna\/\" \/>\n<meta property=\"og:site_name\" content=\"Travel Slovenia - Sledite lepotam na\u0161e male dr\u017eavice\" \/>\n<meta property=\"article:modified_time\" content=\"2015-12-25T22:26:06+00:00\" \/>\n<meta property=\"og:image\" content=\"https:\/\/www.travel-slovenia.si\/slo\/wp-content\/uploads\/2014\/06\/travel-slovenia-slovenska-himna.jpg\" \/>\n\t<meta property=\"og:image:width\" content=\"371\" \/>\n\t<meta property=\"og:image:height\" content=\"276\" \/>\n\t<meta property=\"og:image:type\" content=\"image\/jpeg\" \/>\n<meta name=\"twitter:card\" content=\"summary_large_image\" \/>\n<meta name=\"twitter:title\" content=\"Slovenska narodna himna : Travel-Slovenia\" \/>\n<meta name=\"twitter:description\" content=\"Zdravljica je pesem, ki jo je napisal France Pre\u0161eren novembra 1844 in njena 7 kitica je postala slovenska narodna himna.\" \/>\n<meta name=\"twitter:image\" content=\"https:\/\/www.travel-slovenia.si\/slo\/wp-content\/uploads\/2014\/06\/travel-slovenia-slovenska-himna.jpg\" \/>\n<meta name=\"twitter:label1\" content=\"Est. reading time\" \/>\n\t<meta name=\"twitter:data1\" content=\"1 minuta\" \/>\n<script type=\"application\/ld+json\" class=\"yoast-schema-graph\">{\"@context\":\"https:\/\/schema.org\",\"@graph\":[{\"@type\":\"WebPage\",\"@id\":\"https:\/\/www.travel-slovenia.si\/slo\/v-besedi\/slovenska-narodna-himna\/\",\"url\":\"https:\/\/www.travel-slovenia.si\/slo\/v-besedi\/slovenska-narodna-himna\/\",\"name\":\"Slovenska narodna himna : Travel-Slovenia\",\"isPartOf\":{\"@id\":\"https:\/\/www.travel-slovenia.si\/slo\/#website\"},\"primaryImageOfPage\":{\"@id\":\"https:\/\/www.travel-slovenia.si\/slo\/v-besedi\/slovenska-narodna-himna\/#primaryimage\"},\"image\":{\"@id\":\"https:\/\/www.travel-slovenia.si\/slo\/v-besedi\/slovenska-narodna-himna\/#primaryimage\"},\"thumbnailUrl\":\"https:\/\/www.travel-slovenia.si\/slo\/wp-content\/uploads\/2014\/06\/travel-slovenia-slovenska-himna-300x223.jpg\",\"datePublished\":\"2014-06-10T08:13:10+00:00\",\"dateModified\":\"2015-12-25T22:26:06+00:00\",\"description\":\"Zdravljica je pesem, ki jo je napisal France Pre\u0161eren novembra 1844 in njena 7 kitica je postala slovenska narodna himna.\",\"breadcrumb\":{\"@id\":\"https:\/\/www.travel-slovenia.si\/slo\/v-besedi\/slovenska-narodna-himna\/#breadcrumb\"},\"inLanguage\":\"sl-SI\",\"potentialAction\":[{\"@type\":\"ReadAction\",\"target\":[\"https:\/\/www.travel-slovenia.si\/slo\/v-besedi\/slovenska-narodna-himna\/\"]}]},{\"@type\":\"ImageObject\",\"inLanguage\":\"sl-SI\",\"@id\":\"https:\/\/www.travel-slovenia.si\/slo\/v-besedi\/slovenska-narodna-himna\/#primaryimage\",\"url\":\"https:\/\/www.travel-slovenia.si\/slo\/wp-content\/uploads\/2014\/06\/travel-slovenia-slovenska-himna.jpg\",\"contentUrl\":\"https:\/\/www.travel-slovenia.si\/slo\/wp-content\/uploads\/2014\/06\/travel-slovenia-slovenska-himna.jpg\",\"width\":371,\"height\":276,\"caption\":\"Slovenska narodna himna\"},{\"@type\":\"BreadcrumbList\",\"@id\":\"https:\/\/www.travel-slovenia.si\/slo\/v-besedi\/slovenska-narodna-himna\/#breadcrumb\",\"itemListElement\":[{\"@type\":\"ListItem\",\"position\":1,\"name\":\"Home\",\"item\":\"https:\/\/www.travel-slovenia.si\/slo\/\"},{\"@type\":\"ListItem\",\"position\":2,\"name\":\"V BESEDI\",\"item\":\"https:\/\/www.travel-slovenia.si\/slo\/v-besedi\/\"},{\"@type\":\"ListItem\",\"position\":3,\"name\":\"Slovenska narodna himna\"}]},{\"@type\":\"WebSite\",\"@id\":\"https:\/\/www.travel-slovenia.si\/slo\/#website\",\"url\":\"https:\/\/www.travel-slovenia.si\/slo\/\",\"name\":\"Travel Slovenia - Sledite lepotam na\u0161e male dr\u017eavice\",\"description\":\"\",\"potentialAction\":[{\"@type\":\"SearchAction\",\"target\":{\"@type\":\"EntryPoint\",\"urlTemplate\":\"https:\/\/www.travel-slovenia.si\/slo\/?s={search_term_string}\"},\"query-input\":{\"@type\":\"PropertyValueSpecification\",\"valueRequired\":true,\"valueName\":\"search_term_string\"}}],\"inLanguage\":\"sl-SI\"}]}<\/script>\n<!-- \/ Yoast SEO plugin. -->","yoast_head_json":{"title":"Slovenska narodna himna : Travel-Slovenia","description":"Zdravljica je pesem, ki jo je napisal France Pre\u0161eren novembra 1844 in njena 7 kitica je postala slovenska narodna himna.","robots":{"index":"index","follow":"follow","max-snippet":"max-snippet:-1","max-image-preview":"max-image-preview:large","max-video-preview":"max-video-preview:-1"},"canonical":"https:\/\/www.travel-slovenia.si\/slo\/v-besedi\/slovenska-narodna-himna\/","og_locale":"sl_SI","og_type":"article","og_title":"Slovenska narodna himna : Travel-Slovenia","og_description":"Zdravljica je pesem, ki jo je napisal France Pre\u0161eren novembra 1844 in njena 7 kitica je postala slovenska narodna himna.","og_url":"https:\/\/www.travel-slovenia.si\/slo\/v-besedi\/slovenska-narodna-himna\/","og_site_name":"Travel Slovenia - Sledite lepotam na\u0161e male dr\u017eavice","article_modified_time":"2015-12-25T22:26:06+00:00","og_image":[{"width":371,"height":276,"url":"https:\/\/www.travel-slovenia.si\/slo\/wp-content\/uploads\/2014\/06\/travel-slovenia-slovenska-himna.jpg","type":"image\/jpeg"}],"twitter_card":"summary_large_image","twitter_title":"Slovenska narodna himna : Travel-Slovenia","twitter_description":"Zdravljica je pesem, ki jo je napisal France Pre\u0161eren novembra 1844 in njena 7 kitica je postala slovenska narodna himna.","twitter_image":"https:\/\/www.travel-slovenia.si\/slo\/wp-content\/uploads\/2014\/06\/travel-slovenia-slovenska-himna.jpg","twitter_misc":{"Est. reading time":"1 minuta"},"schema":{"@context":"https:\/\/schema.org","@graph":[{"@type":"WebPage","@id":"https:\/\/www.travel-slovenia.si\/slo\/v-besedi\/slovenska-narodna-himna\/","url":"https:\/\/www.travel-slovenia.si\/slo\/v-besedi\/slovenska-narodna-himna\/","name":"Slovenska narodna himna : Travel-Slovenia","isPartOf":{"@id":"https:\/\/www.travel-slovenia.si\/slo\/#website"},"primaryImageOfPage":{"@id":"https:\/\/www.travel-slovenia.si\/slo\/v-besedi\/slovenska-narodna-himna\/#primaryimage"},"image":{"@id":"https:\/\/www.travel-slovenia.si\/slo\/v-besedi\/slovenska-narodna-himna\/#primaryimage"},"thumbnailUrl":"https:\/\/www.travel-slovenia.si\/slo\/wp-content\/uploads\/2014\/06\/travel-slovenia-slovenska-himna-300x223.jpg","datePublished":"2014-06-10T08:13:10+00:00","dateModified":"2015-12-25T22:26:06+00:00","description":"Zdravljica je pesem, ki jo je napisal France Pre\u0161eren novembra 1844 in njena 7 kitica je postala slovenska narodna himna.","breadcrumb":{"@id":"https:\/\/www.travel-slovenia.si\/slo\/v-besedi\/slovenska-narodna-himna\/#breadcrumb"},"inLanguage":"sl-SI","potentialAction":[{"@type":"ReadAction","target":["https:\/\/www.travel-slovenia.si\/slo\/v-besedi\/slovenska-narodna-himna\/"]}]},{"@type":"ImageObject","inLanguage":"sl-SI","@id":"https:\/\/www.travel-slovenia.si\/slo\/v-besedi\/slovenska-narodna-himna\/#primaryimage","url":"https:\/\/www.travel-slovenia.si\/slo\/wp-content\/uploads\/2014\/06\/travel-slovenia-slovenska-himna.jpg","contentUrl":"https:\/\/www.travel-slovenia.si\/slo\/wp-content\/uploads\/2014\/06\/travel-slovenia-slovenska-himna.jpg","width":371,"height":276,"caption":"Slovenska narodna himna"},{"@type":"BreadcrumbList","@id":"https:\/\/www.travel-slovenia.si\/slo\/v-besedi\/slovenska-narodna-himna\/#breadcrumb","itemListElement":[{"@type":"ListItem","position":1,"name":"Home","item":"https:\/\/www.travel-slovenia.si\/slo\/"},{"@type":"ListItem","position":2,"name":"V BESEDI","item":"https:\/\/www.travel-slovenia.si\/slo\/v-besedi\/"},{"@type":"ListItem","position":3,"name":"Slovenska narodna himna"}]},{"@type":"WebSite","@id":"https:\/\/www.travel-slovenia.si\/slo\/#website","url":"https:\/\/www.travel-slovenia.si\/slo\/","name":"Travel Slovenia - Sledite lepotam na\u0161e male dr\u017eavice","description":"","potentialAction":[{"@type":"SearchAction","target":{"@type":"EntryPoint","urlTemplate":"https:\/\/www.travel-slovenia.si\/slo\/?s={search_term_string}"},"query-input":{"@type":"PropertyValueSpecification","valueRequired":true,"valueName":"search_term_string"}}],"inLanguage":"sl-SI"}]}},"post_mailing_queue_ids":[],"_links":{"self":[{"href":"https:\/\/www.travel-slovenia.si\/slo\/wp-json\/wp\/v2\/pages\/169","targetHints":{"allow":["GET"]}}],"collection":[{"href":"https:\/\/www.travel-slovenia.si\/slo\/wp-json\/wp\/v2\/pages"}],"about":[{"href":"https:\/\/www.travel-slovenia.si\/slo\/wp-json\/wp\/v2\/types\/page"}],"author":[{"embeddable":true,"href":"https:\/\/www.travel-slovenia.si\/slo\/wp-json\/wp\/v2\/users\/111"}],"replies":[{"embeddable":true,"href":"https:\/\/www.travel-slovenia.si\/slo\/wp-json\/wp\/v2\/comments?post=169"}],"version-history":[{"count":32,"href":"https:\/\/www.travel-slovenia.si\/slo\/wp-json\/wp\/v2\/pages\/169\/revisions"}],"predecessor-version":[{"id":4655,"href":"https:\/\/www.travel-slovenia.si\/slo\/wp-json\/wp\/v2\/pages\/169\/revisions\/4655"}],"up":[{"embeddable":true,"href":"https:\/\/www.travel-slovenia.si\/slo\/wp-json\/wp\/v2\/pages\/14"}],"wp:attachment":[{"href":"https:\/\/www.travel-slovenia.si\/slo\/wp-json\/wp\/v2\/media?parent=169"}],"curies":[{"name":"wp","href":"https:\/\/api.w.org\/{rel}","templated":true}]}}