{"id":1666,"date":"2014-08-28T09:59:43","date_gmt":"2014-08-28T09:59:43","guid":{"rendered":"https:\/\/www.travel-slovenia.si\/?page_id=1666"},"modified":"2015-11-02T14:13:10","modified_gmt":"2015-11-02T12:13:10","slug":"logarjeva-lipa","status":"publish","type":"page","link":"https:\/\/www.travel-slovenia.si\/slo\/logarjeva-lipa\/","title":{"rendered":"Logarjeva lipa"},"content":{"rendered":"<figure id=\"attachment_3873\" class=\"wp-caption alignleft\" style=\"max-width: 300px\"><img loading=\"lazy\" decoding=\"async\" class=\"size-medium wp-image-3873\" src=\"https:\/\/www.travel-slovenia.si\/slo\/wp-content\/uploads\/2014\/08\/travel-slovenia-logarska-dolina-logarjeva-lipa-300x225.jpg\" alt=\"Logarjeva lipa ob cesti\" width=\"300\" height=\"225\" srcset=\"https:\/\/www.travel-slovenia.si\/slo\/wp-content\/uploads\/2014\/08\/travel-slovenia-logarska-dolina-logarjeva-lipa-300x225.jpg 300w, https:\/\/www.travel-slovenia.si\/slo\/wp-content\/uploads\/2014\/08\/travel-slovenia-logarska-dolina-logarjeva-lipa-24x18.jpg 24w, https:\/\/www.travel-slovenia.si\/slo\/wp-content\/uploads\/2014\/08\/travel-slovenia-logarska-dolina-logarjeva-lipa-36x27.jpg 36w, https:\/\/www.travel-slovenia.si\/slo\/wp-content\/uploads\/2014\/08\/travel-slovenia-logarska-dolina-logarjeva-lipa-48x36.jpg 48w, https:\/\/www.travel-slovenia.si\/slo\/wp-content\/uploads\/2014\/08\/travel-slovenia-logarska-dolina-logarjeva-lipa.jpg 600w\" sizes=\"auto, (max-width: 300px) 100vw, 300px\" \/><figcaption class=\"wp-caption-text\">Logarjeva lipa ob cesti<\/figcaption><\/figure>\n<p style=\"text-align: justify;\">Veliko h krajinski vrednosti v Logarski dolini prispeva Logarjeva lipa, ki je simbol pogleda na dolino. Lipa uspeva v spodnjem delu doline, pribli\u017eno 300 metrov pred kmetijo Logar v Logu, na levi strani ceste. Lipa je lepe rasti, v vi\u0161ino meri 24 metrov, premer debla pa zna\u0161a 485 centimetrov. Zaradi njene vrednosti, je od leta 1987 razgla\u0161ena kot naravni spomenik.<\/p>\n<p style=\"text-align: justify;\">Drevo ima ve\u010d vrhov, kro\u017eno in gosto kro\u0161njo, ki se zaklju\u010di z zaobljenim vrhom. Kro\u0161nja je zdrava, deblo je votlo in odprto. Drevo je ograjeno z namenom, da se za\u0161\u010ditijo korenine pred po\u0161kodbami s strani turistov in goveda, ki se pase v bli\u017eini.<\/p>\n<p>&nbsp;<\/p>\n<hr \/>\n<p style=\"text-align: justify;\"><strong><em><img loading=\"lazy\" decoding=\"async\" class=\"alignleft size-full wp-image-3866\" src=\"https:\/\/www.travel-slovenia.si\/slo\/wp-content\/uploads\/2014\/08\/travel-slovenia-logarska-dolina-view.jpg\" alt=\"travel-slovenia-logarska-dolina-view\" width=\"150\" height=\"150\" srcset=\"https:\/\/www.travel-slovenia.si\/slo\/wp-content\/uploads\/2014\/08\/travel-slovenia-logarska-dolina-view.jpg 150w, https:\/\/www.travel-slovenia.si\/slo\/wp-content\/uploads\/2014\/08\/travel-slovenia-logarska-dolina-view-83x83.jpg 83w, https:\/\/www.travel-slovenia.si\/slo\/wp-content\/uploads\/2014\/08\/travel-slovenia-logarska-dolina-view-55x55.jpg 55w, https:\/\/www.travel-slovenia.si\/slo\/wp-content\/uploads\/2014\/08\/travel-slovenia-logarska-dolina-view-24x24.jpg 24w, https:\/\/www.travel-slovenia.si\/slo\/wp-content\/uploads\/2014\/08\/travel-slovenia-logarska-dolina-view-36x36.jpg 36w, https:\/\/www.travel-slovenia.si\/slo\/wp-content\/uploads\/2014\/08\/travel-slovenia-logarska-dolina-view-48x48.jpg 48w\" sizes=\"auto, (max-width: 150px) 100vw, 150px\" \/>Logarska dolina<br \/>\n<\/em><\/strong>Logarska dolina se nahaja v Kamni\u0161ko-Savinjskih Alpah in se glede na imena deli na spodnji del Log (moker, travnato glinasti svet), srednji del Plest (prete\u017eno gozdna svet) ter zgornji del Kot (gozdnat in kamnit svet). Dolina je bila 1987 zavarovana kot regijski park, ki se razprostira preko 24 kvadratnih km. [<a title=\"travel-slovenia-logar-valley\" href=\"https:\/\/www.travel-slovenia.si\/location\/logar-valley\/\">_Read more_<\/a>]\n","protected":false},"excerpt":{"rendered":"<p>Veliko h krajinski vrednosti v Logarski dolini prispeva Logarjeva lipa, ki je simbol pogleda na dolino. Lipa uspeva v spodnjem delu doline, pribli\u017eno 300 metrov pred kmetijo Logar v Logu, na levi strani ceste. Lipa je lepe rasti, v vi\u0161ino meri 24 metrov, premer debla pa zna\u0161a 485 centimetrov. Zaradi njene vrednosti, je od leta [&hellip;]<\/p>\n","protected":false},"author":111,"featured_media":0,"parent":0,"menu_order":0,"comment_status":"closed","ping_status":"closed","template":"","meta":{"footnotes":""},"class_list":["post-1666","page","type-page","status-publish","hentry"],"yoast_head":"<!-- This site is optimized with the Yoast SEO plugin v25.4 - https:\/\/yoast.com\/wordpress\/plugins\/seo\/ -->\n<title>Logarjeva lipa : Travel-Slovenia<\/title>\n<meta name=\"description\" content=\"Veliko h krajinski vrednosti v Logarski dolini prispeva Logarjeva lipa, ki je simbol pogleda na dolino.\" \/>\n<meta name=\"robots\" content=\"index, follow, max-snippet:-1, max-image-preview:large, max-video-preview:-1\" \/>\n<link rel=\"canonical\" href=\"https:\/\/www.travel-slovenia.si\/slo\/logarjeva-lipa\/\" \/>\n<meta property=\"og:locale\" content=\"sl_SI\" \/>\n<meta property=\"og:type\" content=\"article\" \/>\n<meta property=\"og:title\" content=\"Logarjeva lipa : Travel-Slovenia\" \/>\n<meta property=\"og:description\" content=\"Veliko h krajinski vrednosti v Logarski dolini prispeva Logarjeva lipa, ki je simbol pogleda na dolino.\" \/>\n<meta property=\"og:url\" content=\"https:\/\/www.travel-slovenia.si\/slo\/logarjeva-lipa\/\" \/>\n<meta property=\"og:site_name\" content=\"Travel Slovenia - Sledite lepotam na\u0161e male dr\u017eavice\" \/>\n<meta property=\"article:modified_time\" content=\"2015-11-02T12:13:10+00:00\" \/>\n<meta property=\"og:image\" content=\"https:\/\/www.travel-slovenia.si\/slo\/wp-content\/uploads\/2014\/08\/travel-slovenia-logarska-dolina-logarjeva-lipa.jpg\" \/>\n\t<meta property=\"og:image:width\" content=\"600\" \/>\n\t<meta property=\"og:image:height\" content=\"450\" \/>\n\t<meta property=\"og:image:type\" content=\"image\/jpeg\" \/>\n<meta name=\"twitter:card\" content=\"summary_large_image\" \/>\n<meta name=\"twitter:title\" content=\"Logarjeva lipa : Travel-Slovenia\" \/>\n<meta name=\"twitter:description\" content=\"Veliko h krajinski vrednosti v Logarski dolini prispeva Logarjeva lipa, ki je simbol pogleda na dolino.\" \/>\n<meta name=\"twitter:image\" content=\"https:\/\/www.travel-slovenia.si\/slo\/wp-content\/uploads\/2014\/08\/travel-slovenia-logarska-dolina-logarjeva-lipa.jpg\" \/>\n<meta name=\"twitter:label1\" content=\"Est. reading time\" \/>\n\t<meta name=\"twitter:data1\" content=\"1 minuta\" \/>\n<script type=\"application\/ld+json\" class=\"yoast-schema-graph\">{\"@context\":\"https:\/\/schema.org\",\"@graph\":[{\"@type\":\"WebPage\",\"@id\":\"https:\/\/www.travel-slovenia.si\/slo\/logarjeva-lipa\/\",\"url\":\"https:\/\/www.travel-slovenia.si\/slo\/logarjeva-lipa\/\",\"name\":\"Logarjeva lipa : Travel-Slovenia\",\"isPartOf\":{\"@id\":\"https:\/\/www.travel-slovenia.si\/slo\/#website\"},\"primaryImageOfPage\":{\"@id\":\"https:\/\/www.travel-slovenia.si\/slo\/logarjeva-lipa\/#primaryimage\"},\"image\":{\"@id\":\"https:\/\/www.travel-slovenia.si\/slo\/logarjeva-lipa\/#primaryimage\"},\"thumbnailUrl\":\"https:\/\/www.travel-slovenia.si\/slo\/wp-content\/uploads\/2014\/08\/travel-slovenia-logarska-dolina-logarjeva-lipa-300x225.jpg\",\"datePublished\":\"2014-08-28T09:59:43+00:00\",\"dateModified\":\"2015-11-02T12:13:10+00:00\",\"description\":\"Veliko h krajinski vrednosti v Logarski dolini prispeva Logarjeva lipa, ki je simbol pogleda na dolino.\",\"breadcrumb\":{\"@id\":\"https:\/\/www.travel-slovenia.si\/slo\/logarjeva-lipa\/#breadcrumb\"},\"inLanguage\":\"sl-SI\",\"potentialAction\":[{\"@type\":\"ReadAction\",\"target\":[\"https:\/\/www.travel-slovenia.si\/slo\/logarjeva-lipa\/\"]}]},{\"@type\":\"ImageObject\",\"inLanguage\":\"sl-SI\",\"@id\":\"https:\/\/www.travel-slovenia.si\/slo\/logarjeva-lipa\/#primaryimage\",\"url\":\"https:\/\/www.travel-slovenia.si\/slo\/wp-content\/uploads\/2014\/08\/travel-slovenia-logarska-dolina-logarjeva-lipa.jpg\",\"contentUrl\":\"https:\/\/www.travel-slovenia.si\/slo\/wp-content\/uploads\/2014\/08\/travel-slovenia-logarska-dolina-logarjeva-lipa.jpg\",\"width\":600,\"height\":450,\"caption\":\"Logarjeva lipa ob cesti\"},{\"@type\":\"BreadcrumbList\",\"@id\":\"https:\/\/www.travel-slovenia.si\/slo\/logarjeva-lipa\/#breadcrumb\",\"itemListElement\":[{\"@type\":\"ListItem\",\"position\":1,\"name\":\"Home\",\"item\":\"https:\/\/www.travel-slovenia.si\/slo\/\"},{\"@type\":\"ListItem\",\"position\":2,\"name\":\"Logarjeva lipa\"}]},{\"@type\":\"WebSite\",\"@id\":\"https:\/\/www.travel-slovenia.si\/slo\/#website\",\"url\":\"https:\/\/www.travel-slovenia.si\/slo\/\",\"name\":\"Travel Slovenia - Sledite lepotam na\u0161e male dr\u017eavice\",\"description\":\"\",\"potentialAction\":[{\"@type\":\"SearchAction\",\"target\":{\"@type\":\"EntryPoint\",\"urlTemplate\":\"https:\/\/www.travel-slovenia.si\/slo\/?s={search_term_string}\"},\"query-input\":{\"@type\":\"PropertyValueSpecification\",\"valueRequired\":true,\"valueName\":\"search_term_string\"}}],\"inLanguage\":\"sl-SI\"}]}<\/script>\n<!-- \/ Yoast SEO plugin. -->","yoast_head_json":{"title":"Logarjeva lipa : Travel-Slovenia","description":"Veliko h krajinski vrednosti v Logarski dolini prispeva Logarjeva lipa, ki je simbol pogleda na dolino.","robots":{"index":"index","follow":"follow","max-snippet":"max-snippet:-1","max-image-preview":"max-image-preview:large","max-video-preview":"max-video-preview:-1"},"canonical":"https:\/\/www.travel-slovenia.si\/slo\/logarjeva-lipa\/","og_locale":"sl_SI","og_type":"article","og_title":"Logarjeva lipa : Travel-Slovenia","og_description":"Veliko h krajinski vrednosti v Logarski dolini prispeva Logarjeva lipa, ki je simbol pogleda na dolino.","og_url":"https:\/\/www.travel-slovenia.si\/slo\/logarjeva-lipa\/","og_site_name":"Travel Slovenia - Sledite lepotam na\u0161e male dr\u017eavice","article_modified_time":"2015-11-02T12:13:10+00:00","og_image":[{"width":600,"height":450,"url":"https:\/\/www.travel-slovenia.si\/slo\/wp-content\/uploads\/2014\/08\/travel-slovenia-logarska-dolina-logarjeva-lipa.jpg","type":"image\/jpeg"}],"twitter_card":"summary_large_image","twitter_title":"Logarjeva lipa : Travel-Slovenia","twitter_description":"Veliko h krajinski vrednosti v Logarski dolini prispeva Logarjeva lipa, ki je simbol pogleda na dolino.","twitter_image":"https:\/\/www.travel-slovenia.si\/slo\/wp-content\/uploads\/2014\/08\/travel-slovenia-logarska-dolina-logarjeva-lipa.jpg","twitter_misc":{"Est. reading time":"1 minuta"},"schema":{"@context":"https:\/\/schema.org","@graph":[{"@type":"WebPage","@id":"https:\/\/www.travel-slovenia.si\/slo\/logarjeva-lipa\/","url":"https:\/\/www.travel-slovenia.si\/slo\/logarjeva-lipa\/","name":"Logarjeva lipa : Travel-Slovenia","isPartOf":{"@id":"https:\/\/www.travel-slovenia.si\/slo\/#website"},"primaryImageOfPage":{"@id":"https:\/\/www.travel-slovenia.si\/slo\/logarjeva-lipa\/#primaryimage"},"image":{"@id":"https:\/\/www.travel-slovenia.si\/slo\/logarjeva-lipa\/#primaryimage"},"thumbnailUrl":"https:\/\/www.travel-slovenia.si\/slo\/wp-content\/uploads\/2014\/08\/travel-slovenia-logarska-dolina-logarjeva-lipa-300x225.jpg","datePublished":"2014-08-28T09:59:43+00:00","dateModified":"2015-11-02T12:13:10+00:00","description":"Veliko h krajinski vrednosti v Logarski dolini prispeva Logarjeva lipa, ki je simbol pogleda na dolino.","breadcrumb":{"@id":"https:\/\/www.travel-slovenia.si\/slo\/logarjeva-lipa\/#breadcrumb"},"inLanguage":"sl-SI","potentialAction":[{"@type":"ReadAction","target":["https:\/\/www.travel-slovenia.si\/slo\/logarjeva-lipa\/"]}]},{"@type":"ImageObject","inLanguage":"sl-SI","@id":"https:\/\/www.travel-slovenia.si\/slo\/logarjeva-lipa\/#primaryimage","url":"https:\/\/www.travel-slovenia.si\/slo\/wp-content\/uploads\/2014\/08\/travel-slovenia-logarska-dolina-logarjeva-lipa.jpg","contentUrl":"https:\/\/www.travel-slovenia.si\/slo\/wp-content\/uploads\/2014\/08\/travel-slovenia-logarska-dolina-logarjeva-lipa.jpg","width":600,"height":450,"caption":"Logarjeva lipa ob cesti"},{"@type":"BreadcrumbList","@id":"https:\/\/www.travel-slovenia.si\/slo\/logarjeva-lipa\/#breadcrumb","itemListElement":[{"@type":"ListItem","position":1,"name":"Home","item":"https:\/\/www.travel-slovenia.si\/slo\/"},{"@type":"ListItem","position":2,"name":"Logarjeva lipa"}]},{"@type":"WebSite","@id":"https:\/\/www.travel-slovenia.si\/slo\/#website","url":"https:\/\/www.travel-slovenia.si\/slo\/","name":"Travel Slovenia - Sledite lepotam na\u0161e male dr\u017eavice","description":"","potentialAction":[{"@type":"SearchAction","target":{"@type":"EntryPoint","urlTemplate":"https:\/\/www.travel-slovenia.si\/slo\/?s={search_term_string}"},"query-input":{"@type":"PropertyValueSpecification","valueRequired":true,"valueName":"search_term_string"}}],"inLanguage":"sl-SI"}]}},"post_mailing_queue_ids":[],"_links":{"self":[{"href":"https:\/\/www.travel-slovenia.si\/slo\/wp-json\/wp\/v2\/pages\/1666","targetHints":{"allow":["GET"]}}],"collection":[{"href":"https:\/\/www.travel-slovenia.si\/slo\/wp-json\/wp\/v2\/pages"}],"about":[{"href":"https:\/\/www.travel-slovenia.si\/slo\/wp-json\/wp\/v2\/types\/page"}],"author":[{"embeddable":true,"href":"https:\/\/www.travel-slovenia.si\/slo\/wp-json\/wp\/v2\/users\/111"}],"replies":[{"embeddable":true,"href":"https:\/\/www.travel-slovenia.si\/slo\/wp-json\/wp\/v2\/comments?post=1666"}],"version-history":[{"count":10,"href":"https:\/\/www.travel-slovenia.si\/slo\/wp-json\/wp\/v2\/pages\/1666\/revisions"}],"predecessor-version":[{"id":4289,"href":"https:\/\/www.travel-slovenia.si\/slo\/wp-json\/wp\/v2\/pages\/1666\/revisions\/4289"}],"wp:attachment":[{"href":"https:\/\/www.travel-slovenia.si\/slo\/wp-json\/wp\/v2\/media?parent=1666"}],"curies":[{"name":"wp","href":"https:\/\/api.w.org\/{rel}","templated":true}]}}