{"id":1532,"date":"2014-08-19T10:07:48","date_gmt":"2014-08-19T10:07:48","guid":{"rendered":"https:\/\/www.travel-slovenia.si\/?page_id=1532"},"modified":"2015-10-04T15:55:05","modified_gmt":"2015-10-04T15:55:05","slug":"vodotoki-v-sloveniji","status":"publish","type":"page","link":"https:\/\/www.travel-slovenia.si\/slo\/vodotoki-v-sloveniji\/","title":{"rendered":"Vodotoki"},"content":{"rendered":"<p style=\"text-align: justify;\">Vodotoki v Sloveniji so v povpre\u010dju najbolj \u010disti v Evropi. Obenem pa se po skupni koli\u010dini re\u010dne vode na prebivalca uvr\u0161\u010da med najbogatej\u0161e med evropskimi dr\u017eavami, saj je povpre\u010dje prese\u017eeno za vsaj \u0161tirikrat. Skupna dol\u017eina vseh vodotokov, rek, stalnih in hudourni\u0161kih pritokov je 26.000 km. Dol\u017eina vodotokov, ki so dalj\u0161i od 20 km, je nekoliko nad 4.700 km. Slovenija spada med izredno hidrolo\u0161ko aktivne dr\u017eave, ker ve\u010dina vodotokov v enem ali dveh dneh zapusti na\u0161e ozemlje po pribli\u017eno 100 km dolgem vodnem toku. V Sloveniji je registriranih 1271 stoje\u010dih voda. Te vklju\u010dujejo: stalna jezera, nestalna jezera, mrtvice, mokri\u0161\u010da, umetne zbiralnike, manj\u0161e zbiralnike in ribnike, kakor tudi drugi jezovi nastali zaradi umetnih posegov v okolje. Podzemna voda se napaja s hudourni\u0161kimi ali povr\u0161inskimi vodami, ko voda pronica skozi porozno kamnino. Njihova prostorska razporeditev je odvisna od geolo\u0161ke strukture.<\/p>\n<p style=\"text-align: justify;\"><strong><em><img loading=\"lazy\" decoding=\"async\" class=\"alignleft size-full wp-image-3761\" src=\"https:\/\/www.travel-slovenia.si\/slo\/wp-content\/uploads\/2014\/08\/travel-slovenia-reke-view.jpg\" alt=\"travel-slovenia-reke-view\" width=\"150\" height=\"150\" srcset=\"https:\/\/www.travel-slovenia.si\/slo\/wp-content\/uploads\/2014\/08\/travel-slovenia-reke-view.jpg 150w, https:\/\/www.travel-slovenia.si\/slo\/wp-content\/uploads\/2014\/08\/travel-slovenia-reke-view-83x83.jpg 83w, https:\/\/www.travel-slovenia.si\/slo\/wp-content\/uploads\/2014\/08\/travel-slovenia-reke-view-55x55.jpg 55w, https:\/\/www.travel-slovenia.si\/slo\/wp-content\/uploads\/2014\/08\/travel-slovenia-reke-view-24x24.jpg 24w, https:\/\/www.travel-slovenia.si\/slo\/wp-content\/uploads\/2014\/08\/travel-slovenia-reke-view-36x36.jpg 36w, https:\/\/www.travel-slovenia.si\/slo\/wp-content\/uploads\/2014\/08\/travel-slovenia-reke-view-48x48.jpg 48w\" sizes=\"auto, (max-width: 150px) 100vw, 150px\" \/>Reke<\/em><\/strong><br \/>\nReka je dalj\u0161i naravni tok vode. Re\u010dni tok je sestavljen iz treh delov: iz izvira in zgornjega toka, ki\u00a0tvorita prvoten del reke in kasneje postane glavni, spodnji ali dolnji tok. Najni\u017eji konec reke je njeno ustje.\u00a0Reke so najbolj pomemben faktor pri oblikovanju zemljinega povr\u0161ja. [<a href=\"https:\/\/www.travel-slovenia.si\/slo\/reke\/\">_Obi\u0161\u010dite lokacije_<\/a>]\n<p style=\"text-align: justify;\"><strong><em><img loading=\"lazy\" decoding=\"async\" class=\"alignleft size-full wp-image-3691\" src=\"https:\/\/www.travel-slovenia.si\/slo\/wp-content\/uploads\/2014\/08\/travel-slovenia-slapovi.jpg\" alt=\"travel-slovenia-slapovi\" width=\"150\" height=\"150\" srcset=\"https:\/\/www.travel-slovenia.si\/slo\/wp-content\/uploads\/2014\/08\/travel-slovenia-slapovi.jpg 150w, https:\/\/www.travel-slovenia.si\/slo\/wp-content\/uploads\/2014\/08\/travel-slovenia-slapovi-83x83.jpg 83w, https:\/\/www.travel-slovenia.si\/slo\/wp-content\/uploads\/2014\/08\/travel-slovenia-slapovi-55x55.jpg 55w, https:\/\/www.travel-slovenia.si\/slo\/wp-content\/uploads\/2014\/08\/travel-slovenia-slapovi-24x24.jpg 24w, https:\/\/www.travel-slovenia.si\/slo\/wp-content\/uploads\/2014\/08\/travel-slovenia-slapovi-36x36.jpg 36w, https:\/\/www.travel-slovenia.si\/slo\/wp-content\/uploads\/2014\/08\/travel-slovenia-slapovi-48x48.jpg 48w\" sizes=\"auto, (max-width: 150px) 100vw, 150px\" \/>Slapovi<\/em><\/strong><br \/>\nSlap je padajo\u010da voda, ki v razmeroma kratki razdalji premaga vi\u0161jo nadmorsko vi\u0161ino. Slap je sestavljen iz ustja, zidu padajo\u010de vode, vodnega \u017earka in dna. Na splo\u0161no so te\u017eko dostopni in te\u017eko merljivi. Ve\u010dina slapov v Sloveniji je bila zmerjenih v letih od\u00a01980 do 1982. [<a href=\"https:\/\/www.travel-slovenia.si\/slo\/slapovi\/\">_Obi\u0161\u010dite lokacije_<\/a>]\n<p style=\"text-align: justify;\"><strong><em><img loading=\"lazy\" decoding=\"async\" class=\"alignleft size-full wp-image-3759\" src=\"https:\/\/www.travel-slovenia.si\/slo\/wp-content\/uploads\/2014\/08\/travel-slovenia-jezera-view.jpg\" alt=\"travel-slovenia-jezera-view\" width=\"150\" height=\"150\" srcset=\"https:\/\/www.travel-slovenia.si\/slo\/wp-content\/uploads\/2014\/08\/travel-slovenia-jezera-view.jpg 150w, https:\/\/www.travel-slovenia.si\/slo\/wp-content\/uploads\/2014\/08\/travel-slovenia-jezera-view-83x83.jpg 83w, https:\/\/www.travel-slovenia.si\/slo\/wp-content\/uploads\/2014\/08\/travel-slovenia-jezera-view-55x55.jpg 55w, https:\/\/www.travel-slovenia.si\/slo\/wp-content\/uploads\/2014\/08\/travel-slovenia-jezera-view-24x24.jpg 24w, https:\/\/www.travel-slovenia.si\/slo\/wp-content\/uploads\/2014\/08\/travel-slovenia-jezera-view-36x36.jpg 36w, https:\/\/www.travel-slovenia.si\/slo\/wp-content\/uploads\/2014\/08\/travel-slovenia-jezera-view-48x48.jpg 48w\" sizes=\"auto, (max-width: 150px) 100vw, 150px\" \/>Jezera<\/em><\/strong><br \/>\nJezero je ve\u010dje (navadno sladkovodno) obmo\u010dje stoje\u010de vode, obdane z zemljo. Jezera so del izjemnih vodnih virov v Sloveniji, ki je le &#8211; z temi\u00a0med najbogatej\u0161imi dr\u017eavami v Evropi. Ve\u010dina jezer in njihovih bregov ponujajo odli\u010dno prilo\u017enost za rekreacijo in spro\u0161\u010deno sprehajanje. [<a href=\"https:\/\/www.travel-slovenia.si\/slo\/jezera\/\">_Obi\u0161\u010dite lokacije_<\/a>]\n<p style=\"text-align: justify;\"><strong><em><img loading=\"lazy\" decoding=\"async\" class=\"alignleft size-full wp-image-3762\" src=\"https:\/\/www.travel-slovenia.si\/slo\/wp-content\/uploads\/2014\/08\/travel-slovenia-ribniki-view.jpg\" alt=\"travel-slovenia-ribniki-view\" width=\"150\" height=\"150\" srcset=\"https:\/\/www.travel-slovenia.si\/slo\/wp-content\/uploads\/2014\/08\/travel-slovenia-ribniki-view.jpg 150w, https:\/\/www.travel-slovenia.si\/slo\/wp-content\/uploads\/2014\/08\/travel-slovenia-ribniki-view-83x83.jpg 83w, https:\/\/www.travel-slovenia.si\/slo\/wp-content\/uploads\/2014\/08\/travel-slovenia-ribniki-view-55x55.jpg 55w, https:\/\/www.travel-slovenia.si\/slo\/wp-content\/uploads\/2014\/08\/travel-slovenia-ribniki-view-24x24.jpg 24w, https:\/\/www.travel-slovenia.si\/slo\/wp-content\/uploads\/2014\/08\/travel-slovenia-ribniki-view-36x36.jpg 36w, https:\/\/www.travel-slovenia.si\/slo\/wp-content\/uploads\/2014\/08\/travel-slovenia-ribniki-view-48x48.jpg 48w\" sizes=\"auto, (max-width: 150px) 100vw, 150px\" \/>Ribniki<\/em><\/strong><br \/>\nRibnik je bazen s stoje\u010do vodo. Lahko je naravnega ali antropogenega izvora in je obi\u010dajno manj\u0161i od jezera. Ribniki so pomemben del kulturne pokrajine, ki zagotavljajo \u017eivljenjski prostor za mnoge organizme, obenem pa predstavljajo ustaljeno oskrbo z vodo. [<a href=\"https:\/\/www.travel-slovenia.si\/slo\/ribniki\/\">_Obi\u0161\u010dite lokacije_<\/a>]\n<p style=\"text-align: justify;\"><strong><em><img loading=\"lazy\" decoding=\"async\" class=\"alignleft size-full wp-image-3760\" src=\"https:\/\/www.travel-slovenia.si\/slo\/wp-content\/uploads\/2014\/08\/travel-slovenia-potoki-view.jpg\" alt=\"travel-slovenia-potoki-view\" width=\"150\" height=\"150\" srcset=\"https:\/\/www.travel-slovenia.si\/slo\/wp-content\/uploads\/2014\/08\/travel-slovenia-potoki-view.jpg 150w, https:\/\/www.travel-slovenia.si\/slo\/wp-content\/uploads\/2014\/08\/travel-slovenia-potoki-view-83x83.jpg 83w, https:\/\/www.travel-slovenia.si\/slo\/wp-content\/uploads\/2014\/08\/travel-slovenia-potoki-view-55x55.jpg 55w, https:\/\/www.travel-slovenia.si\/slo\/wp-content\/uploads\/2014\/08\/travel-slovenia-potoki-view-24x24.jpg 24w, https:\/\/www.travel-slovenia.si\/slo\/wp-content\/uploads\/2014\/08\/travel-slovenia-potoki-view-36x36.jpg 36w, https:\/\/www.travel-slovenia.si\/slo\/wp-content\/uploads\/2014\/08\/travel-slovenia-potoki-view-48x48.jpg 48w\" sizes=\"auto, (max-width: 150px) 100vw, 150px\" \/>Potoki<\/em><\/strong><br \/>\nPotok je dokaj ozek pas teko\u010de vode (vodni tok), ki obi\u010dajno te\u010de v ve\u010dje potoke in kasneje v reko ali morje. Potoki obi\u010dajno niso \u0161ir\u0161i od 3 metrov. Njihovo dno je kamnito, prodnato ali muljasto. Kamnito dno je navadno pora\u0161\u010deno z algami. Plankton v vodi skoraj ne obstaja. [<a href=\"https:\/\/www.travel-slovenia.si\/slo\/potoki\/\">_Obi\u0161\u010dite lokacije_<\/a>]\n","protected":false},"excerpt":{"rendered":"<p>Vodotoki v Sloveniji so v povpre\u010dju najbolj \u010disti v Evropi. Obenem pa se po skupni koli\u010dini re\u010dne vode na prebivalca uvr\u0161\u010da med najbogatej\u0161e med evropskimi dr\u017eavami, saj je povpre\u010dje prese\u017eeno za vsaj \u0161tirikrat. Skupna dol\u017eina vseh vodotokov, rek, stalnih in hudourni\u0161kih pritokov je 26.000 km. Dol\u017eina vodotokov, ki so dalj\u0161i od 20 km, je nekoliko [&hellip;]<\/p>\n","protected":false},"author":111,"featured_media":0,"parent":0,"menu_order":0,"comment_status":"closed","ping_status":"closed","template":"","meta":{"footnotes":""},"class_list":["post-1532","page","type-page","status-publish","hentry"],"yoast_head":"<!-- This site is optimized with the Yoast SEO plugin v25.4 - https:\/\/yoast.com\/wordpress\/plugins\/seo\/ -->\n<title>Vodotoki v Sloveniji : Travel-Slovenia<\/title>\n<meta name=\"description\" content=\"Skupna dol\u017eina vseh vodotokov, rek, stalnih in hudourni\u0161kih pritokov je 26.000 km.\" \/>\n<meta name=\"robots\" content=\"index, follow, max-snippet:-1, max-image-preview:large, max-video-preview:-1\" \/>\n<link rel=\"canonical\" href=\"https:\/\/www.travel-slovenia.si\/slo\/vodotoki-v-sloveniji\/\" \/>\n<meta property=\"og:locale\" content=\"sl_SI\" \/>\n<meta property=\"og:type\" content=\"article\" \/>\n<meta property=\"og:title\" content=\"Vodotoki v Sloveniji : Travel-Slovenia\" \/>\n<meta property=\"og:description\" content=\"Skupna dol\u017eina vseh vodotokov, rek, stalnih in hudourni\u0161kih pritokov je 26.000 km.\" \/>\n<meta property=\"og:url\" content=\"https:\/\/www.travel-slovenia.si\/slo\/vodotoki-v-sloveniji\/\" \/>\n<meta property=\"og:site_name\" content=\"Travel Slovenia - Sledite lepotam na\u0161e male dr\u017eavice\" \/>\n<meta property=\"article:modified_time\" content=\"2015-10-04T15:55:05+00:00\" \/>\n<meta property=\"og:image\" content=\"https:\/\/www.travel-slovenia.si\/slo\/wp-content\/uploads\/2014\/08\/travel-slovenia-slapovi.jpg\" \/>\n\t<meta property=\"og:image:width\" content=\"150\" \/>\n\t<meta property=\"og:image:height\" content=\"150\" \/>\n\t<meta property=\"og:image:type\" content=\"image\/jpeg\" \/>\n<meta name=\"twitter:card\" content=\"summary_large_image\" \/>\n<meta name=\"twitter:title\" content=\"Vodotoki v Sloveniji : Travel-Slovenia\" \/>\n<meta name=\"twitter:description\" content=\"Skupna dol\u017eina vseh vodotokov, rek, stalnih in hudourni\u0161kih pritokov je 26.000 km.\" \/>\n<meta name=\"twitter:image\" content=\"https:\/\/www.travel-slovenia.si\/slo\/wp-content\/uploads\/2014\/08\/travel-slovenia-slapovi.jpg\" \/>\n<meta name=\"twitter:label1\" content=\"Est. reading time\" \/>\n\t<meta name=\"twitter:data1\" content=\"2 minuti\" \/>\n<script type=\"application\/ld+json\" class=\"yoast-schema-graph\">{\"@context\":\"https:\/\/schema.org\",\"@graph\":[{\"@type\":\"WebPage\",\"@id\":\"https:\/\/www.travel-slovenia.si\/slo\/vodotoki-v-sloveniji\/\",\"url\":\"https:\/\/www.travel-slovenia.si\/slo\/vodotoki-v-sloveniji\/\",\"name\":\"Vodotoki v Sloveniji : Travel-Slovenia\",\"isPartOf\":{\"@id\":\"https:\/\/www.travel-slovenia.si\/slo\/#website\"},\"primaryImageOfPage\":{\"@id\":\"https:\/\/www.travel-slovenia.si\/slo\/vodotoki-v-sloveniji\/#primaryimage\"},\"image\":{\"@id\":\"https:\/\/www.travel-slovenia.si\/slo\/vodotoki-v-sloveniji\/#primaryimage\"},\"thumbnailUrl\":\"https:\/\/www.travel-slovenia.si\/slo\/wp-content\/uploads\/2014\/08\/travel-slovenia-reke-view.jpg\",\"datePublished\":\"2014-08-19T10:07:48+00:00\",\"dateModified\":\"2015-10-04T15:55:05+00:00\",\"description\":\"Skupna dol\u017eina vseh vodotokov, rek, stalnih in hudourni\u0161kih pritokov je 26.000 km.\",\"breadcrumb\":{\"@id\":\"https:\/\/www.travel-slovenia.si\/slo\/vodotoki-v-sloveniji\/#breadcrumb\"},\"inLanguage\":\"sl-SI\",\"potentialAction\":[{\"@type\":\"ReadAction\",\"target\":[\"https:\/\/www.travel-slovenia.si\/slo\/vodotoki-v-sloveniji\/\"]}]},{\"@type\":\"ImageObject\",\"inLanguage\":\"sl-SI\",\"@id\":\"https:\/\/www.travel-slovenia.si\/slo\/vodotoki-v-sloveniji\/#primaryimage\",\"url\":\"https:\/\/www.travel-slovenia.si\/slo\/wp-content\/uploads\/2014\/08\/travel-slovenia-reke-view.jpg\",\"contentUrl\":\"https:\/\/www.travel-slovenia.si\/slo\/wp-content\/uploads\/2014\/08\/travel-slovenia-reke-view.jpg\",\"width\":150,\"height\":150},{\"@type\":\"BreadcrumbList\",\"@id\":\"https:\/\/www.travel-slovenia.si\/slo\/vodotoki-v-sloveniji\/#breadcrumb\",\"itemListElement\":[{\"@type\":\"ListItem\",\"position\":1,\"name\":\"Home\",\"item\":\"https:\/\/www.travel-slovenia.si\/slo\/\"},{\"@type\":\"ListItem\",\"position\":2,\"name\":\"Vodotoki\"}]},{\"@type\":\"WebSite\",\"@id\":\"https:\/\/www.travel-slovenia.si\/slo\/#website\",\"url\":\"https:\/\/www.travel-slovenia.si\/slo\/\",\"name\":\"Travel Slovenia - Sledite lepotam na\u0161e male dr\u017eavice\",\"description\":\"\",\"potentialAction\":[{\"@type\":\"SearchAction\",\"target\":{\"@type\":\"EntryPoint\",\"urlTemplate\":\"https:\/\/www.travel-slovenia.si\/slo\/?s={search_term_string}\"},\"query-input\":{\"@type\":\"PropertyValueSpecification\",\"valueRequired\":true,\"valueName\":\"search_term_string\"}}],\"inLanguage\":\"sl-SI\"}]}<\/script>\n<!-- \/ Yoast SEO plugin. -->","yoast_head_json":{"title":"Vodotoki v Sloveniji : Travel-Slovenia","description":"Skupna dol\u017eina vseh vodotokov, rek, stalnih in hudourni\u0161kih pritokov je 26.000 km.","robots":{"index":"index","follow":"follow","max-snippet":"max-snippet:-1","max-image-preview":"max-image-preview:large","max-video-preview":"max-video-preview:-1"},"canonical":"https:\/\/www.travel-slovenia.si\/slo\/vodotoki-v-sloveniji\/","og_locale":"sl_SI","og_type":"article","og_title":"Vodotoki v Sloveniji : Travel-Slovenia","og_description":"Skupna dol\u017eina vseh vodotokov, rek, stalnih in hudourni\u0161kih pritokov je 26.000 km.","og_url":"https:\/\/www.travel-slovenia.si\/slo\/vodotoki-v-sloveniji\/","og_site_name":"Travel Slovenia - Sledite lepotam na\u0161e male dr\u017eavice","article_modified_time":"2015-10-04T15:55:05+00:00","og_image":[{"width":150,"height":150,"url":"https:\/\/www.travel-slovenia.si\/slo\/wp-content\/uploads\/2014\/08\/travel-slovenia-slapovi.jpg","type":"image\/jpeg"}],"twitter_card":"summary_large_image","twitter_title":"Vodotoki v Sloveniji : Travel-Slovenia","twitter_description":"Skupna dol\u017eina vseh vodotokov, rek, stalnih in hudourni\u0161kih pritokov je 26.000 km.","twitter_image":"https:\/\/www.travel-slovenia.si\/slo\/wp-content\/uploads\/2014\/08\/travel-slovenia-slapovi.jpg","twitter_misc":{"Est. reading time":"2 minuti"},"schema":{"@context":"https:\/\/schema.org","@graph":[{"@type":"WebPage","@id":"https:\/\/www.travel-slovenia.si\/slo\/vodotoki-v-sloveniji\/","url":"https:\/\/www.travel-slovenia.si\/slo\/vodotoki-v-sloveniji\/","name":"Vodotoki v Sloveniji : Travel-Slovenia","isPartOf":{"@id":"https:\/\/www.travel-slovenia.si\/slo\/#website"},"primaryImageOfPage":{"@id":"https:\/\/www.travel-slovenia.si\/slo\/vodotoki-v-sloveniji\/#primaryimage"},"image":{"@id":"https:\/\/www.travel-slovenia.si\/slo\/vodotoki-v-sloveniji\/#primaryimage"},"thumbnailUrl":"https:\/\/www.travel-slovenia.si\/slo\/wp-content\/uploads\/2014\/08\/travel-slovenia-reke-view.jpg","datePublished":"2014-08-19T10:07:48+00:00","dateModified":"2015-10-04T15:55:05+00:00","description":"Skupna dol\u017eina vseh vodotokov, rek, stalnih in hudourni\u0161kih pritokov je 26.000 km.","breadcrumb":{"@id":"https:\/\/www.travel-slovenia.si\/slo\/vodotoki-v-sloveniji\/#breadcrumb"},"inLanguage":"sl-SI","potentialAction":[{"@type":"ReadAction","target":["https:\/\/www.travel-slovenia.si\/slo\/vodotoki-v-sloveniji\/"]}]},{"@type":"ImageObject","inLanguage":"sl-SI","@id":"https:\/\/www.travel-slovenia.si\/slo\/vodotoki-v-sloveniji\/#primaryimage","url":"https:\/\/www.travel-slovenia.si\/slo\/wp-content\/uploads\/2014\/08\/travel-slovenia-reke-view.jpg","contentUrl":"https:\/\/www.travel-slovenia.si\/slo\/wp-content\/uploads\/2014\/08\/travel-slovenia-reke-view.jpg","width":150,"height":150},{"@type":"BreadcrumbList","@id":"https:\/\/www.travel-slovenia.si\/slo\/vodotoki-v-sloveniji\/#breadcrumb","itemListElement":[{"@type":"ListItem","position":1,"name":"Home","item":"https:\/\/www.travel-slovenia.si\/slo\/"},{"@type":"ListItem","position":2,"name":"Vodotoki"}]},{"@type":"WebSite","@id":"https:\/\/www.travel-slovenia.si\/slo\/#website","url":"https:\/\/www.travel-slovenia.si\/slo\/","name":"Travel Slovenia - Sledite lepotam na\u0161e male dr\u017eavice","description":"","potentialAction":[{"@type":"SearchAction","target":{"@type":"EntryPoint","urlTemplate":"https:\/\/www.travel-slovenia.si\/slo\/?s={search_term_string}"},"query-input":{"@type":"PropertyValueSpecification","valueRequired":true,"valueName":"search_term_string"}}],"inLanguage":"sl-SI"}]}},"post_mailing_queue_ids":[],"_links":{"self":[{"href":"https:\/\/www.travel-slovenia.si\/slo\/wp-json\/wp\/v2\/pages\/1532","targetHints":{"allow":["GET"]}}],"collection":[{"href":"https:\/\/www.travel-slovenia.si\/slo\/wp-json\/wp\/v2\/pages"}],"about":[{"href":"https:\/\/www.travel-slovenia.si\/slo\/wp-json\/wp\/v2\/types\/page"}],"author":[{"embeddable":true,"href":"https:\/\/www.travel-slovenia.si\/slo\/wp-json\/wp\/v2\/users\/111"}],"replies":[{"embeddable":true,"href":"https:\/\/www.travel-slovenia.si\/slo\/wp-json\/wp\/v2\/comments?post=1532"}],"version-history":[{"count":48,"href":"https:\/\/www.travel-slovenia.si\/slo\/wp-json\/wp\/v2\/pages\/1532\/revisions"}],"predecessor-version":[{"id":3994,"href":"https:\/\/www.travel-slovenia.si\/slo\/wp-json\/wp\/v2\/pages\/1532\/revisions\/3994"}],"wp:attachment":[{"href":"https:\/\/www.travel-slovenia.si\/slo\/wp-json\/wp\/v2\/media?parent=1532"}],"curies":[{"name":"wp","href":"https:\/\/api.w.org\/{rel}","templated":true}]}}