{"id":1497,"date":"2014-08-18T14:37:20","date_gmt":"2014-08-18T14:37:20","guid":{"rendered":"https:\/\/www.travel-slovenia.si\/?page_id=1497"},"modified":"2015-10-04T16:19:09","modified_gmt":"2015-10-04T16:19:09","slug":"naselja-v-sloveniji","status":"publish","type":"page","link":"https:\/\/www.travel-slovenia.si\/slo\/naselja-v-sloveniji\/","title":{"rendered":"Naselja"},"content":{"rendered":"<p style=\"text-align: justify;\">Slovenija se ne more pohvaliti z metropolami, saj ima le majhno \u0161tevilo ve\u010djih mest. Zato v Sloveniji prevladujejo srednje velika mesta in manj\u0161e ali ve\u010dje vasi. Vsa naselja spodaj so razdeljena glede na \u0161tevilo prebivalcev.<\/p>\n<p style=\"text-align: justify;\"><strong><em><img loading=\"lazy\" decoding=\"async\" class=\"alignleft size-full wp-image-3803\" src=\"https:\/\/www.travel-slovenia.si\/slo\/wp-content\/uploads\/2014\/08\/travel-slovenia-zaselek.jpg\" alt=\"travel-slovenia-zaselek\" width=\"150\" height=\"150\" srcset=\"https:\/\/www.travel-slovenia.si\/slo\/wp-content\/uploads\/2014\/08\/travel-slovenia-zaselek.jpg 150w, https:\/\/www.travel-slovenia.si\/slo\/wp-content\/uploads\/2014\/08\/travel-slovenia-zaselek-83x83.jpg 83w, https:\/\/www.travel-slovenia.si\/slo\/wp-content\/uploads\/2014\/08\/travel-slovenia-zaselek-55x55.jpg 55w, https:\/\/www.travel-slovenia.si\/slo\/wp-content\/uploads\/2014\/08\/travel-slovenia-zaselek-24x24.jpg 24w, https:\/\/www.travel-slovenia.si\/slo\/wp-content\/uploads\/2014\/08\/travel-slovenia-zaselek-36x36.jpg 36w, https:\/\/www.travel-slovenia.si\/slo\/wp-content\/uploads\/2014\/08\/travel-slovenia-zaselek-48x48.jpg 48w\" sizes=\"auto, (max-width: 150px) 100vw, 150px\" \/>Zaselki<\/em><\/strong><br \/>\n<em>(Naselje s 3 &#8211; 15 hi\u0161ami)<\/em><br \/>\nZaselek je majhna vas s 3 &#8211; 15 domovi. Zaselki v Sloveniji so v glavnem zna\u010dilni za alpska hribovja, kjer se zlivajo s samotnimi kmetijami. Po navadi nimajo osnovne infrastrukture, kot so trgovine in \u0161ole. [<a href=\"https:\/\/www.travel-slovenia.si\/slo\/zaselki\/\">_Obi\u0161\u010dite lokacije_<\/a>]\n<p style=\"text-align: justify;\"><strong><em><img loading=\"lazy\" decoding=\"async\" class=\"alignleft size-full wp-image-3797\" src=\"https:\/\/www.travel-slovenia.si\/slo\/wp-content\/uploads\/2014\/08\/travel-slovenia-majhna-vas.jpg\" alt=\"travel-slovenia-majhna-vas\" width=\"150\" height=\"150\" srcset=\"https:\/\/www.travel-slovenia.si\/slo\/wp-content\/uploads\/2014\/08\/travel-slovenia-majhna-vas.jpg 150w, https:\/\/www.travel-slovenia.si\/slo\/wp-content\/uploads\/2014\/08\/travel-slovenia-majhna-vas-83x83.jpg 83w, https:\/\/www.travel-slovenia.si\/slo\/wp-content\/uploads\/2014\/08\/travel-slovenia-majhna-vas-55x55.jpg 55w, https:\/\/www.travel-slovenia.si\/slo\/wp-content\/uploads\/2014\/08\/travel-slovenia-majhna-vas-24x24.jpg 24w, https:\/\/www.travel-slovenia.si\/slo\/wp-content\/uploads\/2014\/08\/travel-slovenia-majhna-vas-36x36.jpg 36w, https:\/\/www.travel-slovenia.si\/slo\/wp-content\/uploads\/2014\/08\/travel-slovenia-majhna-vas-48x48.jpg 48w\" sizes=\"auto, (max-width: 150px) 100vw, 150px\" \/>Majhne vasi<\/em><\/strong><br \/>\n<em>(Naslje brez dolo\u010denega va\u0161kega jedra in z do 300 prebivalci)<\/em><br \/>\nMajhna vas je vas, ki je v osnovi usmerjena v kmetijstvo in nima ve\u010dje administrativne, politi\u010dne ali druge funkcije, aktivnosti ali zgradb. Navadno je brez \u0161ole, trgovine, cerkve, gasilskega doma ali druge pomembnej\u0161e zgradbe.\u00a0[<a href=\"https:\/\/www.travel-slovenia.si\/slo\/majhne-vasi\/\">_Obi\u0161\u010dite lokacije_<\/a>]\n<p style=\"text-align: justify;\"><strong><em><img loading=\"lazy\" decoding=\"async\" class=\"alignleft size-full wp-image-3801\" src=\"https:\/\/www.travel-slovenia.si\/slo\/wp-content\/uploads\/2014\/08\/travel-slovenia-vas.jpg\" alt=\"travel-slovenia-vas\" width=\"150\" height=\"150\" srcset=\"https:\/\/www.travel-slovenia.si\/slo\/wp-content\/uploads\/2014\/08\/travel-slovenia-vas.jpg 150w, https:\/\/www.travel-slovenia.si\/slo\/wp-content\/uploads\/2014\/08\/travel-slovenia-vas-83x83.jpg 83w, https:\/\/www.travel-slovenia.si\/slo\/wp-content\/uploads\/2014\/08\/travel-slovenia-vas-55x55.jpg 55w, https:\/\/www.travel-slovenia.si\/slo\/wp-content\/uploads\/2014\/08\/travel-slovenia-vas-24x24.jpg 24w, https:\/\/www.travel-slovenia.si\/slo\/wp-content\/uploads\/2014\/08\/travel-slovenia-vas-36x36.jpg 36w, https:\/\/www.travel-slovenia.si\/slo\/wp-content\/uploads\/2014\/08\/travel-slovenia-vas-48x48.jpg 48w\" sizes=\"auto, (max-width: 150px) 100vw, 150px\" \/>Vasi<\/em><\/strong><br \/>\n(Naselje z va\u0161kim centrom in s 300 &#8211; 1000 prebivalci)<br \/>\nVas je pode\u017eelsko naselje, ki je izrazito kmetijskega\u00a0zna\u010daja\u00a0in je brez ve\u010dje administrativne, politi\u010dne ali druge funkcije. Vasi so bile glavna oblika naselja skozi zgodovino \u010dlove\u0161tva vse do industrijske revolucije, s \u010dimer\u00a0se je pove\u010dal pomen mest.\u00a0[<a href=\"https:\/\/www.travel-slovenia.si\/slo\/vasi\/\">_Obi\u0161\u010dite lokacije_<\/a>]\n<p style=\"text-align: justify;\"><strong><em><img loading=\"lazy\" decoding=\"async\" class=\"alignleft size-full wp-image-3799\" src=\"https:\/\/www.travel-slovenia.si\/slo\/wp-content\/uploads\/2014\/08\/travel-slovenia-naselje.jpg\" alt=\"travel-slovenia-naselje\" width=\"150\" height=\"150\" srcset=\"https:\/\/www.travel-slovenia.si\/slo\/wp-content\/uploads\/2014\/08\/travel-slovenia-naselje.jpg 150w, https:\/\/www.travel-slovenia.si\/slo\/wp-content\/uploads\/2014\/08\/travel-slovenia-naselje-83x83.jpg 83w, https:\/\/www.travel-slovenia.si\/slo\/wp-content\/uploads\/2014\/08\/travel-slovenia-naselje-55x55.jpg 55w, https:\/\/www.travel-slovenia.si\/slo\/wp-content\/uploads\/2014\/08\/travel-slovenia-naselje-24x24.jpg 24w, https:\/\/www.travel-slovenia.si\/slo\/wp-content\/uploads\/2014\/08\/travel-slovenia-naselje-36x36.jpg 36w, https:\/\/www.travel-slovenia.si\/slo\/wp-content\/uploads\/2014\/08\/travel-slovenia-naselje-48x48.jpg 48w\" sizes=\"auto, (max-width: 150px) 100vw, 150px\" \/>Naselja<\/em><\/strong><br \/>\n<em>(Naselje brez zna\u010dilnega mestnega centra in s 1000 &#8211; 3000 prebivalcev)<\/em><br \/>\nNaselje je naselje, ve\u010dje od vasi, a manj\u0161e od mesta. Je skupnost ljudi od nekaj sto do nekaj tiso\u010d. Naselja sestavljajo hi\u0161e, gospodarska poslopja in ceste.\u00a0Definicija velikosti &#8220;naselja&#8221; se znatno razlikuje v razli\u010dnih predelih sveta.\u00a0\u00a0[<a href=\"https:\/\/www.travel-slovenia.si\/slo\/naselja\/\">_Obi\u0161\u010dite lokacije_<\/a>]\n<p style=\"text-align: justify;\"><strong><em><img loading=\"lazy\" decoding=\"async\" class=\"alignleft size-full wp-image-3798\" src=\"https:\/\/www.travel-slovenia.si\/slo\/wp-content\/uploads\/2014\/08\/travel-slovenia-majhno-mesto.jpg\" alt=\"travel-slovenia-majhno-mesto\" width=\"150\" height=\"150\" srcset=\"https:\/\/www.travel-slovenia.si\/slo\/wp-content\/uploads\/2014\/08\/travel-slovenia-majhno-mesto.jpg 150w, https:\/\/www.travel-slovenia.si\/slo\/wp-content\/uploads\/2014\/08\/travel-slovenia-majhno-mesto-83x83.jpg 83w, https:\/\/www.travel-slovenia.si\/slo\/wp-content\/uploads\/2014\/08\/travel-slovenia-majhno-mesto-55x55.jpg 55w, https:\/\/www.travel-slovenia.si\/slo\/wp-content\/uploads\/2014\/08\/travel-slovenia-majhno-mesto-24x24.jpg 24w, https:\/\/www.travel-slovenia.si\/slo\/wp-content\/uploads\/2014\/08\/travel-slovenia-majhno-mesto-36x36.jpg 36w, https:\/\/www.travel-slovenia.si\/slo\/wp-content\/uploads\/2014\/08\/travel-slovenia-majhno-mesto-48x48.jpg 48w\" sizes=\"auto, (max-width: 150px) 100vw, 150px\" \/>Majhna mesta<\/em><\/strong><br \/>\n<em>(Naselje z mestnim jedrom in s 3000 &#8211; 6000 prebivalcev)<\/em><br \/>\nMajhno mesto je naselje, ki je administrativno, gospodarsko in kulturno sredi\u0161\u010de manj\u0161ega podro\u010dja. Mesto je zapleten socialni fenomen, ki se razlikuje v \u010dasu in prostoru ter se pojavlja v razli\u010dnih oblikah in z razli\u010dnimi funkcijami.\u00a0[<a href=\"https:\/\/www.travel-slovenia.si\/slo\/majhna-mesta\/\">_Obi\u0161\u010dite lokacije_<\/a>]\n<p style=\"text-align: justify;\"><strong><em><img loading=\"lazy\" decoding=\"async\" class=\"alignleft wp-image-3800\" src=\"https:\/\/www.travel-slovenia.si\/slo\/wp-content\/uploads\/2014\/08\/travel-slovenia-srednje-mesto.jpg\" alt=\"travel-slovenia-srednje-mesto\" width=\"150\" height=\"150\" srcset=\"https:\/\/www.travel-slovenia.si\/slo\/wp-content\/uploads\/2014\/08\/travel-slovenia-srednje-mesto.jpg 150w, https:\/\/www.travel-slovenia.si\/slo\/wp-content\/uploads\/2014\/08\/travel-slovenia-srednje-mesto-83x83.jpg 83w, https:\/\/www.travel-slovenia.si\/slo\/wp-content\/uploads\/2014\/08\/travel-slovenia-srednje-mesto-55x55.jpg 55w, https:\/\/www.travel-slovenia.si\/slo\/wp-content\/uploads\/2014\/08\/travel-slovenia-srednje-mesto-24x24.jpg 24w, https:\/\/www.travel-slovenia.si\/slo\/wp-content\/uploads\/2014\/08\/travel-slovenia-srednje-mesto-36x36.jpg 36w, https:\/\/www.travel-slovenia.si\/slo\/wp-content\/uploads\/2014\/08\/travel-slovenia-srednje-mesto-48x48.jpg 48w\" sizes=\"auto, (max-width: 150px) 100vw, 150px\" \/><\/em><em>Srednje velika mesta<\/em><\/strong><br \/>\n<em>(Naselje z mestnim jedrom in s 6000 &#8211; 10000 prebivalci)<\/em><br \/>\nSrednje mesto je naselje, ki je administrativno, gospodarsko in kulturno sredi\u0161\u010de \u0161ir\u0161ega podro\u010dja. Mesto je zapleten socialni fenomen, ki se razlikuje v \u010dasu in prostoru ter se pojavlja v razli\u010dnih oblikah in z razli\u010dnimi funkcijami.\u00a0[<a href=\"https:\/\/www.travel-slovenia.si\/slo\/srednje-velika-mesta\/\">_Obi\u0161\u010dite lokacije_<\/a>]\n<p style=\"text-align: justify;\"><strong><em><img loading=\"lazy\" decoding=\"async\" class=\"alignleft size-full wp-image-3802\" src=\"https:\/\/www.travel-slovenia.si\/slo\/wp-content\/uploads\/2014\/08\/travel-slovenia-veliko-mesto.jpg\" alt=\"travel-slovenia-veliko-mesto\" width=\"150\" height=\"150\" srcset=\"https:\/\/www.travel-slovenia.si\/slo\/wp-content\/uploads\/2014\/08\/travel-slovenia-veliko-mesto.jpg 150w, https:\/\/www.travel-slovenia.si\/slo\/wp-content\/uploads\/2014\/08\/travel-slovenia-veliko-mesto-83x83.jpg 83w, https:\/\/www.travel-slovenia.si\/slo\/wp-content\/uploads\/2014\/08\/travel-slovenia-veliko-mesto-55x55.jpg 55w, https:\/\/www.travel-slovenia.si\/slo\/wp-content\/uploads\/2014\/08\/travel-slovenia-veliko-mesto-24x24.jpg 24w, https:\/\/www.travel-slovenia.si\/slo\/wp-content\/uploads\/2014\/08\/travel-slovenia-veliko-mesto-36x36.jpg 36w, https:\/\/www.travel-slovenia.si\/slo\/wp-content\/uploads\/2014\/08\/travel-slovenia-veliko-mesto-48x48.jpg 48w\" sizes=\"auto, (max-width: 150px) 100vw, 150px\" \/>Velika mesta<\/em><\/strong><br \/>\n<em>(Naselje z mestnim jedrom in z ve\u010d kot 10000 prebivalci)<\/em><br \/>\nVeliko mesto je veliko naselje, ki je v glavnem politi\u010dno, finan\u010dno, prometno, kulturno in izobra\u017eevalno sredi\u0161\u010de regije, v kateri je locirano. Mestni ob\u010dini lahko dr\u017eava prenese pristojnost izvajanja dolo\u010denih nalog, povezanih z razvojem mesta.\u00a0[<a href=\"https:\/\/www.travel-slovenia.si\/slo\/velika-mesta\/\">_Obi\u0161\u010dite lokacije_<\/a>]\n","protected":false},"excerpt":{"rendered":"<p>Slovenija se ne more pohvaliti z metropolami, saj ima le majhno \u0161tevilo ve\u010djih mest. Zato v Sloveniji prevladujejo srednje velika mesta in manj\u0161e ali ve\u010dje vasi. Vsa naselja spodaj so razdeljena glede na \u0161tevilo prebivalcev. Zaselki (Naselje s 3 &#8211; 15 hi\u0161ami) Zaselek je majhna vas s 3 &#8211; 15 domovi. Zaselki v Sloveniji so [&hellip;]<\/p>\n","protected":false},"author":111,"featured_media":0,"parent":0,"menu_order":0,"comment_status":"closed","ping_status":"closed","template":"","meta":{"footnotes":""},"class_list":["post-1497","page","type-page","status-publish","hentry"],"yoast_head":"<!-- This site is optimized with the Yoast SEO plugin v25.4 - https:\/\/yoast.com\/wordpress\/plugins\/seo\/ -->\n<title>Naselja v Sloveniji : Travel-Slovenia<\/title>\n<meta name=\"description\" content=\"Naselja po Sloveniji so razdeljena na zaselke, vasi, naselja in mesta. Vsako unikatno glede svoje preteklosti, sedanjosti in prihodnosti.\" \/>\n<meta name=\"robots\" content=\"index, follow, max-snippet:-1, max-image-preview:large, max-video-preview:-1\" \/>\n<link rel=\"canonical\" href=\"https:\/\/www.travel-slovenia.si\/slo\/naselja-v-sloveniji\/\" \/>\n<meta property=\"og:locale\" content=\"sl_SI\" \/>\n<meta property=\"og:type\" content=\"article\" \/>\n<meta property=\"og:title\" content=\"Naselja v Sloveniji : Travel-Slovenia\" \/>\n<meta property=\"og:description\" content=\"Naselja po Sloveniji so razdeljena na zaselke, vasi, naselja in mesta. Vsako unikatno glede svoje preteklosti, sedanjosti in prihodnosti.\" \/>\n<meta property=\"og:url\" content=\"https:\/\/www.travel-slovenia.si\/slo\/naselja-v-sloveniji\/\" \/>\n<meta property=\"og:site_name\" content=\"Travel Slovenia - Sledite lepotam na\u0161e male dr\u017eavice\" \/>\n<meta property=\"article:modified_time\" content=\"2015-10-04T16:19:09+00:00\" \/>\n<meta property=\"og:image\" content=\"https:\/\/www.travel-slovenia.si\/slo\/wp-content\/uploads\/2014\/08\/travel-slovenia-mesta.jpg\" \/>\n\t<meta property=\"og:image:width\" content=\"600\" \/>\n\t<meta property=\"og:image:height\" content=\"450\" \/>\n\t<meta property=\"og:image:type\" content=\"image\/jpeg\" \/>\n<meta name=\"twitter:card\" content=\"summary_large_image\" \/>\n<meta name=\"twitter:title\" content=\"Naselja v Sloveniji : Travel-Slovenia\" \/>\n<meta name=\"twitter:description\" content=\"Naselja po Sloveniji so razdeljena na zaselke, vasi, naselja in mesta. Vsako unikatno glede svoje preteklosti, sedanjosti in prihodnosti.\" \/>\n<meta name=\"twitter:image\" content=\"https:\/\/www.travel-slovenia.si\/slo\/wp-content\/uploads\/2014\/08\/travel-slovenia-mesta.jpg\" \/>\n<meta name=\"twitter:label1\" content=\"Est. reading time\" \/>\n\t<meta name=\"twitter:data1\" content=\"2 minuti\" \/>\n<script type=\"application\/ld+json\" class=\"yoast-schema-graph\">{\"@context\":\"https:\/\/schema.org\",\"@graph\":[{\"@type\":\"WebPage\",\"@id\":\"https:\/\/www.travel-slovenia.si\/slo\/naselja-v-sloveniji\/\",\"url\":\"https:\/\/www.travel-slovenia.si\/slo\/naselja-v-sloveniji\/\",\"name\":\"Naselja v Sloveniji : Travel-Slovenia\",\"isPartOf\":{\"@id\":\"https:\/\/www.travel-slovenia.si\/slo\/#website\"},\"primaryImageOfPage\":{\"@id\":\"https:\/\/www.travel-slovenia.si\/slo\/naselja-v-sloveniji\/#primaryimage\"},\"image\":{\"@id\":\"https:\/\/www.travel-slovenia.si\/slo\/naselja-v-sloveniji\/#primaryimage\"},\"thumbnailUrl\":\"https:\/\/www.travel-slovenia.si\/slo\/wp-content\/uploads\/2014\/08\/travel-slovenia-zaselek.jpg\",\"datePublished\":\"2014-08-18T14:37:20+00:00\",\"dateModified\":\"2015-10-04T16:19:09+00:00\",\"description\":\"Naselja po Sloveniji so razdeljena na zaselke, vasi, naselja in mesta. Vsako unikatno glede svoje preteklosti, sedanjosti in prihodnosti.\",\"breadcrumb\":{\"@id\":\"https:\/\/www.travel-slovenia.si\/slo\/naselja-v-sloveniji\/#breadcrumb\"},\"inLanguage\":\"sl-SI\",\"potentialAction\":[{\"@type\":\"ReadAction\",\"target\":[\"https:\/\/www.travel-slovenia.si\/slo\/naselja-v-sloveniji\/\"]}]},{\"@type\":\"ImageObject\",\"inLanguage\":\"sl-SI\",\"@id\":\"https:\/\/www.travel-slovenia.si\/slo\/naselja-v-sloveniji\/#primaryimage\",\"url\":\"https:\/\/www.travel-slovenia.si\/slo\/wp-content\/uploads\/2014\/08\/travel-slovenia-zaselek.jpg\",\"contentUrl\":\"https:\/\/www.travel-slovenia.si\/slo\/wp-content\/uploads\/2014\/08\/travel-slovenia-zaselek.jpg\",\"width\":150,\"height\":150},{\"@type\":\"BreadcrumbList\",\"@id\":\"https:\/\/www.travel-slovenia.si\/slo\/naselja-v-sloveniji\/#breadcrumb\",\"itemListElement\":[{\"@type\":\"ListItem\",\"position\":1,\"name\":\"Home\",\"item\":\"https:\/\/www.travel-slovenia.si\/slo\/\"},{\"@type\":\"ListItem\",\"position\":2,\"name\":\"Naselja\"}]},{\"@type\":\"WebSite\",\"@id\":\"https:\/\/www.travel-slovenia.si\/slo\/#website\",\"url\":\"https:\/\/www.travel-slovenia.si\/slo\/\",\"name\":\"Travel Slovenia - Sledite lepotam na\u0161e male dr\u017eavice\",\"description\":\"\",\"potentialAction\":[{\"@type\":\"SearchAction\",\"target\":{\"@type\":\"EntryPoint\",\"urlTemplate\":\"https:\/\/www.travel-slovenia.si\/slo\/?s={search_term_string}\"},\"query-input\":{\"@type\":\"PropertyValueSpecification\",\"valueRequired\":true,\"valueName\":\"search_term_string\"}}],\"inLanguage\":\"sl-SI\"}]}<\/script>\n<!-- \/ Yoast SEO plugin. -->","yoast_head_json":{"title":"Naselja v Sloveniji : Travel-Slovenia","description":"Naselja po Sloveniji so razdeljena na zaselke, vasi, naselja in mesta. Vsako unikatno glede svoje preteklosti, sedanjosti in prihodnosti.","robots":{"index":"index","follow":"follow","max-snippet":"max-snippet:-1","max-image-preview":"max-image-preview:large","max-video-preview":"max-video-preview:-1"},"canonical":"https:\/\/www.travel-slovenia.si\/slo\/naselja-v-sloveniji\/","og_locale":"sl_SI","og_type":"article","og_title":"Naselja v Sloveniji : Travel-Slovenia","og_description":"Naselja po Sloveniji so razdeljena na zaselke, vasi, naselja in mesta. Vsako unikatno glede svoje preteklosti, sedanjosti in prihodnosti.","og_url":"https:\/\/www.travel-slovenia.si\/slo\/naselja-v-sloveniji\/","og_site_name":"Travel Slovenia - Sledite lepotam na\u0161e male dr\u017eavice","article_modified_time":"2015-10-04T16:19:09+00:00","og_image":[{"width":600,"height":450,"url":"https:\/\/www.travel-slovenia.si\/slo\/wp-content\/uploads\/2014\/08\/travel-slovenia-mesta.jpg","type":"image\/jpeg"}],"twitter_card":"summary_large_image","twitter_title":"Naselja v Sloveniji : Travel-Slovenia","twitter_description":"Naselja po Sloveniji so razdeljena na zaselke, vasi, naselja in mesta. Vsako unikatno glede svoje preteklosti, sedanjosti in prihodnosti.","twitter_image":"https:\/\/www.travel-slovenia.si\/slo\/wp-content\/uploads\/2014\/08\/travel-slovenia-mesta.jpg","twitter_misc":{"Est. reading time":"2 minuti"},"schema":{"@context":"https:\/\/schema.org","@graph":[{"@type":"WebPage","@id":"https:\/\/www.travel-slovenia.si\/slo\/naselja-v-sloveniji\/","url":"https:\/\/www.travel-slovenia.si\/slo\/naselja-v-sloveniji\/","name":"Naselja v Sloveniji : Travel-Slovenia","isPartOf":{"@id":"https:\/\/www.travel-slovenia.si\/slo\/#website"},"primaryImageOfPage":{"@id":"https:\/\/www.travel-slovenia.si\/slo\/naselja-v-sloveniji\/#primaryimage"},"image":{"@id":"https:\/\/www.travel-slovenia.si\/slo\/naselja-v-sloveniji\/#primaryimage"},"thumbnailUrl":"https:\/\/www.travel-slovenia.si\/slo\/wp-content\/uploads\/2014\/08\/travel-slovenia-zaselek.jpg","datePublished":"2014-08-18T14:37:20+00:00","dateModified":"2015-10-04T16:19:09+00:00","description":"Naselja po Sloveniji so razdeljena na zaselke, vasi, naselja in mesta. Vsako unikatno glede svoje preteklosti, sedanjosti in prihodnosti.","breadcrumb":{"@id":"https:\/\/www.travel-slovenia.si\/slo\/naselja-v-sloveniji\/#breadcrumb"},"inLanguage":"sl-SI","potentialAction":[{"@type":"ReadAction","target":["https:\/\/www.travel-slovenia.si\/slo\/naselja-v-sloveniji\/"]}]},{"@type":"ImageObject","inLanguage":"sl-SI","@id":"https:\/\/www.travel-slovenia.si\/slo\/naselja-v-sloveniji\/#primaryimage","url":"https:\/\/www.travel-slovenia.si\/slo\/wp-content\/uploads\/2014\/08\/travel-slovenia-zaselek.jpg","contentUrl":"https:\/\/www.travel-slovenia.si\/slo\/wp-content\/uploads\/2014\/08\/travel-slovenia-zaselek.jpg","width":150,"height":150},{"@type":"BreadcrumbList","@id":"https:\/\/www.travel-slovenia.si\/slo\/naselja-v-sloveniji\/#breadcrumb","itemListElement":[{"@type":"ListItem","position":1,"name":"Home","item":"https:\/\/www.travel-slovenia.si\/slo\/"},{"@type":"ListItem","position":2,"name":"Naselja"}]},{"@type":"WebSite","@id":"https:\/\/www.travel-slovenia.si\/slo\/#website","url":"https:\/\/www.travel-slovenia.si\/slo\/","name":"Travel Slovenia - Sledite lepotam na\u0161e male dr\u017eavice","description":"","potentialAction":[{"@type":"SearchAction","target":{"@type":"EntryPoint","urlTemplate":"https:\/\/www.travel-slovenia.si\/slo\/?s={search_term_string}"},"query-input":{"@type":"PropertyValueSpecification","valueRequired":true,"valueName":"search_term_string"}}],"inLanguage":"sl-SI"}]}},"post_mailing_queue_ids":[],"_links":{"self":[{"href":"https:\/\/www.travel-slovenia.si\/slo\/wp-json\/wp\/v2\/pages\/1497","targetHints":{"allow":["GET"]}}],"collection":[{"href":"https:\/\/www.travel-slovenia.si\/slo\/wp-json\/wp\/v2\/pages"}],"about":[{"href":"https:\/\/www.travel-slovenia.si\/slo\/wp-json\/wp\/v2\/types\/page"}],"author":[{"embeddable":true,"href":"https:\/\/www.travel-slovenia.si\/slo\/wp-json\/wp\/v2\/users\/111"}],"replies":[{"embeddable":true,"href":"https:\/\/www.travel-slovenia.si\/slo\/wp-json\/wp\/v2\/comments?post=1497"}],"version-history":[{"count":80,"href":"https:\/\/www.travel-slovenia.si\/slo\/wp-json\/wp\/v2\/pages\/1497\/revisions"}],"predecessor-version":[{"id":3996,"href":"https:\/\/www.travel-slovenia.si\/slo\/wp-json\/wp\/v2\/pages\/1497\/revisions\/3996"}],"wp:attachment":[{"href":"https:\/\/www.travel-slovenia.si\/slo\/wp-json\/wp\/v2\/media?parent=1497"}],"curies":[{"name":"wp","href":"https:\/\/api.w.org\/{rel}","templated":true}]}}