{"id":14,"date":"2014-05-21T11:26:27","date_gmt":"2014-05-21T11:26:27","guid":{"rendered":"https:\/\/www.travel-slovenia.si\/?page_id=14"},"modified":"2019-10-16T17:16:57","modified_gmt":"2019-10-16T15:16:57","slug":"v-besedi","status":"publish","type":"page","link":"https:\/\/www.travel-slovenia.si\/slo\/v-besedi\/","title":{"rendered":"V BESEDI"},"content":{"rendered":"<p style=\"text-align: justify;\">Slovenija ima veliko dobre literature, poezije in drugih zapisov. Najve\u010dji med vsemi avtorji, France Pre\u0161eren, je napisal slovensko himno. Ampak ne smemo pozabiti na druge, ki so prispevali k slovenskemu jeziku, kulturi in podobi. Od Primo\u017ea Trubarja, ki je napisal prvo slovensko knjigo Katekizem in Abecednik, do Adama Bohori\u010da, ki je izdal prvo slovensko slovnico Zimske urice (Arcticae horulae succisivae).<\/p>\n<p style=\"text-align: justify;\"><strong><img loading=\"lazy\" decoding=\"async\" class=\"alignleft size-full wp-image-3527\" src=\"https:\/\/www.travel-slovenia.si\/slo\/wp-content\/uploads\/2014\/05\/travel-slovenia-France-Preseren-zdravljica.jpg\" alt=\"travel-slovenia-France-Preseren-zdravljica\" width=\"150\" height=\"150\" srcset=\"https:\/\/www.travel-slovenia.si\/slo\/wp-content\/uploads\/2014\/05\/travel-slovenia-France-Preseren-zdravljica.jpg 150w, https:\/\/www.travel-slovenia.si\/slo\/wp-content\/uploads\/2014\/05\/travel-slovenia-France-Preseren-zdravljica-83x83.jpg 83w, https:\/\/www.travel-slovenia.si\/slo\/wp-content\/uploads\/2014\/05\/travel-slovenia-France-Preseren-zdravljica-55x55.jpg 55w, https:\/\/www.travel-slovenia.si\/slo\/wp-content\/uploads\/2014\/05\/travel-slovenia-France-Preseren-zdravljica-24x24.jpg 24w, https:\/\/www.travel-slovenia.si\/slo\/wp-content\/uploads\/2014\/05\/travel-slovenia-France-Preseren-zdravljica-36x36.jpg 36w, https:\/\/www.travel-slovenia.si\/slo\/wp-content\/uploads\/2014\/05\/travel-slovenia-France-Preseren-zdravljica-48x48.jpg 48w\" sizes=\"auto, (max-width: 150px) 100vw, 150px\" \/>SLOVENSKA NARODNA\u00a0HIMNA<br \/>\n<em>France Pre\u0161eren &#8211;\u00a0Zdravljica<\/em><br \/>\n<\/strong>Zdravljica je pesem, ki jo je napisal France Pre\u0161eren novembra 1844. Objavo je morala po\u010dakati do leta 1848. Leta 1991 je Stanko Premrl pesem\u00a0uglasbil za zbor in njena 7. kitica je\u00a0postala Slovenska himna. [<a href=\"https:\/\/www.travel-slovenia.si\/slo\/v-besedi\/slovenska-narodna-himna\/\">_Read more_<\/a>]\n<hr \/>\n<p style=\"text-align: justify;\"><em><strong><img loading=\"lazy\" decoding=\"async\" class=\"alignleft size-full wp-image-4967\" src=\"https:\/\/www.travel-slovenia.si\/slo\/wp-content\/uploads\/2016\/02\/travel-slovenia-simon-gregorcic-soci-view.jpg\" alt=\"travel-slovenia-simon-gregorcic-soci-view\" width=\"150\" height=\"150\" srcset=\"https:\/\/www.travel-slovenia.si\/slo\/wp-content\/uploads\/2016\/02\/travel-slovenia-simon-gregorcic-soci-view.jpg 150w, https:\/\/www.travel-slovenia.si\/slo\/wp-content\/uploads\/2016\/02\/travel-slovenia-simon-gregorcic-soci-view-83x83.jpg 83w, https:\/\/www.travel-slovenia.si\/slo\/wp-content\/uploads\/2016\/02\/travel-slovenia-simon-gregorcic-soci-view-55x55.jpg 55w, https:\/\/www.travel-slovenia.si\/slo\/wp-content\/uploads\/2016\/02\/travel-slovenia-simon-gregorcic-soci-view-24x24.jpg 24w, https:\/\/www.travel-slovenia.si\/slo\/wp-content\/uploads\/2016\/02\/travel-slovenia-simon-gregorcic-soci-view-36x36.jpg 36w, https:\/\/www.travel-slovenia.si\/slo\/wp-content\/uploads\/2016\/02\/travel-slovenia-simon-gregorcic-soci-view-48x48.jpg 48w\" sizes=\"auto, (max-width: 150px) 100vw, 150px\" \/>Simon Gregor\u010di\u010d &#8211;\u00a0So\u010di<\/strong><\/em><br \/>\nPesem So\u010di je nedvomno najbolj znana Gregor\u010di\u010deva pesem, ki bralcu ponudi zanimivo vsebino poleg izjemnih poeti\u010dnih elementov, ki opisujejo reko So\u010do z izbranimi besedami. V zaklju\u010dku pesmi, Gregor\u010di\u010d celo napove groze, ki so se zgodile med WWI v Poso\u010dju.\u00a0[<a title=\"simon-gregorcic-soca\" href=\"https:\/\/www.travel-slovenia.si\/?page_id=199\">_Read more_<\/a>]\n<p style=\"text-align: justify;\"><em><strong><img loading=\"lazy\" decoding=\"async\" class=\"alignleft size-full wp-image-3629\" src=\"https:\/\/www.travel-slovenia.si\/slo\/wp-content\/uploads\/2015\/09\/travel-slovenia-edvard-kocbek-lipicanci.jpg\" alt=\"travel-slovenia-edvard-kocbek-lipicanci\" width=\"150\" height=\"150\" srcset=\"https:\/\/www.travel-slovenia.si\/slo\/wp-content\/uploads\/2015\/09\/travel-slovenia-edvard-kocbek-lipicanci.jpg 150w, https:\/\/www.travel-slovenia.si\/slo\/wp-content\/uploads\/2015\/09\/travel-slovenia-edvard-kocbek-lipicanci-83x83.jpg 83w, https:\/\/www.travel-slovenia.si\/slo\/wp-content\/uploads\/2015\/09\/travel-slovenia-edvard-kocbek-lipicanci-55x55.jpg 55w, https:\/\/www.travel-slovenia.si\/slo\/wp-content\/uploads\/2015\/09\/travel-slovenia-edvard-kocbek-lipicanci-24x24.jpg 24w, https:\/\/www.travel-slovenia.si\/slo\/wp-content\/uploads\/2015\/09\/travel-slovenia-edvard-kocbek-lipicanci-36x36.jpg 36w, https:\/\/www.travel-slovenia.si\/slo\/wp-content\/uploads\/2015\/09\/travel-slovenia-edvard-kocbek-lipicanci-48x48.jpg 48w\" sizes=\"auto, (max-width: 150px) 100vw, 150px\" \/>Edvard Kocbek<\/strong> <strong>\u2013 Lipicanci<\/strong><br \/>\n<\/em> Edvard Kocbek je v pesmi Lipicanci na poeti\u010den na\u010din na\u010din izrazil temeljne zna\u010dilnosti plemenitega belega konja, lipicanca. Konj je nastal s kri\u017eanjem kra\u0161kega konja in drugih konjskih vrst na slovenskem Krasu. Edvard Kocbek je lipicanca upesnil kot sveto \u017eival. [<a href=\"https:\/\/www.travel-slovenia.si\/slo\/edvard-kocbek-lipicanci\/\"><span style=\"color: #7fa500;\">_Read more_<\/span><\/a>]\n<p style=\"text-align: justify;\"><a href=\"https:\/\/www.travel-slovenia.si\/slo\/karel-destovnik-kajuh-slovenska-pesem\/\"><img loading=\"lazy\" decoding=\"async\" class=\"alignleft size-full wp-image-9408\" src=\"https:\/\/www.travel-slovenia.si\/wp-content\/uploads\/2019\/10\/travel-slovenia-karel-destovnik-kajuh-slovenska-pesem-view.jpg\" alt=\"\" width=\"150\" height=\"150\" \/><\/a><a href=\"https:\/\/www.travel-slovenia.si\/slo\/karel-destovnik-kajuh-slovenska-pesem\/\"><em><strong>Karel Destovnik Kajuh \u2013 Slovene poem<\/strong><\/em><\/a><br \/>\nSlovenska pesem je domovinska, socialnokriti\u010dna, uporni\u0161ka in obto\u017eujo\u010da pesem. Ugotavlja, da smo majhen narod. Vseen nas trplenje nikoli ne bo zlomilo. Slovencem dviguje samozavest, \u010deprav so med nami tudi hlapci, ki se niso pripravljeni boriti, ampak se vdajo. [<a href=\"https:\/\/www.travel-slovenia.si\/slo\/karel-destovnik-kajuh-slovenska-pesem\/\">_Read more_<\/a>]\n<p style=\"text-align: justify;\"><strong><em><img loading=\"lazy\" decoding=\"async\" class=\"alignleft size-full wp-image-4370\" src=\"https:\/\/www.travel-slovenia.si\/slo\/wp-content\/uploads\/2015\/11\/travel-slovenia-pugled-tam-na-pugled-gori-view.jpg\" alt=\"travel-slovenia-pugled-tam-na-pugled-gori-view\" width=\"150\" height=\"150\" srcset=\"https:\/\/www.travel-slovenia.si\/slo\/wp-content\/uploads\/2015\/11\/travel-slovenia-pugled-tam-na-pugled-gori-view.jpg 150w, https:\/\/www.travel-slovenia.si\/slo\/wp-content\/uploads\/2015\/11\/travel-slovenia-pugled-tam-na-pugled-gori-view-83x83.jpg 83w, https:\/\/www.travel-slovenia.si\/slo\/wp-content\/uploads\/2015\/11\/travel-slovenia-pugled-tam-na-pugled-gori-view-55x55.jpg 55w, https:\/\/www.travel-slovenia.si\/slo\/wp-content\/uploads\/2015\/11\/travel-slovenia-pugled-tam-na-pugled-gori-view-24x24.jpg 24w, https:\/\/www.travel-slovenia.si\/slo\/wp-content\/uploads\/2015\/11\/travel-slovenia-pugled-tam-na-pugled-gori-view-36x36.jpg 36w, https:\/\/www.travel-slovenia.si\/slo\/wp-content\/uploads\/2015\/11\/travel-slovenia-pugled-tam-na-pugled-gori-view-48x48.jpg 48w\" sizes=\"auto, (max-width: 150px) 100vw, 150px\" \/>Tam na Pugled gori<br \/>\n<\/em><\/strong>Po narodni pesmi napisano pesem Tam na Pugled gori so peli slovenski vojaki med prvo svetovno vojno v Karpatih. Pesem Tam na Pugled gori je nastala po bojih na Pugledu, ki jo je spisal Ludvik Kukavica. Pesem je postala partizanska borbena in potem vseljudska. [<a href=\"https:\/\/www.travel-slovenia.si\/slo\/tam-na-pugled-gori\/\">_Preberite ve\u010d_<\/a>]\n<p style=\"text-align: justify;\"><img loading=\"lazy\" decoding=\"async\" class=\"alignleft size-full wp-image-5117\" src=\"https:\/\/www.travel-slovenia.si\/slo\/wp-content\/uploads\/2016\/02\/travel-slovenia-vrtovin-grb.jpg\" alt=\"travel-slovenia-vrtovin-grb\" width=\"150\" height=\"150\" srcset=\"https:\/\/www.travel-slovenia.si\/slo\/wp-content\/uploads\/2016\/02\/travel-slovenia-vrtovin-grb.jpg 150w, https:\/\/www.travel-slovenia.si\/slo\/wp-content\/uploads\/2016\/02\/travel-slovenia-vrtovin-grb-83x83.jpg 83w, https:\/\/www.travel-slovenia.si\/slo\/wp-content\/uploads\/2016\/02\/travel-slovenia-vrtovin-grb-55x55.jpg 55w, https:\/\/www.travel-slovenia.si\/slo\/wp-content\/uploads\/2016\/02\/travel-slovenia-vrtovin-grb-24x24.jpg 24w, https:\/\/www.travel-slovenia.si\/slo\/wp-content\/uploads\/2016\/02\/travel-slovenia-vrtovin-grb-36x36.jpg 36w, https:\/\/www.travel-slovenia.si\/slo\/wp-content\/uploads\/2016\/02\/travel-slovenia-vrtovin-grb-48x48.jpg 48w\" sizes=\"auto, (max-width: 150px) 100vw, 150px\" \/><em><strong>Stano Ger\u017eelj \u2013 Na\u0161 Vrtovin<\/strong><\/em><br \/>\nPesem Na\u0161 Vrtovin je napisal Stano Ger\u017eelj. Je pesem, ki pove kje je nastala vas Vrtovin in na\u0161teje pripadajo\u010de zaselke. Da vasi kot prebivalci ne dajo za noben denar. V pesmi zapi\u0161e tudi, da \u017eivljenje te\u010de dalje. Rojeva se nov rod in v njihovo naro\u010dje se polagajo vrtovinski upi. [<a href=\"https:\/\/www.travel-slovenia.si\/slo\/stano-gerzelj-nas-vrtovin\/\">_Preberite ve\u010d_<\/a>]\n","protected":false},"excerpt":{"rendered":"<p>Slovenija ima veliko dobre literature, poezije in drugih zapisov. Najve\u010dji med vsemi avtorji, France Pre\u0161eren, je napisal slovensko himno. Ampak ne smemo pozabiti na druge, ki so prispevali k slovenskemu jeziku, kulturi in podobi. Od Primo\u017ea Trubarja, ki je napisal prvo slovensko knjigo Katekizem in Abecednik, do Adama Bohori\u010da, ki je izdal prvo slovensko slovnico [&hellip;]<\/p>\n","protected":false},"author":111,"featured_media":0,"parent":0,"menu_order":5,"comment_status":"closed","ping_status":"closed","template":"","meta":{"footnotes":""},"class_list":["post-14","page","type-page","status-publish","hentry"],"yoast_head":"<!-- This site is optimized with the Yoast SEO plugin v25.4 - https:\/\/yoast.com\/wordpress\/plugins\/seo\/ -->\n<title>V besedi : Travel-Slovenia<\/title>\n<meta name=\"description\" content=\"Slovenija ima veliko dobre literature, poezije in drugih zapisov. Najve\u010dji med vsemi avtorji, France Pre\u0161eren, je napisal slovensko himno.\" \/>\n<meta name=\"robots\" content=\"index, follow, max-snippet:-1, max-image-preview:large, max-video-preview:-1\" \/>\n<link rel=\"canonical\" href=\"https:\/\/www.travel-slovenia.si\/slo\/v-besedi\/\" \/>\n<meta property=\"og:locale\" content=\"sl_SI\" \/>\n<meta property=\"og:type\" content=\"article\" \/>\n<meta property=\"og:title\" content=\"V besedi : Travel-Slovenia\" \/>\n<meta property=\"og:description\" content=\"Slovenija ima veliko dobre literature, poezije in drugih zapisov. Najve\u010dji med vsemi avtorji, France Pre\u0161eren, je napisal slovensko himno.\" \/>\n<meta property=\"og:url\" content=\"https:\/\/www.travel-slovenia.si\/slo\/v-besedi\/\" \/>\n<meta property=\"og:site_name\" content=\"Travel Slovenia - Sledite lepotam na\u0161e male dr\u017eavice\" \/>\n<meta property=\"article:modified_time\" content=\"2019-10-16T15:16:57+00:00\" \/>\n<meta name=\"twitter:card\" content=\"summary_large_image\" \/>\n<meta name=\"twitter:title\" content=\"V besedi : Travel-Slovenia\" \/>\n<meta name=\"twitter:description\" content=\"Slovenija ima veliko dobre literature, poezije in drugih zapisov. Najve\u010dji med vsemi avtorji, France Pre\u0161eren, je napisal slovensko himno.\" \/>\n<meta name=\"twitter:image\" content=\"https:\/\/www.travel-slovenia.si\/wp-content\/uploads\/2014\/05\/France-Preseren-a-toast.jpg\" \/>\n<meta name=\"twitter:label1\" content=\"Est. reading time\" \/>\n\t<meta name=\"twitter:data1\" content=\"2 minuti\" \/>\n<script type=\"application\/ld+json\" class=\"yoast-schema-graph\">{\"@context\":\"https:\/\/schema.org\",\"@graph\":[{\"@type\":\"WebPage\",\"@id\":\"https:\/\/www.travel-slovenia.si\/slo\/v-besedi\/\",\"url\":\"https:\/\/www.travel-slovenia.si\/slo\/v-besedi\/\",\"name\":\"V besedi : Travel-Slovenia\",\"isPartOf\":{\"@id\":\"https:\/\/www.travel-slovenia.si\/slo\/#website\"},\"primaryImageOfPage\":{\"@id\":\"https:\/\/www.travel-slovenia.si\/slo\/v-besedi\/#primaryimage\"},\"image\":{\"@id\":\"https:\/\/www.travel-slovenia.si\/slo\/v-besedi\/#primaryimage\"},\"thumbnailUrl\":\"https:\/\/www.travel-slovenia.si\/slo\/wp-content\/uploads\/2014\/05\/travel-slovenia-France-Preseren-zdravljica.jpg\",\"datePublished\":\"2014-05-21T11:26:27+00:00\",\"dateModified\":\"2019-10-16T15:16:57+00:00\",\"description\":\"Slovenija ima veliko dobre literature, poezije in drugih zapisov. Najve\u010dji med vsemi avtorji, France Pre\u0161eren, je napisal slovensko himno.\",\"breadcrumb\":{\"@id\":\"https:\/\/www.travel-slovenia.si\/slo\/v-besedi\/#breadcrumb\"},\"inLanguage\":\"sl-SI\",\"potentialAction\":[{\"@type\":\"ReadAction\",\"target\":[\"https:\/\/www.travel-slovenia.si\/slo\/v-besedi\/\"]}]},{\"@type\":\"ImageObject\",\"inLanguage\":\"sl-SI\",\"@id\":\"https:\/\/www.travel-slovenia.si\/slo\/v-besedi\/#primaryimage\",\"url\":\"https:\/\/www.travel-slovenia.si\/slo\/wp-content\/uploads\/2014\/05\/travel-slovenia-France-Preseren-zdravljica.jpg\",\"contentUrl\":\"https:\/\/www.travel-slovenia.si\/slo\/wp-content\/uploads\/2014\/05\/travel-slovenia-France-Preseren-zdravljica.jpg\",\"width\":150,\"height\":150},{\"@type\":\"BreadcrumbList\",\"@id\":\"https:\/\/www.travel-slovenia.si\/slo\/v-besedi\/#breadcrumb\",\"itemListElement\":[{\"@type\":\"ListItem\",\"position\":1,\"name\":\"Home\",\"item\":\"https:\/\/www.travel-slovenia.si\/slo\/\"},{\"@type\":\"ListItem\",\"position\":2,\"name\":\"V BESEDI\"}]},{\"@type\":\"WebSite\",\"@id\":\"https:\/\/www.travel-slovenia.si\/slo\/#website\",\"url\":\"https:\/\/www.travel-slovenia.si\/slo\/\",\"name\":\"Travel Slovenia - Sledite lepotam na\u0161e male dr\u017eavice\",\"description\":\"\",\"potentialAction\":[{\"@type\":\"SearchAction\",\"target\":{\"@type\":\"EntryPoint\",\"urlTemplate\":\"https:\/\/www.travel-slovenia.si\/slo\/?s={search_term_string}\"},\"query-input\":{\"@type\":\"PropertyValueSpecification\",\"valueRequired\":true,\"valueName\":\"search_term_string\"}}],\"inLanguage\":\"sl-SI\"}]}<\/script>\n<!-- \/ Yoast SEO plugin. -->","yoast_head_json":{"title":"V besedi : Travel-Slovenia","description":"Slovenija ima veliko dobre literature, poezije in drugih zapisov. Najve\u010dji med vsemi avtorji, France Pre\u0161eren, je napisal slovensko himno.","robots":{"index":"index","follow":"follow","max-snippet":"max-snippet:-1","max-image-preview":"max-image-preview:large","max-video-preview":"max-video-preview:-1"},"canonical":"https:\/\/www.travel-slovenia.si\/slo\/v-besedi\/","og_locale":"sl_SI","og_type":"article","og_title":"V besedi : Travel-Slovenia","og_description":"Slovenija ima veliko dobre literature, poezije in drugih zapisov. Najve\u010dji med vsemi avtorji, France Pre\u0161eren, je napisal slovensko himno.","og_url":"https:\/\/www.travel-slovenia.si\/slo\/v-besedi\/","og_site_name":"Travel Slovenia - Sledite lepotam na\u0161e male dr\u017eavice","article_modified_time":"2019-10-16T15:16:57+00:00","twitter_card":"summary_large_image","twitter_title":"V besedi : Travel-Slovenia","twitter_description":"Slovenija ima veliko dobre literature, poezije in drugih zapisov. Najve\u010dji med vsemi avtorji, France Pre\u0161eren, je napisal slovensko himno.","twitter_image":"https:\/\/www.travel-slovenia.si\/wp-content\/uploads\/2014\/05\/France-Preseren-a-toast.jpg","twitter_misc":{"Est. reading time":"2 minuti"},"schema":{"@context":"https:\/\/schema.org","@graph":[{"@type":"WebPage","@id":"https:\/\/www.travel-slovenia.si\/slo\/v-besedi\/","url":"https:\/\/www.travel-slovenia.si\/slo\/v-besedi\/","name":"V besedi : Travel-Slovenia","isPartOf":{"@id":"https:\/\/www.travel-slovenia.si\/slo\/#website"},"primaryImageOfPage":{"@id":"https:\/\/www.travel-slovenia.si\/slo\/v-besedi\/#primaryimage"},"image":{"@id":"https:\/\/www.travel-slovenia.si\/slo\/v-besedi\/#primaryimage"},"thumbnailUrl":"https:\/\/www.travel-slovenia.si\/slo\/wp-content\/uploads\/2014\/05\/travel-slovenia-France-Preseren-zdravljica.jpg","datePublished":"2014-05-21T11:26:27+00:00","dateModified":"2019-10-16T15:16:57+00:00","description":"Slovenija ima veliko dobre literature, poezije in drugih zapisov. Najve\u010dji med vsemi avtorji, France Pre\u0161eren, je napisal slovensko himno.","breadcrumb":{"@id":"https:\/\/www.travel-slovenia.si\/slo\/v-besedi\/#breadcrumb"},"inLanguage":"sl-SI","potentialAction":[{"@type":"ReadAction","target":["https:\/\/www.travel-slovenia.si\/slo\/v-besedi\/"]}]},{"@type":"ImageObject","inLanguage":"sl-SI","@id":"https:\/\/www.travel-slovenia.si\/slo\/v-besedi\/#primaryimage","url":"https:\/\/www.travel-slovenia.si\/slo\/wp-content\/uploads\/2014\/05\/travel-slovenia-France-Preseren-zdravljica.jpg","contentUrl":"https:\/\/www.travel-slovenia.si\/slo\/wp-content\/uploads\/2014\/05\/travel-slovenia-France-Preseren-zdravljica.jpg","width":150,"height":150},{"@type":"BreadcrumbList","@id":"https:\/\/www.travel-slovenia.si\/slo\/v-besedi\/#breadcrumb","itemListElement":[{"@type":"ListItem","position":1,"name":"Home","item":"https:\/\/www.travel-slovenia.si\/slo\/"},{"@type":"ListItem","position":2,"name":"V BESEDI"}]},{"@type":"WebSite","@id":"https:\/\/www.travel-slovenia.si\/slo\/#website","url":"https:\/\/www.travel-slovenia.si\/slo\/","name":"Travel Slovenia - Sledite lepotam na\u0161e male dr\u017eavice","description":"","potentialAction":[{"@type":"SearchAction","target":{"@type":"EntryPoint","urlTemplate":"https:\/\/www.travel-slovenia.si\/slo\/?s={search_term_string}"},"query-input":{"@type":"PropertyValueSpecification","valueRequired":true,"valueName":"search_term_string"}}],"inLanguage":"sl-SI"}]}},"post_mailing_queue_ids":[],"_links":{"self":[{"href":"https:\/\/www.travel-slovenia.si\/slo\/wp-json\/wp\/v2\/pages\/14","targetHints":{"allow":["GET"]}}],"collection":[{"href":"https:\/\/www.travel-slovenia.si\/slo\/wp-json\/wp\/v2\/pages"}],"about":[{"href":"https:\/\/www.travel-slovenia.si\/slo\/wp-json\/wp\/v2\/types\/page"}],"author":[{"embeddable":true,"href":"https:\/\/www.travel-slovenia.si\/slo\/wp-json\/wp\/v2\/users\/111"}],"replies":[{"embeddable":true,"href":"https:\/\/www.travel-slovenia.si\/slo\/wp-json\/wp\/v2\/comments?post=14"}],"version-history":[{"count":56,"href":"https:\/\/www.travel-slovenia.si\/slo\/wp-json\/wp\/v2\/pages\/14\/revisions"}],"predecessor-version":[{"id":8458,"href":"https:\/\/www.travel-slovenia.si\/slo\/wp-json\/wp\/v2\/pages\/14\/revisions\/8458"}],"wp:attachment":[{"href":"https:\/\/www.travel-slovenia.si\/slo\/wp-json\/wp\/v2\/media?parent=14"}],"curies":[{"name":"wp","href":"https:\/\/api.w.org\/{rel}","templated":true}]}}