{"id":1362,"date":"2014-08-10T14:56:55","date_gmt":"2014-08-10T14:56:55","guid":{"rendered":"https:\/\/www.travel-slovenia.si\/?page_id=1362"},"modified":"2015-10-04T16:09:45","modified_gmt":"2015-10-04T16:09:45","slug":"parki-in-gozdovi","status":"publish","type":"page","link":"https:\/\/www.travel-slovenia.si\/slo\/parki-in-gozdovi\/","title":{"rendered":"Parki in gozdovi"},"content":{"rendered":"<p style=\"text-align: justify;\">Slovenija je dr\u017eava, ki ima najvi\u0161jo raven biotske raznolikosti in veliko raznolikost pokrajin v evropi. Prva pobuda za za\u0161\u010dito teh obmo\u010dij, prevzeti z najve\u010djim bogastvom in lepotami narave, je pri\u0161la v 20. stoletju in ta ideja se je razvijala do danes, tako da je to postal eden izmed na\u010dinov oblikovanja trajnostnega razvoja dru\u017ebe. Te zahteve po ohranjanju narave in privla\u010dne pokrajine pove\u010dujejo \u0161tevilo ljubiteljev narave. Parki ponujajo mir, sprostitev, do\u017eivljanje neokrnjene narave in \u0161tevilne aktivnosti. To so podro\u010dja, kjer so ravni naravne in kulturne ohranjenosti najvi\u0161je in postajajo \u010dedalje bolj pomembna za obiskovalce.<\/p>\n<p style=\"text-align: justify;\">Slovenija je obenem poznana kot de\u017eela gozdov, saj je okoli 3\/4 povr\u0161ine prekrite z njimi. Tako je skoraj vsak slovenski kraj v bli\u017eini gozda. Gozd je zapleteno prepletena zdru\u017eba rastlin, \u017eivali in mikroorganizmov. Gozdovi \u0161\u010ditijo tla pred erozijo in prepre\u010dujejo nastanek plazov, zadr\u017eujejo padavinsko vodo in prepre\u010dujejo njeno prehitro izhlapevanje. Vplivajo tudi na temperaturo in zra\u010dno vlago. Slovenija ima lepo \u0161tevilo gozdov, ki so zakonsko za\u0161\u010diteni in poseganje v njih kaznivo in spadajo med naravne rezervate.<\/p>\n<p style=\"text-align: justify;\"><strong><em><img loading=\"lazy\" decoding=\"async\" class=\"alignleft size-full wp-image-3785\" src=\"https:\/\/www.travel-slovenia.si\/slo\/wp-content\/uploads\/2014\/08\/travel-slovenia-narodni-park-triglav.jpg\" alt=\"travel-slovenia-narodni-park-triglav\" width=\"150\" height=\"150\" srcset=\"https:\/\/www.travel-slovenia.si\/slo\/wp-content\/uploads\/2014\/08\/travel-slovenia-narodni-park-triglav.jpg 150w, https:\/\/www.travel-slovenia.si\/slo\/wp-content\/uploads\/2014\/08\/travel-slovenia-narodni-park-triglav-83x83.jpg 83w, https:\/\/www.travel-slovenia.si\/slo\/wp-content\/uploads\/2014\/08\/travel-slovenia-narodni-park-triglav-55x55.jpg 55w, https:\/\/www.travel-slovenia.si\/slo\/wp-content\/uploads\/2014\/08\/travel-slovenia-narodni-park-triglav-24x24.jpg 24w, https:\/\/www.travel-slovenia.si\/slo\/wp-content\/uploads\/2014\/08\/travel-slovenia-narodni-park-triglav-36x36.jpg 36w, https:\/\/www.travel-slovenia.si\/slo\/wp-content\/uploads\/2014\/08\/travel-slovenia-narodni-park-triglav-48x48.jpg 48w\" sizes=\"auto, (max-width: 150px) 100vw, 150px\" \/>Narodni park<\/em><\/strong><br \/>\nNarodni park je obse\u017eno zaokro\u017eeno naravno obmo\u010dje, ki ima s strani naravovarstva najve\u010djo vrednost. Park je nastal zaradi prvobitnih con z ekosistemom in naravnimi znamenitostmi izjemnega pomena. Vloga narodnega parka je ohranjanje in prou\u010devanje naravnih ekosistemov. [<a href=\"https:\/\/www.travel-slovenia.si\/slo\/location\/triglav-national-park\/\">_Obi\u0161\u010dite lokacijo_<\/a>]\n<p style=\"text-align: justify;\"><strong><em><img loading=\"lazy\" decoding=\"async\" class=\"alignleft size-full wp-image-3786\" src=\"https:\/\/www.travel-slovenia.si\/slo\/wp-content\/uploads\/2014\/08\/travel-slovenia-regijski-park.jpg\" alt=\"travel-slovenia-regijski-park\" width=\"150\" height=\"150\" srcset=\"https:\/\/www.travel-slovenia.si\/slo\/wp-content\/uploads\/2014\/08\/travel-slovenia-regijski-park.jpg 150w, https:\/\/www.travel-slovenia.si\/slo\/wp-content\/uploads\/2014\/08\/travel-slovenia-regijski-park-83x83.jpg 83w, https:\/\/www.travel-slovenia.si\/slo\/wp-content\/uploads\/2014\/08\/travel-slovenia-regijski-park-55x55.jpg 55w, https:\/\/www.travel-slovenia.si\/slo\/wp-content\/uploads\/2014\/08\/travel-slovenia-regijski-park-24x24.jpg 24w, https:\/\/www.travel-slovenia.si\/slo\/wp-content\/uploads\/2014\/08\/travel-slovenia-regijski-park-36x36.jpg 36w, https:\/\/www.travel-slovenia.si\/slo\/wp-content\/uploads\/2014\/08\/travel-slovenia-regijski-park-48x48.jpg 48w\" sizes=\"auto, (max-width: 150px) 100vw, 150px\" \/>Regijski parki<\/em><\/strong><br \/>\nRegijski park je zaokro\u017eeno obmo\u010dje neokrnjene in kultivirane narave, ki zdru\u017euje \u0161irok spekter regijsko zna\u010dilnih ekosistemov in krajine. Naloge parka so ohranjanje naravnih ekosistemov in zna\u010dilne krajine, spodbujanje trajnostnega razvoja in omogo\u010danje \u010dlovekove aktivnosti v naravnem okolju. [_Obi\u0161\u010dite lokacije_]\n<p style=\"text-align: justify;\"><strong><em><img loading=\"lazy\" decoding=\"async\" class=\"alignleft size-full wp-image-3783\" src=\"https:\/\/www.travel-slovenia.si\/slo\/wp-content\/uploads\/2014\/08\/travel-slovenia-krajinski-park.jpg\" alt=\"travel-slovenia-krajinski-park\" width=\"150\" height=\"150\" srcset=\"https:\/\/www.travel-slovenia.si\/slo\/wp-content\/uploads\/2014\/08\/travel-slovenia-krajinski-park.jpg 150w, https:\/\/www.travel-slovenia.si\/slo\/wp-content\/uploads\/2014\/08\/travel-slovenia-krajinski-park-83x83.jpg 83w, https:\/\/www.travel-slovenia.si\/slo\/wp-content\/uploads\/2014\/08\/travel-slovenia-krajinski-park-55x55.jpg 55w, https:\/\/www.travel-slovenia.si\/slo\/wp-content\/uploads\/2014\/08\/travel-slovenia-krajinski-park-24x24.jpg 24w, https:\/\/www.travel-slovenia.si\/slo\/wp-content\/uploads\/2014\/08\/travel-slovenia-krajinski-park-36x36.jpg 36w, https:\/\/www.travel-slovenia.si\/slo\/wp-content\/uploads\/2014\/08\/travel-slovenia-krajinski-park-48x48.jpg 48w\" sizes=\"auto, (max-width: 150px) 100vw, 150px\" \/>Krajinski parki<\/em><\/strong><br \/>\nKrajinski park je obmo\u010dje, kjer se \u0161tevilni elementi naravne in kulturne dedi\u0161\u010dine prepletajo. Krajinski park je zasnovan predvsem za ohranjanje krajine in za sprostitev. To je obmo\u010dje z izrazito kakovostjo in dolgoro\u010dnim so\u017eitjem med \u010dlovekom in naravo. [<a href=\"https:\/\/www.travel-slovenia.si\/slo\/krajinski-parki\/\">_Obi\u0161\u010dite lokacije_<\/a>]\n<p style=\"text-align: justify;\"><strong><em><img loading=\"lazy\" decoding=\"async\" class=\"alignleft size-full wp-image-3784\" src=\"https:\/\/www.travel-slovenia.si\/slo\/wp-content\/uploads\/2014\/08\/travel-slovenia-mestni-park.jpg\" alt=\"travel-slovenia-mestni-park\" width=\"150\" height=\"150\" srcset=\"https:\/\/www.travel-slovenia.si\/slo\/wp-content\/uploads\/2014\/08\/travel-slovenia-mestni-park.jpg 150w, https:\/\/www.travel-slovenia.si\/slo\/wp-content\/uploads\/2014\/08\/travel-slovenia-mestni-park-83x83.jpg 83w, https:\/\/www.travel-slovenia.si\/slo\/wp-content\/uploads\/2014\/08\/travel-slovenia-mestni-park-55x55.jpg 55w, https:\/\/www.travel-slovenia.si\/slo\/wp-content\/uploads\/2014\/08\/travel-slovenia-mestni-park-24x24.jpg 24w, https:\/\/www.travel-slovenia.si\/slo\/wp-content\/uploads\/2014\/08\/travel-slovenia-mestni-park-36x36.jpg 36w, https:\/\/www.travel-slovenia.si\/slo\/wp-content\/uploads\/2014\/08\/travel-slovenia-mestni-park-48x48.jpg 48w\" sizes=\"auto, (max-width: 150px) 100vw, 150px\" \/>Mestni\u00a0parki<\/em><\/strong><br \/>\nPark ponuja bogato zelenje, ki krasi mesto, varuje ljudi pred u\u010dinki ubranega okolja in ponuja prilo\u017enost za dru\u017eenje, rekreacijo in sprostitev. In to je najve\u010dji pomen mestnega parka. Lahko imajo okra\u0161eno, tlakovano, kamnito, razpokano, peskano ali naravno pot.[<a href=\"https:\/\/www.travel-slovenia.si\/slo\/mestni-parki\/\">_Obi\u0161\u010dite lokacije_<\/a>]\n<p style=\"text-align: justify;\"><strong><em><img loading=\"lazy\" decoding=\"async\" class=\"alignleft size-full wp-image-3782\" src=\"https:\/\/www.travel-slovenia.si\/slo\/wp-content\/uploads\/2014\/08\/travel-slovenia-gozdovi.jpg\" alt=\"travel-slovenia-gozdovi\" width=\"150\" height=\"150\" srcset=\"https:\/\/www.travel-slovenia.si\/slo\/wp-content\/uploads\/2014\/08\/travel-slovenia-gozdovi.jpg 150w, https:\/\/www.travel-slovenia.si\/slo\/wp-content\/uploads\/2014\/08\/travel-slovenia-gozdovi-83x83.jpg 83w, https:\/\/www.travel-slovenia.si\/slo\/wp-content\/uploads\/2014\/08\/travel-slovenia-gozdovi-55x55.jpg 55w, https:\/\/www.travel-slovenia.si\/slo\/wp-content\/uploads\/2014\/08\/travel-slovenia-gozdovi-24x24.jpg 24w, https:\/\/www.travel-slovenia.si\/slo\/wp-content\/uploads\/2014\/08\/travel-slovenia-gozdovi-36x36.jpg 36w, https:\/\/www.travel-slovenia.si\/slo\/wp-content\/uploads\/2014\/08\/travel-slovenia-gozdovi-48x48.jpg 48w\" sizes=\"auto, (max-width: 150px) 100vw, 150px\" \/>Gozdovi<\/em><\/strong><br \/>\nGozd je kombinacija ve\u010d dreves in vrsta kopenskega ekosistema. Ta vrsta ekosistema se pojavi samostojno, z interakcijo z okoljskimi dejavniki. Tu je podnebje odlo\u010dilno. In gozdni ekosistemi se, glede na razpolo\u017eljivost toplote in razli\u010dnih podnebnih obmo\u010djih, razlikujejo. [<a href=\"https:\/\/www.travel-slovenia.si\/slo\/gozdovi\/\">_Obi\u0161\u010dite lokacije_<\/a>]\n","protected":false},"excerpt":{"rendered":"<p>Slovenija je dr\u017eava, ki ima najvi\u0161jo raven biotske raznolikosti in veliko raznolikost pokrajin v evropi. Prva pobuda za za\u0161\u010dito teh obmo\u010dij, prevzeti z najve\u010djim bogastvom in lepotami narave, je pri\u0161la v 20. stoletju in ta ideja se je razvijala do danes, tako da je to postal eden izmed na\u010dinov oblikovanja trajnostnega razvoja dru\u017ebe. Te zahteve [&hellip;]<\/p>\n","protected":false},"author":111,"featured_media":0,"parent":0,"menu_order":0,"comment_status":"closed","ping_status":"closed","template":"","meta":{"footnotes":""},"class_list":["post-1362","page","type-page","status-publish","hentry"],"yoast_head":"<!-- This site is optimized with the Yoast SEO plugin v25.4 - https:\/\/yoast.com\/wordpress\/plugins\/seo\/ -->\n<title>Parki in gozdovi : Travel-Slovenia<\/title>\n<meta name=\"description\" content=\"Slovenija ima veliko zelenih obmo\u010dij, parkov in gozdov, ki so namenjeni spro\u0161\u010danju obiskovalcev. Mnogi izmed njih so naravno za\u0161\u010ditena.\" \/>\n<meta name=\"robots\" content=\"index, follow, max-snippet:-1, max-image-preview:large, max-video-preview:-1\" \/>\n<link rel=\"canonical\" href=\"https:\/\/www.travel-slovenia.si\/slo\/parki-in-gozdovi\/\" \/>\n<meta property=\"og:locale\" content=\"sl_SI\" \/>\n<meta property=\"og:type\" content=\"article\" \/>\n<meta property=\"og:title\" content=\"Parki in gozdovi v Sloveniji : Travel-Slovenia\" \/>\n<meta property=\"og:description\" content=\"Slovenija ima veliko zelenih obmo\u010dij, parkov in gozdov, ki so namenjeni spro\u0161\u010danju obiskovalcev. Mnogi izmed njih so naravno za\u0161\u010ditena.\" \/>\n<meta property=\"og:url\" content=\"https:\/\/www.travel-slovenia.si\/slo\/parki-in-gozdovi\/\" \/>\n<meta property=\"og:site_name\" content=\"Travel Slovenia - Sledite lepotam na\u0161e male dr\u017eavice\" \/>\n<meta property=\"article:modified_time\" content=\"2015-10-04T16:09:45+00:00\" \/>\n<meta property=\"og:image\" content=\"https:\/\/www.travel-slovenia.si\/slo\/wp-content\/uploads\/2014\/08\/travel-slovenia-parki-in-gozdovi.jpg\" \/>\n\t<meta property=\"og:image:width\" content=\"150\" \/>\n\t<meta property=\"og:image:height\" content=\"150\" \/>\n\t<meta property=\"og:image:type\" content=\"image\/jpeg\" \/>\n<meta name=\"twitter:card\" content=\"summary_large_image\" \/>\n<meta name=\"twitter:title\" content=\"Parki in gozdovi v Sloveniji : Travel-Slovenia\" \/>\n<meta name=\"twitter:description\" content=\"Slovenija ima veliko zelenih obmo\u010dij, parkov in gozdov, ki so namenjeni spro\u0161\u010danju obiskovalcev. Mnogi izmed njih so naravno za\u0161\u010ditena.\" \/>\n<meta name=\"twitter:image\" content=\"https:\/\/www.travel-slovenia.si\/slo\/wp-content\/uploads\/2014\/08\/travel-slovenia-parki-in-gozdovi.jpg\" \/>\n<meta name=\"twitter:label1\" content=\"Est. reading time\" \/>\n\t<meta name=\"twitter:data1\" content=\"2 minuti\" \/>\n<script type=\"application\/ld+json\" class=\"yoast-schema-graph\">{\"@context\":\"https:\/\/schema.org\",\"@graph\":[{\"@type\":\"WebPage\",\"@id\":\"https:\/\/www.travel-slovenia.si\/slo\/parki-in-gozdovi\/\",\"url\":\"https:\/\/www.travel-slovenia.si\/slo\/parki-in-gozdovi\/\",\"name\":\"Parki in gozdovi : Travel-Slovenia\",\"isPartOf\":{\"@id\":\"https:\/\/www.travel-slovenia.si\/slo\/#website\"},\"primaryImageOfPage\":{\"@id\":\"https:\/\/www.travel-slovenia.si\/slo\/parki-in-gozdovi\/#primaryimage\"},\"image\":{\"@id\":\"https:\/\/www.travel-slovenia.si\/slo\/parki-in-gozdovi\/#primaryimage\"},\"thumbnailUrl\":\"https:\/\/www.travel-slovenia.si\/slo\/wp-content\/uploads\/2014\/08\/travel-slovenia-narodni-park-triglav.jpg\",\"datePublished\":\"2014-08-10T14:56:55+00:00\",\"dateModified\":\"2015-10-04T16:09:45+00:00\",\"description\":\"Slovenija ima veliko zelenih obmo\u010dij, parkov in gozdov, ki so namenjeni spro\u0161\u010danju obiskovalcev. Mnogi izmed njih so naravno za\u0161\u010ditena.\",\"breadcrumb\":{\"@id\":\"https:\/\/www.travel-slovenia.si\/slo\/parki-in-gozdovi\/#breadcrumb\"},\"inLanguage\":\"sl-SI\",\"potentialAction\":[{\"@type\":\"ReadAction\",\"target\":[\"https:\/\/www.travel-slovenia.si\/slo\/parki-in-gozdovi\/\"]}]},{\"@type\":\"ImageObject\",\"inLanguage\":\"sl-SI\",\"@id\":\"https:\/\/www.travel-slovenia.si\/slo\/parki-in-gozdovi\/#primaryimage\",\"url\":\"https:\/\/www.travel-slovenia.si\/slo\/wp-content\/uploads\/2014\/08\/travel-slovenia-narodni-park-triglav.jpg\",\"contentUrl\":\"https:\/\/www.travel-slovenia.si\/slo\/wp-content\/uploads\/2014\/08\/travel-slovenia-narodni-park-triglav.jpg\",\"width\":150,\"height\":150},{\"@type\":\"BreadcrumbList\",\"@id\":\"https:\/\/www.travel-slovenia.si\/slo\/parki-in-gozdovi\/#breadcrumb\",\"itemListElement\":[{\"@type\":\"ListItem\",\"position\":1,\"name\":\"Home\",\"item\":\"https:\/\/www.travel-slovenia.si\/slo\/\"},{\"@type\":\"ListItem\",\"position\":2,\"name\":\"Parki in gozdovi\"}]},{\"@type\":\"WebSite\",\"@id\":\"https:\/\/www.travel-slovenia.si\/slo\/#website\",\"url\":\"https:\/\/www.travel-slovenia.si\/slo\/\",\"name\":\"Travel Slovenia - Sledite lepotam na\u0161e male dr\u017eavice\",\"description\":\"\",\"potentialAction\":[{\"@type\":\"SearchAction\",\"target\":{\"@type\":\"EntryPoint\",\"urlTemplate\":\"https:\/\/www.travel-slovenia.si\/slo\/?s={search_term_string}\"},\"query-input\":{\"@type\":\"PropertyValueSpecification\",\"valueRequired\":true,\"valueName\":\"search_term_string\"}}],\"inLanguage\":\"sl-SI\"}]}<\/script>\n<!-- \/ Yoast SEO plugin. -->","yoast_head_json":{"title":"Parki in gozdovi : Travel-Slovenia","description":"Slovenija ima veliko zelenih obmo\u010dij, parkov in gozdov, ki so namenjeni spro\u0161\u010danju obiskovalcev. Mnogi izmed njih so naravno za\u0161\u010ditena.","robots":{"index":"index","follow":"follow","max-snippet":"max-snippet:-1","max-image-preview":"max-image-preview:large","max-video-preview":"max-video-preview:-1"},"canonical":"https:\/\/www.travel-slovenia.si\/slo\/parki-in-gozdovi\/","og_locale":"sl_SI","og_type":"article","og_title":"Parki in gozdovi v Sloveniji : Travel-Slovenia","og_description":"Slovenija ima veliko zelenih obmo\u010dij, parkov in gozdov, ki so namenjeni spro\u0161\u010danju obiskovalcev. Mnogi izmed njih so naravno za\u0161\u010ditena.","og_url":"https:\/\/www.travel-slovenia.si\/slo\/parki-in-gozdovi\/","og_site_name":"Travel Slovenia - Sledite lepotam na\u0161e male dr\u017eavice","article_modified_time":"2015-10-04T16:09:45+00:00","og_image":[{"width":150,"height":150,"url":"https:\/\/www.travel-slovenia.si\/slo\/wp-content\/uploads\/2014\/08\/travel-slovenia-parki-in-gozdovi.jpg","type":"image\/jpeg"}],"twitter_card":"summary_large_image","twitter_title":"Parki in gozdovi v Sloveniji : Travel-Slovenia","twitter_description":"Slovenija ima veliko zelenih obmo\u010dij, parkov in gozdov, ki so namenjeni spro\u0161\u010danju obiskovalcev. Mnogi izmed njih so naravno za\u0161\u010ditena.","twitter_image":"https:\/\/www.travel-slovenia.si\/slo\/wp-content\/uploads\/2014\/08\/travel-slovenia-parki-in-gozdovi.jpg","twitter_misc":{"Est. reading time":"2 minuti"},"schema":{"@context":"https:\/\/schema.org","@graph":[{"@type":"WebPage","@id":"https:\/\/www.travel-slovenia.si\/slo\/parki-in-gozdovi\/","url":"https:\/\/www.travel-slovenia.si\/slo\/parki-in-gozdovi\/","name":"Parki in gozdovi : Travel-Slovenia","isPartOf":{"@id":"https:\/\/www.travel-slovenia.si\/slo\/#website"},"primaryImageOfPage":{"@id":"https:\/\/www.travel-slovenia.si\/slo\/parki-in-gozdovi\/#primaryimage"},"image":{"@id":"https:\/\/www.travel-slovenia.si\/slo\/parki-in-gozdovi\/#primaryimage"},"thumbnailUrl":"https:\/\/www.travel-slovenia.si\/slo\/wp-content\/uploads\/2014\/08\/travel-slovenia-narodni-park-triglav.jpg","datePublished":"2014-08-10T14:56:55+00:00","dateModified":"2015-10-04T16:09:45+00:00","description":"Slovenija ima veliko zelenih obmo\u010dij, parkov in gozdov, ki so namenjeni spro\u0161\u010danju obiskovalcev. Mnogi izmed njih so naravno za\u0161\u010ditena.","breadcrumb":{"@id":"https:\/\/www.travel-slovenia.si\/slo\/parki-in-gozdovi\/#breadcrumb"},"inLanguage":"sl-SI","potentialAction":[{"@type":"ReadAction","target":["https:\/\/www.travel-slovenia.si\/slo\/parki-in-gozdovi\/"]}]},{"@type":"ImageObject","inLanguage":"sl-SI","@id":"https:\/\/www.travel-slovenia.si\/slo\/parki-in-gozdovi\/#primaryimage","url":"https:\/\/www.travel-slovenia.si\/slo\/wp-content\/uploads\/2014\/08\/travel-slovenia-narodni-park-triglav.jpg","contentUrl":"https:\/\/www.travel-slovenia.si\/slo\/wp-content\/uploads\/2014\/08\/travel-slovenia-narodni-park-triglav.jpg","width":150,"height":150},{"@type":"BreadcrumbList","@id":"https:\/\/www.travel-slovenia.si\/slo\/parki-in-gozdovi\/#breadcrumb","itemListElement":[{"@type":"ListItem","position":1,"name":"Home","item":"https:\/\/www.travel-slovenia.si\/slo\/"},{"@type":"ListItem","position":2,"name":"Parki in gozdovi"}]},{"@type":"WebSite","@id":"https:\/\/www.travel-slovenia.si\/slo\/#website","url":"https:\/\/www.travel-slovenia.si\/slo\/","name":"Travel Slovenia - Sledite lepotam na\u0161e male dr\u017eavice","description":"","potentialAction":[{"@type":"SearchAction","target":{"@type":"EntryPoint","urlTemplate":"https:\/\/www.travel-slovenia.si\/slo\/?s={search_term_string}"},"query-input":{"@type":"PropertyValueSpecification","valueRequired":true,"valueName":"search_term_string"}}],"inLanguage":"sl-SI"}]}},"post_mailing_queue_ids":[],"_links":{"self":[{"href":"https:\/\/www.travel-slovenia.si\/slo\/wp-json\/wp\/v2\/pages\/1362","targetHints":{"allow":["GET"]}}],"collection":[{"href":"https:\/\/www.travel-slovenia.si\/slo\/wp-json\/wp\/v2\/pages"}],"about":[{"href":"https:\/\/www.travel-slovenia.si\/slo\/wp-json\/wp\/v2\/types\/page"}],"author":[{"embeddable":true,"href":"https:\/\/www.travel-slovenia.si\/slo\/wp-json\/wp\/v2\/users\/111"}],"replies":[{"embeddable":true,"href":"https:\/\/www.travel-slovenia.si\/slo\/wp-json\/wp\/v2\/comments?post=1362"}],"version-history":[{"count":43,"href":"https:\/\/www.travel-slovenia.si\/slo\/wp-json\/wp\/v2\/pages\/1362\/revisions"}],"predecessor-version":[{"id":3995,"href":"https:\/\/www.travel-slovenia.si\/slo\/wp-json\/wp\/v2\/pages\/1362\/revisions\/3995"}],"wp:attachment":[{"href":"https:\/\/www.travel-slovenia.si\/slo\/wp-json\/wp\/v2\/media?parent=1362"}],"curies":[{"name":"wp","href":"https:\/\/api.w.org\/{rel}","templated":true}]}}