{"id":1219,"date":"2014-08-04T12:21:16","date_gmt":"2014-08-04T12:21:16","guid":{"rendered":"https:\/\/www.travel-slovenia.si\/?page_id=1219"},"modified":"2020-10-14T09:47:39","modified_gmt":"2020-10-14T07:47:39","slug":"kontakt","status":"publish","type":"page","link":"https:\/\/www.travel-slovenia.si\/slo\/kontakt\/","title":{"rendered":"KONTAKT"},"content":{"rendered":"<p style=\"text-align: justify;\"><strong><em>Splo\u0161ne zadeve<\/em><\/strong><br \/>\nVabljeni, da nas kontaktirate v zvezi s katerokoli Travel-Slovenia zadevo ali vpra\u0161anjem. Sprejemamo kritike, soglasja, predloge, mnenja, misli, ideje, &#8230; Ker smo samo ljudje, tudi mi delamo napake in v kolikor najdete kak\u0161no nam pi\u0161ite in popravili jo bomo (slovnica, \u010drkovanje, slike ali katere druge). Sprejemamo tudi slike iz razli\u010dnih lokacij, da ustvarimo stran bolj zanimivo. V stik z nami lahko stopite preko spodnjega obrazca ali podanega spletnega naslova.<\/p>\n<p><strong>Travel-Slovenia spletni naslov:<\/strong><br \/>\ninfo@travel-slovenia.si<\/p>\n<hr \/>\n<p style=\"text-align: justify;\"><strong><em>Ogla\u0161evanje<\/em><\/strong><br \/>\nOgla\u0161ujte s Travel-Slovenia in postanite vidni, predstavite svoj posel, storitev ali izdelek. Je odli\u010dna prilo\u017enost za ogla\u0161evanje va\u0161ega podjetja in s tem mo\u017enost pove\u010danja obiska ter pridobitev novih strank. Travel-Slovenia vam ponuja razli\u010dne mo\u017enosti ogla\u0161evanja preko spletnih pasic, predstavitev, povezav, dogodkov, sponzoriranih \u010dlankov. Po\u0161ljite nam spletno sporo\u010dilo in ponudbo boste dobili v najkraj\u0161em mo\u017enem \u010dasu. V stik z nami lahko stopite preko spodnjega obrazca ali podanega spletnega naslova.<\/p>\n<p><strong>Travel-Slovenia\u00a0spletni naslov:<\/strong><br \/>\nmarketing@travel-slovenia.si<\/p>\n<p>&nbsp;<\/p>\n","protected":false},"excerpt":{"rendered":"<p>Splo\u0161ne zadeve Vabljeni, da nas kontaktirate v zvezi s katerokoli Travel-Slovenia zadevo ali vpra\u0161anjem. Sprejemamo kritike, soglasja, predloge, mnenja, misli, ideje, &#8230; Ker smo samo ljudje, tudi mi delamo napake in v kolikor najdete kak\u0161no nam pi\u0161ite in popravili jo bomo (slovnica, \u010drkovanje, slike ali katere druge). Sprejemamo tudi slike iz razli\u010dnih lokacij, da ustvarimo [&hellip;]<\/p>\n","protected":false},"author":111,"featured_media":0,"parent":0,"menu_order":7,"comment_status":"closed","ping_status":"closed","template":"","meta":{"footnotes":""},"class_list":["post-1219","page","type-page","status-publish","hentry"],"yoast_head":"<!-- This site is optimized with the Yoast SEO plugin v25.4 - https:\/\/yoast.com\/wordpress\/plugins\/seo\/ -->\n<title>Kontakt : Travel-Slovenia<\/title>\n<meta name=\"description\" content=\"Vabljeni, da nas kontaktirate v zvezi s katerokoli Travel-Slovenia zadevo ali vpra\u0161anjem. Sprejemamo kritike, soglasja, predloge, mnenja, misli, ideje, ...\" \/>\n<meta name=\"robots\" content=\"index, follow, max-snippet:-1, max-image-preview:large, max-video-preview:-1\" \/>\n<link rel=\"canonical\" href=\"https:\/\/www.travel-slovenia.si\/slo\/kontakt\/\" \/>\n<meta property=\"og:locale\" content=\"sl_SI\" \/>\n<meta property=\"og:type\" content=\"article\" \/>\n<meta property=\"og:title\" content=\"Kontakt : Travel-Slovenia\" \/>\n<meta property=\"og:description\" content=\"Vabljeni, da nas kontaktirate v zvezi s katerokoli Travel-Slovenia zadevo ali vpra\u0161anjem. Sprejemamo kritike, soglasja, predloge, mnenja, misli, ideje, ...\" \/>\n<meta property=\"og:url\" content=\"https:\/\/www.travel-slovenia.si\/slo\/kontakt\/\" \/>\n<meta property=\"og:site_name\" content=\"Travel Slovenia - Sledite lepotam na\u0161e male dr\u017eavice\" \/>\n<meta property=\"article:modified_time\" content=\"2020-10-14T07:47:39+00:00\" \/>\n<meta property=\"og:image\" content=\"https:\/\/www.travel-slovenia.si\/slo\/wp-content\/uploads\/2014\/05\/travel-slovenia-slovenska-zastava.jpg\" \/>\n\t<meta property=\"og:image:width\" content=\"383\" \/>\n\t<meta property=\"og:image:height\" content=\"383\" \/>\n\t<meta property=\"og:image:type\" content=\"image\/jpeg\" \/>\n<meta name=\"twitter:card\" content=\"summary_large_image\" \/>\n<meta name=\"twitter:title\" content=\"Kontakt : Travel-Slovenia\" \/>\n<meta name=\"twitter:description\" content=\"Vabljeni, da nas kontaktirate v zvezi s katerokoli Travel-Slovenia zadevo ali vpra\u0161anjem. Sprejemamo kritike, soglasja, predloge, mnenja, misli, ideje, ...\" \/>\n<meta name=\"twitter:image\" content=\"https:\/\/www.travel-slovenia.si\/slo\/wp-content\/uploads\/2014\/05\/travel-slovenia-slovenska-zastava.jpg\" \/>\n<meta name=\"twitter:label1\" content=\"Est. reading time\" \/>\n\t<meta name=\"twitter:data1\" content=\"1 minuta\" \/>\n<script type=\"application\/ld+json\" class=\"yoast-schema-graph\">{\"@context\":\"https:\/\/schema.org\",\"@graph\":[{\"@type\":\"WebPage\",\"@id\":\"https:\/\/www.travel-slovenia.si\/slo\/kontakt\/\",\"url\":\"https:\/\/www.travel-slovenia.si\/slo\/kontakt\/\",\"name\":\"Kontakt : Travel-Slovenia\",\"isPartOf\":{\"@id\":\"https:\/\/www.travel-slovenia.si\/slo\/#website\"},\"datePublished\":\"2014-08-04T12:21:16+00:00\",\"dateModified\":\"2020-10-14T07:47:39+00:00\",\"description\":\"Vabljeni, da nas kontaktirate v zvezi s katerokoli Travel-Slovenia zadevo ali vpra\u0161anjem. Sprejemamo kritike, soglasja, predloge, mnenja, misli, ideje, ...\",\"breadcrumb\":{\"@id\":\"https:\/\/www.travel-slovenia.si\/slo\/kontakt\/#breadcrumb\"},\"inLanguage\":\"sl-SI\",\"potentialAction\":[{\"@type\":\"ReadAction\",\"target\":[\"https:\/\/www.travel-slovenia.si\/slo\/kontakt\/\"]}]},{\"@type\":\"BreadcrumbList\",\"@id\":\"https:\/\/www.travel-slovenia.si\/slo\/kontakt\/#breadcrumb\",\"itemListElement\":[{\"@type\":\"ListItem\",\"position\":1,\"name\":\"Home\",\"item\":\"https:\/\/www.travel-slovenia.si\/slo\/\"},{\"@type\":\"ListItem\",\"position\":2,\"name\":\"KONTAKT\"}]},{\"@type\":\"WebSite\",\"@id\":\"https:\/\/www.travel-slovenia.si\/slo\/#website\",\"url\":\"https:\/\/www.travel-slovenia.si\/slo\/\",\"name\":\"Travel Slovenia - Sledite lepotam na\u0161e male dr\u017eavice\",\"description\":\"\",\"potentialAction\":[{\"@type\":\"SearchAction\",\"target\":{\"@type\":\"EntryPoint\",\"urlTemplate\":\"https:\/\/www.travel-slovenia.si\/slo\/?s={search_term_string}\"},\"query-input\":{\"@type\":\"PropertyValueSpecification\",\"valueRequired\":true,\"valueName\":\"search_term_string\"}}],\"inLanguage\":\"sl-SI\"}]}<\/script>\n<!-- \/ Yoast SEO plugin. -->","yoast_head_json":{"title":"Kontakt : Travel-Slovenia","description":"Vabljeni, da nas kontaktirate v zvezi s katerokoli Travel-Slovenia zadevo ali vpra\u0161anjem. Sprejemamo kritike, soglasja, predloge, mnenja, misli, ideje, ...","robots":{"index":"index","follow":"follow","max-snippet":"max-snippet:-1","max-image-preview":"max-image-preview:large","max-video-preview":"max-video-preview:-1"},"canonical":"https:\/\/www.travel-slovenia.si\/slo\/kontakt\/","og_locale":"sl_SI","og_type":"article","og_title":"Kontakt : Travel-Slovenia","og_description":"Vabljeni, da nas kontaktirate v zvezi s katerokoli Travel-Slovenia zadevo ali vpra\u0161anjem. Sprejemamo kritike, soglasja, predloge, mnenja, misli, ideje, ...","og_url":"https:\/\/www.travel-slovenia.si\/slo\/kontakt\/","og_site_name":"Travel Slovenia - Sledite lepotam na\u0161e male dr\u017eavice","article_modified_time":"2020-10-14T07:47:39+00:00","og_image":[{"width":383,"height":383,"url":"https:\/\/www.travel-slovenia.si\/slo\/wp-content\/uploads\/2014\/05\/travel-slovenia-slovenska-zastava.jpg","type":"image\/jpeg"}],"twitter_card":"summary_large_image","twitter_title":"Kontakt : Travel-Slovenia","twitter_description":"Vabljeni, da nas kontaktirate v zvezi s katerokoli Travel-Slovenia zadevo ali vpra\u0161anjem. Sprejemamo kritike, soglasja, predloge, mnenja, misli, ideje, ...","twitter_image":"https:\/\/www.travel-slovenia.si\/slo\/wp-content\/uploads\/2014\/05\/travel-slovenia-slovenska-zastava.jpg","twitter_misc":{"Est. reading time":"1 minuta"},"schema":{"@context":"https:\/\/schema.org","@graph":[{"@type":"WebPage","@id":"https:\/\/www.travel-slovenia.si\/slo\/kontakt\/","url":"https:\/\/www.travel-slovenia.si\/slo\/kontakt\/","name":"Kontakt : Travel-Slovenia","isPartOf":{"@id":"https:\/\/www.travel-slovenia.si\/slo\/#website"},"datePublished":"2014-08-04T12:21:16+00:00","dateModified":"2020-10-14T07:47:39+00:00","description":"Vabljeni, da nas kontaktirate v zvezi s katerokoli Travel-Slovenia zadevo ali vpra\u0161anjem. Sprejemamo kritike, soglasja, predloge, mnenja, misli, ideje, ...","breadcrumb":{"@id":"https:\/\/www.travel-slovenia.si\/slo\/kontakt\/#breadcrumb"},"inLanguage":"sl-SI","potentialAction":[{"@type":"ReadAction","target":["https:\/\/www.travel-slovenia.si\/slo\/kontakt\/"]}]},{"@type":"BreadcrumbList","@id":"https:\/\/www.travel-slovenia.si\/slo\/kontakt\/#breadcrumb","itemListElement":[{"@type":"ListItem","position":1,"name":"Home","item":"https:\/\/www.travel-slovenia.si\/slo\/"},{"@type":"ListItem","position":2,"name":"KONTAKT"}]},{"@type":"WebSite","@id":"https:\/\/www.travel-slovenia.si\/slo\/#website","url":"https:\/\/www.travel-slovenia.si\/slo\/","name":"Travel Slovenia - Sledite lepotam na\u0161e male dr\u017eavice","description":"","potentialAction":[{"@type":"SearchAction","target":{"@type":"EntryPoint","urlTemplate":"https:\/\/www.travel-slovenia.si\/slo\/?s={search_term_string}"},"query-input":{"@type":"PropertyValueSpecification","valueRequired":true,"valueName":"search_term_string"}}],"inLanguage":"sl-SI"}]}},"post_mailing_queue_ids":[],"_links":{"self":[{"href":"https:\/\/www.travel-slovenia.si\/slo\/wp-json\/wp\/v2\/pages\/1219","targetHints":{"allow":["GET"]}}],"collection":[{"href":"https:\/\/www.travel-slovenia.si\/slo\/wp-json\/wp\/v2\/pages"}],"about":[{"href":"https:\/\/www.travel-slovenia.si\/slo\/wp-json\/wp\/v2\/types\/page"}],"author":[{"embeddable":true,"href":"https:\/\/www.travel-slovenia.si\/slo\/wp-json\/wp\/v2\/users\/111"}],"replies":[{"embeddable":true,"href":"https:\/\/www.travel-slovenia.si\/slo\/wp-json\/wp\/v2\/comments?post=1219"}],"version-history":[{"count":35,"href":"https:\/\/www.travel-slovenia.si\/slo\/wp-json\/wp\/v2\/pages\/1219\/revisions"}],"predecessor-version":[{"id":9156,"href":"https:\/\/www.travel-slovenia.si\/slo\/wp-json\/wp\/v2\/pages\/1219\/revisions\/9156"}],"wp:attachment":[{"href":"https:\/\/www.travel-slovenia.si\/slo\/wp-json\/wp\/v2\/media?parent=1219"}],"curies":[{"name":"wp","href":"https:\/\/api.w.org\/{rel}","templated":true}]}}