{"id":1195,"date":"2014-08-03T23:23:43","date_gmt":"2014-08-03T23:23:43","guid":{"rendered":"https:\/\/www.travel-slovenia.si\/?page_id=1195"},"modified":"2015-10-16T14:20:34","modified_gmt":"2015-10-16T12:20:34","slug":"kranjska-cebela","status":"publish","type":"page","link":"https:\/\/www.travel-slovenia.si\/slo\/slovensko\/kranjska-cebela\/","title":{"rendered":"Kranjska \u010debela"},"content":{"rendered":"<figure id=\"attachment_3955\" class=\"wp-caption alignleft\" style=\"max-width: 300px\"><img loading=\"lazy\" decoding=\"async\" class=\"size-medium wp-image-3955\" src=\"https:\/\/www.travel-slovenia.si\/slo\/wp-content\/uploads\/2014\/08\/travel-slovenia-kranjska-cebela-300x225.jpg\" alt=\"Pogled na kranjsko \u010debelo\" width=\"300\" height=\"225\" srcset=\"https:\/\/www.travel-slovenia.si\/slo\/wp-content\/uploads\/2014\/08\/travel-slovenia-kranjska-cebela-300x225.jpg 300w, https:\/\/www.travel-slovenia.si\/slo\/wp-content\/uploads\/2014\/08\/travel-slovenia-kranjska-cebela-24x18.jpg 24w, https:\/\/www.travel-slovenia.si\/slo\/wp-content\/uploads\/2014\/08\/travel-slovenia-kranjska-cebela-36x27.jpg 36w, https:\/\/www.travel-slovenia.si\/slo\/wp-content\/uploads\/2014\/08\/travel-slovenia-kranjska-cebela-48x36.jpg 48w, https:\/\/www.travel-slovenia.si\/slo\/wp-content\/uploads\/2014\/08\/travel-slovenia-kranjska-cebela.jpg 600w\" sizes=\"auto, (max-width: 300px) 100vw, 300px\" \/><figcaption class=\"wp-caption-text\">Pogled na kranjsko \u010debelo<\/figcaption><\/figure>\n<p style=\"text-align: justify;\">Kranjska \u010debela je avtohtona pasma \u010debele, ki se je pojavila na ozemlju Slovenije. Najdemo jo lahko tudi na \u0161ir\u0161em obmo\u010dju Koro\u0161ke in \u0160tajerske (tudi v Avstriji), Mad\u017earski, Romuniji, Hvra\u0161ki, Bosni in herzegovini, Srbiji, Nem\u010diji in drugih delih sveta. Trenutno je druga najbolj raz\u0161irjena \u010debelja vrsta na svetu, ki se uporablja v \u010debelarstvu.<\/p>\n<h3>ZNA\u010cILNOSTI PASME<\/h3>\n<p style=\"text-align: justify;\">Kranjska \u010debela je umirjena vrsta \u010debele, ki se uporablja za pridobivanje medu in drugih medenih izdelkov v gosto poseljenih obmo\u010djih. Od drugih podvrst \u010debel se lo\u010di po zunanjih zna\u010dilnostih, kot tudi po vedenjskih znali\u010dnostih.<\/p>\n<p style=\"text-align: justify;\"><em>&#8211; posebnosti v zunanajem videzu<\/em><br \/>\nvitko telo, temno-rjava barva trebu\u0161nih krogov, sive dlake na repu<\/p>\n<p style=\"text-align: justify;\"><em>&#8211; korsti v \u010debelarstvu<\/em><br \/>\nmajhna poraba zimske hrane, hiter pomladni razvoj, usmerjenost na izkori\u0161\u010danje pa\u0161e v gozdovih, dobra orientacija, hitro zmanj\u0161anje obsega zalege v brezpa\u0161nem obdobju, zalega izgine zgodaj jeseni, v panju malo propolizira<\/p>\n<p style=\"text-align: justify;\">Kranjska \u010debela je miroljubna do \u010debelarja in ni preve\u010d dovzetna za ropanje drugim \u010debelam. Skoraj popolnoma je\u00a0odporna na bolezensko pr\u0161i\u010davost (Apis acariosis), je pa tudi precej odporna proti nosemi (Nosemosis apium), \u010debelji gnilobi (Apium pestis) in varozi (varoozis).<\/p>\n<p style=\"text-align: justify;\"><em>&#8211; slabosti v \u010debelarstvu<\/em><br \/>\npogosto rojenje, slab\u0161a izdelava voska<\/p>\n","protected":false},"excerpt":{"rendered":"<p>Kranjska \u010debela je avtohtona pasma \u010debele, ki se je pojavila na ozemlju Slovenije. Najdemo jo lahko tudi na \u0161ir\u0161em obmo\u010dju Koro\u0161ke in \u0160tajerske (tudi v Avstriji), Mad\u017earski, Romuniji, Hvra\u0161ki, Bosni in herzegovini, Srbiji, Nem\u010diji in drugih delih sveta. Trenutno je druga najbolj raz\u0161irjena \u010debelja vrsta na svetu, ki se uporablja v \u010debelarstvu. ZNA\u010cILNOSTI PASME Kranjska [&hellip;]<\/p>\n","protected":false},"author":111,"featured_media":0,"parent":10,"menu_order":0,"comment_status":"closed","ping_status":"closed","template":"","meta":{"footnotes":""},"class_list":["post-1195","page","type-page","status-publish","hentry"],"yoast_head":"<!-- This site is optimized with the Yoast SEO plugin v25.4 - https:\/\/yoast.com\/wordpress\/plugins\/seo\/ -->\n<title>Kranjska \u010debela : Travel-Slovenia<\/title>\n<meta name=\"description\" content=\"Kranjska \u010debela je avtohtona pasma \u010debele, ki se je pojavila na ozemlju Slovenije. Trenutno je druga najbolj raz\u0161irjena \u010debelja vrsta na svetu.\" \/>\n<meta name=\"robots\" content=\"index, follow, max-snippet:-1, max-image-preview:large, max-video-preview:-1\" \/>\n<link rel=\"canonical\" href=\"https:\/\/www.travel-slovenia.si\/slo\/slovensko\/kranjska-cebela\/\" \/>\n<meta property=\"og:locale\" content=\"sl_SI\" \/>\n<meta property=\"og:type\" content=\"article\" \/>\n<meta property=\"og:title\" content=\"Kranjska \u010debela : Travel-Slovenia\" \/>\n<meta property=\"og:description\" content=\"Kranjska \u010debela je avtohtona pasma \u010debele, ki se je pojavila na ozemlju Slovenije. Trenutno je druga najbolj raz\u0161irjena \u010debelja vrsta na svetu.\" \/>\n<meta property=\"og:url\" content=\"https:\/\/www.travel-slovenia.si\/slo\/slovensko\/kranjska-cebela\/\" \/>\n<meta property=\"og:site_name\" content=\"Travel Slovenia - Sledite lepotam na\u0161e male dr\u017eavice\" \/>\n<meta property=\"article:modified_time\" content=\"2015-10-16T12:20:34+00:00\" \/>\n<meta property=\"og:image\" content=\"https:\/\/www.travel-slovenia.si\/slo\/wp-content\/uploads\/2014\/08\/travel-slovenia-kranjska-cebela.jpg\" \/>\n\t<meta property=\"og:image:width\" content=\"600\" \/>\n\t<meta property=\"og:image:height\" content=\"449\" \/>\n\t<meta property=\"og:image:type\" content=\"image\/jpeg\" \/>\n<meta name=\"twitter:card\" content=\"summary_large_image\" \/>\n<meta name=\"twitter:title\" content=\"Kranjska \u010debela : Travel-Slovenia\" \/>\n<meta name=\"twitter:description\" content=\"Kranjska \u010debela je avtohtona pasma \u010debele, ki se je pojavila na ozemlju Slovenije. Trenutno je druga najbolj raz\u0161irjena \u010debelja vrsta na svetu.\" \/>\n<meta name=\"twitter:image\" content=\"https:\/\/www.travel-slovenia.si\/slo\/wp-content\/uploads\/2014\/08\/travel-slovenia-kranjska-cebela.jpg\" \/>\n<meta name=\"twitter:label1\" content=\"Est. reading time\" \/>\n\t<meta name=\"twitter:data1\" content=\"1 minuta\" \/>\n<script type=\"application\/ld+json\" class=\"yoast-schema-graph\">{\"@context\":\"https:\/\/schema.org\",\"@graph\":[{\"@type\":\"WebPage\",\"@id\":\"https:\/\/www.travel-slovenia.si\/slo\/slovensko\/kranjska-cebela\/\",\"url\":\"https:\/\/www.travel-slovenia.si\/slo\/slovensko\/kranjska-cebela\/\",\"name\":\"Kranjska \u010debela : Travel-Slovenia\",\"isPartOf\":{\"@id\":\"https:\/\/www.travel-slovenia.si\/slo\/#website\"},\"primaryImageOfPage\":{\"@id\":\"https:\/\/www.travel-slovenia.si\/slo\/slovensko\/kranjska-cebela\/#primaryimage\"},\"image\":{\"@id\":\"https:\/\/www.travel-slovenia.si\/slo\/slovensko\/kranjska-cebela\/#primaryimage\"},\"thumbnailUrl\":\"https:\/\/www.travel-slovenia.si\/slo\/wp-content\/uploads\/2014\/08\/travel-slovenia-kranjska-cebela-300x225.jpg\",\"datePublished\":\"2014-08-03T23:23:43+00:00\",\"dateModified\":\"2015-10-16T12:20:34+00:00\",\"description\":\"Kranjska \u010debela je avtohtona pasma \u010debele, ki se je pojavila na ozemlju Slovenije. Trenutno je druga najbolj raz\u0161irjena \u010debelja vrsta na svetu.\",\"breadcrumb\":{\"@id\":\"https:\/\/www.travel-slovenia.si\/slo\/slovensko\/kranjska-cebela\/#breadcrumb\"},\"inLanguage\":\"sl-SI\",\"potentialAction\":[{\"@type\":\"ReadAction\",\"target\":[\"https:\/\/www.travel-slovenia.si\/slo\/slovensko\/kranjska-cebela\/\"]}]},{\"@type\":\"ImageObject\",\"inLanguage\":\"sl-SI\",\"@id\":\"https:\/\/www.travel-slovenia.si\/slo\/slovensko\/kranjska-cebela\/#primaryimage\",\"url\":\"https:\/\/www.travel-slovenia.si\/slo\/wp-content\/uploads\/2014\/08\/travel-slovenia-kranjska-cebela.jpg\",\"contentUrl\":\"https:\/\/www.travel-slovenia.si\/slo\/wp-content\/uploads\/2014\/08\/travel-slovenia-kranjska-cebela.jpg\",\"width\":600,\"height\":449,\"caption\":\"Pogled na kranjsko \u010debelo\"},{\"@type\":\"BreadcrumbList\",\"@id\":\"https:\/\/www.travel-slovenia.si\/slo\/slovensko\/kranjska-cebela\/#breadcrumb\",\"itemListElement\":[{\"@type\":\"ListItem\",\"position\":1,\"name\":\"Home\",\"item\":\"https:\/\/www.travel-slovenia.si\/slo\/\"},{\"@type\":\"ListItem\",\"position\":2,\"name\":\"SLOVENSKO\",\"item\":\"https:\/\/www.travel-slovenia.si\/slo\/slovensko\/\"},{\"@type\":\"ListItem\",\"position\":3,\"name\":\"Kranjska \u010debela\"}]},{\"@type\":\"WebSite\",\"@id\":\"https:\/\/www.travel-slovenia.si\/slo\/#website\",\"url\":\"https:\/\/www.travel-slovenia.si\/slo\/\",\"name\":\"Travel Slovenia - Sledite lepotam na\u0161e male dr\u017eavice\",\"description\":\"\",\"potentialAction\":[{\"@type\":\"SearchAction\",\"target\":{\"@type\":\"EntryPoint\",\"urlTemplate\":\"https:\/\/www.travel-slovenia.si\/slo\/?s={search_term_string}\"},\"query-input\":{\"@type\":\"PropertyValueSpecification\",\"valueRequired\":true,\"valueName\":\"search_term_string\"}}],\"inLanguage\":\"sl-SI\"}]}<\/script>\n<!-- \/ Yoast SEO plugin. -->","yoast_head_json":{"title":"Kranjska \u010debela : Travel-Slovenia","description":"Kranjska \u010debela je avtohtona pasma \u010debele, ki se je pojavila na ozemlju Slovenije. Trenutno je druga najbolj raz\u0161irjena \u010debelja vrsta na svetu.","robots":{"index":"index","follow":"follow","max-snippet":"max-snippet:-1","max-image-preview":"max-image-preview:large","max-video-preview":"max-video-preview:-1"},"canonical":"https:\/\/www.travel-slovenia.si\/slo\/slovensko\/kranjska-cebela\/","og_locale":"sl_SI","og_type":"article","og_title":"Kranjska \u010debela : Travel-Slovenia","og_description":"Kranjska \u010debela je avtohtona pasma \u010debele, ki se je pojavila na ozemlju Slovenije. Trenutno je druga najbolj raz\u0161irjena \u010debelja vrsta na svetu.","og_url":"https:\/\/www.travel-slovenia.si\/slo\/slovensko\/kranjska-cebela\/","og_site_name":"Travel Slovenia - Sledite lepotam na\u0161e male dr\u017eavice","article_modified_time":"2015-10-16T12:20:34+00:00","og_image":[{"width":600,"height":449,"url":"https:\/\/www.travel-slovenia.si\/slo\/wp-content\/uploads\/2014\/08\/travel-slovenia-kranjska-cebela.jpg","type":"image\/jpeg"}],"twitter_card":"summary_large_image","twitter_title":"Kranjska \u010debela : Travel-Slovenia","twitter_description":"Kranjska \u010debela je avtohtona pasma \u010debele, ki se je pojavila na ozemlju Slovenije. Trenutno je druga najbolj raz\u0161irjena \u010debelja vrsta na svetu.","twitter_image":"https:\/\/www.travel-slovenia.si\/slo\/wp-content\/uploads\/2014\/08\/travel-slovenia-kranjska-cebela.jpg","twitter_misc":{"Est. reading time":"1 minuta"},"schema":{"@context":"https:\/\/schema.org","@graph":[{"@type":"WebPage","@id":"https:\/\/www.travel-slovenia.si\/slo\/slovensko\/kranjska-cebela\/","url":"https:\/\/www.travel-slovenia.si\/slo\/slovensko\/kranjska-cebela\/","name":"Kranjska \u010debela : Travel-Slovenia","isPartOf":{"@id":"https:\/\/www.travel-slovenia.si\/slo\/#website"},"primaryImageOfPage":{"@id":"https:\/\/www.travel-slovenia.si\/slo\/slovensko\/kranjska-cebela\/#primaryimage"},"image":{"@id":"https:\/\/www.travel-slovenia.si\/slo\/slovensko\/kranjska-cebela\/#primaryimage"},"thumbnailUrl":"https:\/\/www.travel-slovenia.si\/slo\/wp-content\/uploads\/2014\/08\/travel-slovenia-kranjska-cebela-300x225.jpg","datePublished":"2014-08-03T23:23:43+00:00","dateModified":"2015-10-16T12:20:34+00:00","description":"Kranjska \u010debela je avtohtona pasma \u010debele, ki se je pojavila na ozemlju Slovenije. Trenutno je druga najbolj raz\u0161irjena \u010debelja vrsta na svetu.","breadcrumb":{"@id":"https:\/\/www.travel-slovenia.si\/slo\/slovensko\/kranjska-cebela\/#breadcrumb"},"inLanguage":"sl-SI","potentialAction":[{"@type":"ReadAction","target":["https:\/\/www.travel-slovenia.si\/slo\/slovensko\/kranjska-cebela\/"]}]},{"@type":"ImageObject","inLanguage":"sl-SI","@id":"https:\/\/www.travel-slovenia.si\/slo\/slovensko\/kranjska-cebela\/#primaryimage","url":"https:\/\/www.travel-slovenia.si\/slo\/wp-content\/uploads\/2014\/08\/travel-slovenia-kranjska-cebela.jpg","contentUrl":"https:\/\/www.travel-slovenia.si\/slo\/wp-content\/uploads\/2014\/08\/travel-slovenia-kranjska-cebela.jpg","width":600,"height":449,"caption":"Pogled na kranjsko \u010debelo"},{"@type":"BreadcrumbList","@id":"https:\/\/www.travel-slovenia.si\/slo\/slovensko\/kranjska-cebela\/#breadcrumb","itemListElement":[{"@type":"ListItem","position":1,"name":"Home","item":"https:\/\/www.travel-slovenia.si\/slo\/"},{"@type":"ListItem","position":2,"name":"SLOVENSKO","item":"https:\/\/www.travel-slovenia.si\/slo\/slovensko\/"},{"@type":"ListItem","position":3,"name":"Kranjska \u010debela"}]},{"@type":"WebSite","@id":"https:\/\/www.travel-slovenia.si\/slo\/#website","url":"https:\/\/www.travel-slovenia.si\/slo\/","name":"Travel Slovenia - Sledite lepotam na\u0161e male dr\u017eavice","description":"","potentialAction":[{"@type":"SearchAction","target":{"@type":"EntryPoint","urlTemplate":"https:\/\/www.travel-slovenia.si\/slo\/?s={search_term_string}"},"query-input":{"@type":"PropertyValueSpecification","valueRequired":true,"valueName":"search_term_string"}}],"inLanguage":"sl-SI"}]}},"post_mailing_queue_ids":[],"_links":{"self":[{"href":"https:\/\/www.travel-slovenia.si\/slo\/wp-json\/wp\/v2\/pages\/1195","targetHints":{"allow":["GET"]}}],"collection":[{"href":"https:\/\/www.travel-slovenia.si\/slo\/wp-json\/wp\/v2\/pages"}],"about":[{"href":"https:\/\/www.travel-slovenia.si\/slo\/wp-json\/wp\/v2\/types\/page"}],"author":[{"embeddable":true,"href":"https:\/\/www.travel-slovenia.si\/slo\/wp-json\/wp\/v2\/users\/111"}],"replies":[{"embeddable":true,"href":"https:\/\/www.travel-slovenia.si\/slo\/wp-json\/wp\/v2\/comments?post=1195"}],"version-history":[{"count":11,"href":"https:\/\/www.travel-slovenia.si\/slo\/wp-json\/wp\/v2\/pages\/1195\/revisions"}],"predecessor-version":[{"id":4165,"href":"https:\/\/www.travel-slovenia.si\/slo\/wp-json\/wp\/v2\/pages\/1195\/revisions\/4165"}],"up":[{"embeddable":true,"href":"https:\/\/www.travel-slovenia.si\/slo\/wp-json\/wp\/v2\/pages\/10"}],"wp:attachment":[{"href":"https:\/\/www.travel-slovenia.si\/slo\/wp-json\/wp\/v2\/media?parent=1195"}],"curies":[{"name":"wp","href":"https:\/\/api.w.org\/{rel}","templated":true}]}}