{"id":1187,"date":"2014-08-03T23:00:10","date_gmt":"2014-08-03T23:00:10","guid":{"rendered":"https:\/\/www.travel-slovenia.si\/?page_id=1187"},"modified":"2015-10-16T14:18:37","modified_gmt":"2015-10-16T12:18:37","slug":"soska-postrv","status":"publish","type":"page","link":"https:\/\/www.travel-slovenia.si\/slo\/slovensko\/soska-postrv\/","title":{"rendered":"So\u0161ka postrv"},"content":{"rendered":"<figure id=\"attachment_3936\" class=\"wp-caption alignleft\" style=\"max-width: 300px\"><img loading=\"lazy\" decoding=\"async\" class=\"size-medium wp-image-3936\" src=\"https:\/\/www.travel-slovenia.si\/slo\/wp-content\/uploads\/2014\/08\/travel-slovenia-so\u0161ka-postrv-300x200.jpg\" alt=\"So\u0161ka postrv v plitvi vodi\" width=\"300\" height=\"200\" srcset=\"https:\/\/www.travel-slovenia.si\/slo\/wp-content\/uploads\/2014\/08\/travel-slovenia-so\u0161ka-postrv-300x200.jpg 300w, https:\/\/www.travel-slovenia.si\/slo\/wp-content\/uploads\/2014\/08\/travel-slovenia-so\u0161ka-postrv-24x16.jpg 24w, https:\/\/www.travel-slovenia.si\/slo\/wp-content\/uploads\/2014\/08\/travel-slovenia-so\u0161ka-postrv-36x24.jpg 36w, https:\/\/www.travel-slovenia.si\/slo\/wp-content\/uploads\/2014\/08\/travel-slovenia-so\u0161ka-postrv-48x32.jpg 48w, https:\/\/www.travel-slovenia.si\/slo\/wp-content\/uploads\/2014\/08\/travel-slovenia-so\u0161ka-postrv.jpg 600w\" sizes=\"auto, (max-width: 300px) 100vw, 300px\" \/><figcaption class=\"wp-caption-text\">So\u0161ka postrv v plitvi vodi<\/figcaption><\/figure>\n<p style=\"text-align: justify;\">So\u0161ka postrv je sladkovodna riba, ki \u017eivi v reki So\u010di in njenih pritokih. Raz\u0161irjena je v Jadranskih pore\u010djih. Manj\u0161e se zadr\u017eujejo v srednje globokih vodah, ve\u010dje v globokih bazenih.<\/p>\n<p style=\"text-align: justify;\">Del latinskega imena marmoratus se nana\u0161a na zna\u010dilnosti marmornatega vzorca na hrbtu in glavi. Prepoznavna je po dolgem cilindri\u010dnem telesu, dol\u017eine med 50 in 70 centimetrov in marmonatem vzorcu na sivo-zeleni podlagi. Vzorec je lahko temno zelen, rjav, olivno zelen, bakreno rde\u010d ali rumeno-rjav. Med marmornatim vzorcem so lahko bolj ali malo rde\u010di pike ali lise. Dose\u017ee lahko te\u017eo preko 20 kilogramov. Do danes je bila najdalj\u0161a ujeta so\u0161ka postrv v Sloveniji dolga 121 centimetrov in te\u017eka 25 kilogramov. Pri samcih je spodnja \u010deljustnica v obliki kavlja.<\/p>\n<p style=\"text-align: justify;\">Postrv je plenilec. Odrasle \u017eivali se hranijo z ribami in lovijo v temi, mladice se prehranjujejo z rastlinstvom, planktonom in \u017eu\u017eelkami. Drstijo od novembra do januarja na prodnatem re\u010dnem dnu.<\/p>\n","protected":false},"excerpt":{"rendered":"<p>So\u0161ka postrv je sladkovodna riba, ki \u017eivi v reki So\u010di in njenih pritokih. Raz\u0161irjena je v Jadranskih pore\u010djih. Manj\u0161e se zadr\u017eujejo v srednje globokih vodah, ve\u010dje v globokih bazenih. Del latinskega imena marmoratus se nana\u0161a na zna\u010dilnosti marmornatega vzorca na hrbtu in glavi. Prepoznavna je po dolgem cilindri\u010dnem telesu, dol\u017eine med 50 in 70 centimetrov [&hellip;]<\/p>\n","protected":false},"author":111,"featured_media":0,"parent":10,"menu_order":0,"comment_status":"closed","ping_status":"closed","template":"","meta":{"footnotes":""},"class_list":["post-1187","page","type-page","status-publish","hentry"],"yoast_head":"<!-- This site is optimized with the Yoast SEO plugin v25.4 - https:\/\/yoast.com\/wordpress\/plugins\/seo\/ -->\n<title>So\u0161ka postrv : Travel-Slovenia<\/title>\n<meta name=\"description\" content=\"So\u0161ka postrv je sladkovodna riba, ki \u017eivi v reki So\u010di in njenih pritokih. Raz\u0161irjena je v Jadranskih pore\u010djih.\" \/>\n<meta name=\"robots\" content=\"index, follow, max-snippet:-1, max-image-preview:large, max-video-preview:-1\" \/>\n<link rel=\"canonical\" href=\"https:\/\/www.travel-slovenia.si\/slo\/slovensko\/soska-postrv\/\" \/>\n<meta property=\"og:locale\" content=\"sl_SI\" \/>\n<meta property=\"og:type\" content=\"article\" \/>\n<meta property=\"og:title\" content=\"So\u0161ka postrv : Travel-Slovenia\" \/>\n<meta property=\"og:description\" content=\"So\u0161ka postrv je sladkovodna riba, ki \u017eivi v reki So\u010di in njenih pritokih. Raz\u0161irjena je v Jadranskih pore\u010djih.\" \/>\n<meta property=\"og:url\" content=\"https:\/\/www.travel-slovenia.si\/slo\/slovensko\/soska-postrv\/\" \/>\n<meta property=\"og:site_name\" content=\"Travel Slovenia - Sledite lepotam na\u0161e male dr\u017eavice\" \/>\n<meta property=\"article:modified_time\" content=\"2015-10-16T12:18:37+00:00\" \/>\n<meta property=\"og:image\" content=\"https:\/\/www.travel-slovenia.si\/slo\/wp-content\/uploads\/2014\/08\/travel-slovenia-so\u0161ka-postrv.jpg\" \/>\n\t<meta property=\"og:image:width\" content=\"600\" \/>\n\t<meta property=\"og:image:height\" content=\"400\" \/>\n\t<meta property=\"og:image:type\" content=\"image\/jpeg\" \/>\n<meta name=\"twitter:card\" content=\"summary_large_image\" \/>\n<meta name=\"twitter:title\" content=\"So\u0161ka postrv : Travel-Slovenia\" \/>\n<meta name=\"twitter:description\" content=\"So\u0161ka postrv je sladkovodna riba, ki \u017eivi v reki So\u010di in njenih pritokih. Raz\u0161irjena je v Jadranskih pore\u010djih.\" \/>\n<meta name=\"twitter:image\" content=\"https:\/\/www.travel-slovenia.si\/slo\/wp-content\/uploads\/2014\/08\/travel-slovenia-so\u0161ka-postrv.jpg\" \/>\n<meta name=\"twitter:label1\" content=\"Est. reading time\" \/>\n\t<meta name=\"twitter:data1\" content=\"1 minuta\" \/>\n<script type=\"application\/ld+json\" class=\"yoast-schema-graph\">{\"@context\":\"https:\/\/schema.org\",\"@graph\":[{\"@type\":\"WebPage\",\"@id\":\"https:\/\/www.travel-slovenia.si\/slo\/slovensko\/soska-postrv\/\",\"url\":\"https:\/\/www.travel-slovenia.si\/slo\/slovensko\/soska-postrv\/\",\"name\":\"So\u0161ka postrv : Travel-Slovenia\",\"isPartOf\":{\"@id\":\"https:\/\/www.travel-slovenia.si\/slo\/#website\"},\"datePublished\":\"2014-08-03T23:00:10+00:00\",\"dateModified\":\"2015-10-16T12:18:37+00:00\",\"description\":\"So\u0161ka postrv je sladkovodna riba, ki \u017eivi v reki So\u010di in njenih pritokih. Raz\u0161irjena je v Jadranskih pore\u010djih.\",\"breadcrumb\":{\"@id\":\"https:\/\/www.travel-slovenia.si\/slo\/slovensko\/soska-postrv\/#breadcrumb\"},\"inLanguage\":\"sl-SI\",\"potentialAction\":[{\"@type\":\"ReadAction\",\"target\":[\"https:\/\/www.travel-slovenia.si\/slo\/slovensko\/soska-postrv\/\"]}]},{\"@type\":\"BreadcrumbList\",\"@id\":\"https:\/\/www.travel-slovenia.si\/slo\/slovensko\/soska-postrv\/#breadcrumb\",\"itemListElement\":[{\"@type\":\"ListItem\",\"position\":1,\"name\":\"Home\",\"item\":\"https:\/\/www.travel-slovenia.si\/slo\/\"},{\"@type\":\"ListItem\",\"position\":2,\"name\":\"SLOVENSKO\",\"item\":\"https:\/\/www.travel-slovenia.si\/slo\/slovensko\/\"},{\"@type\":\"ListItem\",\"position\":3,\"name\":\"So\u0161ka postrv\"}]},{\"@type\":\"WebSite\",\"@id\":\"https:\/\/www.travel-slovenia.si\/slo\/#website\",\"url\":\"https:\/\/www.travel-slovenia.si\/slo\/\",\"name\":\"Travel Slovenia - Sledite lepotam na\u0161e male dr\u017eavice\",\"description\":\"\",\"potentialAction\":[{\"@type\":\"SearchAction\",\"target\":{\"@type\":\"EntryPoint\",\"urlTemplate\":\"https:\/\/www.travel-slovenia.si\/slo\/?s={search_term_string}\"},\"query-input\":{\"@type\":\"PropertyValueSpecification\",\"valueRequired\":true,\"valueName\":\"search_term_string\"}}],\"inLanguage\":\"sl-SI\"}]}<\/script>\n<!-- \/ Yoast SEO plugin. -->","yoast_head_json":{"title":"So\u0161ka postrv : Travel-Slovenia","description":"So\u0161ka postrv je sladkovodna riba, ki \u017eivi v reki So\u010di in njenih pritokih. Raz\u0161irjena je v Jadranskih pore\u010djih.","robots":{"index":"index","follow":"follow","max-snippet":"max-snippet:-1","max-image-preview":"max-image-preview:large","max-video-preview":"max-video-preview:-1"},"canonical":"https:\/\/www.travel-slovenia.si\/slo\/slovensko\/soska-postrv\/","og_locale":"sl_SI","og_type":"article","og_title":"So\u0161ka postrv : Travel-Slovenia","og_description":"So\u0161ka postrv je sladkovodna riba, ki \u017eivi v reki So\u010di in njenih pritokih. Raz\u0161irjena je v Jadranskih pore\u010djih.","og_url":"https:\/\/www.travel-slovenia.si\/slo\/slovensko\/soska-postrv\/","og_site_name":"Travel Slovenia - Sledite lepotam na\u0161e male dr\u017eavice","article_modified_time":"2015-10-16T12:18:37+00:00","og_image":[{"width":600,"height":400,"url":"https:\/\/www.travel-slovenia.si\/slo\/wp-content\/uploads\/2014\/08\/travel-slovenia-so\u0161ka-postrv.jpg","type":"image\/jpeg"}],"twitter_card":"summary_large_image","twitter_title":"So\u0161ka postrv : Travel-Slovenia","twitter_description":"So\u0161ka postrv je sladkovodna riba, ki \u017eivi v reki So\u010di in njenih pritokih. Raz\u0161irjena je v Jadranskih pore\u010djih.","twitter_image":"https:\/\/www.travel-slovenia.si\/slo\/wp-content\/uploads\/2014\/08\/travel-slovenia-so\u0161ka-postrv.jpg","twitter_misc":{"Est. reading time":"1 minuta"},"schema":{"@context":"https:\/\/schema.org","@graph":[{"@type":"WebPage","@id":"https:\/\/www.travel-slovenia.si\/slo\/slovensko\/soska-postrv\/","url":"https:\/\/www.travel-slovenia.si\/slo\/slovensko\/soska-postrv\/","name":"So\u0161ka postrv : Travel-Slovenia","isPartOf":{"@id":"https:\/\/www.travel-slovenia.si\/slo\/#website"},"datePublished":"2014-08-03T23:00:10+00:00","dateModified":"2015-10-16T12:18:37+00:00","description":"So\u0161ka postrv je sladkovodna riba, ki \u017eivi v reki So\u010di in njenih pritokih. Raz\u0161irjena je v Jadranskih pore\u010djih.","breadcrumb":{"@id":"https:\/\/www.travel-slovenia.si\/slo\/slovensko\/soska-postrv\/#breadcrumb"},"inLanguage":"sl-SI","potentialAction":[{"@type":"ReadAction","target":["https:\/\/www.travel-slovenia.si\/slo\/slovensko\/soska-postrv\/"]}]},{"@type":"BreadcrumbList","@id":"https:\/\/www.travel-slovenia.si\/slo\/slovensko\/soska-postrv\/#breadcrumb","itemListElement":[{"@type":"ListItem","position":1,"name":"Home","item":"https:\/\/www.travel-slovenia.si\/slo\/"},{"@type":"ListItem","position":2,"name":"SLOVENSKO","item":"https:\/\/www.travel-slovenia.si\/slo\/slovensko\/"},{"@type":"ListItem","position":3,"name":"So\u0161ka postrv"}]},{"@type":"WebSite","@id":"https:\/\/www.travel-slovenia.si\/slo\/#website","url":"https:\/\/www.travel-slovenia.si\/slo\/","name":"Travel Slovenia - Sledite lepotam na\u0161e male dr\u017eavice","description":"","potentialAction":[{"@type":"SearchAction","target":{"@type":"EntryPoint","urlTemplate":"https:\/\/www.travel-slovenia.si\/slo\/?s={search_term_string}"},"query-input":{"@type":"PropertyValueSpecification","valueRequired":true,"valueName":"search_term_string"}}],"inLanguage":"sl-SI"}]}},"post_mailing_queue_ids":[],"_links":{"self":[{"href":"https:\/\/www.travel-slovenia.si\/slo\/wp-json\/wp\/v2\/pages\/1187","targetHints":{"allow":["GET"]}}],"collection":[{"href":"https:\/\/www.travel-slovenia.si\/slo\/wp-json\/wp\/v2\/pages"}],"about":[{"href":"https:\/\/www.travel-slovenia.si\/slo\/wp-json\/wp\/v2\/types\/page"}],"author":[{"embeddable":true,"href":"https:\/\/www.travel-slovenia.si\/slo\/wp-json\/wp\/v2\/users\/111"}],"replies":[{"embeddable":true,"href":"https:\/\/www.travel-slovenia.si\/slo\/wp-json\/wp\/v2\/comments?post=1187"}],"version-history":[{"count":5,"href":"https:\/\/www.travel-slovenia.si\/slo\/wp-json\/wp\/v2\/pages\/1187\/revisions"}],"predecessor-version":[{"id":4164,"href":"https:\/\/www.travel-slovenia.si\/slo\/wp-json\/wp\/v2\/pages\/1187\/revisions\/4164"}],"up":[{"embeddable":true,"href":"https:\/\/www.travel-slovenia.si\/slo\/wp-json\/wp\/v2\/pages\/10"}],"wp:attachment":[{"href":"https:\/\/www.travel-slovenia.si\/slo\/wp-json\/wp\/v2\/media?parent=1187"}],"curies":[{"name":"wp","href":"https:\/\/api.w.org\/{rel}","templated":true}]}}