{"id":1161,"date":"2014-08-03T21:09:26","date_gmt":"2014-08-03T21:09:26","guid":{"rendered":"https:\/\/www.travel-slovenia.si\/?page_id=1161"},"modified":"2015-10-16T14:10:41","modified_gmt":"2015-10-16T12:10:41","slug":"krskopoljski-prasic","status":"publish","type":"page","link":"https:\/\/www.travel-slovenia.si\/slo\/slovensko\/krskopoljski-prasic\/","title":{"rendered":"Kr\u0161kopoljski pra\u0161i\u010d"},"content":{"rendered":"<figure id=\"attachment_3939\" class=\"wp-caption alignleft\" style=\"max-width: 300px\"><img loading=\"lazy\" decoding=\"async\" class=\"size-medium wp-image-3939\" src=\"https:\/\/www.travel-slovenia.si\/slo\/wp-content\/uploads\/2014\/08\/travel-slovenia-krskopoljski-prasic-300x200.jpg\" alt=\"Skupina kr\u0161kopoljskih pra\u0161i\u010dev\" width=\"300\" height=\"200\" srcset=\"https:\/\/www.travel-slovenia.si\/slo\/wp-content\/uploads\/2014\/08\/travel-slovenia-krskopoljski-prasic-300x200.jpg 300w, https:\/\/www.travel-slovenia.si\/slo\/wp-content\/uploads\/2014\/08\/travel-slovenia-krskopoljski-prasic-24x16.jpg 24w, https:\/\/www.travel-slovenia.si\/slo\/wp-content\/uploads\/2014\/08\/travel-slovenia-krskopoljski-prasic-36x24.jpg 36w, https:\/\/www.travel-slovenia.si\/slo\/wp-content\/uploads\/2014\/08\/travel-slovenia-krskopoljski-prasic-48x32.jpg 48w, https:\/\/www.travel-slovenia.si\/slo\/wp-content\/uploads\/2014\/08\/travel-slovenia-krskopoljski-prasic.jpg 600w\" sizes=\"auto, (max-width: 300px) 100vw, 300px\" \/><figcaption class=\"wp-caption-text\">Skupina kr\u0161kopoljskih pra\u0161i\u010dev<\/figcaption><\/figure>\n<p style=\"text-align: justify;\">Kr\u0161kopoljski pra\u0161i\u010d je edina ohranjena slovenska avtohtona pasma pra\u0161i\u010da. Ustvarjena je bila na (\u0161ir\u0161em) obmo\u010dju dolenjske, \u0161e posebej v dolinah, mogo\u010de tudi na ju\u017enem delu \u0161tajerske. Na \u0161ir\u0161em obmo\u010dju dolenjske so leta 1851 prevladovali dolgi, kapouhi in po ve\u010dini \u010drni in prekasti pra\u0161i\u010di. Nekateri med njimi s kratkimi in pokon\u010dnimi u\u0161esi. Kr\u0161kopoljskega pra\u0161i\u010da je prvi\u010d opisal in poimenoval Rohrman leta 1899.<\/p>\n<h3>RAZVOJ PASME<\/h3>\n<p style=\"text-align: justify;\">Kr\u0161kopoljska pasma pra\u0161i\u010da je bila namerno oplemenitena s pasmami sufolk, berk\u0161ir, cornwall, wessexwessex in sattelschwein. Pri\u0161lo je tudi do nena\u010drtnega parjenja s padovansko oziroma la\u0161ko pasmo pra\u0161i\u010da, kot tudi\u00a0s hrva\u0161ko, bosansko in srbsko (pikci, turopoljci, sremska pasma pra\u0161i\u010da, &#8230;) ter z divjim pra\u0161i\u010dem in drugimi pasmami na tem podro\u010dju. Do plemenitenja in parjenja je pri\u0161lo tudi z belimi pasmami pra\u0161i\u010dev (jork\u0161ir, he\u0161evka, nem\u0161ka oplemenjena in de\u017eelna, \u010de\u0161ka bela, holandska bela) in z belimi pasmami duroc in pletrain. Z genotipom teh pasem, je pra\u0161i\u010d izgubil svoje zna\u010dilnosti, zaradi \u010desar je bil izlo\u010den iz populacije kr\u0161kopoljskega pra\u0161i\u010da. Z izvajanjem povratnih kri\u017eanj so bili nekaterih teh genotipov teh pasem vklju\u010deni v populacijo kr\u0161kopoljskega pra\u0161i\u010da. Zaradi velike populacije kr\u0161kopoljskega pra\u0161i\u010da med leti 1851 \u2013 1970 lahko zaklju\u010dimo, da je bil del tujih genov v populaciji kr\u0161kopoljskega pra\u0161i\u010da majhen in se je po letu 1970 pove\u010deval. Uvoz pasme sattelschwein leta 2003 je zelo vplival na obstoj kr\u0161kopoljskega pra\u0161i\u010da.<\/p>\n<p style=\"text-align: justify;\">Z razvojem (s plemenitenjem, vplivi okolja) se je zunanjost kr\u0161kopoljskega pra\u0161i\u010da spreminjala. Srednje dolga ozka glava z ravnim \u010delom, rilec je postal kraj\u0161i in \u0161ir\u0161i, nosni profil je postal konkaven. Ko\u017ea je bila sprva tanka, manj pora\u0161\u010dena s finimi \u0161\u010detinami, ki so kasneje postale debelej\u0161e in mo\u010dnej\u0161e. Barva pra\u0161i\u010da je ostala podobna skozi celotno obdobje. U\u0161esa so vedno visela, vendar ni nujno, da so bile enake velikosti. Od leta 1956 do leta 2006 se je dol\u017eina \u017eivali skraj\u0161evala, obseg, \u0161irina in vi\u0161ina pa so se pove\u010dali in glava se je podalj\u0161ala.<\/p>\n<p style=\"text-align: justify;\">Kr\u0161kopoljski pra\u0161i\u010d je po letu 1990 zaradi spoznavanja vrednosti biotske raznolikosti, pridobil na pomenu. Avtohtone pasme so postale del biotske raznolikosti. Biotska raznolikost je pridobila na znanstvenem, ekonomskem, estetskem in eti\u010dnem pomenu. Ohranitev biotske raznolikosti je postala nacionalna in kulturna obveznost posameznika, naroda in \u010dlove\u0161tva. Sistemati\u010dno ohranjanje pasme se je pri\u010delo.<\/p>\n","protected":false},"excerpt":{"rendered":"<p>Kr\u0161kopoljski pra\u0161i\u010d je edina ohranjena slovenska avtohtona pasma pra\u0161i\u010da. Ustvarjena je bila na (\u0161ir\u0161em) obmo\u010dju dolenjske, \u0161e posebej v dolinah, mogo\u010de tudi na ju\u017enem delu \u0161tajerske. Na \u0161ir\u0161em obmo\u010dju dolenjske so leta 1851 prevladovali dolgi, kapouhi in po ve\u010dini \u010drni in prekasti pra\u0161i\u010di. Nekateri med njimi s kratkimi in pokon\u010dnimi u\u0161esi. Kr\u0161kopoljskega pra\u0161i\u010da je prvi\u010d [&hellip;]<\/p>\n","protected":false},"author":111,"featured_media":0,"parent":10,"menu_order":0,"comment_status":"closed","ping_status":"closed","template":"","meta":{"footnotes":""},"class_list":["post-1161","page","type-page","status-publish","hentry"],"yoast_head":"<!-- This site is optimized with the Yoast SEO plugin v25.4 - https:\/\/yoast.com\/wordpress\/plugins\/seo\/ -->\n<title>Kr\u0161kopoljski pra\u0161i\u010d : Travel-Slovenia<\/title>\n<meta name=\"description\" content=\"Kr\u0161kopoljski pra\u0161i\u010d je edina ohranjena slovenska avtohtona pasma pra\u0161i\u010da. Ustvarjena je bila na obmo\u010dju dolenjske, mogo\u010de tudi na ju\u017enem delu \u0161tajerske.\" \/>\n<meta name=\"robots\" content=\"index, follow, max-snippet:-1, max-image-preview:large, max-video-preview:-1\" \/>\n<link rel=\"canonical\" href=\"https:\/\/www.travel-slovenia.si\/slo\/slovensko\/krskopoljski-prasic\/\" \/>\n<meta property=\"og:locale\" content=\"sl_SI\" \/>\n<meta property=\"og:type\" content=\"article\" \/>\n<meta property=\"og:title\" content=\"Kr\u0161kopoljski pra\u0161i\u010d : Travel-Slovenia\" \/>\n<meta property=\"og:description\" content=\"Kr\u0161kopoljski pra\u0161i\u010d je edina ohranjena slovenska avtohtona pasma pra\u0161i\u010da. Ustvarjena je bila na obmo\u010dju dolenjske, mogo\u010de tudi na ju\u017enem delu \u0161tajerske.\" \/>\n<meta property=\"og:url\" content=\"https:\/\/www.travel-slovenia.si\/slo\/slovensko\/krskopoljski-prasic\/\" \/>\n<meta property=\"og:site_name\" content=\"Travel Slovenia - Sledite lepotam na\u0161e male dr\u017eavice\" \/>\n<meta property=\"article:modified_time\" content=\"2015-10-16T12:10:41+00:00\" \/>\n<meta property=\"og:image\" content=\"https:\/\/www.travel-slovenia.si\/slo\/wp-content\/uploads\/2014\/08\/travel-slovenia-krskopoljski-prasic.jpg\" \/>\n\t<meta property=\"og:image:width\" content=\"600\" \/>\n\t<meta property=\"og:image:height\" content=\"400\" \/>\n\t<meta property=\"og:image:type\" content=\"image\/jpeg\" \/>\n<meta name=\"twitter:card\" content=\"summary_large_image\" \/>\n<meta name=\"twitter:title\" content=\"Kr\u0161kopoljski pra\u0161i\u010d : Travel-Slovenia\" \/>\n<meta name=\"twitter:description\" content=\"Kr\u0161kopoljski pra\u0161i\u010d je edina ohranjena slovenska avtohtona pasma pra\u0161i\u010da. Ustvarjena je bila na obmo\u010dju dolenjske, mogo\u010de tudi na ju\u017enem delu \u0161tajerske.\" \/>\n<meta name=\"twitter:image\" content=\"https:\/\/www.travel-slovenia.si\/slo\/wp-content\/uploads\/2014\/08\/travel-slovenia-krskopoljski-prasic.jpg\" \/>\n<meta name=\"twitter:label1\" content=\"Est. reading time\" \/>\n\t<meta name=\"twitter:data1\" content=\"2 minuti\" \/>\n<script type=\"application\/ld+json\" class=\"yoast-schema-graph\">{\"@context\":\"https:\/\/schema.org\",\"@graph\":[{\"@type\":\"WebPage\",\"@id\":\"https:\/\/www.travel-slovenia.si\/slo\/slovensko\/krskopoljski-prasic\/\",\"url\":\"https:\/\/www.travel-slovenia.si\/slo\/slovensko\/krskopoljski-prasic\/\",\"name\":\"Kr\u0161kopoljski pra\u0161i\u010d : Travel-Slovenia\",\"isPartOf\":{\"@id\":\"https:\/\/www.travel-slovenia.si\/slo\/#website\"},\"primaryImageOfPage\":{\"@id\":\"https:\/\/www.travel-slovenia.si\/slo\/slovensko\/krskopoljski-prasic\/#primaryimage\"},\"image\":{\"@id\":\"https:\/\/www.travel-slovenia.si\/slo\/slovensko\/krskopoljski-prasic\/#primaryimage\"},\"thumbnailUrl\":\"https:\/\/www.travel-slovenia.si\/slo\/wp-content\/uploads\/2014\/08\/travel-slovenia-krskopoljski-prasic-300x200.jpg\",\"datePublished\":\"2014-08-03T21:09:26+00:00\",\"dateModified\":\"2015-10-16T12:10:41+00:00\",\"description\":\"Kr\u0161kopoljski pra\u0161i\u010d je edina ohranjena slovenska avtohtona pasma pra\u0161i\u010da. Ustvarjena je bila na obmo\u010dju dolenjske, mogo\u010de tudi na ju\u017enem delu \u0161tajerske.\",\"breadcrumb\":{\"@id\":\"https:\/\/www.travel-slovenia.si\/slo\/slovensko\/krskopoljski-prasic\/#breadcrumb\"},\"inLanguage\":\"sl-SI\",\"potentialAction\":[{\"@type\":\"ReadAction\",\"target\":[\"https:\/\/www.travel-slovenia.si\/slo\/slovensko\/krskopoljski-prasic\/\"]}]},{\"@type\":\"ImageObject\",\"inLanguage\":\"sl-SI\",\"@id\":\"https:\/\/www.travel-slovenia.si\/slo\/slovensko\/krskopoljski-prasic\/#primaryimage\",\"url\":\"https:\/\/www.travel-slovenia.si\/slo\/wp-content\/uploads\/2014\/08\/travel-slovenia-krskopoljski-prasic.jpg\",\"contentUrl\":\"https:\/\/www.travel-slovenia.si\/slo\/wp-content\/uploads\/2014\/08\/travel-slovenia-krskopoljski-prasic.jpg\",\"width\":600,\"height\":400,\"caption\":\"Skupina kr\u0161kopoljskih pra\u0161i\u010dev\"},{\"@type\":\"BreadcrumbList\",\"@id\":\"https:\/\/www.travel-slovenia.si\/slo\/slovensko\/krskopoljski-prasic\/#breadcrumb\",\"itemListElement\":[{\"@type\":\"ListItem\",\"position\":1,\"name\":\"Home\",\"item\":\"https:\/\/www.travel-slovenia.si\/slo\/\"},{\"@type\":\"ListItem\",\"position\":2,\"name\":\"SLOVENSKO\",\"item\":\"https:\/\/www.travel-slovenia.si\/slo\/slovensko\/\"},{\"@type\":\"ListItem\",\"position\":3,\"name\":\"Kr\u0161kopoljski pra\u0161i\u010d\"}]},{\"@type\":\"WebSite\",\"@id\":\"https:\/\/www.travel-slovenia.si\/slo\/#website\",\"url\":\"https:\/\/www.travel-slovenia.si\/slo\/\",\"name\":\"Travel Slovenia - Sledite lepotam na\u0161e male dr\u017eavice\",\"description\":\"\",\"potentialAction\":[{\"@type\":\"SearchAction\",\"target\":{\"@type\":\"EntryPoint\",\"urlTemplate\":\"https:\/\/www.travel-slovenia.si\/slo\/?s={search_term_string}\"},\"query-input\":{\"@type\":\"PropertyValueSpecification\",\"valueRequired\":true,\"valueName\":\"search_term_string\"}}],\"inLanguage\":\"sl-SI\"}]}<\/script>\n<!-- \/ Yoast SEO plugin. -->","yoast_head_json":{"title":"Kr\u0161kopoljski pra\u0161i\u010d : Travel-Slovenia","description":"Kr\u0161kopoljski pra\u0161i\u010d je edina ohranjena slovenska avtohtona pasma pra\u0161i\u010da. Ustvarjena je bila na obmo\u010dju dolenjske, mogo\u010de tudi na ju\u017enem delu \u0161tajerske.","robots":{"index":"index","follow":"follow","max-snippet":"max-snippet:-1","max-image-preview":"max-image-preview:large","max-video-preview":"max-video-preview:-1"},"canonical":"https:\/\/www.travel-slovenia.si\/slo\/slovensko\/krskopoljski-prasic\/","og_locale":"sl_SI","og_type":"article","og_title":"Kr\u0161kopoljski pra\u0161i\u010d : Travel-Slovenia","og_description":"Kr\u0161kopoljski pra\u0161i\u010d je edina ohranjena slovenska avtohtona pasma pra\u0161i\u010da. Ustvarjena je bila na obmo\u010dju dolenjske, mogo\u010de tudi na ju\u017enem delu \u0161tajerske.","og_url":"https:\/\/www.travel-slovenia.si\/slo\/slovensko\/krskopoljski-prasic\/","og_site_name":"Travel Slovenia - Sledite lepotam na\u0161e male dr\u017eavice","article_modified_time":"2015-10-16T12:10:41+00:00","og_image":[{"width":600,"height":400,"url":"https:\/\/www.travel-slovenia.si\/slo\/wp-content\/uploads\/2014\/08\/travel-slovenia-krskopoljski-prasic.jpg","type":"image\/jpeg"}],"twitter_card":"summary_large_image","twitter_title":"Kr\u0161kopoljski pra\u0161i\u010d : Travel-Slovenia","twitter_description":"Kr\u0161kopoljski pra\u0161i\u010d je edina ohranjena slovenska avtohtona pasma pra\u0161i\u010da. Ustvarjena je bila na obmo\u010dju dolenjske, mogo\u010de tudi na ju\u017enem delu \u0161tajerske.","twitter_image":"https:\/\/www.travel-slovenia.si\/slo\/wp-content\/uploads\/2014\/08\/travel-slovenia-krskopoljski-prasic.jpg","twitter_misc":{"Est. reading time":"2 minuti"},"schema":{"@context":"https:\/\/schema.org","@graph":[{"@type":"WebPage","@id":"https:\/\/www.travel-slovenia.si\/slo\/slovensko\/krskopoljski-prasic\/","url":"https:\/\/www.travel-slovenia.si\/slo\/slovensko\/krskopoljski-prasic\/","name":"Kr\u0161kopoljski pra\u0161i\u010d : Travel-Slovenia","isPartOf":{"@id":"https:\/\/www.travel-slovenia.si\/slo\/#website"},"primaryImageOfPage":{"@id":"https:\/\/www.travel-slovenia.si\/slo\/slovensko\/krskopoljski-prasic\/#primaryimage"},"image":{"@id":"https:\/\/www.travel-slovenia.si\/slo\/slovensko\/krskopoljski-prasic\/#primaryimage"},"thumbnailUrl":"https:\/\/www.travel-slovenia.si\/slo\/wp-content\/uploads\/2014\/08\/travel-slovenia-krskopoljski-prasic-300x200.jpg","datePublished":"2014-08-03T21:09:26+00:00","dateModified":"2015-10-16T12:10:41+00:00","description":"Kr\u0161kopoljski pra\u0161i\u010d je edina ohranjena slovenska avtohtona pasma pra\u0161i\u010da. Ustvarjena je bila na obmo\u010dju dolenjske, mogo\u010de tudi na ju\u017enem delu \u0161tajerske.","breadcrumb":{"@id":"https:\/\/www.travel-slovenia.si\/slo\/slovensko\/krskopoljski-prasic\/#breadcrumb"},"inLanguage":"sl-SI","potentialAction":[{"@type":"ReadAction","target":["https:\/\/www.travel-slovenia.si\/slo\/slovensko\/krskopoljski-prasic\/"]}]},{"@type":"ImageObject","inLanguage":"sl-SI","@id":"https:\/\/www.travel-slovenia.si\/slo\/slovensko\/krskopoljski-prasic\/#primaryimage","url":"https:\/\/www.travel-slovenia.si\/slo\/wp-content\/uploads\/2014\/08\/travel-slovenia-krskopoljski-prasic.jpg","contentUrl":"https:\/\/www.travel-slovenia.si\/slo\/wp-content\/uploads\/2014\/08\/travel-slovenia-krskopoljski-prasic.jpg","width":600,"height":400,"caption":"Skupina kr\u0161kopoljskih pra\u0161i\u010dev"},{"@type":"BreadcrumbList","@id":"https:\/\/www.travel-slovenia.si\/slo\/slovensko\/krskopoljski-prasic\/#breadcrumb","itemListElement":[{"@type":"ListItem","position":1,"name":"Home","item":"https:\/\/www.travel-slovenia.si\/slo\/"},{"@type":"ListItem","position":2,"name":"SLOVENSKO","item":"https:\/\/www.travel-slovenia.si\/slo\/slovensko\/"},{"@type":"ListItem","position":3,"name":"Kr\u0161kopoljski pra\u0161i\u010d"}]},{"@type":"WebSite","@id":"https:\/\/www.travel-slovenia.si\/slo\/#website","url":"https:\/\/www.travel-slovenia.si\/slo\/","name":"Travel Slovenia - Sledite lepotam na\u0161e male dr\u017eavice","description":"","potentialAction":[{"@type":"SearchAction","target":{"@type":"EntryPoint","urlTemplate":"https:\/\/www.travel-slovenia.si\/slo\/?s={search_term_string}"},"query-input":{"@type":"PropertyValueSpecification","valueRequired":true,"valueName":"search_term_string"}}],"inLanguage":"sl-SI"}]}},"post_mailing_queue_ids":[],"_links":{"self":[{"href":"https:\/\/www.travel-slovenia.si\/slo\/wp-json\/wp\/v2\/pages\/1161","targetHints":{"allow":["GET"]}}],"collection":[{"href":"https:\/\/www.travel-slovenia.si\/slo\/wp-json\/wp\/v2\/pages"}],"about":[{"href":"https:\/\/www.travel-slovenia.si\/slo\/wp-json\/wp\/v2\/types\/page"}],"author":[{"embeddable":true,"href":"https:\/\/www.travel-slovenia.si\/slo\/wp-json\/wp\/v2\/users\/111"}],"replies":[{"embeddable":true,"href":"https:\/\/www.travel-slovenia.si\/slo\/wp-json\/wp\/v2\/comments?post=1161"}],"version-history":[{"count":6,"href":"https:\/\/www.travel-slovenia.si\/slo\/wp-json\/wp\/v2\/pages\/1161\/revisions"}],"predecessor-version":[{"id":4162,"href":"https:\/\/www.travel-slovenia.si\/slo\/wp-json\/wp\/v2\/pages\/1161\/revisions\/4162"}],"up":[{"embeddable":true,"href":"https:\/\/www.travel-slovenia.si\/slo\/wp-json\/wp\/v2\/pages\/10"}],"wp:attachment":[{"href":"https:\/\/www.travel-slovenia.si\/slo\/wp-json\/wp\/v2\/media?parent=1161"}],"curies":[{"name":"wp","href":"https:\/\/api.w.org\/{rel}","templated":true}]}}