{"id":1148,"date":"2014-08-02T16:48:31","date_gmt":"2014-08-02T16:48:31","guid":{"rendered":"https:\/\/www.travel-slovenia.si\/?page_id=1148"},"modified":"2015-10-02T10:16:12","modified_gmt":"2015-10-02T10:16:12","slug":"drezniska-koza","status":"publish","type":"page","link":"https:\/\/www.travel-slovenia.si\/slo\/slovensko\/drezniska-koza\/","title":{"rendered":"Dre\u017eni\u0161ka koza"},"content":{"rendered":"<figure id=\"attachment_3925\" class=\"wp-caption alignleft\" style=\"max-width: 300px\"><img loading=\"lazy\" decoding=\"async\" class=\"size-medium wp-image-3925\" src=\"https:\/\/www.travel-slovenia.si\/slo\/wp-content\/uploads\/2014\/08\/travel-slovenia-drezniska-koza-300x225.jpg\" alt=\"Dre\u017eni\u0161ka koza v naravi\" width=\"300\" height=\"225\" srcset=\"https:\/\/www.travel-slovenia.si\/slo\/wp-content\/uploads\/2014\/08\/travel-slovenia-drezniska-koza-300x225.jpg 300w, https:\/\/www.travel-slovenia.si\/slo\/wp-content\/uploads\/2014\/08\/travel-slovenia-drezniska-koza-24x18.jpg 24w, https:\/\/www.travel-slovenia.si\/slo\/wp-content\/uploads\/2014\/08\/travel-slovenia-drezniska-koza-36x27.jpg 36w, https:\/\/www.travel-slovenia.si\/slo\/wp-content\/uploads\/2014\/08\/travel-slovenia-drezniska-koza-48x36.jpg 48w, https:\/\/www.travel-slovenia.si\/slo\/wp-content\/uploads\/2014\/08\/travel-slovenia-drezniska-koza.jpg 600w\" sizes=\"auto, (max-width: 300px) 100vw, 300px\" \/><figcaption class=\"wp-caption-text\">Dre\u017eni\u0161ka koza v naravi<\/figcaption><\/figure>\n<p style=\"text-align: justify;\">Dre\u017eni\u0161ka koza je slovenska avtohtona pasma, ki je najbolj zna\u010dilna za obmo\u010dje Dre\u017enice. Pasma je bila uradno priznana leta 2000.<\/p>\n<p style=\"text-align: justify;\">Ta pasma koze je ve\u010dinoma rogata. Najbolj pogosta je \u010drna dre\u017eni\u0161ka koza, obstajajo pa tudi v ve\u010d drugih barvah, poznamo \u0161e sivo-\u010drne, \u010drno-rjave in lisaste. Koza tehta med 40 in 60 kg, kozli pa navadno med 60 in 80 kg. Ker se je kontrola proizvodnje v Sloveniji pri\u010dela \u0161ele leta 2002, nimamo natan\u010dnih podatkov o mle\u010dnosti in plodnosti koze, saj so jo v preteklosti uporabljali ve\u010dinoma zaradi mesa.<\/p>\n<figure id=\"attachment_3926\" class=\"wp-caption alignright\" style=\"max-width: 300px\"><a href=\"https:\/\/www.travel-slovenia.si\/slo\/wp-content\/uploads\/2014\/08\/travel-slovenia-drezniska-koza-obmocje.jpg\"><img loading=\"lazy\" decoding=\"async\" class=\"wp-image-3926 size-medium\" src=\"https:\/\/www.travel-slovenia.si\/slo\/wp-content\/uploads\/2014\/08\/travel-slovenia-drezniska-koza-obmocje-300x206.jpg\" alt=\"Obmo\u010dje dre\u017eni\u0161ke koze\" width=\"300\" height=\"206\" srcset=\"https:\/\/www.travel-slovenia.si\/slo\/wp-content\/uploads\/2014\/08\/travel-slovenia-drezniska-koza-obmocje-300x206.jpg 300w, https:\/\/www.travel-slovenia.si\/slo\/wp-content\/uploads\/2014\/08\/travel-slovenia-drezniska-koza-obmocje-24x16.jpg 24w, https:\/\/www.travel-slovenia.si\/slo\/wp-content\/uploads\/2014\/08\/travel-slovenia-drezniska-koza-obmocje-36x25.jpg 36w, https:\/\/www.travel-slovenia.si\/slo\/wp-content\/uploads\/2014\/08\/travel-slovenia-drezniska-koza-obmocje-48x33.jpg 48w, https:\/\/www.travel-slovenia.si\/slo\/wp-content\/uploads\/2014\/08\/travel-slovenia-drezniska-koza-obmocje.jpg 600w\" sizes=\"auto, (max-width: 300px) 100vw, 300px\" \/><\/a><figcaption class=\"wp-caption-text\">Obmo\u010dje dre\u017eni\u0161ke koze<\/figcaption><\/figure>\n<p style=\"text-align: justify;\">Koza je dokaj samostojna, zato jo pastir le ste\u017eka zadr\u017ei v \u010dredi. Najve\u010dje \u010drede najdemo na planini Krasji vrh nad Dre\u017enico, planini Bo\u017eca nad Srpenico, planini Krnica nad Bovcem in planini Mangart.<\/p>\n<p style=\"text-align: justify;\">Zaradi omejevanja kozjereje je ta pasma skoraj izumrla. To omejevanje je trajalo od 18. stoletja do razpada Jugoslavije in zaradi tega je bila leta 1999 vklju\u010dena v program ohranjanja slovenskih avtohtonih pasem doma\u010dih \u017eivali. Ume\u0161\u010dena je bila tudi na seznam ogro\u017eene doma\u010de \u017eivali.<\/p>\n","protected":false},"excerpt":{"rendered":"<p>Dre\u017eni\u0161ka koza je slovenska avtohtona pasma, ki je najbolj zna\u010dilna za obmo\u010dje Dre\u017enice. Pasma je bila uradno priznana leta 2000. Ta pasma koze je ve\u010dinoma rogata. Najbolj pogosta je \u010drna dre\u017eni\u0161ka koza, obstajajo pa tudi v ve\u010d drugih barvah, poznamo \u0161e sivo-\u010drne, \u010drno-rjave in lisaste. Koza tehta med 40 in 60 kg, kozli pa navadno [&hellip;]<\/p>\n","protected":false},"author":111,"featured_media":0,"parent":10,"menu_order":0,"comment_status":"closed","ping_status":"closed","template":"","meta":{"footnotes":""},"class_list":["post-1148","page","type-page","status-publish","hentry"],"yoast_head":"<!-- This site is optimized with the Yoast SEO plugin v25.4 - https:\/\/yoast.com\/wordpress\/plugins\/seo\/ -->\n<title>Dre\u017eni\u0161ka koza : Travel-Slovenia<\/title>\n<meta name=\"description\" content=\"Dre\u017eni\u0161ka koza je slovenska avtohtona pasma, ki je najbolj zna\u010dilna za obmo\u010dje Dre\u017enice. Pasma je bila uradno priznana leta 2000.\" \/>\n<meta name=\"robots\" content=\"index, follow, max-snippet:-1, max-image-preview:large, max-video-preview:-1\" \/>\n<link rel=\"canonical\" href=\"https:\/\/www.travel-slovenia.si\/slo\/slovensko\/drezniska-koza\/\" \/>\n<meta property=\"og:locale\" content=\"sl_SI\" \/>\n<meta property=\"og:type\" content=\"article\" \/>\n<meta property=\"og:title\" content=\"Dre\u017eni\u0161ka koza : Travel-Slovenia\" \/>\n<meta property=\"og:description\" content=\"Dre\u017eni\u0161ka koza je slovenska avtohtona pasma, ki je najbolj zna\u010dilna za obmo\u010dje Dre\u017enice. Pasma je bila uradno priznana leta 2000.\" \/>\n<meta property=\"og:url\" content=\"https:\/\/www.travel-slovenia.si\/slo\/slovensko\/drezniska-koza\/\" \/>\n<meta property=\"og:site_name\" content=\"Travel Slovenia - Sledite lepotam na\u0161e male dr\u017eavice\" \/>\n<meta property=\"article:modified_time\" content=\"2015-10-02T10:16:12+00:00\" \/>\n<meta property=\"og:image\" content=\"https:\/\/www.travel-slovenia.si\/slo\/wp-content\/uploads\/2014\/08\/travel-slovenia-drezniska-koza.jpg\" \/>\n\t<meta property=\"og:image:width\" content=\"600\" \/>\n\t<meta property=\"og:image:height\" content=\"450\" \/>\n\t<meta property=\"og:image:type\" content=\"image\/jpeg\" \/>\n<meta name=\"twitter:card\" content=\"summary_large_image\" \/>\n<meta name=\"twitter:title\" content=\"Dre\u017eni\u0161ka koza : Travel-Slovenia\" \/>\n<meta name=\"twitter:description\" content=\"Dre\u017eni\u0161ka koza je slovenska avtohtona pasma, ki je najbolj zna\u010dilna za obmo\u010dje Dre\u017enice. Pasma je bila uradno priznana leta 2000.\" \/>\n<meta name=\"twitter:image\" content=\"https:\/\/www.travel-slovenia.si\/slo\/wp-content\/uploads\/2014\/08\/travel-slovenia-drezniska-koza.jpg\" \/>\n<meta name=\"twitter:label1\" content=\"Est. reading time\" \/>\n\t<meta name=\"twitter:data1\" content=\"1 minuta\" \/>\n<script type=\"application\/ld+json\" class=\"yoast-schema-graph\">{\"@context\":\"https:\/\/schema.org\",\"@graph\":[{\"@type\":\"WebPage\",\"@id\":\"https:\/\/www.travel-slovenia.si\/slo\/slovensko\/drezniska-koza\/\",\"url\":\"https:\/\/www.travel-slovenia.si\/slo\/slovensko\/drezniska-koza\/\",\"name\":\"Dre\u017eni\u0161ka koza : Travel-Slovenia\",\"isPartOf\":{\"@id\":\"https:\/\/www.travel-slovenia.si\/slo\/#website\"},\"primaryImageOfPage\":{\"@id\":\"https:\/\/www.travel-slovenia.si\/slo\/slovensko\/drezniska-koza\/#primaryimage\"},\"image\":{\"@id\":\"https:\/\/www.travel-slovenia.si\/slo\/slovensko\/drezniska-koza\/#primaryimage\"},\"thumbnailUrl\":\"https:\/\/www.travel-slovenia.si\/slo\/wp-content\/uploads\/2014\/08\/travel-slovenia-drezniska-koza-300x225.jpg\",\"datePublished\":\"2014-08-02T16:48:31+00:00\",\"dateModified\":\"2015-10-02T10:16:12+00:00\",\"description\":\"Dre\u017eni\u0161ka koza je slovenska avtohtona pasma, ki je najbolj zna\u010dilna za obmo\u010dje Dre\u017enice. Pasma je bila uradno priznana leta 2000.\",\"breadcrumb\":{\"@id\":\"https:\/\/www.travel-slovenia.si\/slo\/slovensko\/drezniska-koza\/#breadcrumb\"},\"inLanguage\":\"sl-SI\",\"potentialAction\":[{\"@type\":\"ReadAction\",\"target\":[\"https:\/\/www.travel-slovenia.si\/slo\/slovensko\/drezniska-koza\/\"]}]},{\"@type\":\"ImageObject\",\"inLanguage\":\"sl-SI\",\"@id\":\"https:\/\/www.travel-slovenia.si\/slo\/slovensko\/drezniska-koza\/#primaryimage\",\"url\":\"https:\/\/www.travel-slovenia.si\/slo\/wp-content\/uploads\/2014\/08\/travel-slovenia-drezniska-koza.jpg\",\"contentUrl\":\"https:\/\/www.travel-slovenia.si\/slo\/wp-content\/uploads\/2014\/08\/travel-slovenia-drezniska-koza.jpg\",\"width\":600,\"height\":450,\"caption\":\"Dre\u017eni\u0161ka koza v naravi\"},{\"@type\":\"BreadcrumbList\",\"@id\":\"https:\/\/www.travel-slovenia.si\/slo\/slovensko\/drezniska-koza\/#breadcrumb\",\"itemListElement\":[{\"@type\":\"ListItem\",\"position\":1,\"name\":\"Home\",\"item\":\"https:\/\/www.travel-slovenia.si\/slo\/\"},{\"@type\":\"ListItem\",\"position\":2,\"name\":\"SLOVENSKO\",\"item\":\"https:\/\/www.travel-slovenia.si\/slo\/slovensko\/\"},{\"@type\":\"ListItem\",\"position\":3,\"name\":\"Dre\u017eni\u0161ka koza\"}]},{\"@type\":\"WebSite\",\"@id\":\"https:\/\/www.travel-slovenia.si\/slo\/#website\",\"url\":\"https:\/\/www.travel-slovenia.si\/slo\/\",\"name\":\"Travel Slovenia - Sledite lepotam na\u0161e male dr\u017eavice\",\"description\":\"\",\"potentialAction\":[{\"@type\":\"SearchAction\",\"target\":{\"@type\":\"EntryPoint\",\"urlTemplate\":\"https:\/\/www.travel-slovenia.si\/slo\/?s={search_term_string}\"},\"query-input\":{\"@type\":\"PropertyValueSpecification\",\"valueRequired\":true,\"valueName\":\"search_term_string\"}}],\"inLanguage\":\"sl-SI\"}]}<\/script>\n<!-- \/ Yoast SEO plugin. -->","yoast_head_json":{"title":"Dre\u017eni\u0161ka koza : Travel-Slovenia","description":"Dre\u017eni\u0161ka koza je slovenska avtohtona pasma, ki je najbolj zna\u010dilna za obmo\u010dje Dre\u017enice. Pasma je bila uradno priznana leta 2000.","robots":{"index":"index","follow":"follow","max-snippet":"max-snippet:-1","max-image-preview":"max-image-preview:large","max-video-preview":"max-video-preview:-1"},"canonical":"https:\/\/www.travel-slovenia.si\/slo\/slovensko\/drezniska-koza\/","og_locale":"sl_SI","og_type":"article","og_title":"Dre\u017eni\u0161ka koza : Travel-Slovenia","og_description":"Dre\u017eni\u0161ka koza je slovenska avtohtona pasma, ki je najbolj zna\u010dilna za obmo\u010dje Dre\u017enice. Pasma je bila uradno priznana leta 2000.","og_url":"https:\/\/www.travel-slovenia.si\/slo\/slovensko\/drezniska-koza\/","og_site_name":"Travel Slovenia - Sledite lepotam na\u0161e male dr\u017eavice","article_modified_time":"2015-10-02T10:16:12+00:00","og_image":[{"width":600,"height":450,"url":"https:\/\/www.travel-slovenia.si\/slo\/wp-content\/uploads\/2014\/08\/travel-slovenia-drezniska-koza.jpg","type":"image\/jpeg"}],"twitter_card":"summary_large_image","twitter_title":"Dre\u017eni\u0161ka koza : Travel-Slovenia","twitter_description":"Dre\u017eni\u0161ka koza je slovenska avtohtona pasma, ki je najbolj zna\u010dilna za obmo\u010dje Dre\u017enice. Pasma je bila uradno priznana leta 2000.","twitter_image":"https:\/\/www.travel-slovenia.si\/slo\/wp-content\/uploads\/2014\/08\/travel-slovenia-drezniska-koza.jpg","twitter_misc":{"Est. reading time":"1 minuta"},"schema":{"@context":"https:\/\/schema.org","@graph":[{"@type":"WebPage","@id":"https:\/\/www.travel-slovenia.si\/slo\/slovensko\/drezniska-koza\/","url":"https:\/\/www.travel-slovenia.si\/slo\/slovensko\/drezniska-koza\/","name":"Dre\u017eni\u0161ka koza : Travel-Slovenia","isPartOf":{"@id":"https:\/\/www.travel-slovenia.si\/slo\/#website"},"primaryImageOfPage":{"@id":"https:\/\/www.travel-slovenia.si\/slo\/slovensko\/drezniska-koza\/#primaryimage"},"image":{"@id":"https:\/\/www.travel-slovenia.si\/slo\/slovensko\/drezniska-koza\/#primaryimage"},"thumbnailUrl":"https:\/\/www.travel-slovenia.si\/slo\/wp-content\/uploads\/2014\/08\/travel-slovenia-drezniska-koza-300x225.jpg","datePublished":"2014-08-02T16:48:31+00:00","dateModified":"2015-10-02T10:16:12+00:00","description":"Dre\u017eni\u0161ka koza je slovenska avtohtona pasma, ki je najbolj zna\u010dilna za obmo\u010dje Dre\u017enice. Pasma je bila uradno priznana leta 2000.","breadcrumb":{"@id":"https:\/\/www.travel-slovenia.si\/slo\/slovensko\/drezniska-koza\/#breadcrumb"},"inLanguage":"sl-SI","potentialAction":[{"@type":"ReadAction","target":["https:\/\/www.travel-slovenia.si\/slo\/slovensko\/drezniska-koza\/"]}]},{"@type":"ImageObject","inLanguage":"sl-SI","@id":"https:\/\/www.travel-slovenia.si\/slo\/slovensko\/drezniska-koza\/#primaryimage","url":"https:\/\/www.travel-slovenia.si\/slo\/wp-content\/uploads\/2014\/08\/travel-slovenia-drezniska-koza.jpg","contentUrl":"https:\/\/www.travel-slovenia.si\/slo\/wp-content\/uploads\/2014\/08\/travel-slovenia-drezniska-koza.jpg","width":600,"height":450,"caption":"Dre\u017eni\u0161ka koza v naravi"},{"@type":"BreadcrumbList","@id":"https:\/\/www.travel-slovenia.si\/slo\/slovensko\/drezniska-koza\/#breadcrumb","itemListElement":[{"@type":"ListItem","position":1,"name":"Home","item":"https:\/\/www.travel-slovenia.si\/slo\/"},{"@type":"ListItem","position":2,"name":"SLOVENSKO","item":"https:\/\/www.travel-slovenia.si\/slo\/slovensko\/"},{"@type":"ListItem","position":3,"name":"Dre\u017eni\u0161ka koza"}]},{"@type":"WebSite","@id":"https:\/\/www.travel-slovenia.si\/slo\/#website","url":"https:\/\/www.travel-slovenia.si\/slo\/","name":"Travel Slovenia - Sledite lepotam na\u0161e male dr\u017eavice","description":"","potentialAction":[{"@type":"SearchAction","target":{"@type":"EntryPoint","urlTemplate":"https:\/\/www.travel-slovenia.si\/slo\/?s={search_term_string}"},"query-input":{"@type":"PropertyValueSpecification","valueRequired":true,"valueName":"search_term_string"}}],"inLanguage":"sl-SI"}]}},"post_mailing_queue_ids":[],"_links":{"self":[{"href":"https:\/\/www.travel-slovenia.si\/slo\/wp-json\/wp\/v2\/pages\/1148","targetHints":{"allow":["GET"]}}],"collection":[{"href":"https:\/\/www.travel-slovenia.si\/slo\/wp-json\/wp\/v2\/pages"}],"about":[{"href":"https:\/\/www.travel-slovenia.si\/slo\/wp-json\/wp\/v2\/types\/page"}],"author":[{"embeddable":true,"href":"https:\/\/www.travel-slovenia.si\/slo\/wp-json\/wp\/v2\/users\/111"}],"replies":[{"embeddable":true,"href":"https:\/\/www.travel-slovenia.si\/slo\/wp-json\/wp\/v2\/comments?post=1148"}],"version-history":[{"count":9,"href":"https:\/\/www.travel-slovenia.si\/slo\/wp-json\/wp\/v2\/pages\/1148\/revisions"}],"predecessor-version":[{"id":3927,"href":"https:\/\/www.travel-slovenia.si\/slo\/wp-json\/wp\/v2\/pages\/1148\/revisions\/3927"}],"up":[{"embeddable":true,"href":"https:\/\/www.travel-slovenia.si\/slo\/wp-json\/wp\/v2\/pages\/10"}],"wp:attachment":[{"href":"https:\/\/www.travel-slovenia.si\/slo\/wp-json\/wp\/v2\/media?parent=1148"}],"curies":[{"name":"wp","href":"https:\/\/api.w.org\/{rel}","templated":true}]}}