{"id":1136,"date":"2014-08-02T16:16:22","date_gmt":"2014-08-02T16:16:22","guid":{"rendered":"https:\/\/www.travel-slovenia.si\/?page_id=1136"},"modified":"2015-10-02T10:10:32","modified_gmt":"2015-10-02T10:10:32","slug":"plemenita-jezersko-solcavska-ovca","status":"publish","type":"page","link":"https:\/\/www.travel-slovenia.si\/slo\/slovensko\/plemenita-jezersko-solcavska-ovca\/","title":{"rendered":"Plemenita jezersko-sol\u010davska ovca"},"content":{"rendered":"<figure id=\"attachment_3920\" class=\"wp-caption alignleft\" style=\"max-width: 300px\"><img loading=\"lazy\" decoding=\"async\" class=\"size-medium wp-image-3920\" src=\"https:\/\/www.travel-slovenia.si\/slo\/wp-content\/uploads\/2014\/08\/travel-slovenia-jezersko-solcavska-ovca-300x225.jpg\" alt=\"Jezersko-sol\u010davska ovca na hribu\" width=\"300\" height=\"225\" srcset=\"https:\/\/www.travel-slovenia.si\/slo\/wp-content\/uploads\/2014\/08\/travel-slovenia-jezersko-solcavska-ovca-300x225.jpg 300w, https:\/\/www.travel-slovenia.si\/slo\/wp-content\/uploads\/2014\/08\/travel-slovenia-jezersko-solcavska-ovca-24x18.jpg 24w, https:\/\/www.travel-slovenia.si\/slo\/wp-content\/uploads\/2014\/08\/travel-slovenia-jezersko-solcavska-ovca-36x27.jpg 36w, https:\/\/www.travel-slovenia.si\/slo\/wp-content\/uploads\/2014\/08\/travel-slovenia-jezersko-solcavska-ovca-48x36.jpg 48w, https:\/\/www.travel-slovenia.si\/slo\/wp-content\/uploads\/2014\/08\/travel-slovenia-jezersko-solcavska-ovca.jpg 600w\" sizes=\"auto, (max-width: 300px) 100vw, 300px\" \/><figcaption class=\"wp-caption-text\">Jezersko-sol\u010davska ovca na hribu<\/figcaption><\/figure>\n<p style=\"text-align: justify;\">Plemenita jezersko-sol\u010davska ovca je edina slovenska tradicionalna pasma ovce in je med vsemi pasmami najbolj \u0161tevil\u010dna v Sloveniji. To pasmo vzrejajo za meso, volna pa je stranski produkt, ki postaja vedno bolj cenjen. Njena populacija je ocenjena na okoli 60.000 ovac.<\/p>\n<p style=\"text-align: justify;\">Pasma je ustvarjenja s plemenitenjem doma\u010de jezersko-sol\u010davske ovce z romanovsko pasmo, z namenom pove\u010danja plodnosti. Plemenitenje se je pri\u010delo leta 1982 in dalo tip ovce, ki je primerna za intenzivno rejo mesa in gospodarsko kri\u017eanje. Po romanovski pasmi je podedovala dobro plodnost, po doma\u010di ovci pa prilagodljivost na na\u0161e razmere. Ovce se parijo v kateremkoli letnem \u010dasu, kar je izjemna lastnost (imenonvana tudi poliestri\u010dnost), ki jo je potrebno ohraniti. Spolno lahko dozorijo \u017ee pri \u0161tirih mesecih, navadno pa pri \u0161estih mesecih. Jagnjijo trikrat letno.\u00a0 Ovce se lahko parijo \u017ee prvi mesec, tudi \u010de mladi\u010di \u0161e vedno sesajo pri njih.<\/p>\n<figure id=\"attachment_3921\" class=\"wp-caption alignright\" style=\"max-width: 300px\"><img loading=\"lazy\" decoding=\"async\" class=\"size-medium wp-image-3921\" src=\"https:\/\/www.travel-slovenia.si\/slo\/wp-content\/uploads\/2014\/08\/travel-slovenia-jezersko-solcavska-ovca-obmocje-300x206.jpg\" alt=\"Obmo\u010dje jezersko-sol\u010davske ovce\" width=\"300\" height=\"206\" srcset=\"https:\/\/www.travel-slovenia.si\/slo\/wp-content\/uploads\/2014\/08\/travel-slovenia-jezersko-solcavska-ovca-obmocje-300x206.jpg 300w, https:\/\/www.travel-slovenia.si\/slo\/wp-content\/uploads\/2014\/08\/travel-slovenia-jezersko-solcavska-ovca-obmocje-24x16.jpg 24w, https:\/\/www.travel-slovenia.si\/slo\/wp-content\/uploads\/2014\/08\/travel-slovenia-jezersko-solcavska-ovca-obmocje-36x25.jpg 36w, https:\/\/www.travel-slovenia.si\/slo\/wp-content\/uploads\/2014\/08\/travel-slovenia-jezersko-solcavska-ovca-obmocje-48x33.jpg 48w, https:\/\/www.travel-slovenia.si\/slo\/wp-content\/uploads\/2014\/08\/travel-slovenia-jezersko-solcavska-ovca-obmocje.jpg 600w\" sizes=\"auto, (max-width: 300px) 100vw, 300px\" \/><figcaption class=\"wp-caption-text\">Obmo\u010dje jezersko-sol\u010davske ovce<\/figcaption><\/figure>\n<p style=\"text-align: justify;\">Pasma je dobro prilagojena na klimatske spremembe, prena\u0161a mraz in toploto, prilagaja se nadmorski vi\u0161ini in pobo\u010djem. Imajo dobre materinske lastnosti in dobro poskrbijo za jagnjeta, zaradi \u010desar je smrtnost med njimi nizka. Zaradi dobre prilagodljivosti na na\u0161e razmere je pasma raz\u0161irjena po celotni Sloveniji.<\/p>\n<p style=\"text-align: justify;\">Telesna te\u017ea ovce je od 65 do 75 kg, ovna pa okoli 95 kg in ve\u010d. \u017divali imajo kratka u\u0161esa in rep, dol\u017eina katerega je odvisna od dele\u017ea romanovske pasme. Nosni profil je rahlo ukrivljen ali raven, kar daje videz plemenitega in \u017eivahnega temperamenta. Telo je srednje \u0161iroko in harmoni\u010dno, noge so v primerjavi z jezersko-sol\u010davsko ovco kraj\u0161e in manj pora\u0161\u010dene z volno. Hrbet je dolg in \u010dvrst ter ravnih linij. Volna je ve\u010dinoma bela, vendar je zaradi romanovske pasme tudi barvita, rjava ali \u010drna. Trebuh je navadno pokrit z drobnimi nitmi dlak, sprednje noge so pora\u0161\u010dene do sredine, zadnje noge pa do sko\u010dnega sklepa. Pora\u0161\u010denost z volno je torej dobra, razen na trebuhu in spodnjem delu. Volna vsebuje nizko vsebnost ma\u0161\u010dobe, je srednje valovita in nizke kakovosti.<\/p>\n","protected":false},"excerpt":{"rendered":"<p>Plemenita jezersko-sol\u010davska ovca je edina slovenska tradicionalna pasma ovce in je med vsemi pasmami najbolj \u0161tevil\u010dna v Sloveniji. To pasmo vzrejajo za meso, volna pa je stranski produkt, ki postaja vedno bolj cenjen. Njena populacija je ocenjena na okoli 60.000 ovac. Pasma je ustvarjenja s plemenitenjem doma\u010de jezersko-sol\u010davske ovce z romanovsko pasmo, z namenom pove\u010danja [&hellip;]<\/p>\n","protected":false},"author":111,"featured_media":0,"parent":10,"menu_order":0,"comment_status":"closed","ping_status":"closed","template":"","meta":{"footnotes":""},"class_list":["post-1136","page","type-page","status-publish","hentry"],"yoast_head":"<!-- This site is optimized with the Yoast SEO plugin v25.4 - https:\/\/yoast.com\/wordpress\/plugins\/seo\/ -->\n<title>Plemenita jezersko-sol\u010davska ovca : Travel-Slovenia<\/title>\n<meta name=\"description\" content=\"Plemenita jezersko-sol\u010davska ovca je edina slovenska tradicionalna pasma ovce in je med vsemi pasmami najbolj \u0161tevil\u010dna v Sloveniji.\" \/>\n<meta name=\"robots\" content=\"index, follow, max-snippet:-1, max-image-preview:large, max-video-preview:-1\" \/>\n<link rel=\"canonical\" href=\"https:\/\/www.travel-slovenia.si\/slo\/slovensko\/plemenita-jezersko-solcavska-ovca\/\" \/>\n<meta property=\"og:locale\" content=\"sl_SI\" \/>\n<meta property=\"og:type\" content=\"article\" \/>\n<meta property=\"og:title\" content=\"Plemenita jezersko-sol\u010davska ovca : Travel-Slovenia\" \/>\n<meta property=\"og:description\" content=\"Plemenita jezersko-sol\u010davska ovca je edina slovenska tradicionalna pasma ovce in je med vsemi pasmami najbolj \u0161tevil\u010dna v Sloveniji.\" \/>\n<meta property=\"og:url\" content=\"https:\/\/www.travel-slovenia.si\/slo\/slovensko\/plemenita-jezersko-solcavska-ovca\/\" \/>\n<meta property=\"og:site_name\" content=\"Travel Slovenia - Sledite lepotam na\u0161e male dr\u017eavice\" \/>\n<meta property=\"article:modified_time\" content=\"2015-10-02T10:10:32+00:00\" \/>\n<meta property=\"og:image\" content=\"https:\/\/www.travel-slovenia.si\/slo\/wp-content\/uploads\/2014\/08\/travel-slovenia-jezersko-solcavska-ovca.jpg\" \/>\n\t<meta property=\"og:image:width\" content=\"600\" \/>\n\t<meta property=\"og:image:height\" content=\"450\" \/>\n\t<meta property=\"og:image:type\" content=\"image\/jpeg\" \/>\n<meta name=\"twitter:card\" content=\"summary_large_image\" \/>\n<meta name=\"twitter:title\" content=\"Plemenita jezersko-sol\u010davska ovca : Travel-Slovenia\" \/>\n<meta name=\"twitter:description\" content=\"Plemenita jezersko-sol\u010davska ovca je edina slovenska tradicionalna pasma ovce in je med vsemi pasmami najbolj \u0161tevil\u010dna v Sloveniji.\" \/>\n<meta name=\"twitter:image\" content=\"https:\/\/www.travel-slovenia.si\/slo\/wp-content\/uploads\/2014\/08\/travel-slovenia-jezersko-solcavska-ovca.jpg\" \/>\n<meta name=\"twitter:label1\" content=\"Est. reading time\" \/>\n\t<meta name=\"twitter:data1\" content=\"2 minuti\" \/>\n<script type=\"application\/ld+json\" class=\"yoast-schema-graph\">{\"@context\":\"https:\/\/schema.org\",\"@graph\":[{\"@type\":\"WebPage\",\"@id\":\"https:\/\/www.travel-slovenia.si\/slo\/slovensko\/plemenita-jezersko-solcavska-ovca\/\",\"url\":\"https:\/\/www.travel-slovenia.si\/slo\/slovensko\/plemenita-jezersko-solcavska-ovca\/\",\"name\":\"Plemenita jezersko-sol\u010davska ovca : Travel-Slovenia\",\"isPartOf\":{\"@id\":\"https:\/\/www.travel-slovenia.si\/slo\/#website\"},\"primaryImageOfPage\":{\"@id\":\"https:\/\/www.travel-slovenia.si\/slo\/slovensko\/plemenita-jezersko-solcavska-ovca\/#primaryimage\"},\"image\":{\"@id\":\"https:\/\/www.travel-slovenia.si\/slo\/slovensko\/plemenita-jezersko-solcavska-ovca\/#primaryimage\"},\"thumbnailUrl\":\"https:\/\/www.travel-slovenia.si\/slo\/wp-content\/uploads\/2014\/08\/travel-slovenia-jezersko-solcavska-ovca-300x225.jpg\",\"datePublished\":\"2014-08-02T16:16:22+00:00\",\"dateModified\":\"2015-10-02T10:10:32+00:00\",\"description\":\"Plemenita jezersko-sol\u010davska ovca je edina slovenska tradicionalna pasma ovce in je med vsemi pasmami najbolj \u0161tevil\u010dna v Sloveniji.\",\"breadcrumb\":{\"@id\":\"https:\/\/www.travel-slovenia.si\/slo\/slovensko\/plemenita-jezersko-solcavska-ovca\/#breadcrumb\"},\"inLanguage\":\"sl-SI\",\"potentialAction\":[{\"@type\":\"ReadAction\",\"target\":[\"https:\/\/www.travel-slovenia.si\/slo\/slovensko\/plemenita-jezersko-solcavska-ovca\/\"]}]},{\"@type\":\"ImageObject\",\"inLanguage\":\"sl-SI\",\"@id\":\"https:\/\/www.travel-slovenia.si\/slo\/slovensko\/plemenita-jezersko-solcavska-ovca\/#primaryimage\",\"url\":\"https:\/\/www.travel-slovenia.si\/slo\/wp-content\/uploads\/2014\/08\/travel-slovenia-jezersko-solcavska-ovca.jpg\",\"contentUrl\":\"https:\/\/www.travel-slovenia.si\/slo\/wp-content\/uploads\/2014\/08\/travel-slovenia-jezersko-solcavska-ovca.jpg\",\"width\":600,\"height\":450,\"caption\":\"Jezersko-sol\u010davska ovca na hribu\"},{\"@type\":\"BreadcrumbList\",\"@id\":\"https:\/\/www.travel-slovenia.si\/slo\/slovensko\/plemenita-jezersko-solcavska-ovca\/#breadcrumb\",\"itemListElement\":[{\"@type\":\"ListItem\",\"position\":1,\"name\":\"Home\",\"item\":\"https:\/\/www.travel-slovenia.si\/slo\/\"},{\"@type\":\"ListItem\",\"position\":2,\"name\":\"SLOVENSKO\",\"item\":\"https:\/\/www.travel-slovenia.si\/slo\/slovensko\/\"},{\"@type\":\"ListItem\",\"position\":3,\"name\":\"Plemenita jezersko-sol\u010davska ovca\"}]},{\"@type\":\"WebSite\",\"@id\":\"https:\/\/www.travel-slovenia.si\/slo\/#website\",\"url\":\"https:\/\/www.travel-slovenia.si\/slo\/\",\"name\":\"Travel Slovenia - Sledite lepotam na\u0161e male dr\u017eavice\",\"description\":\"\",\"potentialAction\":[{\"@type\":\"SearchAction\",\"target\":{\"@type\":\"EntryPoint\",\"urlTemplate\":\"https:\/\/www.travel-slovenia.si\/slo\/?s={search_term_string}\"},\"query-input\":{\"@type\":\"PropertyValueSpecification\",\"valueRequired\":true,\"valueName\":\"search_term_string\"}}],\"inLanguage\":\"sl-SI\"}]}<\/script>\n<!-- \/ Yoast SEO plugin. -->","yoast_head_json":{"title":"Plemenita jezersko-sol\u010davska ovca : Travel-Slovenia","description":"Plemenita jezersko-sol\u010davska ovca je edina slovenska tradicionalna pasma ovce in je med vsemi pasmami najbolj \u0161tevil\u010dna v Sloveniji.","robots":{"index":"index","follow":"follow","max-snippet":"max-snippet:-1","max-image-preview":"max-image-preview:large","max-video-preview":"max-video-preview:-1"},"canonical":"https:\/\/www.travel-slovenia.si\/slo\/slovensko\/plemenita-jezersko-solcavska-ovca\/","og_locale":"sl_SI","og_type":"article","og_title":"Plemenita jezersko-sol\u010davska ovca : Travel-Slovenia","og_description":"Plemenita jezersko-sol\u010davska ovca je edina slovenska tradicionalna pasma ovce in je med vsemi pasmami najbolj \u0161tevil\u010dna v Sloveniji.","og_url":"https:\/\/www.travel-slovenia.si\/slo\/slovensko\/plemenita-jezersko-solcavska-ovca\/","og_site_name":"Travel Slovenia - Sledite lepotam na\u0161e male dr\u017eavice","article_modified_time":"2015-10-02T10:10:32+00:00","og_image":[{"width":600,"height":450,"url":"https:\/\/www.travel-slovenia.si\/slo\/wp-content\/uploads\/2014\/08\/travel-slovenia-jezersko-solcavska-ovca.jpg","type":"image\/jpeg"}],"twitter_card":"summary_large_image","twitter_title":"Plemenita jezersko-sol\u010davska ovca : Travel-Slovenia","twitter_description":"Plemenita jezersko-sol\u010davska ovca je edina slovenska tradicionalna pasma ovce in je med vsemi pasmami najbolj \u0161tevil\u010dna v Sloveniji.","twitter_image":"https:\/\/www.travel-slovenia.si\/slo\/wp-content\/uploads\/2014\/08\/travel-slovenia-jezersko-solcavska-ovca.jpg","twitter_misc":{"Est. reading time":"2 minuti"},"schema":{"@context":"https:\/\/schema.org","@graph":[{"@type":"WebPage","@id":"https:\/\/www.travel-slovenia.si\/slo\/slovensko\/plemenita-jezersko-solcavska-ovca\/","url":"https:\/\/www.travel-slovenia.si\/slo\/slovensko\/plemenita-jezersko-solcavska-ovca\/","name":"Plemenita jezersko-sol\u010davska ovca : Travel-Slovenia","isPartOf":{"@id":"https:\/\/www.travel-slovenia.si\/slo\/#website"},"primaryImageOfPage":{"@id":"https:\/\/www.travel-slovenia.si\/slo\/slovensko\/plemenita-jezersko-solcavska-ovca\/#primaryimage"},"image":{"@id":"https:\/\/www.travel-slovenia.si\/slo\/slovensko\/plemenita-jezersko-solcavska-ovca\/#primaryimage"},"thumbnailUrl":"https:\/\/www.travel-slovenia.si\/slo\/wp-content\/uploads\/2014\/08\/travel-slovenia-jezersko-solcavska-ovca-300x225.jpg","datePublished":"2014-08-02T16:16:22+00:00","dateModified":"2015-10-02T10:10:32+00:00","description":"Plemenita jezersko-sol\u010davska ovca je edina slovenska tradicionalna pasma ovce in je med vsemi pasmami najbolj \u0161tevil\u010dna v Sloveniji.","breadcrumb":{"@id":"https:\/\/www.travel-slovenia.si\/slo\/slovensko\/plemenita-jezersko-solcavska-ovca\/#breadcrumb"},"inLanguage":"sl-SI","potentialAction":[{"@type":"ReadAction","target":["https:\/\/www.travel-slovenia.si\/slo\/slovensko\/plemenita-jezersko-solcavska-ovca\/"]}]},{"@type":"ImageObject","inLanguage":"sl-SI","@id":"https:\/\/www.travel-slovenia.si\/slo\/slovensko\/plemenita-jezersko-solcavska-ovca\/#primaryimage","url":"https:\/\/www.travel-slovenia.si\/slo\/wp-content\/uploads\/2014\/08\/travel-slovenia-jezersko-solcavska-ovca.jpg","contentUrl":"https:\/\/www.travel-slovenia.si\/slo\/wp-content\/uploads\/2014\/08\/travel-slovenia-jezersko-solcavska-ovca.jpg","width":600,"height":450,"caption":"Jezersko-sol\u010davska ovca na hribu"},{"@type":"BreadcrumbList","@id":"https:\/\/www.travel-slovenia.si\/slo\/slovensko\/plemenita-jezersko-solcavska-ovca\/#breadcrumb","itemListElement":[{"@type":"ListItem","position":1,"name":"Home","item":"https:\/\/www.travel-slovenia.si\/slo\/"},{"@type":"ListItem","position":2,"name":"SLOVENSKO","item":"https:\/\/www.travel-slovenia.si\/slo\/slovensko\/"},{"@type":"ListItem","position":3,"name":"Plemenita jezersko-sol\u010davska ovca"}]},{"@type":"WebSite","@id":"https:\/\/www.travel-slovenia.si\/slo\/#website","url":"https:\/\/www.travel-slovenia.si\/slo\/","name":"Travel Slovenia - Sledite lepotam na\u0161e male dr\u017eavice","description":"","potentialAction":[{"@type":"SearchAction","target":{"@type":"EntryPoint","urlTemplate":"https:\/\/www.travel-slovenia.si\/slo\/?s={search_term_string}"},"query-input":{"@type":"PropertyValueSpecification","valueRequired":true,"valueName":"search_term_string"}}],"inLanguage":"sl-SI"}]}},"post_mailing_queue_ids":[],"_links":{"self":[{"href":"https:\/\/www.travel-slovenia.si\/slo\/wp-json\/wp\/v2\/pages\/1136","targetHints":{"allow":["GET"]}}],"collection":[{"href":"https:\/\/www.travel-slovenia.si\/slo\/wp-json\/wp\/v2\/pages"}],"about":[{"href":"https:\/\/www.travel-slovenia.si\/slo\/wp-json\/wp\/v2\/types\/page"}],"author":[{"embeddable":true,"href":"https:\/\/www.travel-slovenia.si\/slo\/wp-json\/wp\/v2\/users\/111"}],"replies":[{"embeddable":true,"href":"https:\/\/www.travel-slovenia.si\/slo\/wp-json\/wp\/v2\/comments?post=1136"}],"version-history":[{"count":10,"href":"https:\/\/www.travel-slovenia.si\/slo\/wp-json\/wp\/v2\/pages\/1136\/revisions"}],"predecessor-version":[{"id":3922,"href":"https:\/\/www.travel-slovenia.si\/slo\/wp-json\/wp\/v2\/pages\/1136\/revisions\/3922"}],"up":[{"embeddable":true,"href":"https:\/\/www.travel-slovenia.si\/slo\/wp-json\/wp\/v2\/pages\/10"}],"wp:attachment":[{"href":"https:\/\/www.travel-slovenia.si\/slo\/wp-json\/wp\/v2\/media?parent=1136"}],"curies":[{"name":"wp","href":"https:\/\/api.w.org\/{rel}","templated":true}]}}