{"id":1128,"date":"2014-08-02T15:17:11","date_gmt":"2014-08-02T15:17:11","guid":{"rendered":"https:\/\/www.travel-slovenia.si\/?page_id=1128"},"modified":"2015-10-09T18:01:07","modified_gmt":"2015-10-09T18:01:07","slug":"belokranjska-pramenka","status":"publish","type":"page","link":"https:\/\/www.travel-slovenia.si\/slo\/slovensko\/belokranjska-pramenka\/","title":{"rendered":"Belokranjska pramenka"},"content":{"rendered":"<figure id=\"attachment_3915\" class=\"wp-caption alignleft\" style=\"max-width: 300px\"><img loading=\"lazy\" decoding=\"async\" class=\"wp-image-3915 size-medium\" src=\"https:\/\/www.travel-slovenia.si\/slo\/wp-content\/uploads\/2014\/08\/travel-slovenia-belokranjska-ovca-300x226.jpg\" alt=\"Samec belokranjske ovce\" width=\"300\" height=\"226\" srcset=\"https:\/\/www.travel-slovenia.si\/slo\/wp-content\/uploads\/2014\/08\/travel-slovenia-belokranjska-ovca-300x226.jpg 300w, https:\/\/www.travel-slovenia.si\/slo\/wp-content\/uploads\/2014\/08\/travel-slovenia-belokranjska-ovca-24x18.jpg 24w, https:\/\/www.travel-slovenia.si\/slo\/wp-content\/uploads\/2014\/08\/travel-slovenia-belokranjska-ovca-36x27.jpg 36w, https:\/\/www.travel-slovenia.si\/slo\/wp-content\/uploads\/2014\/08\/travel-slovenia-belokranjska-ovca-48x36.jpg 48w, https:\/\/www.travel-slovenia.si\/slo\/wp-content\/uploads\/2014\/08\/travel-slovenia-belokranjska-ovca.jpg 600w\" sizes=\"auto, (max-width: 300px) 100vw, 300px\" \/><figcaption class=\"wp-caption-text\">Samec belokranjske ovce<\/figcaption><\/figure>\n<p style=\"text-align: justify;\">Belokranjska pramenka je ena izmed avtohtonih pasem ovac, namenjena reji jagnjet. Poimenovana je bila po regiji na jugovzhodu Slovenije. Neko\u010d so jo gojili na obeh straneh reke Kolpe, \u0161e posebej v gorskih in kra\u0161kih obmo\u010djih Bele Krajine, kjer so pogoji za kmetovanje \u0161e danes zelo slabi. Pasma je danes ena izmed najbolj raz\u0161irjenih na obmo\u010dju Adle\u0161i\u010dev, \u010crnomlja in Vinice. Belokranjska pramenka je skromna in odporna ovca, dobro prilagojena na kamnite kra\u0161ke pa\u0161nike. Ovca te vrste tehta okoli 50 kg, ovni nekoliko ve\u010d, ampak le v redkih primerih ve\u010d kot 65 oziroma 70 kg. Te\u017ea in velikost \u017eivali se razlikujejo tudi glede na kraj vzreje; v ni\u017einah so ovce ve\u010dje, na kra\u0161kem terenu pa njihova te\u017ea ne dose\u017ee 45 kg.<\/p>\n<p>\u017divali imajo dolgo resasto dlako, ki je dobra za za\u0161\u010dito pred mrazom in de\u017ejem. Ve\u010dina rejcev ovce stri\u017ee enkrat letno, navadno pozno poleti. Volna te pasme ni primerna za predelavo, saj so njeni produkti zelo grobi. Dominirajo bele \u017eivali z zna\u010dilnimi \u010drnimi lisami in pikami po glavi, celo ve\u010d teh imajo na nogah. \u010crne lise niso tako pogoste na podro\u010djih, kjer so pokrite z dlako. Z resasto dlako je pokrit tudi njihov dolg rep, ki se\u017ee skoraj do tal. Ovni imajo izjemno velike rogove, ki so pri starej\u0161ih nekajkrat zaviti. Rogate so tudi nekatere samice, vendar so njihovi rogovi kratki.<\/p>\n<figure id=\"attachment_3916\" class=\"wp-caption alignright\" style=\"max-width: 300px\"><a href=\"https:\/\/www.travel-slovenia.si\/slo\/wp-content\/uploads\/2014\/08\/travel-slovenia-belokranjska-ovca-obmocje.jpg\"><img loading=\"lazy\" decoding=\"async\" class=\"wp-image-3916 size-medium\" src=\"https:\/\/www.travel-slovenia.si\/slo\/wp-content\/uploads\/2014\/08\/travel-slovenia-belokranjska-ovca-obmocje-300x206.jpg\" alt=\"Obmo\u010dje belokranjske ovce\" width=\"300\" height=\"206\" srcset=\"https:\/\/www.travel-slovenia.si\/slo\/wp-content\/uploads\/2014\/08\/travel-slovenia-belokranjska-ovca-obmocje-300x206.jpg 300w, https:\/\/www.travel-slovenia.si\/slo\/wp-content\/uploads\/2014\/08\/travel-slovenia-belokranjska-ovca-obmocje-24x16.jpg 24w, https:\/\/www.travel-slovenia.si\/slo\/wp-content\/uploads\/2014\/08\/travel-slovenia-belokranjska-ovca-obmocje-36x25.jpg 36w, https:\/\/www.travel-slovenia.si\/slo\/wp-content\/uploads\/2014\/08\/travel-slovenia-belokranjska-ovca-obmocje-48x33.jpg 48w, https:\/\/www.travel-slovenia.si\/slo\/wp-content\/uploads\/2014\/08\/travel-slovenia-belokranjska-ovca-obmocje.jpg 600w\" sizes=\"auto, (max-width: 300px) 100vw, 300px\" \/><\/a><figcaption class=\"wp-caption-text\">Obmo\u010dje belokranjske ovce<\/figcaption><\/figure>\n<p style=\"text-align: justify;\">Najbolj pomemben cilj pri belokranjski ovci je ohranjanje pasme in njenih zna\u010dilnosti. Posebno pozornost posve\u010dajo prepre\u010devanju parjenja ovac, ki so si v sorodu. S skrbnim rejskim delom, rejci uspejo ohraniti njihov \u017eivahen temperament, odpornost na bolezni, lahke jagnjitve, dolgo\u017eivost, prilagodljivost na su\u0161o in na skromne pogoje reje ter mo\u010dno izra\u017een materinski \u010dut.<\/p>\n<p style=\"text-align: justify;\">Rejci se za to pasmo odlo\u010dijo zaradi njene skromnosti in dobre prilagodljivosti na kra\u0161ki teren. Ovce pasejo na pa\u0161nikih blizu doma. Ker je ovca dobro prilagojena na kamnite pa\u0161nike, je primerna za prepre\u010devanje zara\u0161\u010danja in s tem prepre\u010duje po\u017eare na suhem kra\u0161kem terenu. Zaradi njene izjemne prilagodljivosti na skromne pogoje reje in dobre kvalitete mesa, je belokranjska pramenka zelo cenjena med lokalnimi rejci.<\/p>\n","protected":false},"excerpt":{"rendered":"<p>Belokranjska pramenka je ena izmed avtohtonih pasem ovac, namenjena reji jagnjet. Poimenovana je bila po regiji na jugovzhodu Slovenije. Neko\u010d so jo gojili na obeh straneh reke Kolpe, \u0161e posebej v gorskih in kra\u0161kih obmo\u010djih Bele Krajine, kjer so pogoji za kmetovanje \u0161e danes zelo slabi. Pasma je danes ena izmed najbolj raz\u0161irjenih na obmo\u010dju [&hellip;]<\/p>\n","protected":false},"author":111,"featured_media":0,"parent":10,"menu_order":0,"comment_status":"closed","ping_status":"closed","template":"","meta":{"footnotes":""},"class_list":["post-1128","page","type-page","status-publish","hentry"],"yoast_head":"<!-- This site is optimized with the Yoast SEO plugin v25.4 - https:\/\/yoast.com\/wordpress\/plugins\/seo\/ -->\n<title>Belokranjska pramenka : Travel-Slovenia<\/title>\n<meta name=\"description\" content=\"Belokranjska pramenka je ena izmed avtohtonih pasem ovac, namenjena reji jagnjet. Poimenovana je bila po regiji na jugovzhodu Slovenije.\" \/>\n<meta name=\"robots\" content=\"index, follow, max-snippet:-1, max-image-preview:large, max-video-preview:-1\" \/>\n<link rel=\"canonical\" href=\"https:\/\/www.travel-slovenia.si\/slo\/slovensko\/belokranjska-pramenka\/\" \/>\n<meta property=\"og:locale\" content=\"sl_SI\" \/>\n<meta property=\"og:type\" content=\"article\" \/>\n<meta property=\"og:title\" content=\"Belokranjska pramenka : Travel-Slovenia\" \/>\n<meta property=\"og:description\" content=\"Belokranjska pramenka je ena izmed avtohtonih pasem ovac, namenjena reji jagnjet. Poimenovana je bila po regiji na jugovzhodu Slovenije.\" \/>\n<meta property=\"og:url\" content=\"https:\/\/www.travel-slovenia.si\/slo\/slovensko\/belokranjska-pramenka\/\" \/>\n<meta property=\"og:site_name\" content=\"Travel Slovenia - Sledite lepotam na\u0161e male dr\u017eavice\" \/>\n<meta property=\"article:modified_time\" content=\"2015-10-09T18:01:07+00:00\" \/>\n<meta property=\"og:image\" content=\"https:\/\/www.travel-slovenia.si\/slo\/wp-content\/uploads\/2014\/08\/travel-slovenia-belokranjska-ovca.jpg\" \/>\n\t<meta property=\"og:image:width\" content=\"600\" \/>\n\t<meta property=\"og:image:height\" content=\"452\" \/>\n\t<meta property=\"og:image:type\" content=\"image\/jpeg\" \/>\n<meta name=\"twitter:card\" content=\"summary_large_image\" \/>\n<meta name=\"twitter:title\" content=\"Belokranjska pramenka : Travel-Slovenia\" \/>\n<meta name=\"twitter:description\" content=\"Belokranjska pramenka je ena izmed avtohtonih pasem ovac, namenjena reji jagnjet. Poimenovana je bila po regiji na jugovzhodu Slovenije.\" \/>\n<meta name=\"twitter:image\" content=\"https:\/\/www.travel-slovenia.si\/slo\/wp-content\/uploads\/2014\/08\/travel-slovenia-belokranjska-ovca.jpg\" \/>\n<meta name=\"twitter:label1\" content=\"Est. reading time\" \/>\n\t<meta name=\"twitter:data1\" content=\"2 minuti\" \/>\n<script type=\"application\/ld+json\" class=\"yoast-schema-graph\">{\"@context\":\"https:\/\/schema.org\",\"@graph\":[{\"@type\":\"WebPage\",\"@id\":\"https:\/\/www.travel-slovenia.si\/slo\/slovensko\/belokranjska-pramenka\/\",\"url\":\"https:\/\/www.travel-slovenia.si\/slo\/slovensko\/belokranjska-pramenka\/\",\"name\":\"Belokranjska pramenka : Travel-Slovenia\",\"isPartOf\":{\"@id\":\"https:\/\/www.travel-slovenia.si\/slo\/#website\"},\"primaryImageOfPage\":{\"@id\":\"https:\/\/www.travel-slovenia.si\/slo\/slovensko\/belokranjska-pramenka\/#primaryimage\"},\"image\":{\"@id\":\"https:\/\/www.travel-slovenia.si\/slo\/slovensko\/belokranjska-pramenka\/#primaryimage\"},\"thumbnailUrl\":\"https:\/\/www.travel-slovenia.si\/slo\/wp-content\/uploads\/2014\/08\/travel-slovenia-belokranjska-ovca-300x226.jpg\",\"datePublished\":\"2014-08-02T15:17:11+00:00\",\"dateModified\":\"2015-10-09T18:01:07+00:00\",\"description\":\"Belokranjska pramenka je ena izmed avtohtonih pasem ovac, namenjena reji jagnjet. Poimenovana je bila po regiji na jugovzhodu Slovenije.\",\"breadcrumb\":{\"@id\":\"https:\/\/www.travel-slovenia.si\/slo\/slovensko\/belokranjska-pramenka\/#breadcrumb\"},\"inLanguage\":\"sl-SI\",\"potentialAction\":[{\"@type\":\"ReadAction\",\"target\":[\"https:\/\/www.travel-slovenia.si\/slo\/slovensko\/belokranjska-pramenka\/\"]}]},{\"@type\":\"ImageObject\",\"inLanguage\":\"sl-SI\",\"@id\":\"https:\/\/www.travel-slovenia.si\/slo\/slovensko\/belokranjska-pramenka\/#primaryimage\",\"url\":\"https:\/\/www.travel-slovenia.si\/slo\/wp-content\/uploads\/2014\/08\/travel-slovenia-belokranjska-ovca.jpg\",\"contentUrl\":\"https:\/\/www.travel-slovenia.si\/slo\/wp-content\/uploads\/2014\/08\/travel-slovenia-belokranjska-ovca.jpg\",\"width\":600,\"height\":452,\"caption\":\"Samec Belokranjske ovce\"},{\"@type\":\"BreadcrumbList\",\"@id\":\"https:\/\/www.travel-slovenia.si\/slo\/slovensko\/belokranjska-pramenka\/#breadcrumb\",\"itemListElement\":[{\"@type\":\"ListItem\",\"position\":1,\"name\":\"Home\",\"item\":\"https:\/\/www.travel-slovenia.si\/slo\/\"},{\"@type\":\"ListItem\",\"position\":2,\"name\":\"SLOVENSKO\",\"item\":\"https:\/\/www.travel-slovenia.si\/slo\/slovensko\/\"},{\"@type\":\"ListItem\",\"position\":3,\"name\":\"Belokranjska pramenka\"}]},{\"@type\":\"WebSite\",\"@id\":\"https:\/\/www.travel-slovenia.si\/slo\/#website\",\"url\":\"https:\/\/www.travel-slovenia.si\/slo\/\",\"name\":\"Travel Slovenia - Sledite lepotam na\u0161e male dr\u017eavice\",\"description\":\"\",\"potentialAction\":[{\"@type\":\"SearchAction\",\"target\":{\"@type\":\"EntryPoint\",\"urlTemplate\":\"https:\/\/www.travel-slovenia.si\/slo\/?s={search_term_string}\"},\"query-input\":{\"@type\":\"PropertyValueSpecification\",\"valueRequired\":true,\"valueName\":\"search_term_string\"}}],\"inLanguage\":\"sl-SI\"}]}<\/script>\n<!-- \/ Yoast SEO plugin. -->","yoast_head_json":{"title":"Belokranjska pramenka : Travel-Slovenia","description":"Belokranjska pramenka je ena izmed avtohtonih pasem ovac, namenjena reji jagnjet. Poimenovana je bila po regiji na jugovzhodu Slovenije.","robots":{"index":"index","follow":"follow","max-snippet":"max-snippet:-1","max-image-preview":"max-image-preview:large","max-video-preview":"max-video-preview:-1"},"canonical":"https:\/\/www.travel-slovenia.si\/slo\/slovensko\/belokranjska-pramenka\/","og_locale":"sl_SI","og_type":"article","og_title":"Belokranjska pramenka : Travel-Slovenia","og_description":"Belokranjska pramenka je ena izmed avtohtonih pasem ovac, namenjena reji jagnjet. Poimenovana je bila po regiji na jugovzhodu Slovenije.","og_url":"https:\/\/www.travel-slovenia.si\/slo\/slovensko\/belokranjska-pramenka\/","og_site_name":"Travel Slovenia - Sledite lepotam na\u0161e male dr\u017eavice","article_modified_time":"2015-10-09T18:01:07+00:00","og_image":[{"width":600,"height":452,"url":"https:\/\/www.travel-slovenia.si\/slo\/wp-content\/uploads\/2014\/08\/travel-slovenia-belokranjska-ovca.jpg","type":"image\/jpeg"}],"twitter_card":"summary_large_image","twitter_title":"Belokranjska pramenka : Travel-Slovenia","twitter_description":"Belokranjska pramenka je ena izmed avtohtonih pasem ovac, namenjena reji jagnjet. Poimenovana je bila po regiji na jugovzhodu Slovenije.","twitter_image":"https:\/\/www.travel-slovenia.si\/slo\/wp-content\/uploads\/2014\/08\/travel-slovenia-belokranjska-ovca.jpg","twitter_misc":{"Est. reading time":"2 minuti"},"schema":{"@context":"https:\/\/schema.org","@graph":[{"@type":"WebPage","@id":"https:\/\/www.travel-slovenia.si\/slo\/slovensko\/belokranjska-pramenka\/","url":"https:\/\/www.travel-slovenia.si\/slo\/slovensko\/belokranjska-pramenka\/","name":"Belokranjska pramenka : Travel-Slovenia","isPartOf":{"@id":"https:\/\/www.travel-slovenia.si\/slo\/#website"},"primaryImageOfPage":{"@id":"https:\/\/www.travel-slovenia.si\/slo\/slovensko\/belokranjska-pramenka\/#primaryimage"},"image":{"@id":"https:\/\/www.travel-slovenia.si\/slo\/slovensko\/belokranjska-pramenka\/#primaryimage"},"thumbnailUrl":"https:\/\/www.travel-slovenia.si\/slo\/wp-content\/uploads\/2014\/08\/travel-slovenia-belokranjska-ovca-300x226.jpg","datePublished":"2014-08-02T15:17:11+00:00","dateModified":"2015-10-09T18:01:07+00:00","description":"Belokranjska pramenka je ena izmed avtohtonih pasem ovac, namenjena reji jagnjet. Poimenovana je bila po regiji na jugovzhodu Slovenije.","breadcrumb":{"@id":"https:\/\/www.travel-slovenia.si\/slo\/slovensko\/belokranjska-pramenka\/#breadcrumb"},"inLanguage":"sl-SI","potentialAction":[{"@type":"ReadAction","target":["https:\/\/www.travel-slovenia.si\/slo\/slovensko\/belokranjska-pramenka\/"]}]},{"@type":"ImageObject","inLanguage":"sl-SI","@id":"https:\/\/www.travel-slovenia.si\/slo\/slovensko\/belokranjska-pramenka\/#primaryimage","url":"https:\/\/www.travel-slovenia.si\/slo\/wp-content\/uploads\/2014\/08\/travel-slovenia-belokranjska-ovca.jpg","contentUrl":"https:\/\/www.travel-slovenia.si\/slo\/wp-content\/uploads\/2014\/08\/travel-slovenia-belokranjska-ovca.jpg","width":600,"height":452,"caption":"Samec Belokranjske ovce"},{"@type":"BreadcrumbList","@id":"https:\/\/www.travel-slovenia.si\/slo\/slovensko\/belokranjska-pramenka\/#breadcrumb","itemListElement":[{"@type":"ListItem","position":1,"name":"Home","item":"https:\/\/www.travel-slovenia.si\/slo\/"},{"@type":"ListItem","position":2,"name":"SLOVENSKO","item":"https:\/\/www.travel-slovenia.si\/slo\/slovensko\/"},{"@type":"ListItem","position":3,"name":"Belokranjska pramenka"}]},{"@type":"WebSite","@id":"https:\/\/www.travel-slovenia.si\/slo\/#website","url":"https:\/\/www.travel-slovenia.si\/slo\/","name":"Travel Slovenia - Sledite lepotam na\u0161e male dr\u017eavice","description":"","potentialAction":[{"@type":"SearchAction","target":{"@type":"EntryPoint","urlTemplate":"https:\/\/www.travel-slovenia.si\/slo\/?s={search_term_string}"},"query-input":{"@type":"PropertyValueSpecification","valueRequired":true,"valueName":"search_term_string"}}],"inLanguage":"sl-SI"}]}},"post_mailing_queue_ids":[],"_links":{"self":[{"href":"https:\/\/www.travel-slovenia.si\/slo\/wp-json\/wp\/v2\/pages\/1128","targetHints":{"allow":["GET"]}}],"collection":[{"href":"https:\/\/www.travel-slovenia.si\/slo\/wp-json\/wp\/v2\/pages"}],"about":[{"href":"https:\/\/www.travel-slovenia.si\/slo\/wp-json\/wp\/v2\/types\/page"}],"author":[{"embeddable":true,"href":"https:\/\/www.travel-slovenia.si\/slo\/wp-json\/wp\/v2\/users\/111"}],"replies":[{"embeddable":true,"href":"https:\/\/www.travel-slovenia.si\/slo\/wp-json\/wp\/v2\/comments?post=1128"}],"version-history":[{"count":8,"href":"https:\/\/www.travel-slovenia.si\/slo\/wp-json\/wp\/v2\/pages\/1128\/revisions"}],"predecessor-version":[{"id":4047,"href":"https:\/\/www.travel-slovenia.si\/slo\/wp-json\/wp\/v2\/pages\/1128\/revisions\/4047"}],"up":[{"embeddable":true,"href":"https:\/\/www.travel-slovenia.si\/slo\/wp-json\/wp\/v2\/pages\/10"}],"wp:attachment":[{"href":"https:\/\/www.travel-slovenia.si\/slo\/wp-json\/wp\/v2\/media?parent=1128"}],"curies":[{"name":"wp","href":"https:\/\/api.w.org\/{rel}","templated":true}]}}