{"id":1097,"date":"2014-08-02T11:44:19","date_gmt":"2014-08-02T11:44:19","guid":{"rendered":"https:\/\/www.travel-slovenia.si\/?page_id=1097"},"modified":"2015-10-09T17:45:47","modified_gmt":"2015-10-09T17:45:47","slug":"bovska-ovca","status":"publish","type":"page","link":"https:\/\/www.travel-slovenia.si\/slo\/slovensko\/bovska-ovca\/","title":{"rendered":"Bov\u0161ka ovca"},"content":{"rendered":"<figure id=\"attachment_3908\" class=\"wp-caption alignleft\" style=\"max-width: 300px\"><img loading=\"lazy\" decoding=\"async\" class=\"size-medium wp-image-3908\" src=\"https:\/\/www.travel-slovenia.si\/slo\/wp-content\/uploads\/2014\/08\/travel-slovenia-bovska-ovca1-300x225.jpg\" alt=\"\u010creda bov\u0161ke ovce\" width=\"300\" height=\"225\" srcset=\"https:\/\/www.travel-slovenia.si\/slo\/wp-content\/uploads\/2014\/08\/travel-slovenia-bovska-ovca1-300x225.jpg 300w, https:\/\/www.travel-slovenia.si\/slo\/wp-content\/uploads\/2014\/08\/travel-slovenia-bovska-ovca1-24x18.jpg 24w, https:\/\/www.travel-slovenia.si\/slo\/wp-content\/uploads\/2014\/08\/travel-slovenia-bovska-ovca1-36x27.jpg 36w, https:\/\/www.travel-slovenia.si\/slo\/wp-content\/uploads\/2014\/08\/travel-slovenia-bovska-ovca1-48x36.jpg 48w, https:\/\/www.travel-slovenia.si\/slo\/wp-content\/uploads\/2014\/08\/travel-slovenia-bovska-ovca1.jpg 600w\" sizes=\"auto, (max-width: 300px) 100vw, 300px\" \/><figcaption class=\"wp-caption-text\">\u010creda bov\u0161ke ovce<\/figcaption><\/figure>\n<p style=\"text-align: justify;\">Bov\u0161ko ovco so v Alpah gojili \u017ee od pradavnine. Z odbiranjem mladih \u017eivali so postopoma nastajale pasme prilagojene za dolo\u010dene namene. Tako so se razvile razli\u010dne pasme ovac, ene so dajale mleko, druge ve\u010d volne, nekatere pa veliko mesa.<\/p>\n<p style=\"text-align: justify;\">Na Bov\u0161kem je bila \u017eivinoreja \u017ee od nekdaj temelj njihovega obstoja in poleg goveda so gojili tudi drobnico. Po \u0161tetju leta 1910 je bilo na tem obmo\u010dju 1583 glav govedi, 3351 glav koz in 7533 glav ovac. Te \u0161tevilke nazorno prikazujejo, da je bila ov\u010djereja tu pred svetovno vojno temelj gospodarstva.<\/p>\n<p style=\"text-align: justify;\">Ovce so se v \u010dredah pasle pod alpskimi vrhovi, med vsemi pa je prevladovala doma\u010da pasma, to je Bov\u0161ka ovca. Ovca je srednje te\u017eka in zato primerna za pa\u0161o na strmih povr\u0161inah pod alpskimi vrhovi. Ima trdne kosti, na nogah pa krempljaste parklje (kot gams in kozorog), ki ji omogo\u010dajo la\u017eje gibanje po strmih in kamnitih povr\u0161inah. In ker na te\u017eje dosegljivih mestih raste najbolj so\u010dna gorska trava, je kakovost njenega mleka edinstvena, iz le \u2013 tega pa se pridobiva okusen bov\u0161ki sir.<\/p>\n<figure id=\"attachment_3907\" class=\"wp-caption alignright\" style=\"max-width: 300px\"><img loading=\"lazy\" decoding=\"async\" class=\"size-medium wp-image-3907\" src=\"https:\/\/www.travel-slovenia.si\/slo\/wp-content\/uploads\/2014\/08\/travel-slovenia-bovska-ovca-300x225.jpg\" alt=\"\u010crna in bela bov\u0161ka ovca\" width=\"300\" height=\"225\" srcset=\"https:\/\/www.travel-slovenia.si\/slo\/wp-content\/uploads\/2014\/08\/travel-slovenia-bovska-ovca-300x225.jpg 300w, https:\/\/www.travel-slovenia.si\/slo\/wp-content\/uploads\/2014\/08\/travel-slovenia-bovska-ovca-24x18.jpg 24w, https:\/\/www.travel-slovenia.si\/slo\/wp-content\/uploads\/2014\/08\/travel-slovenia-bovska-ovca-36x27.jpg 36w, https:\/\/www.travel-slovenia.si\/slo\/wp-content\/uploads\/2014\/08\/travel-slovenia-bovska-ovca-48x36.jpg 48w, https:\/\/www.travel-slovenia.si\/slo\/wp-content\/uploads\/2014\/08\/travel-slovenia-bovska-ovca.jpg 600w\" sizes=\"auto, (max-width: 300px) 100vw, 300px\" \/><figcaption class=\"wp-caption-text\">\u010crna in bela bov\u0161ka ovca<\/figcaption><\/figure>\n<p style=\"text-align: justify;\">Danes se ovce pasejo v \u010dredah od 5 \u2013 10 ovac, nad gozdno mejo Kanina, Mangarta, Krna in drugih bov\u0161kih vrhov. Gre za podro\u010dja, katera niso primerna za pa\u0161o krav. Ovce se stri\u017ee dvakrat letno, ve\u010dinoma je volna bele barve. Volno so v\u010dasih pre\u010distili in predli doma, iz nje pa pletli doma\u010de volnene izdelke.<\/p>\n<p style=\"text-align: justify;\">Po prvi svetovni vojni je bila Bov\u0161ka ovca resno ogro\u017eena zaradi bojev na obmo\u010dju Kobarida in Bovca, a je pasma uspela pre\u017eiveti in se je po koncu vojne okrepila. Tudi druga svetovna vojna ni bila prizanesljiva za to pasmo, saj je jugoslovanski re\u017eim s svojo velesrbsko politiko prikrito naro\u010dil uni\u010denje avtohtonih pasem, trt in sadnih vrst, z namenom na tem podro\u010dju izbrisati zgodovinsko in kulturno identiteto Slovencev. \u017drtev tega namernega uni\u010devanja je bila tudi bov\u0161ka ovca, v 60-ih letih so v Ljubljani \u201dizgubili\u201d njen arhiv, v 80-ih letih pa so povsem blokirali prodajo njenih jagnjet. Tako je bila avtohtona pasma tik pred izumrtjem.<\/p>\n<figure id=\"attachment_3909\" class=\"wp-caption alignleft\" style=\"max-width: 300px\"><a href=\"https:\/\/www.travel-slovenia.si\/slo\/wp-content\/uploads\/2014\/08\/travel-slovenia-bovska-ovca-obmocje.jpg\"><img loading=\"lazy\" decoding=\"async\" class=\"size-medium wp-image-3909\" src=\"https:\/\/www.travel-slovenia.si\/slo\/wp-content\/uploads\/2014\/08\/travel-slovenia-bovska-ovca-obmocje-300x206.jpg\" alt=\"Obmo\u010dje bov\u0161ke ovce\" width=\"300\" height=\"206\" srcset=\"https:\/\/www.travel-slovenia.si\/slo\/wp-content\/uploads\/2014\/08\/travel-slovenia-bovska-ovca-obmocje-300x206.jpg 300w, https:\/\/www.travel-slovenia.si\/slo\/wp-content\/uploads\/2014\/08\/travel-slovenia-bovska-ovca-obmocje-24x16.jpg 24w, https:\/\/www.travel-slovenia.si\/slo\/wp-content\/uploads\/2014\/08\/travel-slovenia-bovska-ovca-obmocje-36x25.jpg 36w, https:\/\/www.travel-slovenia.si\/slo\/wp-content\/uploads\/2014\/08\/travel-slovenia-bovska-ovca-obmocje-48x33.jpg 48w, https:\/\/www.travel-slovenia.si\/slo\/wp-content\/uploads\/2014\/08\/travel-slovenia-bovska-ovca-obmocje.jpg 600w\" sizes=\"auto, (max-width: 300px) 100vw, 300px\" \/><\/a><figcaption class=\"wp-caption-text\">Obmo\u010dje bov\u0161ke ovce<\/figcaption><\/figure>\n<p style=\"text-align: justify;\">\u010ce ne bi pri\u0161lo do razpada Jugoslavije, bi se to vsekakor zgodilo. S pomo\u010djo nekaterih doma\u010dinov je pasma na bov\u0161kem le uspela pre\u017eiveti in bila tako v 90-ih letih vnesena v gensko banko avtohtonih slovenskih pasem. Po tem je bilo ustanovljeno tudi posebno dru\u0161tvo, ki skrbi za njen obstoj in razvoj.<\/p>\n<p style=\"text-align: justify;\">S tem je bov\u0161ka ovca postala simbol ne samo Bov\u0161ke, ampak tudi simbol prastare reje mle\u010dnih ovac v Alpah.<\/p>\n<h3>ZNA\u010cILNOSTI PASME<\/h3>\n<p style=\"text-align: justify;\">Bov\u0161ka ovca je srednje te\u017eka, tehta od 40 do 50 kilogramov, ko\u0161trun pa od 50 do 60 kilogramov. Ovca je visoka okoli 60 cm, ko\u0161truni so\u00a0 malce ve\u010dji, in sicer do 65 cm. Ve\u010dina ovac je bele barve, najdemo pa lahko tudi temnorjave, \u010drne ali lisaste, njihova volna je groba, zaradi \u010desar daje ve\u010d mleka. So pohlevnega zna\u010daja, s prijaznim videzom in rade se dru\u017eijo v trope.<\/p>\n","protected":false},"excerpt":{"rendered":"<p>Bov\u0161ko ovco so v Alpah gojili \u017ee od pradavnine. Z odbiranjem mladih \u017eivali so postopoma nastajale pasme prilagojene za dolo\u010dene namene. Tako so se razvile razli\u010dne pasme ovac, ene so dajale mleko, druge ve\u010d volne, nekatere pa veliko mesa. Na Bov\u0161kem je bila \u017eivinoreja \u017ee od nekdaj temelj njihovega obstoja in poleg goveda so gojili [&hellip;]<\/p>\n","protected":false},"author":111,"featured_media":0,"parent":10,"menu_order":0,"comment_status":"closed","ping_status":"closed","template":"","meta":{"footnotes":""},"class_list":["post-1097","page","type-page","status-publish","hentry"],"yoast_head":"<!-- This site is optimized with the Yoast SEO plugin v25.4 - https:\/\/yoast.com\/wordpress\/plugins\/seo\/ -->\n<title>Bov\u0161ka ovca : Travel-Slovenia<\/title>\n<meta name=\"description\" content=\"Bov\u0161ko ovco so v Alpah gojili \u017ee od pradavnine. Z odbiranjem mladih \u017eivali so postopoma nastajale pasme prilagojene za dolo\u010dene namene.\" \/>\n<meta name=\"robots\" content=\"index, follow, max-snippet:-1, max-image-preview:large, max-video-preview:-1\" \/>\n<link rel=\"canonical\" href=\"https:\/\/www.travel-slovenia.si\/slo\/slovensko\/bovska-ovca\/\" \/>\n<meta property=\"og:locale\" content=\"sl_SI\" \/>\n<meta property=\"og:type\" content=\"article\" \/>\n<meta property=\"og:title\" content=\"Bov\u0161ka ovca : Travel-Slovenia\" \/>\n<meta property=\"og:description\" content=\"Bov\u0161ko ovco so v Alpah gojili \u017ee od pradavnine. Z odbiranjem mladih \u017eivali so postopoma nastajale pasme prilagojene za dolo\u010dene namene.\" \/>\n<meta property=\"og:url\" content=\"https:\/\/www.travel-slovenia.si\/slo\/slovensko\/bovska-ovca\/\" \/>\n<meta property=\"og:site_name\" content=\"Travel Slovenia - Sledite lepotam na\u0161e male dr\u017eavice\" \/>\n<meta property=\"article:modified_time\" content=\"2015-10-09T17:45:47+00:00\" \/>\n<meta property=\"og:image\" content=\"https:\/\/www.travel-slovenia.si\/slo\/wp-content\/uploads\/2014\/08\/travel-slovenia-bovska-ovca.jpg\" \/>\n\t<meta property=\"og:image:width\" content=\"600\" \/>\n\t<meta property=\"og:image:height\" content=\"450\" \/>\n\t<meta property=\"og:image:type\" content=\"image\/jpeg\" \/>\n<meta name=\"twitter:card\" content=\"summary_large_image\" \/>\n<meta name=\"twitter:title\" content=\"Bov\u0161ka ovca : Travel-Slovenia\" \/>\n<meta name=\"twitter:description\" content=\"Bov\u0161ko ovco so v Alpah gojili \u017ee od pradavnine. Z odbiranjem mladih \u017eivali so postopoma nastajale pasme prilagojene za dolo\u010dene namene.\" \/>\n<meta name=\"twitter:image\" content=\"https:\/\/www.travel-slovenia.si\/slo\/wp-content\/uploads\/2014\/08\/travel-slovenia-bovska-ovca.jpg\" \/>\n<meta name=\"twitter:label1\" content=\"Est. reading time\" \/>\n\t<meta name=\"twitter:data1\" content=\"3 minute\" \/>\n<script type=\"application\/ld+json\" class=\"yoast-schema-graph\">{\"@context\":\"https:\/\/schema.org\",\"@graph\":[{\"@type\":\"WebPage\",\"@id\":\"https:\/\/www.travel-slovenia.si\/slo\/slovensko\/bovska-ovca\/\",\"url\":\"https:\/\/www.travel-slovenia.si\/slo\/slovensko\/bovska-ovca\/\",\"name\":\"Bov\u0161ka ovca : Travel-Slovenia\",\"isPartOf\":{\"@id\":\"https:\/\/www.travel-slovenia.si\/slo\/#website\"},\"primaryImageOfPage\":{\"@id\":\"https:\/\/www.travel-slovenia.si\/slo\/slovensko\/bovska-ovca\/#primaryimage\"},\"image\":{\"@id\":\"https:\/\/www.travel-slovenia.si\/slo\/slovensko\/bovska-ovca\/#primaryimage\"},\"thumbnailUrl\":\"https:\/\/www.travel-slovenia.si\/slo\/wp-content\/uploads\/2014\/08\/travel-slovenia-bovska-ovca1-300x225.jpg\",\"datePublished\":\"2014-08-02T11:44:19+00:00\",\"dateModified\":\"2015-10-09T17:45:47+00:00\",\"description\":\"Bov\u0161ko ovco so v Alpah gojili \u017ee od pradavnine. Z odbiranjem mladih \u017eivali so postopoma nastajale pasme prilagojene za dolo\u010dene namene.\",\"breadcrumb\":{\"@id\":\"https:\/\/www.travel-slovenia.si\/slo\/slovensko\/bovska-ovca\/#breadcrumb\"},\"inLanguage\":\"sl-SI\",\"potentialAction\":[{\"@type\":\"ReadAction\",\"target\":[\"https:\/\/www.travel-slovenia.si\/slo\/slovensko\/bovska-ovca\/\"]}]},{\"@type\":\"ImageObject\",\"inLanguage\":\"sl-SI\",\"@id\":\"https:\/\/www.travel-slovenia.si\/slo\/slovensko\/bovska-ovca\/#primaryimage\",\"url\":\"https:\/\/www.travel-slovenia.si\/slo\/wp-content\/uploads\/2014\/08\/travel-slovenia-bovska-ovca1.jpg\",\"contentUrl\":\"https:\/\/www.travel-slovenia.si\/slo\/wp-content\/uploads\/2014\/08\/travel-slovenia-bovska-ovca1.jpg\",\"width\":600,\"height\":450,\"caption\":\"\u010creda bov\u0161ke ovce\"},{\"@type\":\"BreadcrumbList\",\"@id\":\"https:\/\/www.travel-slovenia.si\/slo\/slovensko\/bovska-ovca\/#breadcrumb\",\"itemListElement\":[{\"@type\":\"ListItem\",\"position\":1,\"name\":\"Home\",\"item\":\"https:\/\/www.travel-slovenia.si\/slo\/\"},{\"@type\":\"ListItem\",\"position\":2,\"name\":\"SLOVENSKO\",\"item\":\"https:\/\/www.travel-slovenia.si\/slo\/slovensko\/\"},{\"@type\":\"ListItem\",\"position\":3,\"name\":\"Bov\u0161ka ovca\"}]},{\"@type\":\"WebSite\",\"@id\":\"https:\/\/www.travel-slovenia.si\/slo\/#website\",\"url\":\"https:\/\/www.travel-slovenia.si\/slo\/\",\"name\":\"Travel Slovenia - Sledite lepotam na\u0161e male dr\u017eavice\",\"description\":\"\",\"potentialAction\":[{\"@type\":\"SearchAction\",\"target\":{\"@type\":\"EntryPoint\",\"urlTemplate\":\"https:\/\/www.travel-slovenia.si\/slo\/?s={search_term_string}\"},\"query-input\":{\"@type\":\"PropertyValueSpecification\",\"valueRequired\":true,\"valueName\":\"search_term_string\"}}],\"inLanguage\":\"sl-SI\"}]}<\/script>\n<!-- \/ Yoast SEO plugin. -->","yoast_head_json":{"title":"Bov\u0161ka ovca : Travel-Slovenia","description":"Bov\u0161ko ovco so v Alpah gojili \u017ee od pradavnine. Z odbiranjem mladih \u017eivali so postopoma nastajale pasme prilagojene za dolo\u010dene namene.","robots":{"index":"index","follow":"follow","max-snippet":"max-snippet:-1","max-image-preview":"max-image-preview:large","max-video-preview":"max-video-preview:-1"},"canonical":"https:\/\/www.travel-slovenia.si\/slo\/slovensko\/bovska-ovca\/","og_locale":"sl_SI","og_type":"article","og_title":"Bov\u0161ka ovca : Travel-Slovenia","og_description":"Bov\u0161ko ovco so v Alpah gojili \u017ee od pradavnine. Z odbiranjem mladih \u017eivali so postopoma nastajale pasme prilagojene za dolo\u010dene namene.","og_url":"https:\/\/www.travel-slovenia.si\/slo\/slovensko\/bovska-ovca\/","og_site_name":"Travel Slovenia - Sledite lepotam na\u0161e male dr\u017eavice","article_modified_time":"2015-10-09T17:45:47+00:00","og_image":[{"width":600,"height":450,"url":"https:\/\/www.travel-slovenia.si\/slo\/wp-content\/uploads\/2014\/08\/travel-slovenia-bovska-ovca.jpg","type":"image\/jpeg"}],"twitter_card":"summary_large_image","twitter_title":"Bov\u0161ka ovca : Travel-Slovenia","twitter_description":"Bov\u0161ko ovco so v Alpah gojili \u017ee od pradavnine. Z odbiranjem mladih \u017eivali so postopoma nastajale pasme prilagojene za dolo\u010dene namene.","twitter_image":"https:\/\/www.travel-slovenia.si\/slo\/wp-content\/uploads\/2014\/08\/travel-slovenia-bovska-ovca.jpg","twitter_misc":{"Est. reading time":"3 minute"},"schema":{"@context":"https:\/\/schema.org","@graph":[{"@type":"WebPage","@id":"https:\/\/www.travel-slovenia.si\/slo\/slovensko\/bovska-ovca\/","url":"https:\/\/www.travel-slovenia.si\/slo\/slovensko\/bovska-ovca\/","name":"Bov\u0161ka ovca : Travel-Slovenia","isPartOf":{"@id":"https:\/\/www.travel-slovenia.si\/slo\/#website"},"primaryImageOfPage":{"@id":"https:\/\/www.travel-slovenia.si\/slo\/slovensko\/bovska-ovca\/#primaryimage"},"image":{"@id":"https:\/\/www.travel-slovenia.si\/slo\/slovensko\/bovska-ovca\/#primaryimage"},"thumbnailUrl":"https:\/\/www.travel-slovenia.si\/slo\/wp-content\/uploads\/2014\/08\/travel-slovenia-bovska-ovca1-300x225.jpg","datePublished":"2014-08-02T11:44:19+00:00","dateModified":"2015-10-09T17:45:47+00:00","description":"Bov\u0161ko ovco so v Alpah gojili \u017ee od pradavnine. Z odbiranjem mladih \u017eivali so postopoma nastajale pasme prilagojene za dolo\u010dene namene.","breadcrumb":{"@id":"https:\/\/www.travel-slovenia.si\/slo\/slovensko\/bovska-ovca\/#breadcrumb"},"inLanguage":"sl-SI","potentialAction":[{"@type":"ReadAction","target":["https:\/\/www.travel-slovenia.si\/slo\/slovensko\/bovska-ovca\/"]}]},{"@type":"ImageObject","inLanguage":"sl-SI","@id":"https:\/\/www.travel-slovenia.si\/slo\/slovensko\/bovska-ovca\/#primaryimage","url":"https:\/\/www.travel-slovenia.si\/slo\/wp-content\/uploads\/2014\/08\/travel-slovenia-bovska-ovca1.jpg","contentUrl":"https:\/\/www.travel-slovenia.si\/slo\/wp-content\/uploads\/2014\/08\/travel-slovenia-bovska-ovca1.jpg","width":600,"height":450,"caption":"\u010creda bov\u0161ke ovce"},{"@type":"BreadcrumbList","@id":"https:\/\/www.travel-slovenia.si\/slo\/slovensko\/bovska-ovca\/#breadcrumb","itemListElement":[{"@type":"ListItem","position":1,"name":"Home","item":"https:\/\/www.travel-slovenia.si\/slo\/"},{"@type":"ListItem","position":2,"name":"SLOVENSKO","item":"https:\/\/www.travel-slovenia.si\/slo\/slovensko\/"},{"@type":"ListItem","position":3,"name":"Bov\u0161ka ovca"}]},{"@type":"WebSite","@id":"https:\/\/www.travel-slovenia.si\/slo\/#website","url":"https:\/\/www.travel-slovenia.si\/slo\/","name":"Travel Slovenia - Sledite lepotam na\u0161e male dr\u017eavice","description":"","potentialAction":[{"@type":"SearchAction","target":{"@type":"EntryPoint","urlTemplate":"https:\/\/www.travel-slovenia.si\/slo\/?s={search_term_string}"},"query-input":{"@type":"PropertyValueSpecification","valueRequired":true,"valueName":"search_term_string"}}],"inLanguage":"sl-SI"}]}},"post_mailing_queue_ids":[],"_links":{"self":[{"href":"https:\/\/www.travel-slovenia.si\/slo\/wp-json\/wp\/v2\/pages\/1097","targetHints":{"allow":["GET"]}}],"collection":[{"href":"https:\/\/www.travel-slovenia.si\/slo\/wp-json\/wp\/v2\/pages"}],"about":[{"href":"https:\/\/www.travel-slovenia.si\/slo\/wp-json\/wp\/v2\/types\/page"}],"author":[{"embeddable":true,"href":"https:\/\/www.travel-slovenia.si\/slo\/wp-json\/wp\/v2\/users\/111"}],"replies":[{"embeddable":true,"href":"https:\/\/www.travel-slovenia.si\/slo\/wp-json\/wp\/v2\/comments?post=1097"}],"version-history":[{"count":13,"href":"https:\/\/www.travel-slovenia.si\/slo\/wp-json\/wp\/v2\/pages\/1097\/revisions"}],"predecessor-version":[{"id":4046,"href":"https:\/\/www.travel-slovenia.si\/slo\/wp-json\/wp\/v2\/pages\/1097\/revisions\/4046"}],"up":[{"embeddable":true,"href":"https:\/\/www.travel-slovenia.si\/slo\/wp-json\/wp\/v2\/pages\/10"}],"wp:attachment":[{"href":"https:\/\/www.travel-slovenia.si\/slo\/wp-json\/wp\/v2\/media?parent=1097"}],"curies":[{"name":"wp","href":"https:\/\/api.w.org\/{rel}","templated":true}]}}