{"id":1096,"date":"2014-08-02T11:47:34","date_gmt":"2014-08-02T11:47:34","guid":{"rendered":"https:\/\/www.travel-slovenia.si\/?page_id=1096"},"modified":"2015-10-04T16:59:58","modified_gmt":"2015-10-04T16:59:58","slug":"ovce-in-koza","status":"publish","type":"page","link":"https:\/\/www.travel-slovenia.si\/slo\/slovensko\/ovce-in-koza\/","title":{"rendered":"Ovce in koza"},"content":{"rendered":"<p style=\"text-align: justify;\"><strong><em><img loading=\"lazy\" decoding=\"async\" class=\"alignleft size-full wp-image-3912\" src=\"https:\/\/www.travel-slovenia.si\/slo\/wp-content\/uploads\/2014\/08\/travel-slovenia-bovska-ovca-view.jpg\" alt=\"travel-slovenia-bovska-ovca-view\" width=\"150\" height=\"150\" srcset=\"https:\/\/www.travel-slovenia.si\/slo\/wp-content\/uploads\/2014\/08\/travel-slovenia-bovska-ovca-view.jpg 150w, https:\/\/www.travel-slovenia.si\/slo\/wp-content\/uploads\/2014\/08\/travel-slovenia-bovska-ovca-view-83x83.jpg 83w, https:\/\/www.travel-slovenia.si\/slo\/wp-content\/uploads\/2014\/08\/travel-slovenia-bovska-ovca-view-55x55.jpg 55w, https:\/\/www.travel-slovenia.si\/slo\/wp-content\/uploads\/2014\/08\/travel-slovenia-bovska-ovca-view-24x24.jpg 24w, https:\/\/www.travel-slovenia.si\/slo\/wp-content\/uploads\/2014\/08\/travel-slovenia-bovska-ovca-view-36x36.jpg 36w, https:\/\/www.travel-slovenia.si\/slo\/wp-content\/uploads\/2014\/08\/travel-slovenia-bovska-ovca-view-48x48.jpg 48w\" sizes=\"auto, (max-width: 150px) 100vw, 150px\" \/>Bov\u0161ka ovca<\/em><\/strong><br \/>\nBov\u0161ko ovco so v Alpah gojili \u017ee od pradavnine. Z odbiranjem mladih \u017eivali so postopoma nastajale pasme prilagojene za dolo\u010dene namene. Tako so se razvile razli\u010dne pasme ovac, ene so dajale mleko, druge ve\u010d volne, nekatere pa veliko mesa. Danes se ovce pasejo v \u010dredah od 5 \u2013 10 ovac.\u00a0[<a title=\"travel-slovenia-bovec-sheep\" href=\"https:\/\/www.travel-slovenia.si\/slo\/slovensko\/bovska-ovca\/\">_Preberite ve\u010d_<\/a>]\n<p style=\"text-align: justify;\"><em><strong><img loading=\"lazy\" decoding=\"async\" class=\"alignleft size-full wp-image-4000\" src=\"https:\/\/www.travel-slovenia.si\/slo\/wp-content\/uploads\/2014\/08\/travel-sloveina-istrska-pramenka-view.jpg\" alt=\"travel-sloveina-istrska-pramenka-view\" width=\"150\" height=\"150\" srcset=\"https:\/\/www.travel-slovenia.si\/slo\/wp-content\/uploads\/2014\/08\/travel-sloveina-istrska-pramenka-view.jpg 150w, https:\/\/www.travel-slovenia.si\/slo\/wp-content\/uploads\/2014\/08\/travel-sloveina-istrska-pramenka-view-83x83.jpg 83w, https:\/\/www.travel-slovenia.si\/slo\/wp-content\/uploads\/2014\/08\/travel-sloveina-istrska-pramenka-view-55x55.jpg 55w, https:\/\/www.travel-slovenia.si\/slo\/wp-content\/uploads\/2014\/08\/travel-sloveina-istrska-pramenka-view-24x24.jpg 24w, https:\/\/www.travel-slovenia.si\/slo\/wp-content\/uploads\/2014\/08\/travel-sloveina-istrska-pramenka-view-36x36.jpg 36w, https:\/\/www.travel-slovenia.si\/slo\/wp-content\/uploads\/2014\/08\/travel-sloveina-istrska-pramenka-view-48x48.jpg 48w\" sizes=\"auto, (max-width: 150px) 100vw, 150px\" \/>Istrska pramenka ali\u00a0Istrianka<\/strong><\/em><br \/>\nIz zgodovinskih virov lahko razberemo, da je bilo gojenje ovac na Krasu \u017ee od nekdaj zelo razvito. Rejci so tako dobili mleko in meso in so ju potem predelovali v razli\u010dne prehrambene izdelke. Poleti so se ovce pasle na Sne\u017eniku in v njegovi okolici, jeseni na podro\u010dju Vem\u0161\u010dice, pozimi pa v Istri in Furlaniji. [<a href=\"https:\/\/www.travel-slovenia.si\/slo\/slovensko\/istrska-pramenka\/\">_Preberite ve\u010d_<\/a>]\n<p style=\"text-align: justify;\"><em><strong><img loading=\"lazy\" decoding=\"async\" class=\"alignleft size-full wp-image-3918\" src=\"https:\/\/www.travel-slovenia.si\/slo\/wp-content\/uploads\/2014\/08\/travel-slovenia-belokranjska-ovca-view.jpg\" alt=\"travel-slovenia-belokranjska-ovca-view\" width=\"150\" height=\"150\" srcset=\"https:\/\/www.travel-slovenia.si\/slo\/wp-content\/uploads\/2014\/08\/travel-slovenia-belokranjska-ovca-view.jpg 150w, https:\/\/www.travel-slovenia.si\/slo\/wp-content\/uploads\/2014\/08\/travel-slovenia-belokranjska-ovca-view-83x83.jpg 83w, https:\/\/www.travel-slovenia.si\/slo\/wp-content\/uploads\/2014\/08\/travel-slovenia-belokranjska-ovca-view-55x55.jpg 55w, https:\/\/www.travel-slovenia.si\/slo\/wp-content\/uploads\/2014\/08\/travel-slovenia-belokranjska-ovca-view-24x24.jpg 24w, https:\/\/www.travel-slovenia.si\/slo\/wp-content\/uploads\/2014\/08\/travel-slovenia-belokranjska-ovca-view-36x36.jpg 36w, https:\/\/www.travel-slovenia.si\/slo\/wp-content\/uploads\/2014\/08\/travel-slovenia-belokranjska-ovca-view-48x48.jpg 48w\" sizes=\"auto, (max-width: 150px) 100vw, 150px\" \/>Belokranjska\u00a0pramenka<\/strong><\/em><br \/>\nBelokranjska pramenka je ena izmed avtohtonih pasem ovac, namenjena reji jagnjet. Poimenovana je bila po regiji na jugovzhodu Slovenije. Neko\u010d so jo gojili na obeh straneh reke Kolpe, \u0161e posebej v gorskih in kra\u0161kih obmo\u010djih Bele Krajine, kjer so pogoji za kmetovanje \u0161e danes zelo slabi. [<a href=\"https:\/\/www.travel-slovenia.si\/slo\/slovensko\/belokranjska-pramenka\/\">_Preberite ve\u010d_<\/a>]\n<p style=\"text-align: justify;\"><em><strong><img loading=\"lazy\" decoding=\"async\" class=\"alignleft size-full wp-image-3923\" src=\"https:\/\/www.travel-slovenia.si\/slo\/wp-content\/uploads\/2014\/08\/travel-slovenia-jezersko-solcavska-ovca-view.jpg\" alt=\"travel-slovenia-jezersko-solcavska -ovca-view\" width=\"150\" height=\"150\" srcset=\"https:\/\/www.travel-slovenia.si\/slo\/wp-content\/uploads\/2014\/08\/travel-slovenia-jezersko-solcavska-ovca-view.jpg 150w, https:\/\/www.travel-slovenia.si\/slo\/wp-content\/uploads\/2014\/08\/travel-slovenia-jezersko-solcavska-ovca-view-83x83.jpg 83w, https:\/\/www.travel-slovenia.si\/slo\/wp-content\/uploads\/2014\/08\/travel-slovenia-jezersko-solcavska-ovca-view-55x55.jpg 55w, https:\/\/www.travel-slovenia.si\/slo\/wp-content\/uploads\/2014\/08\/travel-slovenia-jezersko-solcavska-ovca-view-24x24.jpg 24w, https:\/\/www.travel-slovenia.si\/slo\/wp-content\/uploads\/2014\/08\/travel-slovenia-jezersko-solcavska-ovca-view-36x36.jpg 36w, https:\/\/www.travel-slovenia.si\/slo\/wp-content\/uploads\/2014\/08\/travel-slovenia-jezersko-solcavska-ovca-view-48x48.jpg 48w\" sizes=\"auto, (max-width: 150px) 100vw, 150px\" \/>Plemenita jezersko-sol\u010davska ovca<\/strong><\/em><br \/>\nPlemenita jezersko-sol\u010davska ovca je edina slovenska tradicionalna pasma ovce in je med vsemi pasmami najbolj \u0161tevil\u010dna v Sloveniji. To pasmo vzrejajo za meso, volna pa je stranski produkt, ki postaja vedno bolj cenjen. Njena populacija je ocenjena na okoli 60.000 ovac. [<a title=\"travel-slovenia-lake-solcava-sheep\" href=\"https:\/\/www.travel-slovenia.si\/slo\/slovensko\/plemenita-jezersko-solcavska-ovca\/\">_Preberite ve\u010d_<\/a>]\n<p style=\"text-align: justify;\"><em><strong><img loading=\"lazy\" decoding=\"async\" class=\"alignleft size-full wp-image-3928\" src=\"https:\/\/www.travel-slovenia.si\/slo\/wp-content\/uploads\/2014\/08\/travel-slovenia-drezniska-koza-view.jpg\" alt=\"travel-slovenia-drezniska-koza-view\" width=\"150\" height=\"150\" srcset=\"https:\/\/www.travel-slovenia.si\/slo\/wp-content\/uploads\/2014\/08\/travel-slovenia-drezniska-koza-view.jpg 150w, https:\/\/www.travel-slovenia.si\/slo\/wp-content\/uploads\/2014\/08\/travel-slovenia-drezniska-koza-view-83x83.jpg 83w, https:\/\/www.travel-slovenia.si\/slo\/wp-content\/uploads\/2014\/08\/travel-slovenia-drezniska-koza-view-55x55.jpg 55w, https:\/\/www.travel-slovenia.si\/slo\/wp-content\/uploads\/2014\/08\/travel-slovenia-drezniska-koza-view-24x24.jpg 24w, https:\/\/www.travel-slovenia.si\/slo\/wp-content\/uploads\/2014\/08\/travel-slovenia-drezniska-koza-view-36x36.jpg 36w, https:\/\/www.travel-slovenia.si\/slo\/wp-content\/uploads\/2014\/08\/travel-slovenia-drezniska-koza-view-48x48.jpg 48w\" sizes=\"auto, (max-width: 150px) 100vw, 150px\" \/>Dre\u017eni\u0161ka koza<\/strong><\/em><br \/>\nDre\u017eni\u0161ka koza je slovenska avtohtona pasma, ki je najbolj zna\u010dilna za obmo\u010dje Dre\u017enice. Pasma je bila uradno priznana leta 2000. Ta pasma koze je ve\u010dinoma rogata. Najbolj pogosta je \u010drna dre\u017eni\u0161ka koza, obstajajo pa tudi v ve\u010d drugih barvah, poznamo \u0161e sivo-\u010drne, \u010drno-rjave in lisaste.\u00a0[<a href=\"https:\/\/www.travel-slovenia.si\/slo\/slovensko\/drezniska-koza\/\">_Preberite ve\u010d_<\/a>]\n","protected":false},"excerpt":{"rendered":"<p>Bov\u0161ka ovca Bov\u0161ko ovco so v Alpah gojili \u017ee od pradavnine. Z odbiranjem mladih \u017eivali so postopoma nastajale pasme prilagojene za dolo\u010dene namene. Tako so se razvile razli\u010dne pasme ovac, ene so dajale mleko, druge ve\u010d volne, nekatere pa veliko mesa. Danes se ovce pasejo v \u010dredah od 5 \u2013 10 ovac.\u00a0[_Preberite ve\u010d_] Istrska pramenka [&hellip;]<\/p>\n","protected":false},"author":111,"featured_media":0,"parent":10,"menu_order":0,"comment_status":"closed","ping_status":"closed","template":"","meta":{"footnotes":""},"class_list":["post-1096","page","type-page","status-publish","hentry"],"yoast_head":"<!-- This site is optimized with the Yoast SEO plugin v25.4 - https:\/\/yoast.com\/wordpress\/plugins\/seo\/ -->\n<title>Ovce in koza : Travel-Slovenia<\/title>\n<meta name=\"description\" content=\"Slovenske avtohtone pasme ovac in koze so: Bov\u0161ka ovca, Istrska pramenka, Belokranjska pramenka, Jezersko-Sol\u010davska ovca in Dre\u017eni\u0161ka koza.\" \/>\n<meta name=\"robots\" content=\"index, follow, max-snippet:-1, max-image-preview:large, max-video-preview:-1\" \/>\n<link rel=\"canonical\" href=\"https:\/\/www.travel-slovenia.si\/slo\/slovensko\/ovce-in-koza\/\" \/>\n<meta property=\"og:locale\" content=\"sl_SI\" \/>\n<meta property=\"og:type\" content=\"article\" \/>\n<meta property=\"og:title\" content=\"Ovce in koza : Travel-Slovenia\" \/>\n<meta property=\"og:description\" content=\"Slovenske avtohtone pasme ovac in koze so: Bov\u0161ka ovca, Istrska pramenka, Belokranjska pramenka, Jezersko-Sol\u010davska ovca in Dre\u017eni\u0161ka koza.\" \/>\n<meta property=\"og:url\" content=\"https:\/\/www.travel-slovenia.si\/slo\/slovensko\/ovce-in-koza\/\" \/>\n<meta property=\"og:site_name\" content=\"Travel Slovenia - Sledite lepotam na\u0161e male dr\u017eavice\" \/>\n<meta property=\"article:modified_time\" content=\"2015-10-04T16:59:58+00:00\" \/>\n<meta property=\"og:image\" content=\"https:\/\/www.travel-slovenia.si\/slo\/wp-content\/uploads\/2014\/08\/travel-slovenia-bovska-ovca1.jpg\" \/>\n\t<meta property=\"og:image:width\" content=\"600\" \/>\n\t<meta property=\"og:image:height\" content=\"450\" \/>\n\t<meta property=\"og:image:type\" content=\"image\/jpeg\" \/>\n<meta name=\"twitter:card\" content=\"summary_large_image\" \/>\n<meta name=\"twitter:title\" content=\"Ovce in koza : Travel-Slovenia\" \/>\n<meta name=\"twitter:description\" content=\"Slovenske avtohtone pasme ovac in koze so: Bov\u0161ka ovca, Istrska pramenka, Belokranjska pramenka, Jezersko-Sol\u010davska ovca in Dre\u017eni\u0161ka koza.\" \/>\n<meta name=\"twitter:image\" content=\"https:\/\/www.travel-slovenia.si\/slo\/wp-content\/uploads\/2014\/08\/travel-slovenia-bovska-ovca1.jpg\" \/>\n<meta name=\"twitter:label1\" content=\"Est. reading time\" \/>\n\t<meta name=\"twitter:data1\" content=\"1 minuta\" \/>\n<script type=\"application\/ld+json\" class=\"yoast-schema-graph\">{\"@context\":\"https:\/\/schema.org\",\"@graph\":[{\"@type\":\"WebPage\",\"@id\":\"https:\/\/www.travel-slovenia.si\/slo\/slovensko\/ovce-in-koza\/\",\"url\":\"https:\/\/www.travel-slovenia.si\/slo\/slovensko\/ovce-in-koza\/\",\"name\":\"Ovce in koza : Travel-Slovenia\",\"isPartOf\":{\"@id\":\"https:\/\/www.travel-slovenia.si\/slo\/#website\"},\"primaryImageOfPage\":{\"@id\":\"https:\/\/www.travel-slovenia.si\/slo\/slovensko\/ovce-in-koza\/#primaryimage\"},\"image\":{\"@id\":\"https:\/\/www.travel-slovenia.si\/slo\/slovensko\/ovce-in-koza\/#primaryimage\"},\"thumbnailUrl\":\"https:\/\/www.travel-slovenia.si\/slo\/wp-content\/uploads\/2014\/08\/travel-slovenia-bovska-ovca-view.jpg\",\"datePublished\":\"2014-08-02T11:47:34+00:00\",\"dateModified\":\"2015-10-04T16:59:58+00:00\",\"description\":\"Slovenske avtohtone pasme ovac in koze so: Bov\u0161ka ovca, Istrska pramenka, Belokranjska pramenka, Jezersko-Sol\u010davska ovca in Dre\u017eni\u0161ka koza.\",\"breadcrumb\":{\"@id\":\"https:\/\/www.travel-slovenia.si\/slo\/slovensko\/ovce-in-koza\/#breadcrumb\"},\"inLanguage\":\"sl-SI\",\"potentialAction\":[{\"@type\":\"ReadAction\",\"target\":[\"https:\/\/www.travel-slovenia.si\/slo\/slovensko\/ovce-in-koza\/\"]}]},{\"@type\":\"ImageObject\",\"inLanguage\":\"sl-SI\",\"@id\":\"https:\/\/www.travel-slovenia.si\/slo\/slovensko\/ovce-in-koza\/#primaryimage\",\"url\":\"https:\/\/www.travel-slovenia.si\/slo\/wp-content\/uploads\/2014\/08\/travel-slovenia-bovska-ovca-view.jpg\",\"contentUrl\":\"https:\/\/www.travel-slovenia.si\/slo\/wp-content\/uploads\/2014\/08\/travel-slovenia-bovska-ovca-view.jpg\",\"width\":150,\"height\":150},{\"@type\":\"BreadcrumbList\",\"@id\":\"https:\/\/www.travel-slovenia.si\/slo\/slovensko\/ovce-in-koza\/#breadcrumb\",\"itemListElement\":[{\"@type\":\"ListItem\",\"position\":1,\"name\":\"Home\",\"item\":\"https:\/\/www.travel-slovenia.si\/slo\/\"},{\"@type\":\"ListItem\",\"position\":2,\"name\":\"SLOVENSKO\",\"item\":\"https:\/\/www.travel-slovenia.si\/slo\/slovensko\/\"},{\"@type\":\"ListItem\",\"position\":3,\"name\":\"Ovce in koza\"}]},{\"@type\":\"WebSite\",\"@id\":\"https:\/\/www.travel-slovenia.si\/slo\/#website\",\"url\":\"https:\/\/www.travel-slovenia.si\/slo\/\",\"name\":\"Travel Slovenia - Sledite lepotam na\u0161e male dr\u017eavice\",\"description\":\"\",\"potentialAction\":[{\"@type\":\"SearchAction\",\"target\":{\"@type\":\"EntryPoint\",\"urlTemplate\":\"https:\/\/www.travel-slovenia.si\/slo\/?s={search_term_string}\"},\"query-input\":{\"@type\":\"PropertyValueSpecification\",\"valueRequired\":true,\"valueName\":\"search_term_string\"}}],\"inLanguage\":\"sl-SI\"}]}<\/script>\n<!-- \/ Yoast SEO plugin. -->","yoast_head_json":{"title":"Ovce in koza : Travel-Slovenia","description":"Slovenske avtohtone pasme ovac in koze so: Bov\u0161ka ovca, Istrska pramenka, Belokranjska pramenka, Jezersko-Sol\u010davska ovca in Dre\u017eni\u0161ka koza.","robots":{"index":"index","follow":"follow","max-snippet":"max-snippet:-1","max-image-preview":"max-image-preview:large","max-video-preview":"max-video-preview:-1"},"canonical":"https:\/\/www.travel-slovenia.si\/slo\/slovensko\/ovce-in-koza\/","og_locale":"sl_SI","og_type":"article","og_title":"Ovce in koza : Travel-Slovenia","og_description":"Slovenske avtohtone pasme ovac in koze so: Bov\u0161ka ovca, Istrska pramenka, Belokranjska pramenka, Jezersko-Sol\u010davska ovca in Dre\u017eni\u0161ka koza.","og_url":"https:\/\/www.travel-slovenia.si\/slo\/slovensko\/ovce-in-koza\/","og_site_name":"Travel Slovenia - Sledite lepotam na\u0161e male dr\u017eavice","article_modified_time":"2015-10-04T16:59:58+00:00","og_image":[{"width":600,"height":450,"url":"https:\/\/www.travel-slovenia.si\/slo\/wp-content\/uploads\/2014\/08\/travel-slovenia-bovska-ovca1.jpg","type":"image\/jpeg"}],"twitter_card":"summary_large_image","twitter_title":"Ovce in koza : Travel-Slovenia","twitter_description":"Slovenske avtohtone pasme ovac in koze so: Bov\u0161ka ovca, Istrska pramenka, Belokranjska pramenka, Jezersko-Sol\u010davska ovca in Dre\u017eni\u0161ka koza.","twitter_image":"https:\/\/www.travel-slovenia.si\/slo\/wp-content\/uploads\/2014\/08\/travel-slovenia-bovska-ovca1.jpg","twitter_misc":{"Est. reading time":"1 minuta"},"schema":{"@context":"https:\/\/schema.org","@graph":[{"@type":"WebPage","@id":"https:\/\/www.travel-slovenia.si\/slo\/slovensko\/ovce-in-koza\/","url":"https:\/\/www.travel-slovenia.si\/slo\/slovensko\/ovce-in-koza\/","name":"Ovce in koza : Travel-Slovenia","isPartOf":{"@id":"https:\/\/www.travel-slovenia.si\/slo\/#website"},"primaryImageOfPage":{"@id":"https:\/\/www.travel-slovenia.si\/slo\/slovensko\/ovce-in-koza\/#primaryimage"},"image":{"@id":"https:\/\/www.travel-slovenia.si\/slo\/slovensko\/ovce-in-koza\/#primaryimage"},"thumbnailUrl":"https:\/\/www.travel-slovenia.si\/slo\/wp-content\/uploads\/2014\/08\/travel-slovenia-bovska-ovca-view.jpg","datePublished":"2014-08-02T11:47:34+00:00","dateModified":"2015-10-04T16:59:58+00:00","description":"Slovenske avtohtone pasme ovac in koze so: Bov\u0161ka ovca, Istrska pramenka, Belokranjska pramenka, Jezersko-Sol\u010davska ovca in Dre\u017eni\u0161ka koza.","breadcrumb":{"@id":"https:\/\/www.travel-slovenia.si\/slo\/slovensko\/ovce-in-koza\/#breadcrumb"},"inLanguage":"sl-SI","potentialAction":[{"@type":"ReadAction","target":["https:\/\/www.travel-slovenia.si\/slo\/slovensko\/ovce-in-koza\/"]}]},{"@type":"ImageObject","inLanguage":"sl-SI","@id":"https:\/\/www.travel-slovenia.si\/slo\/slovensko\/ovce-in-koza\/#primaryimage","url":"https:\/\/www.travel-slovenia.si\/slo\/wp-content\/uploads\/2014\/08\/travel-slovenia-bovska-ovca-view.jpg","contentUrl":"https:\/\/www.travel-slovenia.si\/slo\/wp-content\/uploads\/2014\/08\/travel-slovenia-bovska-ovca-view.jpg","width":150,"height":150},{"@type":"BreadcrumbList","@id":"https:\/\/www.travel-slovenia.si\/slo\/slovensko\/ovce-in-koza\/#breadcrumb","itemListElement":[{"@type":"ListItem","position":1,"name":"Home","item":"https:\/\/www.travel-slovenia.si\/slo\/"},{"@type":"ListItem","position":2,"name":"SLOVENSKO","item":"https:\/\/www.travel-slovenia.si\/slo\/slovensko\/"},{"@type":"ListItem","position":3,"name":"Ovce in koza"}]},{"@type":"WebSite","@id":"https:\/\/www.travel-slovenia.si\/slo\/#website","url":"https:\/\/www.travel-slovenia.si\/slo\/","name":"Travel Slovenia - Sledite lepotam na\u0161e male dr\u017eavice","description":"","potentialAction":[{"@type":"SearchAction","target":{"@type":"EntryPoint","urlTemplate":"https:\/\/www.travel-slovenia.si\/slo\/?s={search_term_string}"},"query-input":{"@type":"PropertyValueSpecification","valueRequired":true,"valueName":"search_term_string"}}],"inLanguage":"sl-SI"}]}},"post_mailing_queue_ids":[],"_links":{"self":[{"href":"https:\/\/www.travel-slovenia.si\/slo\/wp-json\/wp\/v2\/pages\/1096","targetHints":{"allow":["GET"]}}],"collection":[{"href":"https:\/\/www.travel-slovenia.si\/slo\/wp-json\/wp\/v2\/pages"}],"about":[{"href":"https:\/\/www.travel-slovenia.si\/slo\/wp-json\/wp\/v2\/types\/page"}],"author":[{"embeddable":true,"href":"https:\/\/www.travel-slovenia.si\/slo\/wp-json\/wp\/v2\/users\/111"}],"replies":[{"embeddable":true,"href":"https:\/\/www.travel-slovenia.si\/slo\/wp-json\/wp\/v2\/comments?post=1096"}],"version-history":[{"count":24,"href":"https:\/\/www.travel-slovenia.si\/slo\/wp-json\/wp\/v2\/pages\/1096\/revisions"}],"predecessor-version":[{"id":4002,"href":"https:\/\/www.travel-slovenia.si\/slo\/wp-json\/wp\/v2\/pages\/1096\/revisions\/4002"}],"up":[{"embeddable":true,"href":"https:\/\/www.travel-slovenia.si\/slo\/wp-json\/wp\/v2\/pages\/10"}],"wp:attachment":[{"href":"https:\/\/www.travel-slovenia.si\/slo\/wp-json\/wp\/v2\/media?parent=1096"}],"curies":[{"name":"wp","href":"https:\/\/api.w.org\/{rel}","templated":true}]}}