{"id":1077,"date":"2014-08-01T16:41:20","date_gmt":"2014-08-01T16:41:20","guid":{"rendered":"https:\/\/www.travel-slovenia.si\/?page_id=1077"},"modified":"2015-09-15T09:53:28","modified_gmt":"2015-09-15T09:53:28","slug":"istrski-gonic","status":"publish","type":"page","link":"https:\/\/www.travel-slovenia.si\/slo\/slovensko\/istrski-gonic\/","title":{"rendered":"Istrski goni\u010d"},"content":{"rendered":"<figure id=\"attachment_3596\" class=\"wp-caption alignleft\" style=\"max-width: 300px\"><img loading=\"lazy\" decoding=\"async\" class=\"size-medium wp-image-3596\" src=\"https:\/\/www.travel-slovenia.si\/slo\/wp-content\/uploads\/2014\/08\/travel-slovenia-kratkodlaki-istrski-gonic-300x222.jpg\" alt=\"Kratkodlaki istrski goni\u010d\" width=\"300\" height=\"222\" srcset=\"https:\/\/www.travel-slovenia.si\/slo\/wp-content\/uploads\/2014\/08\/travel-slovenia-kratkodlaki-istrski-gonic.jpg 300w, https:\/\/www.travel-slovenia.si\/slo\/wp-content\/uploads\/2014\/08\/travel-slovenia-kratkodlaki-istrski-gonic-24x18.jpg 24w, https:\/\/www.travel-slovenia.si\/slo\/wp-content\/uploads\/2014\/08\/travel-slovenia-kratkodlaki-istrski-gonic-36x27.jpg 36w, https:\/\/www.travel-slovenia.si\/slo\/wp-content\/uploads\/2014\/08\/travel-slovenia-kratkodlaki-istrski-gonic-48x36.jpg 48w\" sizes=\"auto, (max-width: 300px) 100vw, 300px\" \/><figcaption class=\"wp-caption-text\">Kratkodlaki istrski goni\u010d<\/figcaption><\/figure>\n<p style=\"text-align: justify;\">Istrski goni\u010d je bil prvi\u010d omenjen leta 1894 v knjigi H. V. Bylandta. Dve leti pozneje je istrskega goni\u010da opisal F. B. Laska, ki je dejal, da je pasma znana po svoji neizmerni vztrajnosti in veliki strasti do lova. Prav tako pa so zelo ubogljivi in predani.<\/p>\n<p style=\"text-align: justify;\">V svojem delu \u201dLeksikon pasjih prijateljev\u201d iz leta 1933<strong>\u00a0<\/strong>je H. Zimmerman imenoval istrskega goni\u010da z imenom kranjski goni\u010d, ampak v Sloveniji se je \u0161e vedno uporabljalo ime istrski goni\u010d.\u00a0\u00a0Standardi za to pasmo so bili postavljeni leta 1939, a so zaradi vojne bili potrjeni \u0161ele leta 1948 na FCI sre\u010danju na Bledu.\u00a0Dana\u0161nje standarde pasme je FCI sprejel leta 1973.\u00a0Pod \u0161tevilko FCI-151B je zapisan kratkodlaki istrski goni\u010d, pod \u0161tevilko FCI-152B pa resasti istrski goni\u010d, imenovan kraj\u0161e tudi\u00a0resasti goni\u010d.\u00a0 Oba sta bele barve, z nekaj oran\u017eno-rumenimi lisami.<\/p>\n<figure id=\"attachment_3597\" class=\"wp-caption alignright\" style=\"max-width: 300px\"><img loading=\"lazy\" decoding=\"async\" class=\"wp-image-3597 size-medium\" src=\"https:\/\/www.travel-slovenia.si\/slo\/wp-content\/uploads\/2014\/08\/travel-slovenia-resasti-istrski-gonic-300x195.jpg\" alt=\"Resasti istrski goni\u010d\" width=\"300\" height=\"195\" srcset=\"https:\/\/www.travel-slovenia.si\/slo\/wp-content\/uploads\/2014\/08\/travel-slovenia-resasti-istrski-gonic-300x195.jpg 300w, https:\/\/www.travel-slovenia.si\/slo\/wp-content\/uploads\/2014\/08\/travel-slovenia-resasti-istrski-gonic-232x150.jpg 232w, https:\/\/www.travel-slovenia.si\/slo\/wp-content\/uploads\/2014\/08\/travel-slovenia-resasti-istrski-gonic-24x16.jpg 24w, https:\/\/www.travel-slovenia.si\/slo\/wp-content\/uploads\/2014\/08\/travel-slovenia-resasti-istrski-gonic-36x23.jpg 36w, https:\/\/www.travel-slovenia.si\/slo\/wp-content\/uploads\/2014\/08\/travel-slovenia-resasti-istrski-gonic-48x31.jpg 48w, https:\/\/www.travel-slovenia.si\/slo\/wp-content\/uploads\/2014\/08\/travel-slovenia-resasti-istrski-gonic.jpg 400w\" sizes=\"auto, (max-width: 300px) 100vw, 300px\" \/><figcaption class=\"wp-caption-text\">Resasti istrski goni\u010d<\/figcaption><\/figure>\n<p style=\"text-align: justify;\">Istrijanci so bili prvi\u010d predstavljeni evropski javnosti na razstavi, ki je bila leta 1866 organizirana na Dunaju. Predstavil jih je Karl Galle, gospodar gradu Bistra, v tistem \u010dasu priznani slovenski pasji rejec in lovec. Kasneje so bili razstavljeni ob ve\u010d prilo\u017enostih, in dobili tudi veliko odlikovanj.<\/p>\n<p style=\"text-align: justify;\">Iz jugoslovanske rodovni\u0161ke knjige iz leta 1938 je razvidno, da je bilo vpisanih 118 istrijancev, vendar samo 5 izmed teh izven Slovenije. Vendar pa je v letih po svetovni vojni njihovo \u0161tevilo pri\u010delo upadati. Leta 1955, na mednarodni razstavi v Ljubljani, so predstavili 59 kratkodlakih in 23 resastih istrskih goni\u010dev. V letu 1959 bilo le 15 kratkodlakih in 3 resasti, leta 1993 9 kratkodlakih in samo 2 resasta goni\u010da. Vendar \u0161tevilo novih legel danes prikazuje, da se je pasma kon\u010dno ustalila.<\/p>\n<p style=\"text-align: justify;\">Posebna skrb izhaja iz dejstva, da obstajajo tudi druge pasme, ki imajo lise v \u010dokoladni barvi namesto oran\u017eni, po kateri je ta pasma zna\u010dilna.<\/p>\n","protected":false},"excerpt":{"rendered":"<p>Istrski goni\u010d je bil prvi\u010d omenjen leta 1894 v knjigi H. V. Bylandta. Dve leti pozneje je istrskega goni\u010da opisal F. B. Laska, ki je dejal, da je pasma znana po svoji neizmerni vztrajnosti in veliki strasti do lova. Prav tako pa so zelo ubogljivi in predani. V svojem delu \u201dLeksikon pasjih prijateljev\u201d iz leta [&hellip;]<\/p>\n","protected":false},"author":111,"featured_media":0,"parent":10,"menu_order":0,"comment_status":"closed","ping_status":"closed","template":"","meta":{"footnotes":""},"class_list":["post-1077","page","type-page","status-publish","hentry"],"yoast_head":"<!-- This site is optimized with the Yoast SEO plugin v25.4 - https:\/\/yoast.com\/wordpress\/plugins\/seo\/ -->\n<title>Istrski goni\u010d : Travel-Slovenia<\/title>\n<meta name=\"description\" content=\"Istrski goni\u010d je bil prvi\u010d predstavljen javnosti na razstavi leta 1866 na Dunaju. Predstavil jih je Karl Galle, priznani slovenski pasji rejec in lovec.\" \/>\n<meta name=\"robots\" content=\"index, follow, max-snippet:-1, max-image-preview:large, max-video-preview:-1\" \/>\n<link rel=\"canonical\" href=\"https:\/\/www.travel-slovenia.si\/slo\/slovensko\/istrski-gonic\/\" \/>\n<meta property=\"og:locale\" content=\"sl_SI\" \/>\n<meta property=\"og:type\" content=\"article\" \/>\n<meta property=\"og:title\" content=\"Istrski goni\u010d : Travel-Slovenia\" \/>\n<meta property=\"og:description\" content=\"Istrski goni\u010d je bil prvi\u010d predstavljen javnosti na razstavi leta 1866 na Dunaju. Predstavil jih je Karl Galle, priznani slovenski pasji rejec in lovec.\" \/>\n<meta property=\"og:url\" content=\"https:\/\/www.travel-slovenia.si\/slo\/slovensko\/istrski-gonic\/\" \/>\n<meta property=\"og:site_name\" content=\"Travel Slovenia - Sledite lepotam na\u0161e male dr\u017eavice\" \/>\n<meta property=\"article:modified_time\" content=\"2015-09-15T09:53:28+00:00\" \/>\n<meta property=\"og:image\" content=\"https:\/\/www.travel-slovenia.si\/slo\/wp-content\/uploads\/2014\/08\/travel-slovenia-kratkodlaki-istrski-gonic.jpg\" \/>\n\t<meta property=\"og:image:width\" content=\"300\" \/>\n\t<meta property=\"og:image:height\" content=\"222\" \/>\n\t<meta property=\"og:image:type\" content=\"image\/jpeg\" \/>\n<meta name=\"twitter:card\" content=\"summary_large_image\" \/>\n<meta name=\"twitter:title\" content=\"Istrski goni\u010d : Travel-Slovenia\" \/>\n<meta name=\"twitter:description\" content=\"Istrski goni\u010d je bil prvi\u010d predstavljen javnosti na razstavi leta 1866 na Dunaju. Predstavil jih je Karl Galle, priznani slovenski pasji rejec in lovec.\" \/>\n<meta name=\"twitter:image\" content=\"https:\/\/www.travel-slovenia.si\/slo\/wp-content\/uploads\/2014\/08\/travel-slovenia-kratkodlaki-istrski-gonic.jpg\" \/>\n<meta name=\"twitter:label1\" content=\"Est. reading time\" \/>\n\t<meta name=\"twitter:data1\" content=\"2 minuti\" \/>\n<script type=\"application\/ld+json\" class=\"yoast-schema-graph\">{\"@context\":\"https:\/\/schema.org\",\"@graph\":[{\"@type\":\"WebPage\",\"@id\":\"https:\/\/www.travel-slovenia.si\/slo\/slovensko\/istrski-gonic\/\",\"url\":\"https:\/\/www.travel-slovenia.si\/slo\/slovensko\/istrski-gonic\/\",\"name\":\"Istrski goni\u010d : Travel-Slovenia\",\"isPartOf\":{\"@id\":\"https:\/\/www.travel-slovenia.si\/slo\/#website\"},\"primaryImageOfPage\":{\"@id\":\"https:\/\/www.travel-slovenia.si\/slo\/slovensko\/istrski-gonic\/#primaryimage\"},\"image\":{\"@id\":\"https:\/\/www.travel-slovenia.si\/slo\/slovensko\/istrski-gonic\/#primaryimage\"},\"thumbnailUrl\":\"https:\/\/www.travel-slovenia.si\/slo\/wp-content\/uploads\/2014\/08\/travel-slovenia-kratkodlaki-istrski-gonic-300x222.jpg\",\"datePublished\":\"2014-08-01T16:41:20+00:00\",\"dateModified\":\"2015-09-15T09:53:28+00:00\",\"description\":\"Istrski goni\u010d je bil prvi\u010d predstavljen javnosti na razstavi leta 1866 na Dunaju. Predstavil jih je Karl Galle, priznani slovenski pasji rejec in lovec.\",\"breadcrumb\":{\"@id\":\"https:\/\/www.travel-slovenia.si\/slo\/slovensko\/istrski-gonic\/#breadcrumb\"},\"inLanguage\":\"sl-SI\",\"potentialAction\":[{\"@type\":\"ReadAction\",\"target\":[\"https:\/\/www.travel-slovenia.si\/slo\/slovensko\/istrski-gonic\/\"]}]},{\"@type\":\"ImageObject\",\"inLanguage\":\"sl-SI\",\"@id\":\"https:\/\/www.travel-slovenia.si\/slo\/slovensko\/istrski-gonic\/#primaryimage\",\"url\":\"https:\/\/www.travel-slovenia.si\/slo\/wp-content\/uploads\/2014\/08\/travel-slovenia-kratkodlaki-istrski-gonic.jpg\",\"contentUrl\":\"https:\/\/www.travel-slovenia.si\/slo\/wp-content\/uploads\/2014\/08\/travel-slovenia-kratkodlaki-istrski-gonic.jpg\",\"width\":300,\"height\":222,\"caption\":\"Kratkodlaki istrski goni\u010d\"},{\"@type\":\"BreadcrumbList\",\"@id\":\"https:\/\/www.travel-slovenia.si\/slo\/slovensko\/istrski-gonic\/#breadcrumb\",\"itemListElement\":[{\"@type\":\"ListItem\",\"position\":1,\"name\":\"Home\",\"item\":\"https:\/\/www.travel-slovenia.si\/slo\/\"},{\"@type\":\"ListItem\",\"position\":2,\"name\":\"SLOVENSKO\",\"item\":\"https:\/\/www.travel-slovenia.si\/slo\/slovensko\/\"},{\"@type\":\"ListItem\",\"position\":3,\"name\":\"Istrski goni\u010d\"}]},{\"@type\":\"WebSite\",\"@id\":\"https:\/\/www.travel-slovenia.si\/slo\/#website\",\"url\":\"https:\/\/www.travel-slovenia.si\/slo\/\",\"name\":\"Travel Slovenia - Sledite lepotam na\u0161e male dr\u017eavice\",\"description\":\"\",\"potentialAction\":[{\"@type\":\"SearchAction\",\"target\":{\"@type\":\"EntryPoint\",\"urlTemplate\":\"https:\/\/www.travel-slovenia.si\/slo\/?s={search_term_string}\"},\"query-input\":{\"@type\":\"PropertyValueSpecification\",\"valueRequired\":true,\"valueName\":\"search_term_string\"}}],\"inLanguage\":\"sl-SI\"}]}<\/script>\n<!-- \/ Yoast SEO plugin. -->","yoast_head_json":{"title":"Istrski goni\u010d : Travel-Slovenia","description":"Istrski goni\u010d je bil prvi\u010d predstavljen javnosti na razstavi leta 1866 na Dunaju. Predstavil jih je Karl Galle, priznani slovenski pasji rejec in lovec.","robots":{"index":"index","follow":"follow","max-snippet":"max-snippet:-1","max-image-preview":"max-image-preview:large","max-video-preview":"max-video-preview:-1"},"canonical":"https:\/\/www.travel-slovenia.si\/slo\/slovensko\/istrski-gonic\/","og_locale":"sl_SI","og_type":"article","og_title":"Istrski goni\u010d : Travel-Slovenia","og_description":"Istrski goni\u010d je bil prvi\u010d predstavljen javnosti na razstavi leta 1866 na Dunaju. Predstavil jih je Karl Galle, priznani slovenski pasji rejec in lovec.","og_url":"https:\/\/www.travel-slovenia.si\/slo\/slovensko\/istrski-gonic\/","og_site_name":"Travel Slovenia - Sledite lepotam na\u0161e male dr\u017eavice","article_modified_time":"2015-09-15T09:53:28+00:00","og_image":[{"width":300,"height":222,"url":"https:\/\/www.travel-slovenia.si\/slo\/wp-content\/uploads\/2014\/08\/travel-slovenia-kratkodlaki-istrski-gonic.jpg","type":"image\/jpeg"}],"twitter_card":"summary_large_image","twitter_title":"Istrski goni\u010d : Travel-Slovenia","twitter_description":"Istrski goni\u010d je bil prvi\u010d predstavljen javnosti na razstavi leta 1866 na Dunaju. Predstavil jih je Karl Galle, priznani slovenski pasji rejec in lovec.","twitter_image":"https:\/\/www.travel-slovenia.si\/slo\/wp-content\/uploads\/2014\/08\/travel-slovenia-kratkodlaki-istrski-gonic.jpg","twitter_misc":{"Est. reading time":"2 minuti"},"schema":{"@context":"https:\/\/schema.org","@graph":[{"@type":"WebPage","@id":"https:\/\/www.travel-slovenia.si\/slo\/slovensko\/istrski-gonic\/","url":"https:\/\/www.travel-slovenia.si\/slo\/slovensko\/istrski-gonic\/","name":"Istrski goni\u010d : Travel-Slovenia","isPartOf":{"@id":"https:\/\/www.travel-slovenia.si\/slo\/#website"},"primaryImageOfPage":{"@id":"https:\/\/www.travel-slovenia.si\/slo\/slovensko\/istrski-gonic\/#primaryimage"},"image":{"@id":"https:\/\/www.travel-slovenia.si\/slo\/slovensko\/istrski-gonic\/#primaryimage"},"thumbnailUrl":"https:\/\/www.travel-slovenia.si\/slo\/wp-content\/uploads\/2014\/08\/travel-slovenia-kratkodlaki-istrski-gonic-300x222.jpg","datePublished":"2014-08-01T16:41:20+00:00","dateModified":"2015-09-15T09:53:28+00:00","description":"Istrski goni\u010d je bil prvi\u010d predstavljen javnosti na razstavi leta 1866 na Dunaju. Predstavil jih je Karl Galle, priznani slovenski pasji rejec in lovec.","breadcrumb":{"@id":"https:\/\/www.travel-slovenia.si\/slo\/slovensko\/istrski-gonic\/#breadcrumb"},"inLanguage":"sl-SI","potentialAction":[{"@type":"ReadAction","target":["https:\/\/www.travel-slovenia.si\/slo\/slovensko\/istrski-gonic\/"]}]},{"@type":"ImageObject","inLanguage":"sl-SI","@id":"https:\/\/www.travel-slovenia.si\/slo\/slovensko\/istrski-gonic\/#primaryimage","url":"https:\/\/www.travel-slovenia.si\/slo\/wp-content\/uploads\/2014\/08\/travel-slovenia-kratkodlaki-istrski-gonic.jpg","contentUrl":"https:\/\/www.travel-slovenia.si\/slo\/wp-content\/uploads\/2014\/08\/travel-slovenia-kratkodlaki-istrski-gonic.jpg","width":300,"height":222,"caption":"Kratkodlaki istrski goni\u010d"},{"@type":"BreadcrumbList","@id":"https:\/\/www.travel-slovenia.si\/slo\/slovensko\/istrski-gonic\/#breadcrumb","itemListElement":[{"@type":"ListItem","position":1,"name":"Home","item":"https:\/\/www.travel-slovenia.si\/slo\/"},{"@type":"ListItem","position":2,"name":"SLOVENSKO","item":"https:\/\/www.travel-slovenia.si\/slo\/slovensko\/"},{"@type":"ListItem","position":3,"name":"Istrski goni\u010d"}]},{"@type":"WebSite","@id":"https:\/\/www.travel-slovenia.si\/slo\/#website","url":"https:\/\/www.travel-slovenia.si\/slo\/","name":"Travel Slovenia - Sledite lepotam na\u0161e male dr\u017eavice","description":"","potentialAction":[{"@type":"SearchAction","target":{"@type":"EntryPoint","urlTemplate":"https:\/\/www.travel-slovenia.si\/slo\/?s={search_term_string}"},"query-input":{"@type":"PropertyValueSpecification","valueRequired":true,"valueName":"search_term_string"}}],"inLanguage":"sl-SI"}]}},"post_mailing_queue_ids":[],"_links":{"self":[{"href":"https:\/\/www.travel-slovenia.si\/slo\/wp-json\/wp\/v2\/pages\/1077","targetHints":{"allow":["GET"]}}],"collection":[{"href":"https:\/\/www.travel-slovenia.si\/slo\/wp-json\/wp\/v2\/pages"}],"about":[{"href":"https:\/\/www.travel-slovenia.si\/slo\/wp-json\/wp\/v2\/types\/page"}],"author":[{"embeddable":true,"href":"https:\/\/www.travel-slovenia.si\/slo\/wp-json\/wp\/v2\/users\/111"}],"replies":[{"embeddable":true,"href":"https:\/\/www.travel-slovenia.si\/slo\/wp-json\/wp\/v2\/comments?post=1077"}],"version-history":[{"count":11,"href":"https:\/\/www.travel-slovenia.si\/slo\/wp-json\/wp\/v2\/pages\/1077\/revisions"}],"predecessor-version":[{"id":3607,"href":"https:\/\/www.travel-slovenia.si\/slo\/wp-json\/wp\/v2\/pages\/1077\/revisions\/3607"}],"up":[{"embeddable":true,"href":"https:\/\/www.travel-slovenia.si\/slo\/wp-json\/wp\/v2\/pages\/10"}],"wp:attachment":[{"href":"https:\/\/www.travel-slovenia.si\/slo\/wp-json\/wp\/v2\/media?parent=1077"}],"curies":[{"name":"wp","href":"https:\/\/api.w.org\/{rel}","templated":true}]}}