{"id":1055,"date":"2014-08-01T15:10:47","date_gmt":"2014-08-01T15:10:47","guid":{"rendered":"https:\/\/www.travel-slovenia.si\/?page_id=1055"},"modified":"2015-09-16T15:16:01","modified_gmt":"2015-09-16T15:16:01","slug":"planinski-gonic","status":"publish","type":"page","link":"https:\/\/www.travel-slovenia.si\/slo\/slovensko\/planinski-gonic\/","title":{"rendered":"Planinski goni\u010d"},"content":{"rendered":"<p style=\"text-align: justify;\">Njegovo novej\u0161e ime je planinski goni\u010d, starej\u0161e pa Koro\u0161ki \u017eigec. Neko\u010d je bil najbolj raz\u0161irjena pasma v Sloveniji. Primeren je za lov na zajce in lisice. Pes ima zna\u010dilno \u010drno barvo, s sijajem. Na prsih in ta\u010dkah ima zarjavelo ali za\u017egano rjavo barvo. Lise nad obrvmi so tudi rjave barve, njegovo &#8221;drugo oko&#8221; mu daje \u0161e posebej prisr\u010den izgled.<\/p>\n<figure id=\"attachment_3588\" class=\"wp-caption alignleft\" style=\"max-width: 300px\"><img loading=\"lazy\" decoding=\"async\" class=\"size-medium wp-image-3588\" src=\"https:\/\/www.travel-slovenia.si\/slo\/wp-content\/uploads\/2014\/08\/travel-slovenia-slovenski-planinski-gonic-300x249.jpg\" alt=\"Slovenski planinski goni\u010d v naravi\" width=\"300\" height=\"249\" srcset=\"https:\/\/www.travel-slovenia.si\/slo\/wp-content\/uploads\/2014\/08\/travel-slovenia-slovenski-planinski-gonic-300x249.jpg 300w, https:\/\/www.travel-slovenia.si\/slo\/wp-content\/uploads\/2014\/08\/travel-slovenia-slovenski-planinski-gonic-24x20.jpg 24w, https:\/\/www.travel-slovenia.si\/slo\/wp-content\/uploads\/2014\/08\/travel-slovenia-slovenski-planinski-gonic-36x30.jpg 36w, https:\/\/www.travel-slovenia.si\/slo\/wp-content\/uploads\/2014\/08\/travel-slovenia-slovenski-planinski-gonic-48x40.jpg 48w, https:\/\/www.travel-slovenia.si\/slo\/wp-content\/uploads\/2014\/08\/travel-slovenia-slovenski-planinski-gonic.jpg 600w\" sizes=\"auto, (max-width: 300px) 100vw, 300px\" \/><figcaption class=\"wp-caption-text\">Slovenski planinski goni\u010d v naravi<\/figcaption><\/figure>\n<p style=\"text-align: justify;\">Pasma tega goni\u010da je bila priznana leta 1939 v Ljubljani, vendar takrat pod imenom &#8221;jugoslovanski brak&#8221;. V \u010dasu srbske diktature, ki je razglasila enoten jugoslovanski narod, so vse pasme morale biti samo jugoslovanske.<\/p>\n<p style=\"text-align: justify;\">Po drugi svetovni vojni je \u0161tevilo goni\u010dev v Sloveniji pri\u010delo upadati. Pove\u010devalo pa se je v ju\u017enih republikah, \u0161e posebej v Srbiji. To je postopoma pripeljalo do spora med slovenskim in jugoslovanskim (srbskim) kinolo\u0161kim dru\u0161tvom, ki so pasmo pri\u010deli imenovati kot &#8221;srbska&#8221; pasma. Leta 1997 je bil na sestanku mednarodnega kinolo\u0161kega dru\u0161tva (FIC) sprejet dogovor. Slovenija je bila priznana kot dr\u017eava izvora te pasme, a Jugoslavija (Srbija) kot njen protektorat.<\/p>\n<p style=\"text-align: justify;\">Pasma goni\u010d je v Avstriji dokaj raz\u0161irjena, nekako tako kot planinski goni\u010d, avstrijski brandl brak. Zaradi ignorance ali napa\u010dnega mi\u0161ljenja\u00a0je slovenska pasma najbolj pogosto kri\u017eana. Ker je Avstrija mlaj\u0161a od koro\u0161ke (Karantanije) lahko zaklju\u010dimo, da je koro\u0161ki \u017eigec starej\u0161a pasma in da so avstrijski goni\u010di pridobljeni iz te pasme.<\/p>\n<p style=\"text-align: justify;\">Tirolski brak in \u0161vicarski goni\u010d sta zelo podobna koro\u0161kemu \u017eigcu in morda \u0161e ve\u010d vrst pasem psov. Iz primerjave teh pasem lahko zaklju\u010dimo, da so neko\u010d imeli skupne prednike. To je bil planinski goni\u010d, \u010de ga lahko tako poimenujemo. Razvoj pasme sovpada z rimskim obdobjem, \u010de ni celo starej\u0161i.<\/p>\n<p style=\"text-align: justify;\">Zaradi majhnega \u0161tevila mladi\u010dev je pasma planinskega goni\u010da danes v resni nevarnosti, da bi v Sloveniji postopoma izginila.<\/p>\n","protected":false},"excerpt":{"rendered":"<p>Njegovo novej\u0161e ime je planinski goni\u010d, starej\u0161e pa Koro\u0161ki \u017eigec. Neko\u010d je bil najbolj raz\u0161irjena pasma v Sloveniji. Primeren je za lov na zajce in lisice. Pes ima zna\u010dilno \u010drno barvo, s sijajem. Na prsih in ta\u010dkah ima zarjavelo ali za\u017egano rjavo barvo. Lise nad obrvmi so tudi rjave barve, njegovo &#8221;drugo oko&#8221; mu daje [&hellip;]<\/p>\n","protected":false},"author":111,"featured_media":0,"parent":10,"menu_order":0,"comment_status":"closed","ping_status":"closed","template":"","meta":{"footnotes":""},"class_list":["post-1055","page","type-page","status-publish","hentry"],"yoast_head":"<!-- This site is optimized with the Yoast SEO plugin v25.4 - https:\/\/yoast.com\/wordpress\/plugins\/seo\/ -->\n<title>Planinski goni\u010d : Travel-Slovenia<\/title>\n<meta name=\"description\" content=\"Njegovo novej\u0161e ime je planinski goni\u010d, starej\u0161e pa Koro\u0161ki \u017eigec. Neko\u010d je bil najbolj raz\u0161irjena pasma v Sloveniji.\" \/>\n<meta name=\"robots\" content=\"index, follow, max-snippet:-1, max-image-preview:large, max-video-preview:-1\" \/>\n<link rel=\"canonical\" href=\"https:\/\/www.travel-slovenia.si\/slo\/slovensko\/planinski-gonic\/\" \/>\n<meta property=\"og:locale\" content=\"sl_SI\" \/>\n<meta property=\"og:type\" content=\"article\" \/>\n<meta property=\"og:title\" content=\"Slovenski planinski goni\u010d : Travel-Slovenia\" \/>\n<meta property=\"og:description\" content=\"Njegovo novej\u0161e ime je slovenski planinski goni\u010d, starej\u0161e pa Koro\u0161ki \u017eigec. Neko\u010d je bil najoblj raz\u0161irjena pasma v Sloveniji.\" \/>\n<meta property=\"og:url\" content=\"https:\/\/www.travel-slovenia.si\/slo\/slovensko\/planinski-gonic\/\" \/>\n<meta property=\"og:site_name\" content=\"Travel Slovenia - Sledite lepotam na\u0161e male dr\u017eavice\" \/>\n<meta property=\"article:modified_time\" content=\"2015-09-16T15:16:01+00:00\" \/>\n<meta property=\"og:image\" content=\"https:\/\/www.travel-slovenia.si\/slo\/wp-content\/uploads\/2014\/08\/travel-slovenia-slovenski-planinski-gonic.jpg\" \/>\n\t<meta property=\"og:image:width\" content=\"600\" \/>\n\t<meta property=\"og:image:height\" content=\"497\" \/>\n\t<meta property=\"og:image:type\" content=\"image\/jpeg\" \/>\n<meta name=\"twitter:card\" content=\"summary_large_image\" \/>\n<meta name=\"twitter:title\" content=\"Slovenski planinski goni\u010d : Travel-Slovenia\" \/>\n<meta name=\"twitter:description\" content=\"Njegovo novej\u0161e ime je slovenski planinski goni\u010d, starej\u0161e pa Koro\u0161ki \u017eigec. Neko\u010d je bil najoblj raz\u0161irjena pasma v Sloveniji.\" \/>\n<meta name=\"twitter:image\" content=\"https:\/\/www.travel-slovenia.si\/slo\/wp-content\/uploads\/2014\/08\/travel-slovenia-slovenski-planinski-gonic.jpg\" \/>\n<meta name=\"twitter:label1\" content=\"Est. reading time\" \/>\n\t<meta name=\"twitter:data1\" content=\"2 minuti\" \/>\n<script type=\"application\/ld+json\" class=\"yoast-schema-graph\">{\"@context\":\"https:\/\/schema.org\",\"@graph\":[{\"@type\":\"WebPage\",\"@id\":\"https:\/\/www.travel-slovenia.si\/slo\/slovensko\/planinski-gonic\/\",\"url\":\"https:\/\/www.travel-slovenia.si\/slo\/slovensko\/planinski-gonic\/\",\"name\":\"Planinski goni\u010d : Travel-Slovenia\",\"isPartOf\":{\"@id\":\"https:\/\/www.travel-slovenia.si\/slo\/#website\"},\"primaryImageOfPage\":{\"@id\":\"https:\/\/www.travel-slovenia.si\/slo\/slovensko\/planinski-gonic\/#primaryimage\"},\"image\":{\"@id\":\"https:\/\/www.travel-slovenia.si\/slo\/slovensko\/planinski-gonic\/#primaryimage\"},\"thumbnailUrl\":\"https:\/\/www.travel-slovenia.si\/slo\/wp-content\/uploads\/2014\/08\/travel-slovenia-slovenski-planinski-gonic-300x249.jpg\",\"datePublished\":\"2014-08-01T15:10:47+00:00\",\"dateModified\":\"2015-09-16T15:16:01+00:00\",\"description\":\"Njegovo novej\u0161e ime je planinski goni\u010d, starej\u0161e pa Koro\u0161ki \u017eigec. Neko\u010d je bil najbolj raz\u0161irjena pasma v Sloveniji.\",\"breadcrumb\":{\"@id\":\"https:\/\/www.travel-slovenia.si\/slo\/slovensko\/planinski-gonic\/#breadcrumb\"},\"inLanguage\":\"sl-SI\",\"potentialAction\":[{\"@type\":\"ReadAction\",\"target\":[\"https:\/\/www.travel-slovenia.si\/slo\/slovensko\/planinski-gonic\/\"]}]},{\"@type\":\"ImageObject\",\"inLanguage\":\"sl-SI\",\"@id\":\"https:\/\/www.travel-slovenia.si\/slo\/slovensko\/planinski-gonic\/#primaryimage\",\"url\":\"https:\/\/www.travel-slovenia.si\/slo\/wp-content\/uploads\/2014\/08\/travel-slovenia-slovenski-planinski-gonic.jpg\",\"contentUrl\":\"https:\/\/www.travel-slovenia.si\/slo\/wp-content\/uploads\/2014\/08\/travel-slovenia-slovenski-planinski-gonic.jpg\",\"width\":600,\"height\":497,\"caption\":\"Slovenski planinski goni\u010d v naravi\"},{\"@type\":\"BreadcrumbList\",\"@id\":\"https:\/\/www.travel-slovenia.si\/slo\/slovensko\/planinski-gonic\/#breadcrumb\",\"itemListElement\":[{\"@type\":\"ListItem\",\"position\":1,\"name\":\"Home\",\"item\":\"https:\/\/www.travel-slovenia.si\/slo\/\"},{\"@type\":\"ListItem\",\"position\":2,\"name\":\"SLOVENSKO\",\"item\":\"https:\/\/www.travel-slovenia.si\/slo\/slovensko\/\"},{\"@type\":\"ListItem\",\"position\":3,\"name\":\"Planinski goni\u010d\"}]},{\"@type\":\"WebSite\",\"@id\":\"https:\/\/www.travel-slovenia.si\/slo\/#website\",\"url\":\"https:\/\/www.travel-slovenia.si\/slo\/\",\"name\":\"Travel Slovenia - Sledite lepotam na\u0161e male dr\u017eavice\",\"description\":\"\",\"potentialAction\":[{\"@type\":\"SearchAction\",\"target\":{\"@type\":\"EntryPoint\",\"urlTemplate\":\"https:\/\/www.travel-slovenia.si\/slo\/?s={search_term_string}\"},\"query-input\":{\"@type\":\"PropertyValueSpecification\",\"valueRequired\":true,\"valueName\":\"search_term_string\"}}],\"inLanguage\":\"sl-SI\"}]}<\/script>\n<!-- \/ Yoast SEO plugin. -->","yoast_head_json":{"title":"Planinski goni\u010d : Travel-Slovenia","description":"Njegovo novej\u0161e ime je planinski goni\u010d, starej\u0161e pa Koro\u0161ki \u017eigec. Neko\u010d je bil najbolj raz\u0161irjena pasma v Sloveniji.","robots":{"index":"index","follow":"follow","max-snippet":"max-snippet:-1","max-image-preview":"max-image-preview:large","max-video-preview":"max-video-preview:-1"},"canonical":"https:\/\/www.travel-slovenia.si\/slo\/slovensko\/planinski-gonic\/","og_locale":"sl_SI","og_type":"article","og_title":"Slovenski planinski goni\u010d : Travel-Slovenia","og_description":"Njegovo novej\u0161e ime je slovenski planinski goni\u010d, starej\u0161e pa Koro\u0161ki \u017eigec. Neko\u010d je bil najoblj raz\u0161irjena pasma v Sloveniji.","og_url":"https:\/\/www.travel-slovenia.si\/slo\/slovensko\/planinski-gonic\/","og_site_name":"Travel Slovenia - Sledite lepotam na\u0161e male dr\u017eavice","article_modified_time":"2015-09-16T15:16:01+00:00","og_image":[{"width":600,"height":497,"url":"https:\/\/www.travel-slovenia.si\/slo\/wp-content\/uploads\/2014\/08\/travel-slovenia-slovenski-planinski-gonic.jpg","type":"image\/jpeg"}],"twitter_card":"summary_large_image","twitter_title":"Slovenski planinski goni\u010d : Travel-Slovenia","twitter_description":"Njegovo novej\u0161e ime je slovenski planinski goni\u010d, starej\u0161e pa Koro\u0161ki \u017eigec. Neko\u010d je bil najoblj raz\u0161irjena pasma v Sloveniji.","twitter_image":"https:\/\/www.travel-slovenia.si\/slo\/wp-content\/uploads\/2014\/08\/travel-slovenia-slovenski-planinski-gonic.jpg","twitter_misc":{"Est. reading time":"2 minuti"},"schema":{"@context":"https:\/\/schema.org","@graph":[{"@type":"WebPage","@id":"https:\/\/www.travel-slovenia.si\/slo\/slovensko\/planinski-gonic\/","url":"https:\/\/www.travel-slovenia.si\/slo\/slovensko\/planinski-gonic\/","name":"Planinski goni\u010d : Travel-Slovenia","isPartOf":{"@id":"https:\/\/www.travel-slovenia.si\/slo\/#website"},"primaryImageOfPage":{"@id":"https:\/\/www.travel-slovenia.si\/slo\/slovensko\/planinski-gonic\/#primaryimage"},"image":{"@id":"https:\/\/www.travel-slovenia.si\/slo\/slovensko\/planinski-gonic\/#primaryimage"},"thumbnailUrl":"https:\/\/www.travel-slovenia.si\/slo\/wp-content\/uploads\/2014\/08\/travel-slovenia-slovenski-planinski-gonic-300x249.jpg","datePublished":"2014-08-01T15:10:47+00:00","dateModified":"2015-09-16T15:16:01+00:00","description":"Njegovo novej\u0161e ime je planinski goni\u010d, starej\u0161e pa Koro\u0161ki \u017eigec. Neko\u010d je bil najbolj raz\u0161irjena pasma v Sloveniji.","breadcrumb":{"@id":"https:\/\/www.travel-slovenia.si\/slo\/slovensko\/planinski-gonic\/#breadcrumb"},"inLanguage":"sl-SI","potentialAction":[{"@type":"ReadAction","target":["https:\/\/www.travel-slovenia.si\/slo\/slovensko\/planinski-gonic\/"]}]},{"@type":"ImageObject","inLanguage":"sl-SI","@id":"https:\/\/www.travel-slovenia.si\/slo\/slovensko\/planinski-gonic\/#primaryimage","url":"https:\/\/www.travel-slovenia.si\/slo\/wp-content\/uploads\/2014\/08\/travel-slovenia-slovenski-planinski-gonic.jpg","contentUrl":"https:\/\/www.travel-slovenia.si\/slo\/wp-content\/uploads\/2014\/08\/travel-slovenia-slovenski-planinski-gonic.jpg","width":600,"height":497,"caption":"Slovenski planinski goni\u010d v naravi"},{"@type":"BreadcrumbList","@id":"https:\/\/www.travel-slovenia.si\/slo\/slovensko\/planinski-gonic\/#breadcrumb","itemListElement":[{"@type":"ListItem","position":1,"name":"Home","item":"https:\/\/www.travel-slovenia.si\/slo\/"},{"@type":"ListItem","position":2,"name":"SLOVENSKO","item":"https:\/\/www.travel-slovenia.si\/slo\/slovensko\/"},{"@type":"ListItem","position":3,"name":"Planinski goni\u010d"}]},{"@type":"WebSite","@id":"https:\/\/www.travel-slovenia.si\/slo\/#website","url":"https:\/\/www.travel-slovenia.si\/slo\/","name":"Travel Slovenia - Sledite lepotam na\u0161e male dr\u017eavice","description":"","potentialAction":[{"@type":"SearchAction","target":{"@type":"EntryPoint","urlTemplate":"https:\/\/www.travel-slovenia.si\/slo\/?s={search_term_string}"},"query-input":{"@type":"PropertyValueSpecification","valueRequired":true,"valueName":"search_term_string"}}],"inLanguage":"sl-SI"}]}},"post_mailing_queue_ids":[],"_links":{"self":[{"href":"https:\/\/www.travel-slovenia.si\/slo\/wp-json\/wp\/v2\/pages\/1055","targetHints":{"allow":["GET"]}}],"collection":[{"href":"https:\/\/www.travel-slovenia.si\/slo\/wp-json\/wp\/v2\/pages"}],"about":[{"href":"https:\/\/www.travel-slovenia.si\/slo\/wp-json\/wp\/v2\/types\/page"}],"author":[{"embeddable":true,"href":"https:\/\/www.travel-slovenia.si\/slo\/wp-json\/wp\/v2\/users\/111"}],"replies":[{"embeddable":true,"href":"https:\/\/www.travel-slovenia.si\/slo\/wp-json\/wp\/v2\/comments?post=1055"}],"version-history":[{"count":11,"href":"https:\/\/www.travel-slovenia.si\/slo\/wp-json\/wp\/v2\/pages\/1055\/revisions"}],"predecessor-version":[{"id":3625,"href":"https:\/\/www.travel-slovenia.si\/slo\/wp-json\/wp\/v2\/pages\/1055\/revisions\/3625"}],"up":[{"embeddable":true,"href":"https:\/\/www.travel-slovenia.si\/slo\/wp-json\/wp\/v2\/pages\/10"}],"wp:attachment":[{"href":"https:\/\/www.travel-slovenia.si\/slo\/wp-json\/wp\/v2\/media?parent=1055"}],"curies":[{"name":"wp","href":"https:\/\/api.w.org\/{rel}","templated":true}]}}