{"id":1022,"date":"2014-08-01T09:09:11","date_gmt":"2014-08-01T09:09:11","guid":{"rendered":"https:\/\/www.travel-slovenia.si\/?page_id=1022"},"modified":"2015-10-02T13:52:39","modified_gmt":"2015-10-02T13:52:39","slug":"druge-avtohtone-zivali","status":"publish","type":"page","link":"https:\/\/www.travel-slovenia.si\/slo\/slovensko\/druge-avtohtone-zivali\/","title":{"rendered":"Druge avtohtone \u017eivali"},"content":{"rendered":"<p style=\"text-align: justify;\"><strong><em><img loading=\"lazy\" decoding=\"async\" class=\"alignleft size-full wp-image-3934\" src=\"https:\/\/www.travel-slovenia.si\/slo\/wp-content\/uploads\/2014\/08\/travel-slovenia-cikasto-govedo-view.jpg\" alt=\"travel-slovenia-cikasto-govedo-view\" width=\"150\" height=\"150\" srcset=\"https:\/\/www.travel-slovenia.si\/slo\/wp-content\/uploads\/2014\/08\/travel-slovenia-cikasto-govedo-view.jpg 150w, https:\/\/www.travel-slovenia.si\/slo\/wp-content\/uploads\/2014\/08\/travel-slovenia-cikasto-govedo-view-83x83.jpg 83w, https:\/\/www.travel-slovenia.si\/slo\/wp-content\/uploads\/2014\/08\/travel-slovenia-cikasto-govedo-view-55x55.jpg 55w, https:\/\/www.travel-slovenia.si\/slo\/wp-content\/uploads\/2014\/08\/travel-slovenia-cikasto-govedo-view-24x24.jpg 24w, https:\/\/www.travel-slovenia.si\/slo\/wp-content\/uploads\/2014\/08\/travel-slovenia-cikasto-govedo-view-36x36.jpg 36w, https:\/\/www.travel-slovenia.si\/slo\/wp-content\/uploads\/2014\/08\/travel-slovenia-cikasto-govedo-view-48x48.jpg 48w\" sizes=\"auto, (max-width: 150px) 100vw, 150px\" \/>Cikasto govedo<\/em><\/strong><br \/>\nCikasto govedo ali Cika je tradicionalna slovenska pasma doma\u010dega goveda, neko\u010d zelo popularna na gorenjskem in obmo\u010dju Tolmina. Cikasto govedo je bilo v Sloveniji ustvarjeno s parjenjem z domorodnim keltskim govedom in pasmami pincgaver ter belanskimi biki v drugi polovici 19. stoletja.\u00a0[<a href=\"https:\/\/www.travel-slovenia.si\/slo\/slovensko\/cikasto-govedo\/\">_Preberite ve\u010d_<\/a>]\n<p style=\"text-align: justify;\"><strong><em><img loading=\"lazy\" decoding=\"async\" class=\"alignleft size-full wp-image-3942\" src=\"https:\/\/www.travel-slovenia.si\/slo\/wp-content\/uploads\/2014\/08\/travel-slovenia-krskopoljski-prasic-view.jpg\" alt=\"travel-slovenia-krskopoljski-prasic-view\" width=\"150\" height=\"150\" srcset=\"https:\/\/www.travel-slovenia.si\/slo\/wp-content\/uploads\/2014\/08\/travel-slovenia-krskopoljski-prasic-view.jpg 150w, https:\/\/www.travel-slovenia.si\/slo\/wp-content\/uploads\/2014\/08\/travel-slovenia-krskopoljski-prasic-view-83x83.jpg 83w, https:\/\/www.travel-slovenia.si\/slo\/wp-content\/uploads\/2014\/08\/travel-slovenia-krskopoljski-prasic-view-55x55.jpg 55w, https:\/\/www.travel-slovenia.si\/slo\/wp-content\/uploads\/2014\/08\/travel-slovenia-krskopoljski-prasic-view-24x24.jpg 24w, https:\/\/www.travel-slovenia.si\/slo\/wp-content\/uploads\/2014\/08\/travel-slovenia-krskopoljski-prasic-view-36x36.jpg 36w, https:\/\/www.travel-slovenia.si\/slo\/wp-content\/uploads\/2014\/08\/travel-slovenia-krskopoljski-prasic-view-48x48.jpg 48w\" sizes=\"auto, (max-width: 150px) 100vw, 150px\" \/>Kr\u0161kopoljski pra\u0161i\u010d<\/em><\/strong><br \/>\nKr\u0161kopoljski pra\u0161i\u010d je edina ohranjena slovenska avtohtona pasma pra\u0161i\u010da. Ustvarjena je bila na (\u0161ir\u0161em) obmo\u010dju dolenjske, \u0161e posebej v dolinah, mogo\u010de tudi na ju\u017enem delu \u0161tajerske. Na \u0161ir\u0161em obmo\u010dju dolenjske, so leta 1851, prevladovali dolgi, kapouhi in po ve\u010dini \u010drni in prekasti pra\u0161i\u010di. [<a href=\"https:\/\/www.travel-slovenia.si\/slo\/slovensko\/krskopoljski-prasic\/\">_Preberite ve\u010d_<\/a>]\n<p style=\"text-align: justify;\"><em><strong><img loading=\"lazy\" decoding=\"async\" class=\"alignleft size-full wp-image-3949\" src=\"https:\/\/www.travel-slovenia.si\/slo\/wp-content\/uploads\/2014\/08\/travel-slovenia-stajerska-kokos-view.jpg\" alt=\"travel-slovenia-stajerska-kokos-view\" width=\"150\" height=\"150\" srcset=\"https:\/\/www.travel-slovenia.si\/slo\/wp-content\/uploads\/2014\/08\/travel-slovenia-stajerska-kokos-view.jpg 150w, https:\/\/www.travel-slovenia.si\/slo\/wp-content\/uploads\/2014\/08\/travel-slovenia-stajerska-kokos-view-83x83.jpg 83w, https:\/\/www.travel-slovenia.si\/slo\/wp-content\/uploads\/2014\/08\/travel-slovenia-stajerska-kokos-view-55x55.jpg 55w, https:\/\/www.travel-slovenia.si\/slo\/wp-content\/uploads\/2014\/08\/travel-slovenia-stajerska-kokos-view-24x24.jpg 24w, https:\/\/www.travel-slovenia.si\/slo\/wp-content\/uploads\/2014\/08\/travel-slovenia-stajerska-kokos-view-36x36.jpg 36w, https:\/\/www.travel-slovenia.si\/slo\/wp-content\/uploads\/2014\/08\/travel-slovenia-stajerska-kokos-view-48x48.jpg 48w\" sizes=\"auto, (max-width: 150px) 100vw, 150px\" \/>\u0160tajerska\u00a0koko\u0161<\/strong><\/em><br \/>\n\u0160tajerska koko\u0161 je na\u0161a edina doma\u010da avtohtona pasma koko\u0161i v Sloveniji in avstrijski \u0161tajerski. V oddaljenih stoletjih je bila raz\u0161irjena po vseh alpskih dr\u017eavah \u2013 od Donave do Jadranskega morja in v Panonskih ni\u017einah. V svoji zgodovini, se je \u0161tajerska koko\u0161 ve\u010dkrat zna\u0161la v krizi. [<a href=\"https:\/\/www.travel-slovenia.si\/slo\/slovensko\/stajerska-kokos\/\">_Preberite ve\u010d_<\/a>]\n<p style=\"text-align: justify;\"><em><strong><img loading=\"lazy\" decoding=\"async\" class=\"alignleft size-full wp-image-3952\" src=\"https:\/\/www.travel-slovenia.si\/slo\/wp-content\/uploads\/2014\/08\/travel-slovenia-soska-postrv-view.jpg\" alt=\"travel-slovenia-soska-postrv-view\" width=\"150\" height=\"150\" srcset=\"https:\/\/www.travel-slovenia.si\/slo\/wp-content\/uploads\/2014\/08\/travel-slovenia-soska-postrv-view.jpg 150w, https:\/\/www.travel-slovenia.si\/slo\/wp-content\/uploads\/2014\/08\/travel-slovenia-soska-postrv-view-83x83.jpg 83w, https:\/\/www.travel-slovenia.si\/slo\/wp-content\/uploads\/2014\/08\/travel-slovenia-soska-postrv-view-55x55.jpg 55w, https:\/\/www.travel-slovenia.si\/slo\/wp-content\/uploads\/2014\/08\/travel-slovenia-soska-postrv-view-24x24.jpg 24w, https:\/\/www.travel-slovenia.si\/slo\/wp-content\/uploads\/2014\/08\/travel-slovenia-soska-postrv-view-36x36.jpg 36w, https:\/\/www.travel-slovenia.si\/slo\/wp-content\/uploads\/2014\/08\/travel-slovenia-soska-postrv-view-48x48.jpg 48w\" sizes=\"auto, (max-width: 150px) 100vw, 150px\" \/>So\u0161ka postrv<\/strong><\/em><br \/>\nSo\u0161ka postrv je sladkovodna riba, ki \u017eivi v reki So\u010di in njenih pritokih. Raz\u0161irjena je v Jadranskih pore\u010djih. Manj\u0161e se zadr\u017eujejo v srednje globokih vodah, ve\u010dje v globokih bazenih. Postrv je plenilec. Drstijo se od novembra do januarja na prodnatem re\u010dnem dnu.\u00a0[<a href=\"https:\/\/www.travel-slovenia.si\/slo\/slovensko\/soska-postrv\/\">_Preberite ve\u010d_<\/a>]\n<p style=\"text-align: justify;\"><strong><em><img loading=\"lazy\" decoding=\"async\" class=\"alignleft size-full wp-image-3957\" src=\"https:\/\/www.travel-slovenia.si\/slo\/wp-content\/uploads\/2014\/08\/travel-slovenia-kranjska-cebela-view2.jpg\" alt=\"travel-slovenia-kranjska-cebela-view2\" width=\"150\" height=\"150\" srcset=\"https:\/\/www.travel-slovenia.si\/slo\/wp-content\/uploads\/2014\/08\/travel-slovenia-kranjska-cebela-view2.jpg 150w, https:\/\/www.travel-slovenia.si\/slo\/wp-content\/uploads\/2014\/08\/travel-slovenia-kranjska-cebela-view2-83x83.jpg 83w, https:\/\/www.travel-slovenia.si\/slo\/wp-content\/uploads\/2014\/08\/travel-slovenia-kranjska-cebela-view2-55x55.jpg 55w, https:\/\/www.travel-slovenia.si\/slo\/wp-content\/uploads\/2014\/08\/travel-slovenia-kranjska-cebela-view2-24x24.jpg 24w, https:\/\/www.travel-slovenia.si\/slo\/wp-content\/uploads\/2014\/08\/travel-slovenia-kranjska-cebela-view2-36x36.jpg 36w, https:\/\/www.travel-slovenia.si\/slo\/wp-content\/uploads\/2014\/08\/travel-slovenia-kranjska-cebela-view2-48x48.jpg 48w\" sizes=\"auto, (max-width: 150px) 100vw, 150px\" \/>Kranjska \u010debela<\/em><\/strong><br \/>\nKranjska \u010debela je avtohtona pasma \u010debele, ki se je pojavila na ozemlju Slovenije. Najdemo jo lahko tudi na \u0161ir\u0161em obmo\u010dju Koro\u0161ke in \u0160tajerske (tudi v Avstriji), Mad\u017earski, Romuniji, Hvra\u0161ki, Bosni in herzegovini, Srbiji, Nem\u010diji in drugih delih. Kranjska \u010debela je umirjena vrsta \u010debele.\u00a0[<a href=\"https:\/\/www.travel-slovenia.si\/slo\/slovensko\/kranjska-cebela\/\">_Preberite ve\u010d_<\/a>]\n","protected":false},"excerpt":{"rendered":"<p>Cikasto govedo Cikasto govedo ali Cika je tradicionalna slovenska pasma doma\u010dega goveda, neko\u010d zelo popularna na gorenjskem in obmo\u010dju Tolmina. Cikasto govedo je bilo v Sloveniji ustvarjeno s parjenjem z domorodnim keltskim govedom in pasmami pincgaver ter belanskimi biki v drugi polovici 19. stoletja.\u00a0[_Preberite ve\u010d_] Kr\u0161kopoljski pra\u0161i\u010d Kr\u0161kopoljski pra\u0161i\u010d je edina ohranjena slovenska avtohtona pasma [&hellip;]<\/p>\n","protected":false},"author":111,"featured_media":0,"parent":10,"menu_order":0,"comment_status":"closed","ping_status":"closed","template":"","meta":{"footnotes":""},"class_list":["post-1022","page","type-page","status-publish","hentry"],"yoast_head":"<!-- This site is optimized with the Yoast SEO plugin v25.4 - https:\/\/yoast.com\/wordpress\/plugins\/seo\/ -->\n<title>Druge avtohtone \u017eivali : Travel-Slovenia<\/title>\n<meta name=\"description\" content=\"V Sloveniji lahko najdemo tudi druge avtohtone \u017eivali, ki so prispevale k identifikaciji in kulturnemu razvoju.\" \/>\n<meta name=\"robots\" content=\"index, follow, max-snippet:-1, max-image-preview:large, max-video-preview:-1\" \/>\n<link rel=\"canonical\" href=\"https:\/\/www.travel-slovenia.si\/slo\/slovensko\/druge-avtohtone-zivali\/\" \/>\n<meta property=\"og:locale\" content=\"sl_SI\" \/>\n<meta property=\"og:type\" content=\"article\" \/>\n<meta property=\"og:title\" content=\"Druge avtohtone \u017eivali : Travel-Slovenia\" \/>\n<meta property=\"og:description\" content=\"V Sloveniji lahko najdemo tudi druge avtohtone \u017eivali, ki so prispevale k identifikaciji in kulturnemu razvoju.\" \/>\n<meta property=\"og:url\" content=\"https:\/\/www.travel-slovenia.si\/slo\/slovensko\/druge-avtohtone-zivali\/\" \/>\n<meta property=\"og:site_name\" content=\"Travel Slovenia - Sledite lepotam na\u0161e male dr\u017eavice\" \/>\n<meta property=\"article:modified_time\" content=\"2015-10-02T13:52:39+00:00\" \/>\n<meta property=\"og:image\" content=\"https:\/\/www.travel-slovenia.si\/slo\/wp-content\/uploads\/2014\/08\/travel-slovenia-so\u0161ka-postrv.jpg\" \/>\n\t<meta property=\"og:image:width\" content=\"600\" \/>\n\t<meta property=\"og:image:height\" content=\"400\" \/>\n\t<meta property=\"og:image:type\" content=\"image\/jpeg\" \/>\n<meta name=\"twitter:card\" content=\"summary_large_image\" \/>\n<meta name=\"twitter:title\" content=\"Druge avtohtone \u017eivali : Travel-Slovenia\" \/>\n<meta name=\"twitter:description\" content=\"V Sloveniji lahko najdemo tudi druge avtohtone \u017eivali, ki so prispevale k identifikaciji in kulturnemu razvoju.\" \/>\n<meta name=\"twitter:image\" content=\"https:\/\/www.travel-slovenia.si\/slo\/wp-content\/uploads\/2014\/08\/travel-slovenia-so\u0161ka-postrv.jpg\" \/>\n<meta name=\"twitter:label1\" content=\"Est. reading time\" \/>\n\t<meta name=\"twitter:data1\" content=\"1 minuta\" \/>\n<script type=\"application\/ld+json\" class=\"yoast-schema-graph\">{\"@context\":\"https:\/\/schema.org\",\"@graph\":[{\"@type\":\"WebPage\",\"@id\":\"https:\/\/www.travel-slovenia.si\/slo\/slovensko\/druge-avtohtone-zivali\/\",\"url\":\"https:\/\/www.travel-slovenia.si\/slo\/slovensko\/druge-avtohtone-zivali\/\",\"name\":\"Druge avtohtone \u017eivali : Travel-Slovenia\",\"isPartOf\":{\"@id\":\"https:\/\/www.travel-slovenia.si\/slo\/#website\"},\"primaryImageOfPage\":{\"@id\":\"https:\/\/www.travel-slovenia.si\/slo\/slovensko\/druge-avtohtone-zivali\/#primaryimage\"},\"image\":{\"@id\":\"https:\/\/www.travel-slovenia.si\/slo\/slovensko\/druge-avtohtone-zivali\/#primaryimage\"},\"thumbnailUrl\":\"https:\/\/www.travel-slovenia.si\/slo\/wp-content\/uploads\/2014\/08\/travel-slovenia-cikasto-govedo-view.jpg\",\"datePublished\":\"2014-08-01T09:09:11+00:00\",\"dateModified\":\"2015-10-02T13:52:39+00:00\",\"description\":\"V Sloveniji lahko najdemo tudi druge avtohtone \u017eivali, ki so prispevale k identifikaciji in kulturnemu razvoju.\",\"breadcrumb\":{\"@id\":\"https:\/\/www.travel-slovenia.si\/slo\/slovensko\/druge-avtohtone-zivali\/#breadcrumb\"},\"inLanguage\":\"sl-SI\",\"potentialAction\":[{\"@type\":\"ReadAction\",\"target\":[\"https:\/\/www.travel-slovenia.si\/slo\/slovensko\/druge-avtohtone-zivali\/\"]}]},{\"@type\":\"ImageObject\",\"inLanguage\":\"sl-SI\",\"@id\":\"https:\/\/www.travel-slovenia.si\/slo\/slovensko\/druge-avtohtone-zivali\/#primaryimage\",\"url\":\"https:\/\/www.travel-slovenia.si\/slo\/wp-content\/uploads\/2014\/08\/travel-slovenia-cikasto-govedo-view.jpg\",\"contentUrl\":\"https:\/\/www.travel-slovenia.si\/slo\/wp-content\/uploads\/2014\/08\/travel-slovenia-cikasto-govedo-view.jpg\",\"width\":150,\"height\":150},{\"@type\":\"BreadcrumbList\",\"@id\":\"https:\/\/www.travel-slovenia.si\/slo\/slovensko\/druge-avtohtone-zivali\/#breadcrumb\",\"itemListElement\":[{\"@type\":\"ListItem\",\"position\":1,\"name\":\"Home\",\"item\":\"https:\/\/www.travel-slovenia.si\/slo\/\"},{\"@type\":\"ListItem\",\"position\":2,\"name\":\"SLOVENSKO\",\"item\":\"https:\/\/www.travel-slovenia.si\/slo\/slovensko\/\"},{\"@type\":\"ListItem\",\"position\":3,\"name\":\"Druge avtohtone \u017eivali\"}]},{\"@type\":\"WebSite\",\"@id\":\"https:\/\/www.travel-slovenia.si\/slo\/#website\",\"url\":\"https:\/\/www.travel-slovenia.si\/slo\/\",\"name\":\"Travel Slovenia - Sledite lepotam na\u0161e male dr\u017eavice\",\"description\":\"\",\"potentialAction\":[{\"@type\":\"SearchAction\",\"target\":{\"@type\":\"EntryPoint\",\"urlTemplate\":\"https:\/\/www.travel-slovenia.si\/slo\/?s={search_term_string}\"},\"query-input\":{\"@type\":\"PropertyValueSpecification\",\"valueRequired\":true,\"valueName\":\"search_term_string\"}}],\"inLanguage\":\"sl-SI\"}]}<\/script>\n<!-- \/ Yoast SEO plugin. -->","yoast_head_json":{"title":"Druge avtohtone \u017eivali : Travel-Slovenia","description":"V Sloveniji lahko najdemo tudi druge avtohtone \u017eivali, ki so prispevale k identifikaciji in kulturnemu razvoju.","robots":{"index":"index","follow":"follow","max-snippet":"max-snippet:-1","max-image-preview":"max-image-preview:large","max-video-preview":"max-video-preview:-1"},"canonical":"https:\/\/www.travel-slovenia.si\/slo\/slovensko\/druge-avtohtone-zivali\/","og_locale":"sl_SI","og_type":"article","og_title":"Druge avtohtone \u017eivali : Travel-Slovenia","og_description":"V Sloveniji lahko najdemo tudi druge avtohtone \u017eivali, ki so prispevale k identifikaciji in kulturnemu razvoju.","og_url":"https:\/\/www.travel-slovenia.si\/slo\/slovensko\/druge-avtohtone-zivali\/","og_site_name":"Travel Slovenia - Sledite lepotam na\u0161e male dr\u017eavice","article_modified_time":"2015-10-02T13:52:39+00:00","og_image":[{"width":600,"height":400,"url":"https:\/\/www.travel-slovenia.si\/slo\/wp-content\/uploads\/2014\/08\/travel-slovenia-so\u0161ka-postrv.jpg","type":"image\/jpeg"}],"twitter_card":"summary_large_image","twitter_title":"Druge avtohtone \u017eivali : Travel-Slovenia","twitter_description":"V Sloveniji lahko najdemo tudi druge avtohtone \u017eivali, ki so prispevale k identifikaciji in kulturnemu razvoju.","twitter_image":"https:\/\/www.travel-slovenia.si\/slo\/wp-content\/uploads\/2014\/08\/travel-slovenia-so\u0161ka-postrv.jpg","twitter_misc":{"Est. reading time":"1 minuta"},"schema":{"@context":"https:\/\/schema.org","@graph":[{"@type":"WebPage","@id":"https:\/\/www.travel-slovenia.si\/slo\/slovensko\/druge-avtohtone-zivali\/","url":"https:\/\/www.travel-slovenia.si\/slo\/slovensko\/druge-avtohtone-zivali\/","name":"Druge avtohtone \u017eivali : Travel-Slovenia","isPartOf":{"@id":"https:\/\/www.travel-slovenia.si\/slo\/#website"},"primaryImageOfPage":{"@id":"https:\/\/www.travel-slovenia.si\/slo\/slovensko\/druge-avtohtone-zivali\/#primaryimage"},"image":{"@id":"https:\/\/www.travel-slovenia.si\/slo\/slovensko\/druge-avtohtone-zivali\/#primaryimage"},"thumbnailUrl":"https:\/\/www.travel-slovenia.si\/slo\/wp-content\/uploads\/2014\/08\/travel-slovenia-cikasto-govedo-view.jpg","datePublished":"2014-08-01T09:09:11+00:00","dateModified":"2015-10-02T13:52:39+00:00","description":"V Sloveniji lahko najdemo tudi druge avtohtone \u017eivali, ki so prispevale k identifikaciji in kulturnemu razvoju.","breadcrumb":{"@id":"https:\/\/www.travel-slovenia.si\/slo\/slovensko\/druge-avtohtone-zivali\/#breadcrumb"},"inLanguage":"sl-SI","potentialAction":[{"@type":"ReadAction","target":["https:\/\/www.travel-slovenia.si\/slo\/slovensko\/druge-avtohtone-zivali\/"]}]},{"@type":"ImageObject","inLanguage":"sl-SI","@id":"https:\/\/www.travel-slovenia.si\/slo\/slovensko\/druge-avtohtone-zivali\/#primaryimage","url":"https:\/\/www.travel-slovenia.si\/slo\/wp-content\/uploads\/2014\/08\/travel-slovenia-cikasto-govedo-view.jpg","contentUrl":"https:\/\/www.travel-slovenia.si\/slo\/wp-content\/uploads\/2014\/08\/travel-slovenia-cikasto-govedo-view.jpg","width":150,"height":150},{"@type":"BreadcrumbList","@id":"https:\/\/www.travel-slovenia.si\/slo\/slovensko\/druge-avtohtone-zivali\/#breadcrumb","itemListElement":[{"@type":"ListItem","position":1,"name":"Home","item":"https:\/\/www.travel-slovenia.si\/slo\/"},{"@type":"ListItem","position":2,"name":"SLOVENSKO","item":"https:\/\/www.travel-slovenia.si\/slo\/slovensko\/"},{"@type":"ListItem","position":3,"name":"Druge avtohtone \u017eivali"}]},{"@type":"WebSite","@id":"https:\/\/www.travel-slovenia.si\/slo\/#website","url":"https:\/\/www.travel-slovenia.si\/slo\/","name":"Travel Slovenia - Sledite lepotam na\u0161e male dr\u017eavice","description":"","potentialAction":[{"@type":"SearchAction","target":{"@type":"EntryPoint","urlTemplate":"https:\/\/www.travel-slovenia.si\/slo\/?s={search_term_string}"},"query-input":{"@type":"PropertyValueSpecification","valueRequired":true,"valueName":"search_term_string"}}],"inLanguage":"sl-SI"}]}},"post_mailing_queue_ids":[],"_links":{"self":[{"href":"https:\/\/www.travel-slovenia.si\/slo\/wp-json\/wp\/v2\/pages\/1022","targetHints":{"allow":["GET"]}}],"collection":[{"href":"https:\/\/www.travel-slovenia.si\/slo\/wp-json\/wp\/v2\/pages"}],"about":[{"href":"https:\/\/www.travel-slovenia.si\/slo\/wp-json\/wp\/v2\/types\/page"}],"author":[{"embeddable":true,"href":"https:\/\/www.travel-slovenia.si\/slo\/wp-json\/wp\/v2\/users\/111"}],"replies":[{"embeddable":true,"href":"https:\/\/www.travel-slovenia.si\/slo\/wp-json\/wp\/v2\/comments?post=1022"}],"version-history":[{"count":34,"href":"https:\/\/www.travel-slovenia.si\/slo\/wp-json\/wp\/v2\/pages\/1022\/revisions"}],"predecessor-version":[{"id":3960,"href":"https:\/\/www.travel-slovenia.si\/slo\/wp-json\/wp\/v2\/pages\/1022\/revisions\/3960"}],"up":[{"embeddable":true,"href":"https:\/\/www.travel-slovenia.si\/slo\/wp-json\/wp\/v2\/pages\/10"}],"wp:attachment":[{"href":"https:\/\/www.travel-slovenia.si\/slo\/wp-json\/wp\/v2\/media?parent=1022"}],"curies":[{"name":"wp","href":"https:\/\/api.w.org\/{rel}","templated":true}]}}