{"id":1015,"date":"2014-08-01T08:58:15","date_gmt":"2014-08-01T08:58:15","guid":{"rendered":"https:\/\/www.travel-slovenia.si\/?page_id=1015"},"modified":"2015-09-15T11:50:48","modified_gmt":"2015-09-15T11:50:48","slug":"konji","status":"publish","type":"page","link":"https:\/\/www.travel-slovenia.si\/slo\/slovensko\/konji\/","title":{"rendered":"Konji"},"content":{"rendered":"<p style=\"text-align: justify;\"><em><strong><img loading=\"lazy\" decoding=\"async\" class=\"alignleft size-full wp-image-3610\" src=\"https:\/\/www.travel-slovenia.si\/slo\/wp-content\/uploads\/2014\/08\/travel-slovenia-lipicanec-view.jpg\" alt=\"travel-slovenia-lipicanec-view\" width=\"150\" height=\"150\" srcset=\"https:\/\/www.travel-slovenia.si\/slo\/wp-content\/uploads\/2014\/08\/travel-slovenia-lipicanec-view.jpg 150w, https:\/\/www.travel-slovenia.si\/slo\/wp-content\/uploads\/2014\/08\/travel-slovenia-lipicanec-view-83x83.jpg 83w, https:\/\/www.travel-slovenia.si\/slo\/wp-content\/uploads\/2014\/08\/travel-slovenia-lipicanec-view-55x55.jpg 55w, https:\/\/www.travel-slovenia.si\/slo\/wp-content\/uploads\/2014\/08\/travel-slovenia-lipicanec-view-24x24.jpg 24w, https:\/\/www.travel-slovenia.si\/slo\/wp-content\/uploads\/2014\/08\/travel-slovenia-lipicanec-view-36x36.jpg 36w, https:\/\/www.travel-slovenia.si\/slo\/wp-content\/uploads\/2014\/08\/travel-slovenia-lipicanec-view-48x48.jpg 48w\" sizes=\"auto, (max-width: 150px) 100vw, 150px\" \/>Lipicanec<\/strong><\/em><br \/>\nLipicanec je \u010dlan pasme konj, vzrejene v Lipici. Pasmo je leta 1580 v Habsbur\u0161ki monarhiji usatnovil Karel, natan\u010dneje na obmo\u010dju slovenskega krasa in je najstarej\u0161a kulturna pasma konj na svetu. Konj je slovenski simbol, upodobljen na slovenskem kovancu za 20 centov.\u00a0[<a href=\"https:\/\/www.travel-slovenia.si\/slo\/slovensko\/lipicanec\/\">_Preberite ve\u010d_<\/a>]\n<p style=\"text-align: justify;\"><strong><em><img loading=\"lazy\" decoding=\"async\" class=\"alignleft size-full wp-image-3611\" src=\"https:\/\/www.travel-slovenia.si\/slo\/wp-content\/uploads\/2014\/08\/travel-slovenia-posavski-konj-view.jpg\" alt=\"travel-slovenia-posavski-konj-view\" width=\"150\" height=\"150\" srcset=\"https:\/\/www.travel-slovenia.si\/slo\/wp-content\/uploads\/2014\/08\/travel-slovenia-posavski-konj-view.jpg 150w, https:\/\/www.travel-slovenia.si\/slo\/wp-content\/uploads\/2014\/08\/travel-slovenia-posavski-konj-view-83x83.jpg 83w, https:\/\/www.travel-slovenia.si\/slo\/wp-content\/uploads\/2014\/08\/travel-slovenia-posavski-konj-view-55x55.jpg 55w, https:\/\/www.travel-slovenia.si\/slo\/wp-content\/uploads\/2014\/08\/travel-slovenia-posavski-konj-view-24x24.jpg 24w, https:\/\/www.travel-slovenia.si\/slo\/wp-content\/uploads\/2014\/08\/travel-slovenia-posavski-konj-view-36x36.jpg 36w, https:\/\/www.travel-slovenia.si\/slo\/wp-content\/uploads\/2014\/08\/travel-slovenia-posavski-konj-view-48x48.jpg 48w\" sizes=\"auto, (max-width: 150px) 100vw, 150px\" \/>Posavski\u00a0konj<\/em><\/strong><br \/>\nTa pasma konj je zna\u010dilna za obmo\u010dje Posavja, \u0161e posebej na obmo\u010dju Kr\u0161kega polja in Bre\u017eic. Redijo ga tudi na Hrva\u0161kem. Pasma je nastala ko so jo kmetje nena\u010drtno kri\u017eali s konji razli\u010dnih pasem, predvsem hladnokrvnimi belgijskega tipa. Vzreja konj je temeljila na pa\u0161nem na\u010dinu.\u00a0[<a href=\"https:\/\/www.travel-slovenia.si\/slo\/slovensko\/posavski-konj\/\">_Preberite ve\u010d_<\/a>]\n<p style=\"text-align: justify;\"><strong><em><img loading=\"lazy\" decoding=\"async\" class=\"alignleft size-full wp-image-3612\" src=\"https:\/\/www.travel-slovenia.si\/slo\/wp-content\/uploads\/2014\/08\/travel-slovenia-slovenski-hladnokrvni-konj-view.jpg\" alt=\"travel-slovenia-slovenski-hladnokrvni-konj-view\" width=\"150\" height=\"150\" srcset=\"https:\/\/www.travel-slovenia.si\/slo\/wp-content\/uploads\/2014\/08\/travel-slovenia-slovenski-hladnokrvni-konj-view.jpg 150w, https:\/\/www.travel-slovenia.si\/slo\/wp-content\/uploads\/2014\/08\/travel-slovenia-slovenski-hladnokrvni-konj-view-83x83.jpg 83w, https:\/\/www.travel-slovenia.si\/slo\/wp-content\/uploads\/2014\/08\/travel-slovenia-slovenski-hladnokrvni-konj-view-55x55.jpg 55w, https:\/\/www.travel-slovenia.si\/slo\/wp-content\/uploads\/2014\/08\/travel-slovenia-slovenski-hladnokrvni-konj-view-24x24.jpg 24w, https:\/\/www.travel-slovenia.si\/slo\/wp-content\/uploads\/2014\/08\/travel-slovenia-slovenski-hladnokrvni-konj-view-36x36.jpg 36w, https:\/\/www.travel-slovenia.si\/slo\/wp-content\/uploads\/2014\/08\/travel-slovenia-slovenski-hladnokrvni-konj-view-48x48.jpg 48w\" sizes=\"auto, (max-width: 150px) 100vw, 150px\" \/>Slovenski hladnokrvni konj<\/em><\/strong><br \/>\nTa pasma konj je bila ustvarjena ve\u010dinoma na obmo\u010dju severno-vzhodne Slovenije in gorenjske regije na osnovi doma\u010dih hladnokrvnih konj. Kon\u010dno podobo je pasma dobila s kri\u017eanjem z nori\u010dani, katere uporabljajo \u0161e danes. V manj\u0161i meri pa so jih kri\u017eali tudi z belgijskimi \u017erebci.\u00a0 [<a href=\"https:\/\/www.travel-slovenia.si\/slo\/slovensko\/slovenski-hladnokrvni-konj\/\">_Preberite ve\u010d_<\/a>]\n","protected":false},"excerpt":{"rendered":"<p>Lipicanec Lipicanec je \u010dlan pasme konj, vzrejene v Lipici. Pasmo je leta 1580 v Habsbur\u0161ki monarhiji usatnovil Karel, natan\u010dneje na obmo\u010dju slovenskega krasa in je najstarej\u0161a kulturna pasma konj na svetu. Konj je slovenski simbol, upodobljen na slovenskem kovancu za 20 centov.\u00a0[_Preberite ve\u010d_] Posavski\u00a0konj Ta pasma konj je zna\u010dilna za obmo\u010dje Posavja, \u0161e posebej na [&hellip;]<\/p>\n","protected":false},"author":111,"featured_media":0,"parent":10,"menu_order":0,"comment_status":"closed","ping_status":"closed","template":"","meta":{"footnotes":""},"class_list":["post-1015","page","type-page","status-publish","hentry"],"yoast_head":"<!-- This site is optimized with the Yoast SEO plugin v25.4 - https:\/\/yoast.com\/wordpress\/plugins\/seo\/ -->\n<title>Konji : Travel-Slovenia<\/title>\n<meta name=\"description\" content=\"Slovenske avtohtone pasme konj so: Lipicanec, Posavski konj in Slovenski hladnokrvni konj.\" \/>\n<meta name=\"robots\" content=\"index, follow, max-snippet:-1, max-image-preview:large, max-video-preview:-1\" \/>\n<link rel=\"canonical\" href=\"https:\/\/www.travel-slovenia.si\/slo\/slovensko\/konji\/\" \/>\n<meta property=\"og:locale\" content=\"sl_SI\" \/>\n<meta property=\"og:type\" content=\"article\" \/>\n<meta property=\"og:title\" content=\"Konji : Travel-Slovenia\" \/>\n<meta property=\"og:description\" content=\"Slovenske avtohtone pasme konj so: Lipicanec, Posavski konj in Slovenski hladnokrvni konj.\" \/>\n<meta property=\"og:url\" content=\"https:\/\/www.travel-slovenia.si\/slo\/slovensko\/konji\/\" \/>\n<meta property=\"og:site_name\" content=\"Travel Slovenia - Sledite lepotam na\u0161e male dr\u017eavice\" \/>\n<meta property=\"article:modified_time\" content=\"2015-09-15T11:50:48+00:00\" \/>\n<meta property=\"og:image\" content=\"https:\/\/www.travel-slovenia.si\/slo\/wp-content\/uploads\/2014\/08\/travel-slovenia-lipicanec.jpg\" \/>\n\t<meta property=\"og:image:width\" content=\"600\" \/>\n\t<meta property=\"og:image:height\" content=\"800\" \/>\n\t<meta property=\"og:image:type\" content=\"image\/jpeg\" \/>\n<meta name=\"twitter:card\" content=\"summary_large_image\" \/>\n<meta name=\"twitter:title\" content=\"Konji : Travel-Slovenia\" \/>\n<meta name=\"twitter:description\" content=\"Slovenske avtohtone pasme konj so: Lipicanec, Posavski konj in Slovenski hladnokrvni konj.\" \/>\n<meta name=\"twitter:image\" content=\"https:\/\/www.travel-slovenia.si\/slo\/wp-content\/uploads\/2014\/08\/travel-slovenia-lipicanec.jpg\" \/>\n<meta name=\"twitter:label1\" content=\"Est. reading time\" \/>\n\t<meta name=\"twitter:data1\" content=\"1 minuta\" \/>\n<script type=\"application\/ld+json\" class=\"yoast-schema-graph\">{\"@context\":\"https:\/\/schema.org\",\"@graph\":[{\"@type\":\"WebPage\",\"@id\":\"https:\/\/www.travel-slovenia.si\/slo\/slovensko\/konji\/\",\"url\":\"https:\/\/www.travel-slovenia.si\/slo\/slovensko\/konji\/\",\"name\":\"Konji : Travel-Slovenia\",\"isPartOf\":{\"@id\":\"https:\/\/www.travel-slovenia.si\/slo\/#website\"},\"primaryImageOfPage\":{\"@id\":\"https:\/\/www.travel-slovenia.si\/slo\/slovensko\/konji\/#primaryimage\"},\"image\":{\"@id\":\"https:\/\/www.travel-slovenia.si\/slo\/slovensko\/konji\/#primaryimage\"},\"thumbnailUrl\":\"https:\/\/www.travel-slovenia.si\/slo\/wp-content\/uploads\/2014\/08\/travel-slovenia-lipicanec-view.jpg\",\"datePublished\":\"2014-08-01T08:58:15+00:00\",\"dateModified\":\"2015-09-15T11:50:48+00:00\",\"description\":\"Slovenske avtohtone pasme konj so: Lipicanec, Posavski konj in Slovenski hladnokrvni konj.\",\"breadcrumb\":{\"@id\":\"https:\/\/www.travel-slovenia.si\/slo\/slovensko\/konji\/#breadcrumb\"},\"inLanguage\":\"sl-SI\",\"potentialAction\":[{\"@type\":\"ReadAction\",\"target\":[\"https:\/\/www.travel-slovenia.si\/slo\/slovensko\/konji\/\"]}]},{\"@type\":\"ImageObject\",\"inLanguage\":\"sl-SI\",\"@id\":\"https:\/\/www.travel-slovenia.si\/slo\/slovensko\/konji\/#primaryimage\",\"url\":\"https:\/\/www.travel-slovenia.si\/slo\/wp-content\/uploads\/2014\/08\/travel-slovenia-lipicanec-view.jpg\",\"contentUrl\":\"https:\/\/www.travel-slovenia.si\/slo\/wp-content\/uploads\/2014\/08\/travel-slovenia-lipicanec-view.jpg\",\"width\":150,\"height\":150},{\"@type\":\"BreadcrumbList\",\"@id\":\"https:\/\/www.travel-slovenia.si\/slo\/slovensko\/konji\/#breadcrumb\",\"itemListElement\":[{\"@type\":\"ListItem\",\"position\":1,\"name\":\"Home\",\"item\":\"https:\/\/www.travel-slovenia.si\/slo\/\"},{\"@type\":\"ListItem\",\"position\":2,\"name\":\"SLOVENSKO\",\"item\":\"https:\/\/www.travel-slovenia.si\/slo\/slovensko\/\"},{\"@type\":\"ListItem\",\"position\":3,\"name\":\"Konji\"}]},{\"@type\":\"WebSite\",\"@id\":\"https:\/\/www.travel-slovenia.si\/slo\/#website\",\"url\":\"https:\/\/www.travel-slovenia.si\/slo\/\",\"name\":\"Travel Slovenia - Sledite lepotam na\u0161e male dr\u017eavice\",\"description\":\"\",\"potentialAction\":[{\"@type\":\"SearchAction\",\"target\":{\"@type\":\"EntryPoint\",\"urlTemplate\":\"https:\/\/www.travel-slovenia.si\/slo\/?s={search_term_string}\"},\"query-input\":{\"@type\":\"PropertyValueSpecification\",\"valueRequired\":true,\"valueName\":\"search_term_string\"}}],\"inLanguage\":\"sl-SI\"}]}<\/script>\n<!-- \/ Yoast SEO plugin. -->","yoast_head_json":{"title":"Konji : Travel-Slovenia","description":"Slovenske avtohtone pasme konj so: Lipicanec, Posavski konj in Slovenski hladnokrvni konj.","robots":{"index":"index","follow":"follow","max-snippet":"max-snippet:-1","max-image-preview":"max-image-preview:large","max-video-preview":"max-video-preview:-1"},"canonical":"https:\/\/www.travel-slovenia.si\/slo\/slovensko\/konji\/","og_locale":"sl_SI","og_type":"article","og_title":"Konji : Travel-Slovenia","og_description":"Slovenske avtohtone pasme konj so: Lipicanec, Posavski konj in Slovenski hladnokrvni konj.","og_url":"https:\/\/www.travel-slovenia.si\/slo\/slovensko\/konji\/","og_site_name":"Travel Slovenia - Sledite lepotam na\u0161e male dr\u017eavice","article_modified_time":"2015-09-15T11:50:48+00:00","og_image":[{"width":600,"height":800,"url":"https:\/\/www.travel-slovenia.si\/slo\/wp-content\/uploads\/2014\/08\/travel-slovenia-lipicanec.jpg","type":"image\/jpeg"}],"twitter_card":"summary_large_image","twitter_title":"Konji : Travel-Slovenia","twitter_description":"Slovenske avtohtone pasme konj so: Lipicanec, Posavski konj in Slovenski hladnokrvni konj.","twitter_image":"https:\/\/www.travel-slovenia.si\/slo\/wp-content\/uploads\/2014\/08\/travel-slovenia-lipicanec.jpg","twitter_misc":{"Est. reading time":"1 minuta"},"schema":{"@context":"https:\/\/schema.org","@graph":[{"@type":"WebPage","@id":"https:\/\/www.travel-slovenia.si\/slo\/slovensko\/konji\/","url":"https:\/\/www.travel-slovenia.si\/slo\/slovensko\/konji\/","name":"Konji : Travel-Slovenia","isPartOf":{"@id":"https:\/\/www.travel-slovenia.si\/slo\/#website"},"primaryImageOfPage":{"@id":"https:\/\/www.travel-slovenia.si\/slo\/slovensko\/konji\/#primaryimage"},"image":{"@id":"https:\/\/www.travel-slovenia.si\/slo\/slovensko\/konji\/#primaryimage"},"thumbnailUrl":"https:\/\/www.travel-slovenia.si\/slo\/wp-content\/uploads\/2014\/08\/travel-slovenia-lipicanec-view.jpg","datePublished":"2014-08-01T08:58:15+00:00","dateModified":"2015-09-15T11:50:48+00:00","description":"Slovenske avtohtone pasme konj so: Lipicanec, Posavski konj in Slovenski hladnokrvni konj.","breadcrumb":{"@id":"https:\/\/www.travel-slovenia.si\/slo\/slovensko\/konji\/#breadcrumb"},"inLanguage":"sl-SI","potentialAction":[{"@type":"ReadAction","target":["https:\/\/www.travel-slovenia.si\/slo\/slovensko\/konji\/"]}]},{"@type":"ImageObject","inLanguage":"sl-SI","@id":"https:\/\/www.travel-slovenia.si\/slo\/slovensko\/konji\/#primaryimage","url":"https:\/\/www.travel-slovenia.si\/slo\/wp-content\/uploads\/2014\/08\/travel-slovenia-lipicanec-view.jpg","contentUrl":"https:\/\/www.travel-slovenia.si\/slo\/wp-content\/uploads\/2014\/08\/travel-slovenia-lipicanec-view.jpg","width":150,"height":150},{"@type":"BreadcrumbList","@id":"https:\/\/www.travel-slovenia.si\/slo\/slovensko\/konji\/#breadcrumb","itemListElement":[{"@type":"ListItem","position":1,"name":"Home","item":"https:\/\/www.travel-slovenia.si\/slo\/"},{"@type":"ListItem","position":2,"name":"SLOVENSKO","item":"https:\/\/www.travel-slovenia.si\/slo\/slovensko\/"},{"@type":"ListItem","position":3,"name":"Konji"}]},{"@type":"WebSite","@id":"https:\/\/www.travel-slovenia.si\/slo\/#website","url":"https:\/\/www.travel-slovenia.si\/slo\/","name":"Travel Slovenia - Sledite lepotam na\u0161e male dr\u017eavice","description":"","potentialAction":[{"@type":"SearchAction","target":{"@type":"EntryPoint","urlTemplate":"https:\/\/www.travel-slovenia.si\/slo\/?s={search_term_string}"},"query-input":{"@type":"PropertyValueSpecification","valueRequired":true,"valueName":"search_term_string"}}],"inLanguage":"sl-SI"}]}},"post_mailing_queue_ids":[],"_links":{"self":[{"href":"https:\/\/www.travel-slovenia.si\/slo\/wp-json\/wp\/v2\/pages\/1015","targetHints":{"allow":["GET"]}}],"collection":[{"href":"https:\/\/www.travel-slovenia.si\/slo\/wp-json\/wp\/v2\/pages"}],"about":[{"href":"https:\/\/www.travel-slovenia.si\/slo\/wp-json\/wp\/v2\/types\/page"}],"author":[{"embeddable":true,"href":"https:\/\/www.travel-slovenia.si\/slo\/wp-json\/wp\/v2\/users\/111"}],"replies":[{"embeddable":true,"href":"https:\/\/www.travel-slovenia.si\/slo\/wp-json\/wp\/v2\/comments?post=1015"}],"version-history":[{"count":24,"href":"https:\/\/www.travel-slovenia.si\/slo\/wp-json\/wp\/v2\/pages\/1015\/revisions"}],"predecessor-version":[{"id":3622,"href":"https:\/\/www.travel-slovenia.si\/slo\/wp-json\/wp\/v2\/pages\/1015\/revisions\/3622"}],"up":[{"embeddable":true,"href":"https:\/\/www.travel-slovenia.si\/slo\/wp-json\/wp\/v2\/pages\/10"}],"wp:attachment":[{"href":"https:\/\/www.travel-slovenia.si\/slo\/wp-json\/wp\/v2\/media?parent=1015"}],"curies":[{"name":"wp","href":"https:\/\/api.w.org\/{rel}","templated":true}]}}