{"id":1008,"date":"2014-08-01T08:42:45","date_gmt":"2014-08-01T08:42:45","guid":{"rendered":"https:\/\/www.travel-slovenia.si\/?page_id=1008"},"modified":"2019-11-11T10:45:03","modified_gmt":"2019-11-11T09:45:03","slug":"kulinaricne-dobrote","status":"publish","type":"page","link":"https:\/\/www.travel-slovenia.si\/slo\/slovensko\/kulinaricne-dobrote\/","title":{"rendered":"Kulinari\u010dne dobrote"},"content":{"rendered":"<p style=\"text-align: justify;\"><strong><em><img loading=\"lazy\" decoding=\"async\" class=\"alignleft size-full wp-image-4067\" src=\"https:\/\/www.travel-slovenia.si\/slo\/wp-content\/uploads\/2014\/06\/travel-slovenia-kranjska-klobasa-view.jpg\" alt=\"travel-slovenia-kranjska-klobasa-view\" width=\"150\" height=\"150\" srcset=\"https:\/\/www.travel-slovenia.si\/slo\/wp-content\/uploads\/2014\/06\/travel-slovenia-kranjska-klobasa-view.jpg 150w, https:\/\/www.travel-slovenia.si\/slo\/wp-content\/uploads\/2014\/06\/travel-slovenia-kranjska-klobasa-view-83x83.jpg 83w, https:\/\/www.travel-slovenia.si\/slo\/wp-content\/uploads\/2014\/06\/travel-slovenia-kranjska-klobasa-view-55x55.jpg 55w, https:\/\/www.travel-slovenia.si\/slo\/wp-content\/uploads\/2014\/06\/travel-slovenia-kranjska-klobasa-view-24x24.jpg 24w, https:\/\/www.travel-slovenia.si\/slo\/wp-content\/uploads\/2014\/06\/travel-slovenia-kranjska-klobasa-view-36x36.jpg 36w, https:\/\/www.travel-slovenia.si\/slo\/wp-content\/uploads\/2014\/06\/travel-slovenia-kranjska-klobasa-view-48x48.jpg 48w\" sizes=\"auto, (max-width: 150px) 100vw, 150px\" \/>Kranjska klobasa<\/em><\/strong><br \/>\nKranjska klobasa je mesna klobasa s Kranjskega.\u00a0 V pisnih virih je omenjena \u017ee v drugi polovici 19. stoletja, izhaja pa iz kulturne dedi\u0161\u010dine kolin. Je mesni proizvod, ki je narejen iz najbolj\u0161e svinjine, kon\u010dni okus pa je me\u0161anica svinjskega mesa, popra in \u010desna.\u00a0[<a href=\"https:\/\/www.travel-slovenia.si\/slo\/slovensko\/kranjska-klobasa\/\">_Preberite ve\u010d_<\/a>]\n<p style=\"text-align: justify;\"><strong><em><img loading=\"lazy\" decoding=\"async\" class=\"alignleft size-full wp-image-3517\" src=\"https:\/\/www.travel-slovenia.si\/slo\/wp-content\/uploads\/2014\/05\/travel-slovenia-prekmurska-gibanica-view.jpg\" alt=\"travel-slovenia-prekmurska-gibanica-view\" width=\"150\" height=\"150\" srcset=\"https:\/\/www.travel-slovenia.si\/slo\/wp-content\/uploads\/2014\/05\/travel-slovenia-prekmurska-gibanica-view.jpg 150w, https:\/\/www.travel-slovenia.si\/slo\/wp-content\/uploads\/2014\/05\/travel-slovenia-prekmurska-gibanica-view-83x83.jpg 83w, https:\/\/www.travel-slovenia.si\/slo\/wp-content\/uploads\/2014\/05\/travel-slovenia-prekmurska-gibanica-view-55x55.jpg 55w, https:\/\/www.travel-slovenia.si\/slo\/wp-content\/uploads\/2014\/05\/travel-slovenia-prekmurska-gibanica-view-24x24.jpg 24w, https:\/\/www.travel-slovenia.si\/slo\/wp-content\/uploads\/2014\/05\/travel-slovenia-prekmurska-gibanica-view-36x36.jpg 36w, https:\/\/www.travel-slovenia.si\/slo\/wp-content\/uploads\/2014\/05\/travel-slovenia-prekmurska-gibanica-view-48x48.jpg 48w\" sizes=\"auto, (max-width: 150px) 100vw, 150px\" \/>Prekmurska gibanica<\/em><\/strong><br \/>\nPrekmurska gibanica je posebnost med sladicami in se uvr\u0161\u010da med slovenske kulinari\u010dne specialitete. Pona\u0161a se z evropsko za\u0161\u010dito zajam\u010dene tradicionalne posebnosti. Je stara prekmurska prazni\u010dna in obredna jed, ime je pa dobila po besedi guba. V pokrajini ob Muri se je uveljavila \u017ee v starih \u010dasih. [<a href=\"https:\/\/www.travel-slovenia.si\/slo\/slovensko\/prekmurska-gibanica\/\">_Preberite ve\u010d_<\/a>]\n<p style=\"text-align: justify;\"><img loading=\"lazy\" decoding=\"async\" class=\"alignleft size-full wp-image-5716\" src=\"https:\/\/www.travel-slovenia.si\/slo\/wp-content\/uploads\/2016\/07\/travel-slovenia-jota1.jpg\" alt=\"travel-slovenia-jota\" width=\"150\" height=\"150\" srcset=\"https:\/\/www.travel-slovenia.si\/slo\/wp-content\/uploads\/2016\/07\/travel-slovenia-jota1.jpg 150w, https:\/\/www.travel-slovenia.si\/slo\/wp-content\/uploads\/2016\/07\/travel-slovenia-jota1-83x83.jpg 83w, https:\/\/www.travel-slovenia.si\/slo\/wp-content\/uploads\/2016\/07\/travel-slovenia-jota1-55x55.jpg 55w, https:\/\/www.travel-slovenia.si\/slo\/wp-content\/uploads\/2016\/07\/travel-slovenia-jota1-24x24.jpg 24w, https:\/\/www.travel-slovenia.si\/slo\/wp-content\/uploads\/2016\/07\/travel-slovenia-jota1-36x36.jpg 36w, https:\/\/www.travel-slovenia.si\/slo\/wp-content\/uploads\/2016\/07\/travel-slovenia-jota1-48x48.jpg 48w\" sizes=\"auto, (max-width: 150px) 100vw, 150px\" \/><strong><em>Jota<\/em><\/strong><br \/>\nJed jota je enolon\u010dnica, je kra\u0161ka in furlanska narodna samostojna jed. Jota se je udoma\u010dila na Gori\u0161kem in ostalih delih Primorske, v Furlaniji pa je \u0161la v pozabo. Znana je kot tipi\u010dna tr\u017ea\u0161ka posebnost. Ime jota izvira iz furlanske besede jote, katera pa izvira iz galske besede za juho, iutta. [<a href=\"https:\/\/www.travel-slovenia.si\/slo\/jota\/\">_Preberite ve\u010d_<\/a>]\n<p style=\"text-align: justify;\"><img loading=\"lazy\" decoding=\"async\" class=\"alignleft size-full wp-image-5816\" src=\"https:\/\/www.travel-slovenia.si\/slo\/wp-content\/uploads\/2016\/08\/travel-slovenia-blejska-kremsnita-view.jpg\" alt=\"travel-slovenia-blejska-kremsnita-view\" width=\"150\" height=\"150\" srcset=\"https:\/\/www.travel-slovenia.si\/slo\/wp-content\/uploads\/2016\/08\/travel-slovenia-blejska-kremsnita-view.jpg 150w, https:\/\/www.travel-slovenia.si\/slo\/wp-content\/uploads\/2016\/08\/travel-slovenia-blejska-kremsnita-view-83x83.jpg 83w, https:\/\/www.travel-slovenia.si\/slo\/wp-content\/uploads\/2016\/08\/travel-slovenia-blejska-kremsnita-view-55x55.jpg 55w, https:\/\/www.travel-slovenia.si\/slo\/wp-content\/uploads\/2016\/08\/travel-slovenia-blejska-kremsnita-view-24x24.jpg 24w, https:\/\/www.travel-slovenia.si\/slo\/wp-content\/uploads\/2016\/08\/travel-slovenia-blejska-kremsnita-view-36x36.jpg 36w, https:\/\/www.travel-slovenia.si\/slo\/wp-content\/uploads\/2016\/08\/travel-slovenia-blejska-kremsnita-view-48x48.jpg 48w\" sizes=\"auto, (max-width: 150px) 100vw, 150px\" \/><em><strong>Blejska krem\u0161nita<\/strong><\/em><br \/>\nBlejska krem\u0161nita ali kremna rezina je simbol blejske kulinarike. Obenem je tudi zelo raz\u0161irjena sladica v Sloveniji. Kremno rezino na Bledu pripravljajo \u017ee od leta 1953, izdelovati pa jih je pri\u010del takratni sla\u0161\u010di\u010dar I\u0161tvan Luka\u010devi\u0107. Nekaj \u010dasa je preizku\u0161al razli\u010dne recepte. [<a href=\"https:\/\/www.travel-slovenia.si\/slo\/blejska-kremsnita\/\">_Preberite ve\u010d_<\/a>]\n<p style=\"text-align: justify;\"><a href=\"https:\/\/www.travel-slovenia.si\/slo\/sukenski-regut\/\"><img loading=\"lazy\" decoding=\"async\" class=\"alignleft size-full wp-image-7216\" src=\"https:\/\/www.travel-slovenia.si\/slo\/wp-content\/uploads\/2018\/02\/travel-slovenia-solkan-radicchio-view.jpg\" alt=\"\" width=\"150\" height=\"150\" srcset=\"https:\/\/www.travel-slovenia.si\/slo\/wp-content\/uploads\/2018\/02\/travel-slovenia-solkan-radicchio-view.jpg 150w, https:\/\/www.travel-slovenia.si\/slo\/wp-content\/uploads\/2018\/02\/travel-slovenia-solkan-radicchio-view-83x83.jpg 83w, https:\/\/www.travel-slovenia.si\/slo\/wp-content\/uploads\/2018\/02\/travel-slovenia-solkan-radicchio-view-55x55.jpg 55w, https:\/\/www.travel-slovenia.si\/slo\/wp-content\/uploads\/2018\/02\/travel-slovenia-solkan-radicchio-view-24x24.jpg 24w, https:\/\/www.travel-slovenia.si\/slo\/wp-content\/uploads\/2018\/02\/travel-slovenia-solkan-radicchio-view-36x36.jpg 36w, https:\/\/www.travel-slovenia.si\/slo\/wp-content\/uploads\/2018\/02\/travel-slovenia-solkan-radicchio-view-48x48.jpg 48w\" sizes=\"auto, (max-width: 150px) 100vw, 150px\" \/><\/a><a href=\"https:\/\/www.travel-slovenia.si\/slo\/sukenski-regut\/\"><strong><em>Sukenski regut<\/em><\/strong><\/a><br \/>\nSukenski regut (tudi gori\u0161ki radi\u010d ali gori\u0161ka vrtnica) je avtohtona slovenska sorta, ki izvira iz Solkana. Najbolj\u0161e in najlep\u0161e raste ravno v okolici Solkana. Botani\u010dno spada med cirkorijo, po doma\u010de se imenuje regrat oziroma regvat. Na podro\u010dju Solkana gojijo dve vrsti radi\u010da: rde\u010do sorto in\u00a0kanarino.\u00a0[<a href=\"https:\/\/www.travel-slovenia.si\/slo\/sukenski-regut\/\">_Preberite ve\u010d_<\/a>]\n<p style=\"text-align: justify;\"><a href=\"https:\/\/www.travel-slovenia.si\/slo\/frtalja\/\"><img loading=\"lazy\" decoding=\"async\" class=\"alignleft size-full wp-image-8466\" src=\"https:\/\/www.travel-slovenia.si\/wp-content\/uploads\/2019\/04\/travel-slovenia-frtalja-view.jpg\" alt=\"\" width=\"150\" height=\"150\" \/><\/a><a href=\"https:\/\/www.travel-slovenia.si\/slo\/frtalja\/\"><em><strong>Frtalja<\/strong><\/em><\/a><br \/>\nFrtalja (it. Frittata) je preprosta slovenska samostojna kme\u010dka jed. Gre za jaj\u010dno jed, ki je poznana predvsem v primorski kuhinji. Drugje po Sloveniji jo poznamo pod imenom omleta, \u0161morn ali pala\u010dinka, a se frtalja bistveno razlikuje od vseh treh. Prevladujejo zeli\u0161\u010da, jajce in moka se uporabljata zgolj za vezivo. [<a href=\"https:\/\/www.travel-slovenia.si\/slo\/frtalja\/\">_Read more_<\/a>]\n<p style=\"text-align: justify;\"><span><a href=\"https:\/\/www.travel-slovenia.si\/slo\/ptujski-luk\/\"><em><strong><img loading=\"lazy\" decoding=\"async\" class=\"alignleft size-full wp-image-9503\" src=\"https:\/\/www.travel-slovenia.si\/wp-content\/uploads\/2019\/11\/travel-slovenia-ptuj-onion-view.jpg\" alt=\"\" width=\"150\" height=\"150\" \/><\/strong><\/em><\/a><a href=\"https:\/\/www.travel-slovenia.si\/slo\/ptujski-luk\/\"><em><strong>Ptujski l\u00fck<\/strong><\/em><\/a><br \/>\nPtujski l\u00fck je slovenska sorta \u010debule in staro ime za \u010debulo. Na Ptujskem polju jo pridelujejo \u017ee ve\u010d kot 200 let in je posebnega izgleda ter okusa, zaradi \u010desar je pridobila oznako za\u0161\u010ditena geografska ozna\u010dba, vpisan kot Ptujska rde\u010da. Je za\u0161\u010ditena slovenska zelenjava s certifikatom. [<a href=\"https:\/\/www.travel-slovenia.si\/slo\/ptujski-luk\/\">_Read more_<\/a>]<\/span><\/p>\n","protected":false},"excerpt":{"rendered":"<p>Kranjska klobasa Kranjska klobasa je mesna klobasa s Kranjskega.\u00a0 V pisnih virih je omenjena \u017ee v drugi polovici 19. stoletja, izhaja pa iz kulturne dedi\u0161\u010dine kolin. Je mesni proizvod, ki je narejen iz najbolj\u0161e svinjine, kon\u010dni okus pa je me\u0161anica svinjskega mesa, popra in \u010desna.\u00a0[_Preberite ve\u010d_] Prekmurska gibanica Prekmurska gibanica je posebnost med sladicami in [&hellip;]<\/p>\n","protected":false},"author":111,"featured_media":0,"parent":10,"menu_order":0,"comment_status":"closed","ping_status":"closed","template":"","meta":{"footnotes":""},"class_list":["post-1008","page","type-page","status-publish","hentry"],"yoast_head":"<!-- This site is optimized with the Yoast SEO plugin v25.4 - https:\/\/yoast.com\/wordpress\/plugins\/seo\/ -->\n<title>Kulinari\u010dne dobrote : Travel-Slovenia<\/title>\n<meta name=\"description\" content=\"Na son\u010dni strani Alp, od Primorske regije vse do Prekmurja, na\u0161a mala de\u017eelica ponuja velik izbor raznolikih kulinarni\u010dnih dobrot.\" \/>\n<meta name=\"robots\" content=\"index, follow, max-snippet:-1, max-image-preview:large, max-video-preview:-1\" \/>\n<link rel=\"canonical\" href=\"https:\/\/www.travel-slovenia.si\/slo\/slovensko\/kulinaricne-dobrote\/\" \/>\n<meta property=\"og:locale\" content=\"sl_SI\" \/>\n<meta property=\"og:type\" content=\"article\" \/>\n<meta property=\"og:title\" content=\"Kulinari\u010dne dobrote : Travel-Slovenia\" \/>\n<meta property=\"og:description\" content=\"Na son\u010dni strani Alp, od Primorske regije vse do Prekmurja, na\u0161a mala de\u017eelica ponuja velik izbor raznolikih kulinarni\u010dnih dobrot.\" \/>\n<meta property=\"og:url\" content=\"https:\/\/www.travel-slovenia.si\/slo\/slovensko\/kulinaricne-dobrote\/\" \/>\n<meta property=\"og:site_name\" content=\"Travel Slovenia - Sledite lepotam na\u0161e male dr\u017eavice\" \/>\n<meta property=\"article:modified_time\" content=\"2019-11-11T09:45:03+00:00\" \/>\n<meta property=\"og:image\" content=\"https:\/\/www.travel-slovenia.si\/slo\/wp-content\/uploads\/2014\/06\/travel-slovenia-kranjska-klobasa.jpg\" \/>\n\t<meta property=\"og:image:width\" content=\"506\" \/>\n\t<meta property=\"og:image:height\" content=\"336\" \/>\n\t<meta property=\"og:image:type\" content=\"image\/jpeg\" \/>\n<meta name=\"twitter:card\" content=\"summary_large_image\" \/>\n<meta name=\"twitter:title\" content=\"Kulinari\u010dne dobrote : Travel-Slovenia\" \/>\n<meta name=\"twitter:description\" content=\"Na son\u010dni strani Alp, od Primorske regije vse do Prekmurja, na\u0161a mala de\u017eelica ponuja velik izbor raznolikih kulinarni\u010dnih dobrot.\" \/>\n<meta name=\"twitter:image\" content=\"https:\/\/www.travel-slovenia.si\/slo\/wp-content\/uploads\/2014\/06\/travel-slovenia-kranjska-klobasa.jpg\" \/>\n<meta name=\"twitter:label1\" content=\"Est. reading time\" \/>\n\t<meta name=\"twitter:data1\" content=\"2 minuti\" \/>\n<script type=\"application\/ld+json\" class=\"yoast-schema-graph\">{\"@context\":\"https:\/\/schema.org\",\"@graph\":[{\"@type\":\"WebPage\",\"@id\":\"https:\/\/www.travel-slovenia.si\/slo\/slovensko\/kulinaricne-dobrote\/\",\"url\":\"https:\/\/www.travel-slovenia.si\/slo\/slovensko\/kulinaricne-dobrote\/\",\"name\":\"Kulinari\u010dne dobrote : Travel-Slovenia\",\"isPartOf\":{\"@id\":\"https:\/\/www.travel-slovenia.si\/slo\/#website\"},\"primaryImageOfPage\":{\"@id\":\"https:\/\/www.travel-slovenia.si\/slo\/slovensko\/kulinaricne-dobrote\/#primaryimage\"},\"image\":{\"@id\":\"https:\/\/www.travel-slovenia.si\/slo\/slovensko\/kulinaricne-dobrote\/#primaryimage\"},\"thumbnailUrl\":\"https:\/\/www.travel-slovenia.si\/slo\/wp-content\/uploads\/2014\/06\/travel-slovenia-kranjska-klobasa-view.jpg\",\"datePublished\":\"2014-08-01T08:42:45+00:00\",\"dateModified\":\"2019-11-11T09:45:03+00:00\",\"description\":\"Na son\u010dni strani Alp, od Primorske regije vse do Prekmurja, na\u0161a mala de\u017eelica ponuja velik izbor raznolikih kulinarni\u010dnih dobrot.\",\"breadcrumb\":{\"@id\":\"https:\/\/www.travel-slovenia.si\/slo\/slovensko\/kulinaricne-dobrote\/#breadcrumb\"},\"inLanguage\":\"sl-SI\",\"potentialAction\":[{\"@type\":\"ReadAction\",\"target\":[\"https:\/\/www.travel-slovenia.si\/slo\/slovensko\/kulinaricne-dobrote\/\"]}]},{\"@type\":\"ImageObject\",\"inLanguage\":\"sl-SI\",\"@id\":\"https:\/\/www.travel-slovenia.si\/slo\/slovensko\/kulinaricne-dobrote\/#primaryimage\",\"url\":\"https:\/\/www.travel-slovenia.si\/slo\/wp-content\/uploads\/2014\/06\/travel-slovenia-kranjska-klobasa-view.jpg\",\"contentUrl\":\"https:\/\/www.travel-slovenia.si\/slo\/wp-content\/uploads\/2014\/06\/travel-slovenia-kranjska-klobasa-view.jpg\",\"width\":150,\"height\":150},{\"@type\":\"BreadcrumbList\",\"@id\":\"https:\/\/www.travel-slovenia.si\/slo\/slovensko\/kulinaricne-dobrote\/#breadcrumb\",\"itemListElement\":[{\"@type\":\"ListItem\",\"position\":1,\"name\":\"Home\",\"item\":\"https:\/\/www.travel-slovenia.si\/slo\/\"},{\"@type\":\"ListItem\",\"position\":2,\"name\":\"SLOVENSKO\",\"item\":\"https:\/\/www.travel-slovenia.si\/slo\/slovensko\/\"},{\"@type\":\"ListItem\",\"position\":3,\"name\":\"Kulinari\u010dne dobrote\"}]},{\"@type\":\"WebSite\",\"@id\":\"https:\/\/www.travel-slovenia.si\/slo\/#website\",\"url\":\"https:\/\/www.travel-slovenia.si\/slo\/\",\"name\":\"Travel Slovenia - Sledite lepotam na\u0161e male dr\u017eavice\",\"description\":\"\",\"potentialAction\":[{\"@type\":\"SearchAction\",\"target\":{\"@type\":\"EntryPoint\",\"urlTemplate\":\"https:\/\/www.travel-slovenia.si\/slo\/?s={search_term_string}\"},\"query-input\":{\"@type\":\"PropertyValueSpecification\",\"valueRequired\":true,\"valueName\":\"search_term_string\"}}],\"inLanguage\":\"sl-SI\"}]}<\/script>\n<!-- \/ Yoast SEO plugin. -->","yoast_head_json":{"title":"Kulinari\u010dne dobrote : Travel-Slovenia","description":"Na son\u010dni strani Alp, od Primorske regije vse do Prekmurja, na\u0161a mala de\u017eelica ponuja velik izbor raznolikih kulinarni\u010dnih dobrot.","robots":{"index":"index","follow":"follow","max-snippet":"max-snippet:-1","max-image-preview":"max-image-preview:large","max-video-preview":"max-video-preview:-1"},"canonical":"https:\/\/www.travel-slovenia.si\/slo\/slovensko\/kulinaricne-dobrote\/","og_locale":"sl_SI","og_type":"article","og_title":"Kulinari\u010dne dobrote : Travel-Slovenia","og_description":"Na son\u010dni strani Alp, od Primorske regije vse do Prekmurja, na\u0161a mala de\u017eelica ponuja velik izbor raznolikih kulinarni\u010dnih dobrot.","og_url":"https:\/\/www.travel-slovenia.si\/slo\/slovensko\/kulinaricne-dobrote\/","og_site_name":"Travel Slovenia - Sledite lepotam na\u0161e male dr\u017eavice","article_modified_time":"2019-11-11T09:45:03+00:00","og_image":[{"width":506,"height":336,"url":"https:\/\/www.travel-slovenia.si\/slo\/wp-content\/uploads\/2014\/06\/travel-slovenia-kranjska-klobasa.jpg","type":"image\/jpeg"}],"twitter_card":"summary_large_image","twitter_title":"Kulinari\u010dne dobrote : Travel-Slovenia","twitter_description":"Na son\u010dni strani Alp, od Primorske regije vse do Prekmurja, na\u0161a mala de\u017eelica ponuja velik izbor raznolikih kulinarni\u010dnih dobrot.","twitter_image":"https:\/\/www.travel-slovenia.si\/slo\/wp-content\/uploads\/2014\/06\/travel-slovenia-kranjska-klobasa.jpg","twitter_misc":{"Est. reading time":"2 minuti"},"schema":{"@context":"https:\/\/schema.org","@graph":[{"@type":"WebPage","@id":"https:\/\/www.travel-slovenia.si\/slo\/slovensko\/kulinaricne-dobrote\/","url":"https:\/\/www.travel-slovenia.si\/slo\/slovensko\/kulinaricne-dobrote\/","name":"Kulinari\u010dne dobrote : Travel-Slovenia","isPartOf":{"@id":"https:\/\/www.travel-slovenia.si\/slo\/#website"},"primaryImageOfPage":{"@id":"https:\/\/www.travel-slovenia.si\/slo\/slovensko\/kulinaricne-dobrote\/#primaryimage"},"image":{"@id":"https:\/\/www.travel-slovenia.si\/slo\/slovensko\/kulinaricne-dobrote\/#primaryimage"},"thumbnailUrl":"https:\/\/www.travel-slovenia.si\/slo\/wp-content\/uploads\/2014\/06\/travel-slovenia-kranjska-klobasa-view.jpg","datePublished":"2014-08-01T08:42:45+00:00","dateModified":"2019-11-11T09:45:03+00:00","description":"Na son\u010dni strani Alp, od Primorske regije vse do Prekmurja, na\u0161a mala de\u017eelica ponuja velik izbor raznolikih kulinarni\u010dnih dobrot.","breadcrumb":{"@id":"https:\/\/www.travel-slovenia.si\/slo\/slovensko\/kulinaricne-dobrote\/#breadcrumb"},"inLanguage":"sl-SI","potentialAction":[{"@type":"ReadAction","target":["https:\/\/www.travel-slovenia.si\/slo\/slovensko\/kulinaricne-dobrote\/"]}]},{"@type":"ImageObject","inLanguage":"sl-SI","@id":"https:\/\/www.travel-slovenia.si\/slo\/slovensko\/kulinaricne-dobrote\/#primaryimage","url":"https:\/\/www.travel-slovenia.si\/slo\/wp-content\/uploads\/2014\/06\/travel-slovenia-kranjska-klobasa-view.jpg","contentUrl":"https:\/\/www.travel-slovenia.si\/slo\/wp-content\/uploads\/2014\/06\/travel-slovenia-kranjska-klobasa-view.jpg","width":150,"height":150},{"@type":"BreadcrumbList","@id":"https:\/\/www.travel-slovenia.si\/slo\/slovensko\/kulinaricne-dobrote\/#breadcrumb","itemListElement":[{"@type":"ListItem","position":1,"name":"Home","item":"https:\/\/www.travel-slovenia.si\/slo\/"},{"@type":"ListItem","position":2,"name":"SLOVENSKO","item":"https:\/\/www.travel-slovenia.si\/slo\/slovensko\/"},{"@type":"ListItem","position":3,"name":"Kulinari\u010dne dobrote"}]},{"@type":"WebSite","@id":"https:\/\/www.travel-slovenia.si\/slo\/#website","url":"https:\/\/www.travel-slovenia.si\/slo\/","name":"Travel Slovenia - Sledite lepotam na\u0161e male dr\u017eavice","description":"","potentialAction":[{"@type":"SearchAction","target":{"@type":"EntryPoint","urlTemplate":"https:\/\/www.travel-slovenia.si\/slo\/?s={search_term_string}"},"query-input":{"@type":"PropertyValueSpecification","valueRequired":true,"valueName":"search_term_string"}}],"inLanguage":"sl-SI"}]}},"post_mailing_queue_ids":[],"_links":{"self":[{"href":"https:\/\/www.travel-slovenia.si\/slo\/wp-json\/wp\/v2\/pages\/1008","targetHints":{"allow":["GET"]}}],"collection":[{"href":"https:\/\/www.travel-slovenia.si\/slo\/wp-json\/wp\/v2\/pages"}],"about":[{"href":"https:\/\/www.travel-slovenia.si\/slo\/wp-json\/wp\/v2\/types\/page"}],"author":[{"embeddable":true,"href":"https:\/\/www.travel-slovenia.si\/slo\/wp-json\/wp\/v2\/users\/111"}],"replies":[{"embeddable":true,"href":"https:\/\/www.travel-slovenia.si\/slo\/wp-json\/wp\/v2\/comments?post=1008"}],"version-history":[{"count":28,"href":"https:\/\/www.travel-slovenia.si\/slo\/wp-json\/wp\/v2\/pages\/1008\/revisions"}],"predecessor-version":[{"id":8513,"href":"https:\/\/www.travel-slovenia.si\/slo\/wp-json\/wp\/v2\/pages\/1008\/revisions\/8513"}],"up":[{"embeddable":true,"href":"https:\/\/www.travel-slovenia.si\/slo\/wp-json\/wp\/v2\/pages\/10"}],"wp:attachment":[{"href":"https:\/\/www.travel-slovenia.si\/slo\/wp-json\/wp\/v2\/media?parent=1008"}],"curies":[{"name":"wp","href":"https:\/\/api.w.org\/{rel}","templated":true}]}}