{"id":1003,"date":"2014-08-01T08:30:07","date_gmt":"2014-08-01T08:30:07","guid":{"rendered":"https:\/\/www.travel-slovenia.si\/?page_id=1003"},"modified":"2015-09-15T09:49:48","modified_gmt":"2015-09-15T09:49:48","slug":"psi","status":"publish","type":"page","link":"https:\/\/www.travel-slovenia.si\/slo\/slovensko\/psi\/","title":{"rendered":"Psi"},"content":{"rendered":"<p style=\"text-align: justify;\"><strong><em><img loading=\"lazy\" decoding=\"async\" class=\"alignleft size-full wp-image-3535\" src=\"https:\/\/www.travel-slovenia.si\/slo\/wp-content\/uploads\/2014\/08\/travel-slovenia-kraski-ovcar1.jpg\" alt=\"travel-slovenia-kraski-ovcar1\" width=\"150\" height=\"150\" srcset=\"https:\/\/www.travel-slovenia.si\/slo\/wp-content\/uploads\/2014\/08\/travel-slovenia-kraski-ovcar1.jpg 150w, https:\/\/www.travel-slovenia.si\/slo\/wp-content\/uploads\/2014\/08\/travel-slovenia-kraski-ovcar1-83x83.jpg 83w, https:\/\/www.travel-slovenia.si\/slo\/wp-content\/uploads\/2014\/08\/travel-slovenia-kraski-ovcar1-55x55.jpg 55w, https:\/\/www.travel-slovenia.si\/slo\/wp-content\/uploads\/2014\/08\/travel-slovenia-kraski-ovcar1-24x24.jpg 24w, https:\/\/www.travel-slovenia.si\/slo\/wp-content\/uploads\/2014\/08\/travel-slovenia-kraski-ovcar1-36x36.jpg 36w, https:\/\/www.travel-slovenia.si\/slo\/wp-content\/uploads\/2014\/08\/travel-slovenia-kraski-ovcar1-48x48.jpg 48w\" sizes=\"auto, (max-width: 150px) 100vw, 150px\" \/>Kra\u0161evec<\/em><\/strong><br \/>\nSlovenska naravna dedi\u0161\u010dina je pes Kra\u0161ki ov\u010dar. Je najstarej\u0161a slovenska avtohtona pasma psov, ki je bila mednarodno priznana leta 1939. V tistem \u010dasu je bil znan po imenom Ilirski ov\u010dar in sedaj se, od leta 1968, imenuje &#8221;Kra\u0161ki ov\u010dar&#8221;. Ta pasma je stara \u017ee nekaj stoletij.\u00a0[<a href=\"https:\/\/www.travel-slovenia.si\/slo\/slovensko\/krasevec\/\">_Preberite ve\u010d_<\/a>]\n<p style=\"text-align: justify;\"><strong><em><img loading=\"lazy\" decoding=\"async\" class=\"alignleft size-full wp-image-3547\" src=\"https:\/\/www.travel-slovenia.si\/slo\/wp-content\/uploads\/2014\/08\/travel-slovenia-planinski-gonic-view.jpg\" alt=\"travel-slovenia-planinski-gonic-view\" width=\"150\" height=\"150\" srcset=\"https:\/\/www.travel-slovenia.si\/slo\/wp-content\/uploads\/2014\/08\/travel-slovenia-planinski-gonic-view.jpg 150w, https:\/\/www.travel-slovenia.si\/slo\/wp-content\/uploads\/2014\/08\/travel-slovenia-planinski-gonic-view-83x83.jpg 83w, https:\/\/www.travel-slovenia.si\/slo\/wp-content\/uploads\/2014\/08\/travel-slovenia-planinski-gonic-view-55x55.jpg 55w, https:\/\/www.travel-slovenia.si\/slo\/wp-content\/uploads\/2014\/08\/travel-slovenia-planinski-gonic-view-24x24.jpg 24w, https:\/\/www.travel-slovenia.si\/slo\/wp-content\/uploads\/2014\/08\/travel-slovenia-planinski-gonic-view-36x36.jpg 36w, https:\/\/www.travel-slovenia.si\/slo\/wp-content\/uploads\/2014\/08\/travel-slovenia-planinski-gonic-view-48x48.jpg 48w\" sizes=\"auto, (max-width: 150px) 100vw, 150px\" \/>Planinski goni\u010d<\/em><\/strong><br \/>\nNjegovo novej\u0161e ime je Planinski goni\u010d, starej\u0161e pa Korok\u0161ki \u017eigec. Neko\u010d je bil najbolj raz\u0161irjena pasma v Sloveniji. Primeren je za lov na zajce in lisice. Pes ima zna\u010dilno \u010drno barvo, s sijajem. Na prsih in ta\u010dkah ima zarjavelo ali za\u017egano rjavo barvo. Lise nad obrvmi so tudi rjave barve.\u00a0[<a href=\"https:\/\/www.travel-slovenia.si\/slo\/slovensko\/planinski-gonic\/\">_Preberite ve\u010d_<\/a>]\n<p style=\"text-align: justify;\"><strong><em><img loading=\"lazy\" decoding=\"async\" class=\"alignleft size-full wp-image-3548\" src=\"https:\/\/www.travel-slovenia.si\/slo\/wp-content\/uploads\/2014\/08\/travel-slovenia-posavski-gonic-view.jpg\" alt=\"travel-slovenia-posavski-gonic-view\" width=\"150\" height=\"150\" srcset=\"https:\/\/www.travel-slovenia.si\/slo\/wp-content\/uploads\/2014\/08\/travel-slovenia-posavski-gonic-view.jpg 150w, https:\/\/www.travel-slovenia.si\/slo\/wp-content\/uploads\/2014\/08\/travel-slovenia-posavski-gonic-view-83x83.jpg 83w, https:\/\/www.travel-slovenia.si\/slo\/wp-content\/uploads\/2014\/08\/travel-slovenia-posavski-gonic-view-55x55.jpg 55w, https:\/\/www.travel-slovenia.si\/slo\/wp-content\/uploads\/2014\/08\/travel-slovenia-posavski-gonic-view-24x24.jpg 24w, https:\/\/www.travel-slovenia.si\/slo\/wp-content\/uploads\/2014\/08\/travel-slovenia-posavski-gonic-view-36x36.jpg 36w, https:\/\/www.travel-slovenia.si\/slo\/wp-content\/uploads\/2014\/08\/travel-slovenia-posavski-gonic-view-48x48.jpg 48w\" sizes=\"auto, (max-width: 150px) 100vw, 150px\" \/>Posavski goni\u010d<\/em><\/strong><br \/>\nPasma je bila kon\u010dno priznana leta 1948, ko je na Bledu potekalo sre\u010danje FIC. Leta 1955 so objavili njegove prve zna\u010dilnosti pod imenom &#8221;Kra\u0161ki goni\u010d&#8221;. Leta 1959 pa so psa preimenovali v Posavski goni\u010d. Njegovi dana\u0161nji standardi so bili odobreni leta 1973. [<a href=\"https:\/\/www.travel-slovenia.si\/slo\/slovensko\/posavski-gonic\/\">_Preberite ve\u010d_<\/a>]\n<p style=\"text-align: justify;\"><strong><em><img loading=\"lazy\" decoding=\"async\" class=\"alignleft size-full wp-image-3546\" src=\"https:\/\/www.travel-slovenia.si\/slo\/wp-content\/uploads\/2014\/08\/travel-slovenia-istrski-gonic-view.jpg\" alt=\"travel-slovenia-istrski-gonic-view\" width=\"150\" height=\"150\" srcset=\"https:\/\/www.travel-slovenia.si\/slo\/wp-content\/uploads\/2014\/08\/travel-slovenia-istrski-gonic-view.jpg 150w, https:\/\/www.travel-slovenia.si\/slo\/wp-content\/uploads\/2014\/08\/travel-slovenia-istrski-gonic-view-83x83.jpg 83w, https:\/\/www.travel-slovenia.si\/slo\/wp-content\/uploads\/2014\/08\/travel-slovenia-istrski-gonic-view-55x55.jpg 55w, https:\/\/www.travel-slovenia.si\/slo\/wp-content\/uploads\/2014\/08\/travel-slovenia-istrski-gonic-view-24x24.jpg 24w, https:\/\/www.travel-slovenia.si\/slo\/wp-content\/uploads\/2014\/08\/travel-slovenia-istrski-gonic-view-36x36.jpg 36w, https:\/\/www.travel-slovenia.si\/slo\/wp-content\/uploads\/2014\/08\/travel-slovenia-istrski-gonic-view-48x48.jpg 48w\" sizes=\"auto, (max-width: 150px) 100vw, 150px\" \/>Istrski goni\u010d<\/em><\/strong><br \/>\nIstrski goni\u010d je bil prvi\u010d omenjen leta 1894 v knjigi H.V. Bylandta. Dve leti kasneje je Istrskega goni\u010da opisal F.B. Laska, ki je dejal, da je pasma znana po svoji neizmerni vztrajnosti in veliki strasti do lova. Prav tako, pa so zelo poslu\u0161ni in zvesti. Evropski javnosti so bili prvi\u010d predstavljeni na razstavi leta 1866.\u00a0[<a href=\"https:\/\/www.travel-slovenia.si\/slo\/slovensko\/istrski-gonic\/\">_Preberite ve\u010d_<\/a>]\n","protected":false},"excerpt":{"rendered":"<p>Kra\u0161evec Slovenska naravna dedi\u0161\u010dina je pes Kra\u0161ki ov\u010dar. Je najstarej\u0161a slovenska avtohtona pasma psov, ki je bila mednarodno priznana leta 1939. V tistem \u010dasu je bil znan po imenom Ilirski ov\u010dar in sedaj se, od leta 1968, imenuje &#8221;Kra\u0161ki ov\u010dar&#8221;. Ta pasma je stara \u017ee nekaj stoletij.\u00a0[_Preberite ve\u010d_] Planinski goni\u010d Njegovo novej\u0161e ime je Planinski [&hellip;]<\/p>\n","protected":false},"author":111,"featured_media":0,"parent":10,"menu_order":0,"comment_status":"closed","ping_status":"closed","template":"","meta":{"footnotes":""},"class_list":["post-1003","page","type-page","status-publish","hentry"],"yoast_head":"<!-- This site is optimized with the Yoast SEO plugin v25.4 - https:\/\/yoast.com\/wordpress\/plugins\/seo\/ -->\n<title>Psi : Travel-Slovenia<\/title>\n<meta name=\"description\" content=\"Slovenija ima nekaj avtohtonih pasem psov, te so Kra\u0161ki ov\u010dar, Planinski goni\u010d, Posavski goni\u010d in Istrski goni\u010d.\" \/>\n<meta name=\"robots\" content=\"index, follow, max-snippet:-1, max-image-preview:large, max-video-preview:-1\" \/>\n<link rel=\"canonical\" href=\"https:\/\/www.travel-slovenia.si\/slo\/slovensko\/psi\/\" \/>\n<meta property=\"og:locale\" content=\"sl_SI\" \/>\n<meta property=\"og:type\" content=\"article\" \/>\n<meta property=\"og:title\" content=\"Psi : Travel-Slovenia\" \/>\n<meta property=\"og:description\" content=\"Slovenija ima nekaj avtohtonih pasem psov, te so Kra\u0161ki ov\u010dar, Planinski goni\u010d, Posavski goni\u010d in Istrski goni\u010d.\" \/>\n<meta property=\"og:url\" content=\"https:\/\/www.travel-slovenia.si\/slo\/slovensko\/psi\/\" \/>\n<meta property=\"og:site_name\" content=\"Travel Slovenia - Sledite lepotam na\u0161e male dr\u017eavice\" \/>\n<meta property=\"article:modified_time\" content=\"2015-09-15T09:49:48+00:00\" \/>\n<meta property=\"og:image\" content=\"https:\/\/www.travel-slovenia.si\/slo\/wp-content\/uploads\/2014\/08\/travel-slovenia-kraski-ovcar2.jpg\" \/>\n\t<meta property=\"og:image:width\" content=\"600\" \/>\n\t<meta property=\"og:image:height\" content=\"422\" \/>\n\t<meta property=\"og:image:type\" content=\"image\/jpeg\" \/>\n<meta name=\"twitter:card\" content=\"summary_large_image\" \/>\n<meta name=\"twitter:title\" content=\"Psi : Travel-Slovenia\" \/>\n<meta name=\"twitter:description\" content=\"Slovenija ima nekaj avtohtonih pasem psov, te so Kra\u0161ki ov\u010dar, Planinski goni\u010d, Posavski goni\u010d in Istrski goni\u010d.\" \/>\n<meta name=\"twitter:image\" content=\"https:\/\/www.travel-slovenia.si\/slo\/wp-content\/uploads\/2014\/08\/travel-slovenia-kraski-ovcar2.jpg\" \/>\n<meta name=\"twitter:label1\" content=\"Est. reading time\" \/>\n\t<meta name=\"twitter:data1\" content=\"1 minuta\" \/>\n<script type=\"application\/ld+json\" class=\"yoast-schema-graph\">{\"@context\":\"https:\/\/schema.org\",\"@graph\":[{\"@type\":\"WebPage\",\"@id\":\"https:\/\/www.travel-slovenia.si\/slo\/slovensko\/psi\/\",\"url\":\"https:\/\/www.travel-slovenia.si\/slo\/slovensko\/psi\/\",\"name\":\"Psi : Travel-Slovenia\",\"isPartOf\":{\"@id\":\"https:\/\/www.travel-slovenia.si\/slo\/#website\"},\"primaryImageOfPage\":{\"@id\":\"https:\/\/www.travel-slovenia.si\/slo\/slovensko\/psi\/#primaryimage\"},\"image\":{\"@id\":\"https:\/\/www.travel-slovenia.si\/slo\/slovensko\/psi\/#primaryimage\"},\"thumbnailUrl\":\"https:\/\/www.travel-slovenia.si\/slo\/wp-content\/uploads\/2014\/08\/travel-slovenia-kraski-ovcar1.jpg\",\"datePublished\":\"2014-08-01T08:30:07+00:00\",\"dateModified\":\"2015-09-15T09:49:48+00:00\",\"description\":\"Slovenija ima nekaj avtohtonih pasem psov, te so Kra\u0161ki ov\u010dar, Planinski goni\u010d, Posavski goni\u010d in Istrski goni\u010d.\",\"breadcrumb\":{\"@id\":\"https:\/\/www.travel-slovenia.si\/slo\/slovensko\/psi\/#breadcrumb\"},\"inLanguage\":\"sl-SI\",\"potentialAction\":[{\"@type\":\"ReadAction\",\"target\":[\"https:\/\/www.travel-slovenia.si\/slo\/slovensko\/psi\/\"]}]},{\"@type\":\"ImageObject\",\"inLanguage\":\"sl-SI\",\"@id\":\"https:\/\/www.travel-slovenia.si\/slo\/slovensko\/psi\/#primaryimage\",\"url\":\"https:\/\/www.travel-slovenia.si\/slo\/wp-content\/uploads\/2014\/08\/travel-slovenia-kraski-ovcar1.jpg\",\"contentUrl\":\"https:\/\/www.travel-slovenia.si\/slo\/wp-content\/uploads\/2014\/08\/travel-slovenia-kraski-ovcar1.jpg\",\"width\":150,\"height\":150},{\"@type\":\"BreadcrumbList\",\"@id\":\"https:\/\/www.travel-slovenia.si\/slo\/slovensko\/psi\/#breadcrumb\",\"itemListElement\":[{\"@type\":\"ListItem\",\"position\":1,\"name\":\"Home\",\"item\":\"https:\/\/www.travel-slovenia.si\/slo\/\"},{\"@type\":\"ListItem\",\"position\":2,\"name\":\"SLOVENSKO\",\"item\":\"https:\/\/www.travel-slovenia.si\/slo\/slovensko\/\"},{\"@type\":\"ListItem\",\"position\":3,\"name\":\"Psi\"}]},{\"@type\":\"WebSite\",\"@id\":\"https:\/\/www.travel-slovenia.si\/slo\/#website\",\"url\":\"https:\/\/www.travel-slovenia.si\/slo\/\",\"name\":\"Travel Slovenia - Sledite lepotam na\u0161e male dr\u017eavice\",\"description\":\"\",\"potentialAction\":[{\"@type\":\"SearchAction\",\"target\":{\"@type\":\"EntryPoint\",\"urlTemplate\":\"https:\/\/www.travel-slovenia.si\/slo\/?s={search_term_string}\"},\"query-input\":{\"@type\":\"PropertyValueSpecification\",\"valueRequired\":true,\"valueName\":\"search_term_string\"}}],\"inLanguage\":\"sl-SI\"}]}<\/script>\n<!-- \/ Yoast SEO plugin. -->","yoast_head_json":{"title":"Psi : Travel-Slovenia","description":"Slovenija ima nekaj avtohtonih pasem psov, te so Kra\u0161ki ov\u010dar, Planinski goni\u010d, Posavski goni\u010d in Istrski goni\u010d.","robots":{"index":"index","follow":"follow","max-snippet":"max-snippet:-1","max-image-preview":"max-image-preview:large","max-video-preview":"max-video-preview:-1"},"canonical":"https:\/\/www.travel-slovenia.si\/slo\/slovensko\/psi\/","og_locale":"sl_SI","og_type":"article","og_title":"Psi : Travel-Slovenia","og_description":"Slovenija ima nekaj avtohtonih pasem psov, te so Kra\u0161ki ov\u010dar, Planinski goni\u010d, Posavski goni\u010d in Istrski goni\u010d.","og_url":"https:\/\/www.travel-slovenia.si\/slo\/slovensko\/psi\/","og_site_name":"Travel Slovenia - Sledite lepotam na\u0161e male dr\u017eavice","article_modified_time":"2015-09-15T09:49:48+00:00","og_image":[{"width":600,"height":422,"url":"https:\/\/www.travel-slovenia.si\/slo\/wp-content\/uploads\/2014\/08\/travel-slovenia-kraski-ovcar2.jpg","type":"image\/jpeg"}],"twitter_card":"summary_large_image","twitter_title":"Psi : Travel-Slovenia","twitter_description":"Slovenija ima nekaj avtohtonih pasem psov, te so Kra\u0161ki ov\u010dar, Planinski goni\u010d, Posavski goni\u010d in Istrski goni\u010d.","twitter_image":"https:\/\/www.travel-slovenia.si\/slo\/wp-content\/uploads\/2014\/08\/travel-slovenia-kraski-ovcar2.jpg","twitter_misc":{"Est. reading time":"1 minuta"},"schema":{"@context":"https:\/\/schema.org","@graph":[{"@type":"WebPage","@id":"https:\/\/www.travel-slovenia.si\/slo\/slovensko\/psi\/","url":"https:\/\/www.travel-slovenia.si\/slo\/slovensko\/psi\/","name":"Psi : Travel-Slovenia","isPartOf":{"@id":"https:\/\/www.travel-slovenia.si\/slo\/#website"},"primaryImageOfPage":{"@id":"https:\/\/www.travel-slovenia.si\/slo\/slovensko\/psi\/#primaryimage"},"image":{"@id":"https:\/\/www.travel-slovenia.si\/slo\/slovensko\/psi\/#primaryimage"},"thumbnailUrl":"https:\/\/www.travel-slovenia.si\/slo\/wp-content\/uploads\/2014\/08\/travel-slovenia-kraski-ovcar1.jpg","datePublished":"2014-08-01T08:30:07+00:00","dateModified":"2015-09-15T09:49:48+00:00","description":"Slovenija ima nekaj avtohtonih pasem psov, te so Kra\u0161ki ov\u010dar, Planinski goni\u010d, Posavski goni\u010d in Istrski goni\u010d.","breadcrumb":{"@id":"https:\/\/www.travel-slovenia.si\/slo\/slovensko\/psi\/#breadcrumb"},"inLanguage":"sl-SI","potentialAction":[{"@type":"ReadAction","target":["https:\/\/www.travel-slovenia.si\/slo\/slovensko\/psi\/"]}]},{"@type":"ImageObject","inLanguage":"sl-SI","@id":"https:\/\/www.travel-slovenia.si\/slo\/slovensko\/psi\/#primaryimage","url":"https:\/\/www.travel-slovenia.si\/slo\/wp-content\/uploads\/2014\/08\/travel-slovenia-kraski-ovcar1.jpg","contentUrl":"https:\/\/www.travel-slovenia.si\/slo\/wp-content\/uploads\/2014\/08\/travel-slovenia-kraski-ovcar1.jpg","width":150,"height":150},{"@type":"BreadcrumbList","@id":"https:\/\/www.travel-slovenia.si\/slo\/slovensko\/psi\/#breadcrumb","itemListElement":[{"@type":"ListItem","position":1,"name":"Home","item":"https:\/\/www.travel-slovenia.si\/slo\/"},{"@type":"ListItem","position":2,"name":"SLOVENSKO","item":"https:\/\/www.travel-slovenia.si\/slo\/slovensko\/"},{"@type":"ListItem","position":3,"name":"Psi"}]},{"@type":"WebSite","@id":"https:\/\/www.travel-slovenia.si\/slo\/#website","url":"https:\/\/www.travel-slovenia.si\/slo\/","name":"Travel Slovenia - Sledite lepotam na\u0161e male dr\u017eavice","description":"","potentialAction":[{"@type":"SearchAction","target":{"@type":"EntryPoint","urlTemplate":"https:\/\/www.travel-slovenia.si\/slo\/?s={search_term_string}"},"query-input":{"@type":"PropertyValueSpecification","valueRequired":true,"valueName":"search_term_string"}}],"inLanguage":"sl-SI"}]}},"post_mailing_queue_ids":[],"_links":{"self":[{"href":"https:\/\/www.travel-slovenia.si\/slo\/wp-json\/wp\/v2\/pages\/1003","targetHints":{"allow":["GET"]}}],"collection":[{"href":"https:\/\/www.travel-slovenia.si\/slo\/wp-json\/wp\/v2\/pages"}],"about":[{"href":"https:\/\/www.travel-slovenia.si\/slo\/wp-json\/wp\/v2\/types\/page"}],"author":[{"embeddable":true,"href":"https:\/\/www.travel-slovenia.si\/slo\/wp-json\/wp\/v2\/users\/111"}],"replies":[{"embeddable":true,"href":"https:\/\/www.travel-slovenia.si\/slo\/wp-json\/wp\/v2\/comments?post=1003"}],"version-history":[{"count":33,"href":"https:\/\/www.travel-slovenia.si\/slo\/wp-json\/wp\/v2\/pages\/1003\/revisions"}],"predecessor-version":[{"id":3606,"href":"https:\/\/www.travel-slovenia.si\/slo\/wp-json\/wp\/v2\/pages\/1003\/revisions\/3606"}],"up":[{"embeddable":true,"href":"https:\/\/www.travel-slovenia.si\/slo\/wp-json\/wp\/v2\/pages\/10"}],"wp:attachment":[{"href":"https:\/\/www.travel-slovenia.si\/slo\/wp-json\/wp\/v2\/media?parent=1003"}],"curies":[{"name":"wp","href":"https:\/\/api.w.org\/{rel}","templated":true}]}}