{"id":10,"date":"2014-05-21T11:25:47","date_gmt":"2014-05-21T11:25:47","guid":{"rendered":"https:\/\/www.travel-slovenia.si\/?page_id=10"},"modified":"2016-09-17T11:33:41","modified_gmt":"2016-09-17T09:33:41","slug":"slovensko","status":"publish","type":"page","link":"https:\/\/www.travel-slovenia.si\/slo\/slovensko\/","title":{"rendered":"SLOVENSKO"},"content":{"rendered":"<p style=\"text-align: justify;\">Slovenske avtohtone pasme so pasme doma\u010dih \u017eivali, ki so se pojavile na ozemlju Republike Slovenije. Po zgodovinskih virih o pasmah, je bilo dokazano, da je Slovenija\u00a0njihovo\u00a0izvirno okolje. Obstajajo Slovenski zapisi o pasmah, ki dokazujejo njihov izvor, le &#8211; ti pa morajo biti dokumentirani za vsaj pet generacij.<\/p>\n<p style=\"text-align: justify;\"><strong><em><img loading=\"lazy\" decoding=\"async\" class=\"alignleft size-full wp-image-3515\" src=\"https:\/\/www.travel-slovenia.si\/slo\/wp-content\/uploads\/2014\/05\/travel-slovenia-kraski-ovcar-view.jpg\" alt=\"travel-slovenia-kraski-ovcar-view\" width=\"150\" height=\"150\" srcset=\"https:\/\/www.travel-slovenia.si\/slo\/wp-content\/uploads\/2014\/05\/travel-slovenia-kraski-ovcar-view.jpg 150w, https:\/\/www.travel-slovenia.si\/slo\/wp-content\/uploads\/2014\/05\/travel-slovenia-kraski-ovcar-view-83x83.jpg 83w, https:\/\/www.travel-slovenia.si\/slo\/wp-content\/uploads\/2014\/05\/travel-slovenia-kraski-ovcar-view-55x55.jpg 55w, https:\/\/www.travel-slovenia.si\/slo\/wp-content\/uploads\/2014\/05\/travel-slovenia-kraski-ovcar-view-24x24.jpg 24w, https:\/\/www.travel-slovenia.si\/slo\/wp-content\/uploads\/2014\/05\/travel-slovenia-kraski-ovcar-view-36x36.jpg 36w, https:\/\/www.travel-slovenia.si\/slo\/wp-content\/uploads\/2014\/05\/travel-slovenia-kraski-ovcar-view-48x48.jpg 48w\" sizes=\"auto, (max-width: 150px) 100vw, 150px\" \/>Psi<\/em><\/strong><br \/>\nSvet pozna okoli 800 razli\u010dnih pasem psov, od katerih je samo 450 uradno priznanih. Nekatere pasme so \u0161irom zgodovine bile najljub\u0161e spremljevalke \u010dloveka, medtem ko druge \u0161ele sedaj postajajo cenjene. Slovenija ima nekaj avtohtonih pasem: Kra\u0161ki ov\u010dar, Planinski goni\u010d, Posavski in Istrski goni\u010d. [<a href=\"https:\/\/www.travel-slovenia.si\/slo\/slovensko\/psi\/\">_Preberite ve\u010d_<\/a>]\n<p style=\"text-align: justify;\"><strong><em><img loading=\"lazy\" decoding=\"async\" class=\"alignleft size-full wp-image-3513\" src=\"https:\/\/www.travel-slovenia.si\/slo\/wp-content\/uploads\/2014\/05\/travel-slovenia-avtohtoni-konji-view.jpg\" alt=\"travel-slovenia-avtohtoni-konji-view\" width=\"150\" height=\"150\" srcset=\"https:\/\/www.travel-slovenia.si\/slo\/wp-content\/uploads\/2014\/05\/travel-slovenia-avtohtoni-konji-view.jpg 150w, https:\/\/www.travel-slovenia.si\/slo\/wp-content\/uploads\/2014\/05\/travel-slovenia-avtohtoni-konji-view-83x83.jpg 83w, https:\/\/www.travel-slovenia.si\/slo\/wp-content\/uploads\/2014\/05\/travel-slovenia-avtohtoni-konji-view-55x55.jpg 55w, https:\/\/www.travel-slovenia.si\/slo\/wp-content\/uploads\/2014\/05\/travel-slovenia-avtohtoni-konji-view-24x24.jpg 24w, https:\/\/www.travel-slovenia.si\/slo\/wp-content\/uploads\/2014\/05\/travel-slovenia-avtohtoni-konji-view-36x36.jpg 36w, https:\/\/www.travel-slovenia.si\/slo\/wp-content\/uploads\/2014\/05\/travel-slovenia-avtohtoni-konji-view-48x48.jpg 48w\" sizes=\"auto, (max-width: 150px) 100vw, 150px\" \/>Konji<\/em><\/strong><br \/>\nKonj je dokaj velika \u017eival in ena izmed sedmih modernih vrst iz rodu Equus. Rod med drugim vsebuje osla, polosla in zembro. Samec doma\u010dega konja se imenuje \u017erebec, kobila je samica in mlad konj je \u017erebe. Slovenske avtohtone pasme konj so: Lipicanec, Posavski konj in Slovenski hladnokrvni konj. [<a href=\"https:\/\/www.travel-slovenia.si\/slo\/slovensko\/konji\/\">_Preberite ve\u010d_<\/a>]\n<p style=\"text-align: justify;\"><span class=\"hps\"><strong><em><img loading=\"lazy\" decoding=\"async\" class=\"alignleft size-full wp-image-3516\" src=\"https:\/\/www.travel-slovenia.si\/slo\/wp-content\/uploads\/2014\/05\/travel-slovenia-ovca-view.jpg\" alt=\"travel-slovenia-ovca-view\" width=\"150\" height=\"150\" srcset=\"https:\/\/www.travel-slovenia.si\/slo\/wp-content\/uploads\/2014\/05\/travel-slovenia-ovca-view.jpg 150w, https:\/\/www.travel-slovenia.si\/slo\/wp-content\/uploads\/2014\/05\/travel-slovenia-ovca-view-83x83.jpg 83w, https:\/\/www.travel-slovenia.si\/slo\/wp-content\/uploads\/2014\/05\/travel-slovenia-ovca-view-55x55.jpg 55w, https:\/\/www.travel-slovenia.si\/slo\/wp-content\/uploads\/2014\/05\/travel-slovenia-ovca-view-24x24.jpg 24w, https:\/\/www.travel-slovenia.si\/slo\/wp-content\/uploads\/2014\/05\/travel-slovenia-ovca-view-36x36.jpg 36w, https:\/\/www.travel-slovenia.si\/slo\/wp-content\/uploads\/2014\/05\/travel-slovenia-ovca-view-48x48.jpg 48w\" sizes=\"auto, (max-width: 150px) 100vw, 150px\" \/>Ovce in koza<\/em><\/strong><br \/>\nPodobno kot v ostali Evropi je tudi v Sloveniji \u0161tevilo ovac padlo v zadnjih 150 letih, s 300.000 v letu 1869 na pribli\u017eno 20.000 v letu 1980. Avtohtone pasme so v Sloveniji del kuture, po drugi strani pa pa\u0161a ovac in koz pomembno prispeva k ohranjanju hribovitih in gorskih pa\u0161nikov. <\/span>[<a href=\"https:\/\/www.travel-slovenia.si\/slo\/slovensko\/ovce-in-koza\/\">_Preberite ve\u010d_<\/a>]\n<p style=\"text-align: justify;\"><span class=\"hps\"><em><strong><img loading=\"lazy\" decoding=\"async\" class=\"alignleft size-full wp-image-3514\" src=\"https:\/\/www.travel-slovenia.si\/slo\/wp-content\/uploads\/2014\/05\/travel-slovenia-kranjska-cebela-view.jpg\" alt=\"travel-slovenia-kranjska-cebela-view\" width=\"150\" height=\"150\" srcset=\"https:\/\/www.travel-slovenia.si\/slo\/wp-content\/uploads\/2014\/05\/travel-slovenia-kranjska-cebela-view.jpg 150w, https:\/\/www.travel-slovenia.si\/slo\/wp-content\/uploads\/2014\/05\/travel-slovenia-kranjska-cebela-view-83x83.jpg 83w, https:\/\/www.travel-slovenia.si\/slo\/wp-content\/uploads\/2014\/05\/travel-slovenia-kranjska-cebela-view-55x55.jpg 55w, https:\/\/www.travel-slovenia.si\/slo\/wp-content\/uploads\/2014\/05\/travel-slovenia-kranjska-cebela-view-24x24.jpg 24w, https:\/\/www.travel-slovenia.si\/slo\/wp-content\/uploads\/2014\/05\/travel-slovenia-kranjska-cebela-view-36x36.jpg 36w, https:\/\/www.travel-slovenia.si\/slo\/wp-content\/uploads\/2014\/05\/travel-slovenia-kranjska-cebela-view-48x48.jpg 48w\" sizes=\"auto, (max-width: 150px) 100vw, 150px\" \/>Druge avtohtone<\/strong> <strong>\u017eivali<\/strong><\/em><br \/>\nPoleg vseh zgoraj na\u0161tetih avtohtonih pasem na Slovenskem lahko pri nas najdemo druge avtohtone pasme \u017eivali, ki so prispevale k prepoznavi in kulturnemu razvoju. Imenovane pasme so: Cikasto govedo, Kr\u0161kopoljski pra\u0161i\u010d, \u0160tajerska koko\u0161, So\u0161ka postrv in Kranjska \u010debela. <\/span>[<a href=\"https:\/\/www.travel-slovenia.si\/slo\/slovensko\/druge-avtohtone-zivali\/\">_Preberite ve\u010d_<\/a>]\n<p style=\"text-align: justify;\"><strong><em><img loading=\"lazy\" decoding=\"async\" class=\"alignleft size-full wp-image-3518\" src=\"https:\/\/www.travel-slovenia.si\/slo\/wp-content\/uploads\/2014\/05\/travel-slovenia-vina-view.jpg\" alt=\"travel-slovenia-vina-view\" width=\"150\" height=\"150\" srcset=\"https:\/\/www.travel-slovenia.si\/slo\/wp-content\/uploads\/2014\/05\/travel-slovenia-vina-view.jpg 150w, https:\/\/www.travel-slovenia.si\/slo\/wp-content\/uploads\/2014\/05\/travel-slovenia-vina-view-83x83.jpg 83w, https:\/\/www.travel-slovenia.si\/slo\/wp-content\/uploads\/2014\/05\/travel-slovenia-vina-view-55x55.jpg 55w, https:\/\/www.travel-slovenia.si\/slo\/wp-content\/uploads\/2014\/05\/travel-slovenia-vina-view-24x24.jpg 24w, https:\/\/www.travel-slovenia.si\/slo\/wp-content\/uploads\/2014\/05\/travel-slovenia-vina-view-36x36.jpg 36w, https:\/\/www.travel-slovenia.si\/slo\/wp-content\/uploads\/2014\/05\/travel-slovenia-vina-view-48x48.jpg 48w\" sizes=\"auto, (max-width: 150px) 100vw, 150px\" \/>Vina<\/em><\/strong><br \/>\nV svetu so vedno bolj pomembna in izrazita po kvaliteti ter okusu. V Sloveniji so na voljo bela in rde\u010da vina, ki imajo bujen vonj, so mo\u010dna, polnega ali lahkega okusa. Po vsebnosti sladkorja so predstavljena v vseh kategorijah, od suhih do sladkih vin. Skoraj 70% vin dose\u017ee kriterije kvalitete finih vin. [<a href=\"https:\/\/www.travel-slovenia.si\/slo\/slovensko\/vina\/\">_Preberite ve\u010d_<\/a>]\n<p style=\"text-align: justify;\"><strong><em><img loading=\"lazy\" decoding=\"async\" class=\"alignleft size-full wp-image-3517\" src=\"https:\/\/www.travel-slovenia.si\/slo\/wp-content\/uploads\/2014\/05\/travel-slovenia-prekmurska-gibanica-view.jpg\" alt=\"travel-slovenia-prekmurska-gibanica-view\" width=\"150\" height=\"150\" srcset=\"https:\/\/www.travel-slovenia.si\/slo\/wp-content\/uploads\/2014\/05\/travel-slovenia-prekmurska-gibanica-view.jpg 150w, https:\/\/www.travel-slovenia.si\/slo\/wp-content\/uploads\/2014\/05\/travel-slovenia-prekmurska-gibanica-view-83x83.jpg 83w, https:\/\/www.travel-slovenia.si\/slo\/wp-content\/uploads\/2014\/05\/travel-slovenia-prekmurska-gibanica-view-55x55.jpg 55w, https:\/\/www.travel-slovenia.si\/slo\/wp-content\/uploads\/2014\/05\/travel-slovenia-prekmurska-gibanica-view-24x24.jpg 24w, https:\/\/www.travel-slovenia.si\/slo\/wp-content\/uploads\/2014\/05\/travel-slovenia-prekmurska-gibanica-view-36x36.jpg 36w, https:\/\/www.travel-slovenia.si\/slo\/wp-content\/uploads\/2014\/05\/travel-slovenia-prekmurska-gibanica-view-48x48.jpg 48w\" sizes=\"auto, (max-width: 150px) 100vw, 150px\" \/>Kulinari\u010dne dobrote<\/em><\/strong><br \/>\nNa son\u010dni strani Alp, od Primorske regije vse do Prekmurja, na\u0161a mala de\u017eelica ponuja velik izbor raznolikih kulinarni\u010dnih dobrot. Vse od jote, preko Kranjske klobase, do gibanice. Za vsak okus se najde nekaj. Ob obisku slovenskih krajev vam priporo\u010damo, da poskusite lokalne specialitete.\u00a0[<a href=\"https:\/\/www.travel-slovenia.si\/slo\/slovensko\/kulinaricne-dobrote\/\">_Preberite ve\u010d_<\/a>]\n<p style=\"text-align: justify;\"><img loading=\"lazy\" decoding=\"async\" class=\"alignleft size-full wp-image-5873\" src=\"https:\/\/www.travel-slovenia.si\/slo\/wp-content\/uploads\/2014\/05\/travel-slovenia-slovenian-movies.jpg\" alt=\"travel-slovenia-slovenian-movies\" width=\"150\" height=\"150\" srcset=\"https:\/\/www.travel-slovenia.si\/slo\/wp-content\/uploads\/2014\/05\/travel-slovenia-slovenian-movies.jpg 150w, https:\/\/www.travel-slovenia.si\/slo\/wp-content\/uploads\/2014\/05\/travel-slovenia-slovenian-movies-83x83.jpg 83w, https:\/\/www.travel-slovenia.si\/slo\/wp-content\/uploads\/2014\/05\/travel-slovenia-slovenian-movies-55x55.jpg 55w, https:\/\/www.travel-slovenia.si\/slo\/wp-content\/uploads\/2014\/05\/travel-slovenia-slovenian-movies-24x24.jpg 24w, https:\/\/www.travel-slovenia.si\/slo\/wp-content\/uploads\/2014\/05\/travel-slovenia-slovenian-movies-36x36.jpg 36w, https:\/\/www.travel-slovenia.si\/slo\/wp-content\/uploads\/2014\/05\/travel-slovenia-slovenian-movies-48x48.jpg 48w\" sizes=\"auto, (max-width: 150px) 100vw, 150px\" \/><strong><em>Slovenski filmi<\/em><\/strong><br \/>\nS filmom Franceta \u0160tiglica Na svoji zemlji, leta 1948, se je za\u010dela tudi slovenska profesionalna filmska produkcija. V tem \u010dasu se je v Sloveniji posnelo veliko kvalitetnih filmov, ki so med drugim tudi konkurirali tujim z vi\u0161jim prora\u010dunom. [<a href=\"https:\/\/www.travel-slovenia.si\/slo\/slovenski-filmi\/\">_Preberite ve\u010d_<\/a>]\n","protected":false},"excerpt":{"rendered":"<p>Slovenske avtohtone pasme so pasme doma\u010dih \u017eivali, ki so se pojavile na ozemlju Republike Slovenije. Po zgodovinskih virih o pasmah, je bilo dokazano, da je Slovenija\u00a0njihovo\u00a0izvirno okolje. Obstajajo Slovenski zapisi o pasmah, ki dokazujejo njihov izvor, le &#8211; ti pa morajo biti dokumentirani za vsaj pet generacij. Psi Svet pozna okoli 800 razli\u010dnih pasem psov, [&hellip;]<\/p>\n","protected":false},"author":111,"featured_media":0,"parent":0,"menu_order":4,"comment_status":"closed","ping_status":"closed","template":"","meta":{"footnotes":""},"class_list":["post-10","page","type-page","status-publish","hentry"],"yoast_head":"<!-- This site is optimized with the Yoast SEO plugin v25.4 - https:\/\/yoast.com\/wordpress\/plugins\/seo\/ -->\n<title>Slovensko : Travel-Slovenia<\/title>\n<meta name=\"description\" content=\"Slovenske avtohtone pasme so pasme doma\u010dih \u017eivali, ki so se pojavile na ozemlju Republike Slovenije.\" \/>\n<meta name=\"robots\" content=\"index, follow, max-snippet:-1, max-image-preview:large, max-video-preview:-1\" \/>\n<link rel=\"canonical\" href=\"https:\/\/www.travel-slovenia.si\/slo\/slovensko\/\" \/>\n<meta property=\"og:locale\" content=\"sl_SI\" \/>\n<meta property=\"og:type\" content=\"article\" \/>\n<meta property=\"og:title\" content=\"Slovensko : Travel-Slovenia\" \/>\n<meta property=\"og:description\" content=\"Slovenske avtohtone pasme so pasme doma\u010dih \u017eivali, ki so se pojavile na ozemlju Republike Slovenije.\" \/>\n<meta property=\"og:url\" content=\"https:\/\/www.travel-slovenia.si\/slo\/slovensko\/\" \/>\n<meta property=\"og:site_name\" content=\"Travel Slovenia - Sledite lepotam na\u0161e male dr\u017eavice\" \/>\n<meta property=\"article:modified_time\" content=\"2016-09-17T09:33:41+00:00\" \/>\n<meta name=\"twitter:card\" content=\"summary_large_image\" \/>\n<meta name=\"twitter:title\" content=\"Slovensko : Travel-Slovenia\" \/>\n<meta name=\"twitter:description\" content=\"Slovenske avtohtone pasme so pasme doma\u010dih \u017eivali, ki so se pojavile na ozemlju Republike Slovenije.\" \/>\n<meta name=\"twitter:image\" content=\"https:\/\/www.travel-slovenia.si\/wp-content\/uploads\/2014\/05\/travel-slovenia-karst-shepherd3.jpg\" \/>\n<meta name=\"twitter:label1\" content=\"Est. reading time\" \/>\n\t<meta name=\"twitter:data1\" content=\"2 minuti\" \/>\n<script type=\"application\/ld+json\" class=\"yoast-schema-graph\">{\"@context\":\"https:\/\/schema.org\",\"@graph\":[{\"@type\":\"WebPage\",\"@id\":\"https:\/\/www.travel-slovenia.si\/slo\/slovensko\/\",\"url\":\"https:\/\/www.travel-slovenia.si\/slo\/slovensko\/\",\"name\":\"Slovensko : Travel-Slovenia\",\"isPartOf\":{\"@id\":\"https:\/\/www.travel-slovenia.si\/slo\/#website\"},\"primaryImageOfPage\":{\"@id\":\"https:\/\/www.travel-slovenia.si\/slo\/slovensko\/#primaryimage\"},\"image\":{\"@id\":\"https:\/\/www.travel-slovenia.si\/slo\/slovensko\/#primaryimage\"},\"thumbnailUrl\":\"https:\/\/www.travel-slovenia.si\/slo\/wp-content\/uploads\/2014\/05\/travel-slovenia-kraski-ovcar-view.jpg\",\"datePublished\":\"2014-05-21T11:25:47+00:00\",\"dateModified\":\"2016-09-17T09:33:41+00:00\",\"description\":\"Slovenske avtohtone pasme so pasme doma\u010dih \u017eivali, ki so se pojavile na ozemlju Republike Slovenije.\",\"breadcrumb\":{\"@id\":\"https:\/\/www.travel-slovenia.si\/slo\/slovensko\/#breadcrumb\"},\"inLanguage\":\"sl-SI\",\"potentialAction\":[{\"@type\":\"ReadAction\",\"target\":[\"https:\/\/www.travel-slovenia.si\/slo\/slovensko\/\"]}]},{\"@type\":\"ImageObject\",\"inLanguage\":\"sl-SI\",\"@id\":\"https:\/\/www.travel-slovenia.si\/slo\/slovensko\/#primaryimage\",\"url\":\"https:\/\/www.travel-slovenia.si\/slo\/wp-content\/uploads\/2014\/05\/travel-slovenia-kraski-ovcar-view.jpg\",\"contentUrl\":\"https:\/\/www.travel-slovenia.si\/slo\/wp-content\/uploads\/2014\/05\/travel-slovenia-kraski-ovcar-view.jpg\",\"width\":150,\"height\":150},{\"@type\":\"BreadcrumbList\",\"@id\":\"https:\/\/www.travel-slovenia.si\/slo\/slovensko\/#breadcrumb\",\"itemListElement\":[{\"@type\":\"ListItem\",\"position\":1,\"name\":\"Home\",\"item\":\"https:\/\/www.travel-slovenia.si\/slo\/\"},{\"@type\":\"ListItem\",\"position\":2,\"name\":\"SLOVENSKO\"}]},{\"@type\":\"WebSite\",\"@id\":\"https:\/\/www.travel-slovenia.si\/slo\/#website\",\"url\":\"https:\/\/www.travel-slovenia.si\/slo\/\",\"name\":\"Travel Slovenia - Sledite lepotam na\u0161e male dr\u017eavice\",\"description\":\"\",\"potentialAction\":[{\"@type\":\"SearchAction\",\"target\":{\"@type\":\"EntryPoint\",\"urlTemplate\":\"https:\/\/www.travel-slovenia.si\/slo\/?s={search_term_string}\"},\"query-input\":{\"@type\":\"PropertyValueSpecification\",\"valueRequired\":true,\"valueName\":\"search_term_string\"}}],\"inLanguage\":\"sl-SI\"}]}<\/script>\n<!-- \/ Yoast SEO plugin. -->","yoast_head_json":{"title":"Slovensko : Travel-Slovenia","description":"Slovenske avtohtone pasme so pasme doma\u010dih \u017eivali, ki so se pojavile na ozemlju Republike Slovenije.","robots":{"index":"index","follow":"follow","max-snippet":"max-snippet:-1","max-image-preview":"max-image-preview:large","max-video-preview":"max-video-preview:-1"},"canonical":"https:\/\/www.travel-slovenia.si\/slo\/slovensko\/","og_locale":"sl_SI","og_type":"article","og_title":"Slovensko : Travel-Slovenia","og_description":"Slovenske avtohtone pasme so pasme doma\u010dih \u017eivali, ki so se pojavile na ozemlju Republike Slovenije.","og_url":"https:\/\/www.travel-slovenia.si\/slo\/slovensko\/","og_site_name":"Travel Slovenia - Sledite lepotam na\u0161e male dr\u017eavice","article_modified_time":"2016-09-17T09:33:41+00:00","twitter_card":"summary_large_image","twitter_title":"Slovensko : Travel-Slovenia","twitter_description":"Slovenske avtohtone pasme so pasme doma\u010dih \u017eivali, ki so se pojavile na ozemlju Republike Slovenije.","twitter_image":"https:\/\/www.travel-slovenia.si\/wp-content\/uploads\/2014\/05\/travel-slovenia-karst-shepherd3.jpg","twitter_misc":{"Est. reading time":"2 minuti"},"schema":{"@context":"https:\/\/schema.org","@graph":[{"@type":"WebPage","@id":"https:\/\/www.travel-slovenia.si\/slo\/slovensko\/","url":"https:\/\/www.travel-slovenia.si\/slo\/slovensko\/","name":"Slovensko : Travel-Slovenia","isPartOf":{"@id":"https:\/\/www.travel-slovenia.si\/slo\/#website"},"primaryImageOfPage":{"@id":"https:\/\/www.travel-slovenia.si\/slo\/slovensko\/#primaryimage"},"image":{"@id":"https:\/\/www.travel-slovenia.si\/slo\/slovensko\/#primaryimage"},"thumbnailUrl":"https:\/\/www.travel-slovenia.si\/slo\/wp-content\/uploads\/2014\/05\/travel-slovenia-kraski-ovcar-view.jpg","datePublished":"2014-05-21T11:25:47+00:00","dateModified":"2016-09-17T09:33:41+00:00","description":"Slovenske avtohtone pasme so pasme doma\u010dih \u017eivali, ki so se pojavile na ozemlju Republike Slovenije.","breadcrumb":{"@id":"https:\/\/www.travel-slovenia.si\/slo\/slovensko\/#breadcrumb"},"inLanguage":"sl-SI","potentialAction":[{"@type":"ReadAction","target":["https:\/\/www.travel-slovenia.si\/slo\/slovensko\/"]}]},{"@type":"ImageObject","inLanguage":"sl-SI","@id":"https:\/\/www.travel-slovenia.si\/slo\/slovensko\/#primaryimage","url":"https:\/\/www.travel-slovenia.si\/slo\/wp-content\/uploads\/2014\/05\/travel-slovenia-kraski-ovcar-view.jpg","contentUrl":"https:\/\/www.travel-slovenia.si\/slo\/wp-content\/uploads\/2014\/05\/travel-slovenia-kraski-ovcar-view.jpg","width":150,"height":150},{"@type":"BreadcrumbList","@id":"https:\/\/www.travel-slovenia.si\/slo\/slovensko\/#breadcrumb","itemListElement":[{"@type":"ListItem","position":1,"name":"Home","item":"https:\/\/www.travel-slovenia.si\/slo\/"},{"@type":"ListItem","position":2,"name":"SLOVENSKO"}]},{"@type":"WebSite","@id":"https:\/\/www.travel-slovenia.si\/slo\/#website","url":"https:\/\/www.travel-slovenia.si\/slo\/","name":"Travel Slovenia - Sledite lepotam na\u0161e male dr\u017eavice","description":"","potentialAction":[{"@type":"SearchAction","target":{"@type":"EntryPoint","urlTemplate":"https:\/\/www.travel-slovenia.si\/slo\/?s={search_term_string}"},"query-input":{"@type":"PropertyValueSpecification","valueRequired":true,"valueName":"search_term_string"}}],"inLanguage":"sl-SI"}]}},"post_mailing_queue_ids":[],"_links":{"self":[{"href":"https:\/\/www.travel-slovenia.si\/slo\/wp-json\/wp\/v2\/pages\/10","targetHints":{"allow":["GET"]}}],"collection":[{"href":"https:\/\/www.travel-slovenia.si\/slo\/wp-json\/wp\/v2\/pages"}],"about":[{"href":"https:\/\/www.travel-slovenia.si\/slo\/wp-json\/wp\/v2\/types\/page"}],"author":[{"embeddable":true,"href":"https:\/\/www.travel-slovenia.si\/slo\/wp-json\/wp\/v2\/users\/111"}],"replies":[{"embeddable":true,"href":"https:\/\/www.travel-slovenia.si\/slo\/wp-json\/wp\/v2\/comments?post=10"}],"version-history":[{"count":180,"href":"https:\/\/www.travel-slovenia.si\/slo\/wp-json\/wp\/v2\/pages\/10\/revisions"}],"predecessor-version":[{"id":5905,"href":"https:\/\/www.travel-slovenia.si\/slo\/wp-json\/wp\/v2\/pages\/10\/revisions\/5905"}],"wp:attachment":[{"href":"https:\/\/www.travel-slovenia.si\/slo\/wp-json\/wp\/v2\/media?parent=10"}],"curies":[{"name":"wp","href":"https:\/\/api.w.org\/{rel}","templated":true}]}}